{"id":29,"date":"2021-04-07T14:57:59","date_gmt":"2021-04-07T12:57:59","guid":{"rendered":"https:\/\/wb.pb.edu.pl\/70latwbins\/?page_id=29"},"modified":"2021-09-27T21:38:42","modified_gmt":"2021-09-27T19:38:42","slug":"home","status":"publish","type":"page","link":"https:\/\/wb.pb.edu.pl\/70latwbins\/","title":{"rendered":""},"content":{"rendered":"","protected":false},"excerpt":{"rendered":"","protected":false},"author":3,"featured_media":0,"parent":0,"menu_order":0,"comment_status":"closed","ping_status":"closed","template":"templates\/front-page.php","meta":{"inline_featured_image":false,"ngg_post_thumbnail":0,"footnotes":""},"class_list":["post-29","page","type-page","status-publish","hentry"],"acf":[],"yoast_head":"<!-- This site is optimized with the Yoast SEO plugin v26.4 - https:\/\/yoast.com\/wordpress\/plugins\/seo\/ -->\n<title>70 lat WBiN\u015a<\/title>\n<meta name=\"description\" content=\"Jubileusz 70-lecia Wydzia\u0142u Budownictwa i Nauk o \u015arodowisku Politechniki Bia\u0142ostockiej\" \/>\n<meta name=\"robots\" content=\"index, follow, max-snippet:-1, max-image-preview:large, max-video-preview:-1\" \/>\n<link rel=\"canonical\" href=\"https:\/\/wb.pb.edu.pl\/70latwbins\/\" \/>\n<meta property=\"og:locale\" content=\"pl_PL\" \/>\n<meta property=\"og:type\" content=\"article\" \/>\n<meta property=\"og:title\" content=\"70 lat WBiN\u015a\" \/>\n<meta property=\"og:description\" content=\"Jubileusz 70-lecia Wydzia\u0142u Budownictwa i Nauk o \u015arodowisku Politechniki Bia\u0142ostockiej\" \/>\n<meta property=\"og:url\" content=\"https:\/\/wb.pb.edu.pl\/70latwbins\/\" \/>\n<meta property=\"og:site_name\" content=\"70 lat WBiN\u015a\" \/>\n<meta property=\"article:modified_time\" content=\"2021-09-27T19:38:42+00:00\" \/>\n<meta name=\"twitter:label1\" content=\"Szacowany czas czytania\" \/>\n\t<meta name=\"twitter:data1\" content=\"1 minuta\" \/>\n<script type=\"application\/ld+json\" class=\"yoast-schema-graph\">{\"@context\":\"https:\/\/schema.org\",\"@graph\":[{\"@type\":\"WebPage\",\"@id\":\"https:\/\/wb.pb.edu.pl\/70latwbins\/\",\"url\":\"https:\/\/wb.pb.edu.pl\/70latwbins\/\",\"name\":\"70 lat WBiN\u015a\",\"isPartOf\":{\"@id\":\"https:\/\/wb.pb.edu.pl\/70latwbins\/#website\"},\"datePublished\":\"2021-04-07T12:57:59+00:00\",\"dateModified\":\"2021-09-27T19:38:42+00:00\",\"description\":\"Jubileusz 70-lecia Wydzia\u0142u Budownictwa i Nauk o \u015arodowisku Politechniki Bia\u0142ostockiej\",\"inLanguage\":\"pl-PL\",\"potentialAction\":[{\"@type\":\"ReadAction\",\"target\":[\"https:\/\/wb.pb.edu.pl\/70latwbins\/\"]}]},{\"@type\":\"WebSite\",\"@id\":\"https:\/\/wb.pb.edu.pl\/70latwbins\/#website\",\"url\":\"https:\/\/wb.pb.edu.pl\/70latwbins\/\",\"name\":\"70 lat WBiN\u015a\",\"description\":\"\",\"potentialAction\":[{\"@type\":\"SearchAction\",\"target\":{\"@type\":\"EntryPoint\",\"urlTemplate\":\"https:\/\/wb.pb.edu.pl\/70latwbins\/?s={search_term_string}\"},\"query-input\":{\"@type\":\"PropertyValueSpecification\",\"valueRequired\":true,\"valueName\":\"search_term_string\"}}],\"inLanguage\":\"pl-PL\"}]}<\/script>\n<!-- \/ Yoast SEO plugin. -->","yoast_head_json":{"title":"70 lat WBiN\u015a","description":"Jubileusz 70-lecia Wydzia\u0142u Budownictwa i Nauk o \u015arodowisku Politechniki Bia\u0142ostockiej","robots":{"index":"index","follow":"follow","max-snippet":"max-snippet:-1","max-image-preview":"max-image-preview:large","max-video-preview":"max-video-preview:-1"},"canonical":"https:\/\/wb.pb.edu.pl\/70latwbins\/","og_locale":"pl_PL","og_type":"article","og_title":"70 lat WBiN\u015a","og_description":"Jubileusz 70-lecia Wydzia\u0142u Budownictwa i Nauk o \u015arodowisku Politechniki Bia\u0142ostockiej","og_url":"https:\/\/wb.pb.edu.pl\/70latwbins\/","og_site_name":"70 lat WBiN\u015a","article_modified_time":"2021-09-27T19:38:42+00:00","twitter_misc":{"Szacowany czas czytania":"1 minuta"},"schema":{"@context":"https:\/\/schema.org","@graph":[{"@type":"WebPage","@id":"https:\/\/wb.pb.edu.pl\/70latwbins\/","url":"https:\/\/wb.pb.edu.pl\/70latwbins\/","name":"70 lat WBiN\u015a","isPartOf":{"@id":"https:\/\/wb.pb.edu.pl\/70latwbins\/#website"},"datePublished":"2021-04-07T12:57:59+00:00","dateModified":"2021-09-27T19:38:42+00:00","description":"Jubileusz 70-lecia Wydzia\u0142u Budownictwa i Nauk o \u015arodowisku Politechniki Bia\u0142ostockiej","inLanguage":"pl-PL","potentialAction":[{"@type":"ReadAction","target":["https:\/\/wb.pb.edu.pl\/70latwbins\/"]}]},{"@type":"WebSite","@id":"https:\/\/wb.pb.edu.pl\/70latwbins\/#website","url":"https:\/\/wb.pb.edu.pl\/70latwbins\/","name":"70 lat WBiN\u015a","description":"","potentialAction":[{"@type":"SearchAction","target":{"@type":"EntryPoint","urlTemplate":"https:\/\/wb.pb.edu.pl\/70latwbins\/?s={search_term_string}"},"query-input":{"@type":"PropertyValueSpecification","valueRequired":true,"valueName":"search_term_string"}}],"inLanguage":"pl-PL"}]}},"_links":{"self":[{"href":"https:\/\/wb.pb.edu.pl\/70latwbins\/wp-json\/wp\/v2\/pages\/29","targetHints":{"allow":["GET"]}}],"collection":[{"href":"https:\/\/wb.pb.edu.pl\/70latwbins\/wp-json\/wp\/v2\/pages"}],"about":[{"href":"https:\/\/wb.pb.edu.pl\/70latwbins\/wp-json\/wp\/v2\/types\/page"}],"author":[{"embeddable":true,"href":"https:\/\/wb.pb.edu.pl\/70latwbins\/wp-json\/wp\/v2\/users\/3"}],"replies":[{"embeddable":true,"href":"https:\/\/wb.pb.edu.pl\/70latwbins\/wp-json\/wp\/v2\/comments?post=29"}],"version-history":[{"count":16,"href":"https:\/\/wb.pb.edu.pl\/70latwbins\/wp-json\/wp\/v2\/pages\/29\/revisions"}],"predecessor-version":[{"id":229,"href":"https:\/\/wb.pb.edu.pl\/70latwbins\/wp-json\/wp\/v2\/pages\/29\/revisions\/229"}],"wp:attachment":[{"href":"https:\/\/wb.pb.edu.pl\/70latwbins\/wp-json\/wp\/v2\/media?parent=29"}],"curies":[{"name":"wp","href":"https:\/\/api.w.org\/{rel}","templated":true}]}}