{"id":55,"date":"2021-04-07T19:56:14","date_gmt":"2021-04-07T17:56:14","guid":{"rendered":"https:\/\/wb.pb.edu.pl\/70latwbins\/?page_id=55"},"modified":"2021-04-22T14:23:18","modified_gmt":"2021-04-22T12:23:18","slug":"historia-wydzialu","status":"publish","type":"page","link":"https:\/\/wb.pb.edu.pl\/70latwbins\/historia-wydzialu\/","title":{"rendered":"Historia wydzia\u0142u"},"content":{"rendered":"<p>4 listopada 1949 roku Minister O\u015bwiaty wyda\u0142 zezwolenie na za\u0142o\u017cenie i prowadzenie w Bia\u0142ymstoku Wieczorowej Szko\u0142y In\u017cynierskiej przez Naczeln\u0105 Organizacj\u0119 Techniczn\u0105. Ruszy\u0142y wtedy dwa wydzia\u0142y: Wydzia\u0142 Elektryczny i Wydzia\u0142 Mechaniczny. Dwa lata p\u00f3\u017aniej szko\u0142a zosta\u0142a upa\u0144stwowiona i nast\u0105pi\u0142 jej dalszy rozw\u00f3j. Wtedy te\u017c, w 1951 roku, powsta\u0142 trzeci Wydzia\u0142 Budowlany.<br \/>\n<img loading=\"lazy\" decoding=\"async\" src=\"https:\/\/wb.pb.edu.pl\/70latwbins\/wp-content\/uploads\/sites\/6\/2021\/04\/historia_03.jpg\" alt=\"Zdj\u0119cie, budowa Wydzia\u0142u Budowlanego\" width=\"696\" height=\"439\" class=\"aligncenter size-full wp-image-160\" srcset=\"https:\/\/wb.pb.edu.pl\/70latwbins\/wp-content\/uploads\/sites\/6\/2021\/04\/historia_03.jpg 696w, https:\/\/wb.pb.edu.pl\/70latwbins\/wp-content\/uploads\/sites\/6\/2021\/04\/historia_03-300x189.jpg 300w\" sizes=\"auto, (max-width: 696px) 100vw, 696px\" \/><br \/>\n70 lat Wydzia\u0142u Budownictwa i In\u017cynierii \u015arodowiska to okres sta\u0142ego rozwoju, licznych przekszta\u0142ce\u0144 i zmian organizacyjnych. Poni\u017cej wymieniono daty najwa\u017cniejszych wydarze\u0144.<\/p>\n<ul style=\"list-style-type: none\">\n<li>1951 \u2013 powstanie Wydzia\u0142u Budowlanego z pierwsz\u0105 siedzib\u0105 przy ul. Sosnowej i rozpocz\u0119cie kszta\u0142cenia student\u00f3w w systemie studi\u00f3w wieczorowych,<\/li>\n<li>1956 \u2013 porozumienie o obj\u0119ciu opiek\u0105 naukow\u0105 i dydaktyczn\u0105 Wydzia\u0142u Budowlanego przez kadr\u0119 profesorsk\u0105 z Politechniki Warszawskiej,<\/li>\n<li>1963 \u2013 uruchomienie pierwszego kursu magisterskiego dla absolwent\u00f3w WSI w Bia\u0142ymstoku,<\/li>\n<li>1964 \u2013 zmiana nazwy uczelni na Wy\u017csz\u0105 Szko\u0142\u0119 In\u017cyniersk\u0105, zmiana nazwy wydzia\u0142u na Wydzia\u0142 Budownictwa L\u0105dowego, uruchomienie kszta\u0142cenia na studiach zaocznych,<\/li>\n<li>1966 \u2013 rozpocz\u0119cie kszta\u0142cenia w systemie studi\u00f3w in\u017cynierskich dziennych na kierunku budownictwo,<\/li>\n<li>1970 \u2013 powo\u0142anie specjalno\u015bci technologia i organizacja budowy,<\/li>\n<li>1971 \u2013 decyzja budowy nowoczesnego miasteczka akademickiego w rejonie ulic Wiejskiej i Zwierzynieckiej,<\/li>\n<li>1973 \u2013 nadanie Wydzia\u0142owi Budownictwa L\u0105dowego uprawnie\u0144 do prowadzenia dziennych studi\u00f3w magisterskich,<\/li>\n<li>1974 \u2013 nadanie uczelni rangi Politechniki Bia\u0142ostockiej, kt\u00f3ra kszta\u0142ci\u0142a og\u00f3\u0142em 1257 student\u00f3w w systemie dziennym, 1046 w systemie zaocznym i zatrudnia\u0142a 671 pracownik\u00f3w, w tym 230 nauczycieli akademickich na pe\u0142nym etacie,<\/li>\n<li>1974 \u2013 przekszta\u0142cenie Wydzia\u0142u Budownictwa L\u0105dowego w Instytut Budownictwa L\u0105dowego (na prawach wydzia\u0142u), utworzenie Zak\u0142adu In\u017cynierii \u015arodowiska i pierwsza rekrutacja na studia dzienne na kierunek in\u017cynieria \u015brodowiska,<\/li>\n<li>1977 \u2013 powo\u0142anie na kierunku budownictwo specjalno\u015bci drogi, ulice, lotniska,<\/li>\n<li>1980 \u2013 powo\u0142anie na kierunku budownictwo specjalno\u015bci konstrukcje budowlano-in\u017cynierskie,<\/li>\n<li>1980 \u2013 uzyskanie praw doktoryzowania w dyscyplinie naukowej in\u017cynieria \u015brodowiska,<\/li>\n<li>1986 \u2013 przekszta\u0142cenie Instytutu Budownictwa L\u0105dowego w Wydzia\u0142 Budownictwa i In\u017cynierii \u015arodowiska z dwoma instytutami: Instytutem In\u017cynierii Budowlanej i Instytutem In\u017cynierii \u015arodowiska,<\/li>\n<li>1988 \u2013 uzyskanie praw doktoryzowania w dyscyplinie naukowej budownictwo,<\/li>\n<li>1989 \u2013 powo\u0142anie kierunku studi\u00f3w ochrona \u015brodowiska,<\/li>\n<li>1992 \u2013 powo\u0142anie Instytutu Produkcji Ekologicznej w Rolnictwie, prowadzenie przez 10 lat studi\u00f3w in\u017cynierskich na kierunku rolnictwo,<\/li>\n<li>1993 \u2013 utworzenie przy Instytucie In\u017cynierii Budowlanej przedsi\u0119wzi\u0119cia pod nazw\u0105 \u201eForum Budownictwa\u201d (pod kierownictwem dr. hab. in\u017c. prof. Czes\u0142awa Miedzia\u0142owskiego, g\u0142\u00f3wni organizatorzy: mgr Janina Wnorowska, dr in\u017c. Ma\u0142gorzata Lelusz, dr in\u017c. Maria J. Sulewska, dr in\u017c. Dorota Dworza\u0144czyk, dr in\u017c. Dorota Ma\u0142aszkiewicz), kt\u00f3re przez 13 lat organizowa\u0142o cykliczne seminaria promocyjno-szkoleniowe i coroczne Targi Budownictwa; dzia\u0142alno\u015b\u0107 ta spotka\u0142a si\u0119 z wielkim uznaniem \u015brodowiska budowlanego w regionie i kraju, m.in. w roku 1995 Minister Gospodarki Przestrzennej i Budownictwa przyzna\u0142 Instytutowi In\u017cynierii Budowlanej z\u0142ot\u0105 odznak\u0119 \u201eZas\u0142u\u017cony dla Budownictwa i Przemys\u0142u Materia\u0142\u00f3w Budowlanych\u201d, a w roku 2001 wojewoda podlaski przyzna\u0142 wyr\u00f3\u017cnienie z okazji 10-letniej szczeg\u00f3lnie aktywnej wsp\u00f3\u0142pracy z przemys\u0142em budowlanym,<\/li>\n<li>1998 \u2013 utworzenie Instytutu In\u017cynierii \u015arodowiska i Rolnictwa na bazie Instytutu In\u017cynierii \u015arodowiska i Katedry Produkcji Ekologicznej w Rolnictwie,<\/li>\n<li>2002 \u2013 przekszta\u0142cenie Instytutu In\u017cynierii \u015arodowiska i Rolnictwa w Instytut In\u017cynierii i Ochrony \u015arodowiska,<\/li>\n<li>2007 \u2013 powo\u0142anie kierunku studi\u00f3w gospodarka przestrzenna,<\/li>\n<li>2008 \u2013 likwidacja instytut\u00f3w i reorganizacja Wydzia\u0142u Budownictwa i In\u017cynierii \u015arodowiska,<\/li>\n<li>2008 \u2013 uzyskanie praw habilitowania w dyscyplinie naukowej budownictwo,<\/li>\n<li>2008 \u2013 powo\u0142anie studi\u00f3w doktoranckich (stacjonarnych i niestacjonarnych) w dyscyplinach naukowych: budownictwo oraz in\u017cynieria \u015brodowiska; powo\u0142anie kierunku studi\u00f3w architektura krajobrazu,<\/li>\n<li>2008 \u2013 uzyskanie z funduszy Programu Operacyjnego Rozw\u00f3j Polski Wschodniej finansowania Centrum Nowoczesnego Kszta\u0142cenia PB, w kt\u00f3rym znajdzie si\u0119 Biblioteka G\u0142\u00f3wna, Centrum Kszta\u0142cenia Zdalnego i Naukowe Centrum Badawczo-Rozwojowe z laboratoriami interdyscyplinarnymi,<\/li>\n<li>2009 \u2013 uzyskanie finansowania na rozbudow\u0119 i doposa\u017cenie bazy dydaktyczno-laboratoryjnej z Regionalnego Programu Operacyjnego Wojew\u00f3dztwa Podlaskiego, uzyskanie finansowania na podniesienie atrakcyjno\u015bci oferty edukacyjnej kierunk\u00f3w budownictwo, in\u017cynieria \u015brodowiska i ochrona \u015brodowiska oraz na utworzenie pracowni komputerowej dla kierunku gospodarka przestrzenna z Programu Operacyjnego Kapita\u0142 Ludzki,<\/li>\n<li>2010 \u2013 utworzenie czasopisma naukowego WBiI\u015a PB \u201eBudownictwo i In\u017cynieria \u015arodowiska\u201d jako kontynuacji Zeszyt\u00f3w Naukowych Politechniki Bia\u0142ostockiej serii \u201eBudownictwo\u201d (wydawanych w latach 1975-2008) oraz \u201eIn\u017cynieria \u015arodowiska\u201d (wydawanych w latach 1976-2006),<\/li>\n<li>2010 \u2013 starania o finansowanie budowy Innowacyjnego Centrum Dydaktyczno-Badawczego Alternatywnych \u0179r\u00f3de\u0142 Energii, Budownictwa Energooszcz\u0119dnego i Ochrony \u015arodowiska PB z Programu Inno-Eko-Tech,<\/li>\n<li>2014 &#8211; uzyskanie praw doktoryzowania w dyscyplinie naukowej ochrona i kszta\u0142towanie \u015brodowiska,<\/li>\n<li>2015 &#8211; uzyskanie praw habilitowania w dyscyplinie naukowej in\u017cynieria \u015brodowiska,<\/li>\n<li>2019 &#8211; pa\u017adziernik \u2013 zmiana nazwy Wydzia\u0142u na Wydzia\u0142 Budownictwa i Nauk o \u015arodowisku,<\/li>\n<li>2019 &#8211; powo\u0142anie w ramach Wydzia\u0142u trzech instytut\u00f3w realizuj\u0105cych dzia\u0142alno\u015b\u0107 naukow\u0105: Instytut In\u017cynierii L\u0105dowej i Transportu, Instytut In\u017cynierii \u015arodowiska i Energetyki, Instytut Nauk Le\u015bnych,<\/li>\n<li>2021 \u2013 utworzenie w Instytucie Nauk Le\u015bnych dw\u00f3ch katedr: Katedra \u015arodowiska Le\u015bnego i Katedra Hodowli i U\u017cytkowania Lasu.<\/li>\n<\/ul>\n","protected":false},"excerpt":{"rendered":"<p>4 listopada 1949 roku Minister O\u015bwiaty wyda\u0142 zezwolenie na za\u0142o\u017cenie i prowadzenie w Bia\u0142ymstoku Wieczorowej<a class=\"read-more\" href=\"https:\/\/wb.pb.edu.pl\/70latwbins\/historia-wydzialu\/\" title=\"Poka\u017c artyku\u0142 Historia wydzia\u0142u\">wi\u0119cej<\/a><\/p>\n","protected":false},"author":3,"featured_media":0,"parent":0,"menu_order":2,"comment_status":"closed","ping_status":"closed","template":"","meta":{"inline_featured_image":false,"ngg_post_thumbnail":0,"footnotes":""},"class_list":["post-55","page","type-page","status-publish","hentry"],"acf":[],"yoast_head":"<!-- This site is optimized with the Yoast SEO plugin v26.4 - https:\/\/yoast.com\/wordpress\/plugins\/seo\/ -->\n<title>Historia wydzia\u0142u - 70 lat WBiN\u015a<\/title>\n<meta name=\"description\" content=\"4 listopada 1949 roku Minister O\u015bwiaty wyda\u0142 zezwolenie na za\u0142o\u017cenie i prowadzenie w Bia\u0142ymstoku Wieczorowej Szko\u0142y In\u017cynierskiej przez Naczeln\u0105 %\" \/>\n<meta name=\"robots\" content=\"index, follow, max-snippet:-1, max-image-preview:large, max-video-preview:-1\" \/>\n<link rel=\"canonical\" href=\"https:\/\/wb.pb.edu.pl\/70latwbins\/historia-wydzialu\/\" \/>\n<meta property=\"og:locale\" content=\"pl_PL\" \/>\n<meta property=\"og:type\" content=\"article\" \/>\n<meta property=\"og:title\" content=\"Historia wydzia\u0142u - 70 lat WBiN\u015a\" \/>\n<meta property=\"og:description\" content=\"4 listopada 1949 roku Minister O\u015bwiaty wyda\u0142 zezwolenie na za\u0142o\u017cenie i prowadzenie w Bia\u0142ymstoku Wieczorowej Szko\u0142y In\u017cynierskiej przez Naczeln\u0105 %\" \/>\n<meta property=\"og:url\" content=\"https:\/\/wb.pb.edu.pl\/70latwbins\/historia-wydzialu\/\" \/>\n<meta property=\"og:site_name\" content=\"70 lat WBiN\u015a\" \/>\n<meta property=\"article:modified_time\" content=\"2021-04-22T12:23:18+00:00\" \/>\n<meta property=\"og:image\" content=\"https:\/\/wb.pb.edu.pl\/70latwbins\/wp-content\/uploads\/sites\/6\/2021\/04\/historia_03.jpg\" \/>\n<meta name=\"twitter:label1\" content=\"Szacowany czas czytania\" \/>\n\t<meta name=\"twitter:data1\" content=\"4 minuty\" \/>\n<script type=\"application\/ld+json\" class=\"yoast-schema-graph\">{\"@context\":\"https:\/\/schema.org\",\"@graph\":[{\"@type\":\"WebPage\",\"@id\":\"https:\/\/wb.pb.edu.pl\/70latwbins\/historia-wydzialu\/\",\"url\":\"https:\/\/wb.pb.edu.pl\/70latwbins\/historia-wydzialu\/\",\"name\":\"Historia wydzia\u0142u - 70 lat WBiN\u015a\",\"isPartOf\":{\"@id\":\"https:\/\/wb.pb.edu.pl\/70latwbins\/#website\"},\"primaryImageOfPage\":{\"@id\":\"https:\/\/wb.pb.edu.pl\/70latwbins\/historia-wydzialu\/#primaryimage\"},\"image\":{\"@id\":\"https:\/\/wb.pb.edu.pl\/70latwbins\/historia-wydzialu\/#primaryimage\"},\"thumbnailUrl\":\"https:\/\/wb.pb.edu.pl\/70latwbins\/wp-content\/uploads\/sites\/6\/2021\/04\/historia_03.jpg\",\"datePublished\":\"2021-04-07T17:56:14+00:00\",\"dateModified\":\"2021-04-22T12:23:18+00:00\",\"description\":\"4 listopada 1949 roku Minister O\u015bwiaty wyda\u0142 zezwolenie na za\u0142o\u017cenie i prowadzenie w Bia\u0142ymstoku Wieczorowej Szko\u0142y In\u017cynierskiej przez Naczeln\u0105 %\",\"breadcrumb\":{\"@id\":\"https:\/\/wb.pb.edu.pl\/70latwbins\/historia-wydzialu\/#breadcrumb\"},\"inLanguage\":\"pl-PL\",\"potentialAction\":[{\"@type\":\"ReadAction\",\"target\":[\"https:\/\/wb.pb.edu.pl\/70latwbins\/historia-wydzialu\/\"]}]},{\"@type\":\"ImageObject\",\"inLanguage\":\"pl-PL\",\"@id\":\"https:\/\/wb.pb.edu.pl\/70latwbins\/historia-wydzialu\/#primaryimage\",\"url\":\"https:\/\/wb.pb.edu.pl\/70latwbins\/wp-content\/uploads\/sites\/6\/2021\/04\/historia_03.jpg\",\"contentUrl\":\"https:\/\/wb.pb.edu.pl\/70latwbins\/wp-content\/uploads\/sites\/6\/2021\/04\/historia_03.jpg\",\"width\":696,\"height\":439,\"caption\":\"Zdj\u0119cie, budowa Wydzia\u0142u Budowlanego\"},{\"@type\":\"BreadcrumbList\",\"@id\":\"https:\/\/wb.pb.edu.pl\/70latwbins\/historia-wydzialu\/#breadcrumb\",\"itemListElement\":[{\"@type\":\"ListItem\",\"position\":1,\"name\":\"Strona g\u0142\u00f3wna\",\"item\":\"https:\/\/wb.pb.edu.pl\/70latwbins\/\"},{\"@type\":\"ListItem\",\"position\":2,\"name\":\"Historia wydzia\u0142u\"}]},{\"@type\":\"WebSite\",\"@id\":\"https:\/\/wb.pb.edu.pl\/70latwbins\/#website\",\"url\":\"https:\/\/wb.pb.edu.pl\/70latwbins\/\",\"name\":\"70 lat WBiN\u015a\",\"description\":\"\",\"potentialAction\":[{\"@type\":\"SearchAction\",\"target\":{\"@type\":\"EntryPoint\",\"urlTemplate\":\"https:\/\/wb.pb.edu.pl\/70latwbins\/?s={search_term_string}\"},\"query-input\":{\"@type\":\"PropertyValueSpecification\",\"valueRequired\":true,\"valueName\":\"search_term_string\"}}],\"inLanguage\":\"pl-PL\"}]}<\/script>\n<!-- \/ Yoast SEO plugin. -->","yoast_head_json":{"title":"Historia wydzia\u0142u - 70 lat WBiN\u015a","description":"4 listopada 1949 roku Minister O\u015bwiaty wyda\u0142 zezwolenie na za\u0142o\u017cenie i prowadzenie w Bia\u0142ymstoku Wieczorowej Szko\u0142y In\u017cynierskiej przez Naczeln\u0105 %","robots":{"index":"index","follow":"follow","max-snippet":"max-snippet:-1","max-image-preview":"max-image-preview:large","max-video-preview":"max-video-preview:-1"},"canonical":"https:\/\/wb.pb.edu.pl\/70latwbins\/historia-wydzialu\/","og_locale":"pl_PL","og_type":"article","og_title":"Historia wydzia\u0142u - 70 lat WBiN\u015a","og_description":"4 listopada 1949 roku Minister O\u015bwiaty wyda\u0142 zezwolenie na za\u0142o\u017cenie i prowadzenie w Bia\u0142ymstoku Wieczorowej Szko\u0142y In\u017cynierskiej przez Naczeln\u0105 %","og_url":"https:\/\/wb.pb.edu.pl\/70latwbins\/historia-wydzialu\/","og_site_name":"70 lat WBiN\u015a","article_modified_time":"2021-04-22T12:23:18+00:00","og_image":[{"url":"https:\/\/wb.pb.edu.pl\/70latwbins\/wp-content\/uploads\/sites\/6\/2021\/04\/historia_03.jpg","type":"","width":"","height":""}],"twitter_misc":{"Szacowany czas czytania":"4 minuty"},"schema":{"@context":"https:\/\/schema.org","@graph":[{"@type":"WebPage","@id":"https:\/\/wb.pb.edu.pl\/70latwbins\/historia-wydzialu\/","url":"https:\/\/wb.pb.edu.pl\/70latwbins\/historia-wydzialu\/","name":"Historia wydzia\u0142u - 70 lat WBiN\u015a","isPartOf":{"@id":"https:\/\/wb.pb.edu.pl\/70latwbins\/#website"},"primaryImageOfPage":{"@id":"https:\/\/wb.pb.edu.pl\/70latwbins\/historia-wydzialu\/#primaryimage"},"image":{"@id":"https:\/\/wb.pb.edu.pl\/70latwbins\/historia-wydzialu\/#primaryimage"},"thumbnailUrl":"https:\/\/wb.pb.edu.pl\/70latwbins\/wp-content\/uploads\/sites\/6\/2021\/04\/historia_03.jpg","datePublished":"2021-04-07T17:56:14+00:00","dateModified":"2021-04-22T12:23:18+00:00","description":"4 listopada 1949 roku Minister O\u015bwiaty wyda\u0142 zezwolenie na za\u0142o\u017cenie i prowadzenie w Bia\u0142ymstoku Wieczorowej Szko\u0142y In\u017cynierskiej przez Naczeln\u0105 %","breadcrumb":{"@id":"https:\/\/wb.pb.edu.pl\/70latwbins\/historia-wydzialu\/#breadcrumb"},"inLanguage":"pl-PL","potentialAction":[{"@type":"ReadAction","target":["https:\/\/wb.pb.edu.pl\/70latwbins\/historia-wydzialu\/"]}]},{"@type":"ImageObject","inLanguage":"pl-PL","@id":"https:\/\/wb.pb.edu.pl\/70latwbins\/historia-wydzialu\/#primaryimage","url":"https:\/\/wb.pb.edu.pl\/70latwbins\/wp-content\/uploads\/sites\/6\/2021\/04\/historia_03.jpg","contentUrl":"https:\/\/wb.pb.edu.pl\/70latwbins\/wp-content\/uploads\/sites\/6\/2021\/04\/historia_03.jpg","width":696,"height":439,"caption":"Zdj\u0119cie, budowa Wydzia\u0142u Budowlanego"},{"@type":"BreadcrumbList","@id":"https:\/\/wb.pb.edu.pl\/70latwbins\/historia-wydzialu\/#breadcrumb","itemListElement":[{"@type":"ListItem","position":1,"name":"Strona g\u0142\u00f3wna","item":"https:\/\/wb.pb.edu.pl\/70latwbins\/"},{"@type":"ListItem","position":2,"name":"Historia wydzia\u0142u"}]},{"@type":"WebSite","@id":"https:\/\/wb.pb.edu.pl\/70latwbins\/#website","url":"https:\/\/wb.pb.edu.pl\/70latwbins\/","name":"70 lat WBiN\u015a","description":"","potentialAction":[{"@type":"SearchAction","target":{"@type":"EntryPoint","urlTemplate":"https:\/\/wb.pb.edu.pl\/70latwbins\/?s={search_term_string}"},"query-input":{"@type":"PropertyValueSpecification","valueRequired":true,"valueName":"search_term_string"}}],"inLanguage":"pl-PL"}]}},"_links":{"self":[{"href":"https:\/\/wb.pb.edu.pl\/70latwbins\/wp-json\/wp\/v2\/pages\/55","targetHints":{"allow":["GET"]}}],"collection":[{"href":"https:\/\/wb.pb.edu.pl\/70latwbins\/wp-json\/wp\/v2\/pages"}],"about":[{"href":"https:\/\/wb.pb.edu.pl\/70latwbins\/wp-json\/wp\/v2\/types\/page"}],"author":[{"embeddable":true,"href":"https:\/\/wb.pb.edu.pl\/70latwbins\/wp-json\/wp\/v2\/users\/3"}],"replies":[{"embeddable":true,"href":"https:\/\/wb.pb.edu.pl\/70latwbins\/wp-json\/wp\/v2\/comments?post=55"}],"version-history":[{"count":3,"href":"https:\/\/wb.pb.edu.pl\/70latwbins\/wp-json\/wp\/v2\/pages\/55\/revisions"}],"predecessor-version":[{"id":162,"href":"https:\/\/wb.pb.edu.pl\/70latwbins\/wp-json\/wp\/v2\/pages\/55\/revisions\/162"}],"wp:attachment":[{"href":"https:\/\/wb.pb.edu.pl\/70latwbins\/wp-json\/wp\/v2\/media?parent=55"}],"curies":[{"name":"wp","href":"https:\/\/api.w.org\/{rel}","templated":true}]}}