{"id":58,"date":"2021-04-07T19:57:17","date_gmt":"2021-04-07T17:57:17","guid":{"rendered":"https:\/\/wb.pb.edu.pl\/70latwbins\/?page_id=58"},"modified":"2021-10-08T08:25:09","modified_gmt":"2021-10-08T06:25:09","slug":"wydarzenia-jubileusz","status":"publish","type":"page","link":"https:\/\/wb.pb.edu.pl\/70latwbins\/wydarzenia-jubileusz\/","title":{"rendered":"Wydarzenia &#8211; jubileusz"},"content":{"rendered":"<div class=\"row\">\n<div class=\"col-sm-4 text-center\"><a class=\"button\" style=\"width: 100%; padding: 0px, 0px;\" href=\"https:\/\/ipb2021.pb.edu.pl\/\"><br \/>\n<span class=\"lead\">Konferencja naukowa<br \/>\nIN\u017bYNIERIA PRZEDSI\u0118WZI\u0118\u0106 BUDOWLANYCH<br \/>\n18-20 pa\u017adziernika 2021 r. <\/span><br \/>\n<img loading=\"lazy\" decoding=\"async\" class=\"aligncenter size-full wp-image-248\" src=\"https:\/\/wb.pb.edu.pl\/70latwbins\/wp-content\/uploads\/sites\/6\/2021\/10\/wydarzenie-konferencja-480-320.jpg\" alt=\"przezroczysty ekran\" width=\"800\" height=\"533\"><br \/>\n<\/a><\/div>\n<div class=\"col-sm-4 text-center\"><a class=\"button\" style=\"width: 100%; padding: 0px, 0px;\" href=\"https:\/\/unibepnawbins.pb.edu.pl\/\"><br \/>\n<span class=\"lead\">Unibep Days<br \/>\nNa Wydziale Budownictwa i Nauk o \u015arodowisku<br \/>\n21,22 pa\u017adziernika 2021 r.<\/span><br \/>\n<img loading=\"lazy\" decoding=\"async\" class=\"aligncenter size-full wp-image-254\" src=\"https:\/\/wb.pb.edu.pl\/70latwbins\/wp-content\/uploads\/sites\/6\/2021\/10\/LOGO_UNIBEP-DAYS.jpg\" alt=\"UNIBEP DAYS 2021\" width=\"800\" height=\"533\" srcset=\"https:\/\/wb.pb.edu.pl\/70latwbins\/wp-content\/uploads\/sites\/6\/2021\/10\/LOGO_UNIBEP-DAYS.jpg 800w, https:\/\/wb.pb.edu.pl\/70latwbins\/wp-content\/uploads\/sites\/6\/2021\/10\/LOGO_UNIBEP-DAYS-300x200.jpg 300w, https:\/\/wb.pb.edu.pl\/70latwbins\/wp-content\/uploads\/sites\/6\/2021\/10\/LOGO_UNIBEP-DAYS-768x512.jpg 768w, https:\/\/wb.pb.edu.pl\/70latwbins\/wp-content\/uploads\/sites\/6\/2021\/10\/LOGO_UNIBEP-DAYS-480x320.jpg 480w\" sizes=\"auto, (max-width: 800px) 100vw, 800px\" \/><br \/>\n<\/a><\/div>\n<div class=\"col-sm-4 text-center\"><a class=\"button\" style=\"width: 100%; padding: 0px, 0px;\" href=\"https:\/\/wb.pb.edu.pl\/\"><br \/>\n<span class=\"lead\"><br \/>\nObchody g\u0142\u00f3wne<br \/>\nJubileusz 70-lecia WBiN\u015a<br \/>\n25 pa\u017adziernika 2021 r.<\/span><br \/>\n<img decoding=\"async\" class=\"aligncenter wp-image-451 size-full\" src=\"https:\/\/wb.pb.edu.pl\/70latwbins\/wp-content\/uploads\/sites\/6\/2021\/05\/70-lecie-WBiNS-960x640-1.jpg\" alt=\"Budynek WBiN\u015a z lotu ptaka\"><br \/>\n<\/a><\/div>\n<\/div>\n<p>&nbsp;<\/p>\n<div class=\"row\">\n<div class=\"col-sm-4 text-center\"><a class=\"button\" style=\"width: 100%; padding: 0px, 0px;\" href=\"http:\/\/www.pzitb.bialystok.pl\/konkurs-budowa-roku.php\"><br \/>\n<span class=\"lead\">Konkurs<br \/>\n\u201eBudowa Roku 2019-2020 w Regionie P\u00f3\u0142nocno-Wschodnim\u201d<br \/>\n26 pa\u017adziernika 2021 r.<\/span><br \/>\n<img decoding=\"async\" class=\"aligncenter wp-image-451 size-full\" src=\"https:\/\/wb.pb.edu.pl\/70latwbins\/wp-content\/uploads\/sites\/6\/2021\/08\/budowa-roku-20890.jpg\" alt=\"Plakat, budowa roku 2019-2020 w regionie p\u00f3\u0142nocno-wschodnim\"><br \/>\n<\/a><\/div>\n<div class=\"col-sm-4 text-center\"><a class=\"button\" style=\"width: 100%; padding: 0px, 0px;\" href=\"https:\/\/wb.pb.edu.pl\/\"><br \/>\n<span class=\"lead\">VII Mi\u0119dzynarodowa Konferencja<br \/>\n\u201eTurystyka na obszarach przyrodniczo cennych\u201d<br \/>\n16-18 listopada 2021 r.<\/span><br \/>\n<img decoding=\"async\" class=\"aligncenter wp-image-451 size-full\" src=\"https:\/\/wb.pb.edu.pl\/70latwbins\/wp-content\/uploads\/sites\/6\/2021\/04\/2020_10_biebrza.jpg\" alt=\"Zdj\u0119cie przedstawia mokrad\u0142a Biebrza\u0144skiego Parku Narodowego o wschodzie s\u0142o\u0144ca\"><br \/>\n<\/a><\/div>\n<div class=\"col-sm-4 text-center\"><a class=\"button\" style=\"width: 100%; padding: 0px, 0px;\" href=\"https:\/\/wb.pb.edu.pl\/polecamy\/zaproszenie-na-konferencje-engineering-sciences-business-2021\/\"><br \/>\n<span class=\"lead\">Engineering Sciences<br \/>\n&amp; Business 2021<br \/>\n17 czerwca 2021 r.<\/span><br \/>\n&nbsp;<br \/>\n<img loading=\"lazy\" decoding=\"async\" class=\"aligncenter wp-image-451 size-full\" src=\"https:\/\/wb.pb.edu.pl\/70latwbins\/wp-content\/uploads\/sites\/6\/2021\/04\/grafika_aktualnosci_esb.jpg\" alt=\"grafika, na bia\u0142ym tle napis Enmgineering Sciences&amp;Business 17 czerwca 2021\" width=\"800\" height=\"533\"><br \/>\n<\/a><\/div>\n<\/div>\n<p>&nbsp;<\/p>\n<div class=\"row\">\n<div class=\"col-sm-4 text-center\"><a class=\"button\" style=\"width: 100%; padding: 0px, 0px;\" href=\"https:\/\/ismo.pb.edu.pl\/\"><br \/>\n<span class=\"lead\">X International Scientific Conference<br \/>\nEnvironmental Engineering Through a Young Eye<br \/>\n14 maja 2021 r. <\/span><br \/>\n<img loading=\"lazy\" decoding=\"async\" class=\"aligncenter wp-image-451 size-full\" src=\"https:\/\/wb.pb.edu.pl\/70latwbins\/wp-content\/uploads\/sites\/6\/2021\/05\/ISMO-960x640-1.jpg\" alt=\"grafika, na bia\u0142ym zarys zielonej \u017car\u00f3wki z napisem ISMO\" width=\"480\" height=\"320\"><br \/>\n<\/a><\/div>\n<div class=\"col-sm-4 text-center\"><a class=\"button\" style=\"width: 100%; padding: 0px, 0px;\" href=\"https:\/\/wb.pb.edu.pl\/polecamy\/asy-ochronne-miast-stan-obecny-i-przyszlosc\/\"><br \/>\n<span class=\"lead\">Bia\u0142ostockie Seminarium Le\u015bne<br \/>\n\u201eLasy ochronne miast. Stan obecny i przysz\u0142o\u015b\u0107\u201d<br \/>\n&nbsp;<br \/>\n23 kwietnia 2021 r.<\/span><br \/>\n<img loading=\"lazy\" decoding=\"async\" class=\"aligncenter wp-image-451 size-full\" src=\"https:\/\/wb.pb.edu.pl\/70latwbins\/wp-content\/uploads\/sites\/6\/2021\/04\/lasy_ochronne_miast_m.jpg\" alt=\"grafika, w tle g\u0119sty las z napisem Lasy ochronne miast, stan obecny i przysz\u0142o\u015b\u0107\" width=\"1000\" height=\"666\"><br \/>\n<\/a><\/div>\n<\/div>\n","protected":false},"excerpt":{"rendered":"<p>Konferencja naukowa IN\u017bYNIERIA PRZEDSI\u0118WZI\u0118\u0106 BUDOWLANYCH 18-20 pa\u017adziernika 2021 r. Unibep Days Na Wydziale Budownictwa i<a class=\"read-more\" href=\"https:\/\/wb.pb.edu.pl\/70latwbins\/wydarzenia-jubileusz\/\" title=\"Poka\u017c artyku\u0142 Wydarzenia &#8211; jubileusz\">wi\u0119cej<\/a><\/p>\n","protected":false},"author":3,"featured_media":0,"parent":0,"menu_order":3,"comment_status":"closed","ping_status":"closed","template":"","meta":{"inline_featured_image":false,"ngg_post_thumbnail":0,"footnotes":""},"class_list":["post-58","page","type-page","status-publish","hentry"],"acf":[],"yoast_head":"<!-- This site is optimized with the Yoast SEO plugin v26.4 - https:\/\/yoast.com\/wordpress\/plugins\/seo\/ -->\n<title>Wydarzenia - jubileusz - 70 lat WBiN\u015a<\/title>\n<meta name=\"description\" content=\"Konferencja naukowa IN\u017bYNIERIA PRZEDSI\u0118WZI\u0118\u0106 BUDOWLANYCH 18-20 pa\u017adziernika 2021 r. Unibep Days Na Wydziale Budownictwa i Nauk o \u015arodowisku 21,22 %\" \/>\n<meta name=\"robots\" content=\"index, follow, max-snippet:-1, max-image-preview:large, max-video-preview:-1\" \/>\n<link rel=\"canonical\" href=\"https:\/\/wb.pb.edu.pl\/70latwbins\/wydarzenia-jubileusz\/\" \/>\n<meta property=\"og:locale\" content=\"pl_PL\" \/>\n<meta property=\"og:type\" content=\"article\" \/>\n<meta property=\"og:title\" content=\"Wydarzenia - jubileusz - 70 lat WBiN\u015a\" \/>\n<meta property=\"og:description\" content=\"Konferencja naukowa IN\u017bYNIERIA PRZEDSI\u0118WZI\u0118\u0106 BUDOWLANYCH 18-20 pa\u017adziernika 2021 r. Unibep Days Na Wydziale Budownictwa i Nauk o \u015arodowisku 21,22 %\" \/>\n<meta property=\"og:url\" content=\"https:\/\/wb.pb.edu.pl\/70latwbins\/wydarzenia-jubileusz\/\" \/>\n<meta property=\"og:site_name\" content=\"70 lat WBiN\u015a\" \/>\n<meta property=\"article:modified_time\" content=\"2021-10-08T06:25:09+00:00\" \/>\n<meta property=\"og:image\" content=\"https:\/\/wb.pb.edu.pl\/70latwbins\/wp-content\/uploads\/sites\/6\/2021\/10\/wydarzenie-konferencja-480-320.jpg\" \/>\n<meta name=\"twitter:label1\" content=\"Szacowany czas czytania\" \/>\n\t<meta name=\"twitter:data1\" content=\"2 minuty\" \/>\n<script type=\"application\/ld+json\" class=\"yoast-schema-graph\">{\"@context\":\"https:\/\/schema.org\",\"@graph\":[{\"@type\":\"WebPage\",\"@id\":\"https:\/\/wb.pb.edu.pl\/70latwbins\/wydarzenia-jubileusz\/\",\"url\":\"https:\/\/wb.pb.edu.pl\/70latwbins\/wydarzenia-jubileusz\/\",\"name\":\"Wydarzenia - jubileusz - 70 lat WBiN\u015a\",\"isPartOf\":{\"@id\":\"https:\/\/wb.pb.edu.pl\/70latwbins\/#website\"},\"primaryImageOfPage\":{\"@id\":\"https:\/\/wb.pb.edu.pl\/70latwbins\/wydarzenia-jubileusz\/#primaryimage\"},\"image\":{\"@id\":\"https:\/\/wb.pb.edu.pl\/70latwbins\/wydarzenia-jubileusz\/#primaryimage\"},\"thumbnailUrl\":\"https:\/\/wb.pb.edu.pl\/70latwbins\/wp-content\/uploads\/sites\/6\/2021\/10\/wydarzenie-konferencja-480-320.jpg\",\"datePublished\":\"2021-04-07T17:57:17+00:00\",\"dateModified\":\"2021-10-08T06:25:09+00:00\",\"description\":\"Konferencja naukowa IN\u017bYNIERIA PRZEDSI\u0118WZI\u0118\u0106 BUDOWLANYCH 18-20 pa\u017adziernika 2021 r. Unibep Days Na Wydziale Budownictwa i Nauk o \u015arodowisku 21,22 %\",\"breadcrumb\":{\"@id\":\"https:\/\/wb.pb.edu.pl\/70latwbins\/wydarzenia-jubileusz\/#breadcrumb\"},\"inLanguage\":\"pl-PL\",\"potentialAction\":[{\"@type\":\"ReadAction\",\"target\":[\"https:\/\/wb.pb.edu.pl\/70latwbins\/wydarzenia-jubileusz\/\"]}]},{\"@type\":\"ImageObject\",\"inLanguage\":\"pl-PL\",\"@id\":\"https:\/\/wb.pb.edu.pl\/70latwbins\/wydarzenia-jubileusz\/#primaryimage\",\"url\":\"https:\/\/wb.pb.edu.pl\/70latwbins\/wp-content\/uploads\/sites\/6\/2021\/10\/wydarzenie-konferencja-480-320.jpg\",\"contentUrl\":\"https:\/\/wb.pb.edu.pl\/70latwbins\/wp-content\/uploads\/sites\/6\/2021\/10\/wydarzenie-konferencja-480-320.jpg\",\"width\":1510,\"height\":1007,\"caption\":\"Plakat IPB\"},{\"@type\":\"BreadcrumbList\",\"@id\":\"https:\/\/wb.pb.edu.pl\/70latwbins\/wydarzenia-jubileusz\/#breadcrumb\",\"itemListElement\":[{\"@type\":\"ListItem\",\"position\":1,\"name\":\"Strona g\u0142\u00f3wna\",\"item\":\"https:\/\/wb.pb.edu.pl\/70latwbins\/\"},{\"@type\":\"ListItem\",\"position\":2,\"name\":\"Wydarzenia &#8211; jubileusz\"}]},{\"@type\":\"WebSite\",\"@id\":\"https:\/\/wb.pb.edu.pl\/70latwbins\/#website\",\"url\":\"https:\/\/wb.pb.edu.pl\/70latwbins\/\",\"name\":\"70 lat WBiN\u015a\",\"description\":\"\",\"potentialAction\":[{\"@type\":\"SearchAction\",\"target\":{\"@type\":\"EntryPoint\",\"urlTemplate\":\"https:\/\/wb.pb.edu.pl\/70latwbins\/?s={search_term_string}\"},\"query-input\":{\"@type\":\"PropertyValueSpecification\",\"valueRequired\":true,\"valueName\":\"search_term_string\"}}],\"inLanguage\":\"pl-PL\"}]}<\/script>\n<!-- \/ Yoast SEO plugin. -->","yoast_head_json":{"title":"Wydarzenia - jubileusz - 70 lat WBiN\u015a","description":"Konferencja naukowa IN\u017bYNIERIA PRZEDSI\u0118WZI\u0118\u0106 BUDOWLANYCH 18-20 pa\u017adziernika 2021 r. Unibep Days Na Wydziale Budownictwa i Nauk o \u015arodowisku 21,22 %","robots":{"index":"index","follow":"follow","max-snippet":"max-snippet:-1","max-image-preview":"max-image-preview:large","max-video-preview":"max-video-preview:-1"},"canonical":"https:\/\/wb.pb.edu.pl\/70latwbins\/wydarzenia-jubileusz\/","og_locale":"pl_PL","og_type":"article","og_title":"Wydarzenia - jubileusz - 70 lat WBiN\u015a","og_description":"Konferencja naukowa IN\u017bYNIERIA PRZEDSI\u0118WZI\u0118\u0106 BUDOWLANYCH 18-20 pa\u017adziernika 2021 r. Unibep Days Na Wydziale Budownictwa i Nauk o \u015arodowisku 21,22 %","og_url":"https:\/\/wb.pb.edu.pl\/70latwbins\/wydarzenia-jubileusz\/","og_site_name":"70 lat WBiN\u015a","article_modified_time":"2021-10-08T06:25:09+00:00","og_image":[{"url":"https:\/\/wb.pb.edu.pl\/70latwbins\/wp-content\/uploads\/sites\/6\/2021\/10\/wydarzenie-konferencja-480-320.jpg","type":"","width":"","height":""}],"twitter_misc":{"Szacowany czas czytania":"2 minuty"},"schema":{"@context":"https:\/\/schema.org","@graph":[{"@type":"WebPage","@id":"https:\/\/wb.pb.edu.pl\/70latwbins\/wydarzenia-jubileusz\/","url":"https:\/\/wb.pb.edu.pl\/70latwbins\/wydarzenia-jubileusz\/","name":"Wydarzenia - jubileusz - 70 lat WBiN\u015a","isPartOf":{"@id":"https:\/\/wb.pb.edu.pl\/70latwbins\/#website"},"primaryImageOfPage":{"@id":"https:\/\/wb.pb.edu.pl\/70latwbins\/wydarzenia-jubileusz\/#primaryimage"},"image":{"@id":"https:\/\/wb.pb.edu.pl\/70latwbins\/wydarzenia-jubileusz\/#primaryimage"},"thumbnailUrl":"https:\/\/wb.pb.edu.pl\/70latwbins\/wp-content\/uploads\/sites\/6\/2021\/10\/wydarzenie-konferencja-480-320.jpg","datePublished":"2021-04-07T17:57:17+00:00","dateModified":"2021-10-08T06:25:09+00:00","description":"Konferencja naukowa IN\u017bYNIERIA PRZEDSI\u0118WZI\u0118\u0106 BUDOWLANYCH 18-20 pa\u017adziernika 2021 r. Unibep Days Na Wydziale Budownictwa i Nauk o \u015arodowisku 21,22 %","breadcrumb":{"@id":"https:\/\/wb.pb.edu.pl\/70latwbins\/wydarzenia-jubileusz\/#breadcrumb"},"inLanguage":"pl-PL","potentialAction":[{"@type":"ReadAction","target":["https:\/\/wb.pb.edu.pl\/70latwbins\/wydarzenia-jubileusz\/"]}]},{"@type":"ImageObject","inLanguage":"pl-PL","@id":"https:\/\/wb.pb.edu.pl\/70latwbins\/wydarzenia-jubileusz\/#primaryimage","url":"https:\/\/wb.pb.edu.pl\/70latwbins\/wp-content\/uploads\/sites\/6\/2021\/10\/wydarzenie-konferencja-480-320.jpg","contentUrl":"https:\/\/wb.pb.edu.pl\/70latwbins\/wp-content\/uploads\/sites\/6\/2021\/10\/wydarzenie-konferencja-480-320.jpg","width":1510,"height":1007,"caption":"Plakat IPB"},{"@type":"BreadcrumbList","@id":"https:\/\/wb.pb.edu.pl\/70latwbins\/wydarzenia-jubileusz\/#breadcrumb","itemListElement":[{"@type":"ListItem","position":1,"name":"Strona g\u0142\u00f3wna","item":"https:\/\/wb.pb.edu.pl\/70latwbins\/"},{"@type":"ListItem","position":2,"name":"Wydarzenia &#8211; jubileusz"}]},{"@type":"WebSite","@id":"https:\/\/wb.pb.edu.pl\/70latwbins\/#website","url":"https:\/\/wb.pb.edu.pl\/70latwbins\/","name":"70 lat WBiN\u015a","description":"","potentialAction":[{"@type":"SearchAction","target":{"@type":"EntryPoint","urlTemplate":"https:\/\/wb.pb.edu.pl\/70latwbins\/?s={search_term_string}"},"query-input":{"@type":"PropertyValueSpecification","valueRequired":true,"valueName":"search_term_string"}}],"inLanguage":"pl-PL"}]}},"_links":{"self":[{"href":"https:\/\/wb.pb.edu.pl\/70latwbins\/wp-json\/wp\/v2\/pages\/58","targetHints":{"allow":["GET"]}}],"collection":[{"href":"https:\/\/wb.pb.edu.pl\/70latwbins\/wp-json\/wp\/v2\/pages"}],"about":[{"href":"https:\/\/wb.pb.edu.pl\/70latwbins\/wp-json\/wp\/v2\/types\/page"}],"author":[{"embeddable":true,"href":"https:\/\/wb.pb.edu.pl\/70latwbins\/wp-json\/wp\/v2\/users\/3"}],"replies":[{"embeddable":true,"href":"https:\/\/wb.pb.edu.pl\/70latwbins\/wp-json\/wp\/v2\/comments?post=58"}],"version-history":[{"count":69,"href":"https:\/\/wb.pb.edu.pl\/70latwbins\/wp-json\/wp\/v2\/pages\/58\/revisions"}],"predecessor-version":[{"id":260,"href":"https:\/\/wb.pb.edu.pl\/70latwbins\/wp-json\/wp\/v2\/pages\/58\/revisions\/260"}],"wp:attachment":[{"href":"https:\/\/wb.pb.edu.pl\/70latwbins\/wp-json\/wp\/v2\/media?parent=58"}],"curies":[{"name":"wp","href":"https:\/\/api.w.org\/{rel}","templated":true}]}}