{"id":64,"date":"2021-04-07T19:57:57","date_gmt":"2021-04-07T17:57:57","guid":{"rendered":"https:\/\/wb.pb.edu.pl\/70latwbins\/?page_id=64"},"modified":"2021-04-08T01:16:49","modified_gmt":"2021-04-07T23:16:49","slug":"kontakt","status":"publish","type":"page","link":"https:\/\/wb.pb.edu.pl\/70latwbins\/kontakt\/","title":{"rendered":"Kontakt"},"content":{"rendered":"<p>Prodziekan WBiN\u015a ds. Rozwoju i Wsp\u00f3\u0142pracy<br \/>\ndr in\u017c. Katarzyna Kalinowska-Wichrowska<\/p>\n<p> <i class=\"fa fa-envelope-o\" aria-hidden=\"true\"><\/i> <a href=\"#\" rel=\"nofollow\"  onclick=\"this.href='mailto:' + 'wbns.rozwoj' + '@' + 'pb.edu.pl'\">wbns.rozwoj [at] pb.edu.pl<\/a>\n<p> <i class=\"fa fa-phone\" aria-hidden=\"true\"><\/i> 513 815 859<\/p>\n","protected":false},"excerpt":{"rendered":"<p>Prodziekan WBiN\u015a ds. Rozwoju i Wsp\u00f3\u0142pracy dr in\u017c. Katarzyna Kalinowska-Wichrowska 513 815 859<\/p>\n","protected":false},"author":3,"featured_media":0,"parent":0,"menu_order":5,"comment_status":"closed","ping_status":"closed","template":"","meta":{"inline_featured_image":false,"ngg_post_thumbnail":0,"footnotes":""},"class_list":["post-64","page","type-page","status-publish","hentry"],"acf":[],"yoast_head":"<!-- This site is optimized with the Yoast SEO plugin v26.4 - https:\/\/yoast.com\/wordpress\/plugins\/seo\/ -->\n<title>Kontakt - 70 lat WBiN\u015a<\/title>\n<meta name=\"description\" content=\"Prodziekan WBiN\u015a ds. Rozwoju i Wsp\u00f3\u0142pracy dr in\u017c. Katarzyna Kalinowska-Wichrowska      513 815 859 %\" \/>\n<meta name=\"robots\" content=\"index, follow, max-snippet:-1, max-image-preview:large, max-video-preview:-1\" \/>\n<link rel=\"canonical\" href=\"https:\/\/wb.pb.edu.pl\/70latwbins\/kontakt\/\" \/>\n<meta property=\"og:locale\" content=\"pl_PL\" \/>\n<meta property=\"og:type\" content=\"article\" \/>\n<meta property=\"og:title\" content=\"Kontakt - 70 lat WBiN\u015a\" \/>\n<meta property=\"og:description\" content=\"Prodziekan WBiN\u015a ds. Rozwoju i Wsp\u00f3\u0142pracy dr in\u017c. Katarzyna Kalinowska-Wichrowska      513 815 859 %\" \/>\n<meta property=\"og:url\" content=\"https:\/\/wb.pb.edu.pl\/70latwbins\/kontakt\/\" \/>\n<meta property=\"og:site_name\" content=\"70 lat WBiN\u015a\" \/>\n<meta property=\"article:modified_time\" content=\"2021-04-07T23:16:49+00:00\" \/>\n<meta name=\"twitter:label1\" content=\"Szacowany czas czytania\" \/>\n\t<meta name=\"twitter:data1\" content=\"1 minuta\" \/>\n<script type=\"application\/ld+json\" class=\"yoast-schema-graph\">{\"@context\":\"https:\/\/schema.org\",\"@graph\":[{\"@type\":\"WebPage\",\"@id\":\"https:\/\/wb.pb.edu.pl\/70latwbins\/kontakt\/\",\"url\":\"https:\/\/wb.pb.edu.pl\/70latwbins\/kontakt\/\",\"name\":\"Kontakt - 70 lat WBiN\u015a\",\"isPartOf\":{\"@id\":\"https:\/\/wb.pb.edu.pl\/70latwbins\/#website\"},\"datePublished\":\"2021-04-07T17:57:57+00:00\",\"dateModified\":\"2021-04-07T23:16:49+00:00\",\"description\":\"Prodziekan WBiN\u015a ds. Rozwoju i Wsp\u00f3\u0142pracy dr in\u017c. Katarzyna Kalinowska-Wichrowska 513 815 859 %\",\"breadcrumb\":{\"@id\":\"https:\/\/wb.pb.edu.pl\/70latwbins\/kontakt\/#breadcrumb\"},\"inLanguage\":\"pl-PL\",\"potentialAction\":[{\"@type\":\"ReadAction\",\"target\":[\"https:\/\/wb.pb.edu.pl\/70latwbins\/kontakt\/\"]}]},{\"@type\":\"BreadcrumbList\",\"@id\":\"https:\/\/wb.pb.edu.pl\/70latwbins\/kontakt\/#breadcrumb\",\"itemListElement\":[{\"@type\":\"ListItem\",\"position\":1,\"name\":\"Strona g\u0142\u00f3wna\",\"item\":\"https:\/\/wb.pb.edu.pl\/70latwbins\/\"},{\"@type\":\"ListItem\",\"position\":2,\"name\":\"Kontakt\"}]},{\"@type\":\"WebSite\",\"@id\":\"https:\/\/wb.pb.edu.pl\/70latwbins\/#website\",\"url\":\"https:\/\/wb.pb.edu.pl\/70latwbins\/\",\"name\":\"70 lat WBiN\u015a\",\"description\":\"\",\"potentialAction\":[{\"@type\":\"SearchAction\",\"target\":{\"@type\":\"EntryPoint\",\"urlTemplate\":\"https:\/\/wb.pb.edu.pl\/70latwbins\/?s={search_term_string}\"},\"query-input\":{\"@type\":\"PropertyValueSpecification\",\"valueRequired\":true,\"valueName\":\"search_term_string\"}}],\"inLanguage\":\"pl-PL\"}]}<\/script>\n<!-- \/ Yoast SEO plugin. -->","yoast_head_json":{"title":"Kontakt - 70 lat WBiN\u015a","description":"Prodziekan WBiN\u015a ds. Rozwoju i Wsp\u00f3\u0142pracy dr in\u017c. Katarzyna Kalinowska-Wichrowska      513 815 859 %","robots":{"index":"index","follow":"follow","max-snippet":"max-snippet:-1","max-image-preview":"max-image-preview:large","max-video-preview":"max-video-preview:-1"},"canonical":"https:\/\/wb.pb.edu.pl\/70latwbins\/kontakt\/","og_locale":"pl_PL","og_type":"article","og_title":"Kontakt - 70 lat WBiN\u015a","og_description":"Prodziekan WBiN\u015a ds. Rozwoju i Wsp\u00f3\u0142pracy dr in\u017c. Katarzyna Kalinowska-Wichrowska      513 815 859 %","og_url":"https:\/\/wb.pb.edu.pl\/70latwbins\/kontakt\/","og_site_name":"70 lat WBiN\u015a","article_modified_time":"2021-04-07T23:16:49+00:00","twitter_misc":{"Szacowany czas czytania":"1 minuta"},"schema":{"@context":"https:\/\/schema.org","@graph":[{"@type":"WebPage","@id":"https:\/\/wb.pb.edu.pl\/70latwbins\/kontakt\/","url":"https:\/\/wb.pb.edu.pl\/70latwbins\/kontakt\/","name":"Kontakt - 70 lat WBiN\u015a","isPartOf":{"@id":"https:\/\/wb.pb.edu.pl\/70latwbins\/#website"},"datePublished":"2021-04-07T17:57:57+00:00","dateModified":"2021-04-07T23:16:49+00:00","description":"Prodziekan WBiN\u015a ds. Rozwoju i Wsp\u00f3\u0142pracy dr in\u017c. Katarzyna Kalinowska-Wichrowska 513 815 859 %","breadcrumb":{"@id":"https:\/\/wb.pb.edu.pl\/70latwbins\/kontakt\/#breadcrumb"},"inLanguage":"pl-PL","potentialAction":[{"@type":"ReadAction","target":["https:\/\/wb.pb.edu.pl\/70latwbins\/kontakt\/"]}]},{"@type":"BreadcrumbList","@id":"https:\/\/wb.pb.edu.pl\/70latwbins\/kontakt\/#breadcrumb","itemListElement":[{"@type":"ListItem","position":1,"name":"Strona g\u0142\u00f3wna","item":"https:\/\/wb.pb.edu.pl\/70latwbins\/"},{"@type":"ListItem","position":2,"name":"Kontakt"}]},{"@type":"WebSite","@id":"https:\/\/wb.pb.edu.pl\/70latwbins\/#website","url":"https:\/\/wb.pb.edu.pl\/70latwbins\/","name":"70 lat WBiN\u015a","description":"","potentialAction":[{"@type":"SearchAction","target":{"@type":"EntryPoint","urlTemplate":"https:\/\/wb.pb.edu.pl\/70latwbins\/?s={search_term_string}"},"query-input":{"@type":"PropertyValueSpecification","valueRequired":true,"valueName":"search_term_string"}}],"inLanguage":"pl-PL"}]}},"_links":{"self":[{"href":"https:\/\/wb.pb.edu.pl\/70latwbins\/wp-json\/wp\/v2\/pages\/64","targetHints":{"allow":["GET"]}}],"collection":[{"href":"https:\/\/wb.pb.edu.pl\/70latwbins\/wp-json\/wp\/v2\/pages"}],"about":[{"href":"https:\/\/wb.pb.edu.pl\/70latwbins\/wp-json\/wp\/v2\/types\/page"}],"author":[{"embeddable":true,"href":"https:\/\/wb.pb.edu.pl\/70latwbins\/wp-json\/wp\/v2\/users\/3"}],"replies":[{"embeddable":true,"href":"https:\/\/wb.pb.edu.pl\/70latwbins\/wp-json\/wp\/v2\/comments?post=64"}],"version-history":[{"count":5,"href":"https:\/\/wb.pb.edu.pl\/70latwbins\/wp-json\/wp\/v2\/pages\/64\/revisions"}],"predecessor-version":[{"id":114,"href":"https:\/\/wb.pb.edu.pl\/70latwbins\/wp-json\/wp\/v2\/pages\/64\/revisions\/114"}],"wp:attachment":[{"href":"https:\/\/wb.pb.edu.pl\/70latwbins\/wp-json\/wp\/v2\/media?parent=64"}],"curies":[{"name":"wp","href":"https:\/\/api.w.org\/{rel}","templated":true}]}}