{"id":21,"date":"2024-04-15T20:40:11","date_gmt":"2024-04-15T18:40:11","guid":{"rendered":"https:\/\/wb.pb.edu.pl\/ak15lat\/?page_id=21"},"modified":"2024-04-22T21:21:24","modified_gmt":"2024-04-22T19:21:24","slug":"strona-glowna","status":"publish","type":"page","link":"https:\/\/wb.pb.edu.pl\/ak15lat\/","title":{"rendered":""},"content":{"rendered":"<div class=\"img-full\">\n<img decoding=\"async\" src=\"https:\/\/wb.pb.edu.pl\/ak15lat\/wp-content\/uploads\/sites\/7\/2024\/04\/15-lecie-AK-WBiNS-PB-header-z-logo-i-napisami.jpg\" alt=\"Jubileusz Architektury Krajobrazu\" \/>\n<\/div>\n<h2 style=\"font-size: 3rem\"><a style=\"text-decoration: none\" title=\"poka\u017c wszystkie Aktualno\u015bci\" href=\"\/ak15lat\/aktualnosci\/\">Aktualno\u015bci <i class=\"fa fa-caret-right\" aria-hidden=\"true\"><\/i><\/a><\/h2>\n  <div class=\"box news-box\">\r\n    <div class=\"row\">\r\n      <!--Array\n(\n    [post_type] => post\n    [paged] => 1\n    [orderby] => Array\n        (\n            [meta_value_num] => DESC\n            [date] => DESC\n        )\n\n    [meta_query] => Array\n        (\n            [relation] => OR\n            [0] => Array\n                (\n                    [key] => on_top\n                    [compare] => NOT EXISTS\n                )\n\n            [1] => Array\n                (\n                    [key] => on_top\n                )\n\n        )\n\n    [category__in] => 1\n    [posts_per_page] => 4\n)\n-->\r\n                        <div class=\"col-sm-3\">\r\n            <article class=\"format-standard\">\n    <span class=\"date text-right\"><i class=\"fa fa-calendar\"><\/i> 03-12-2024<\/span>\n    <a href=\"https:\/\/wb.pb.edu.pl\/ak15lat\/2024\/12\/03\/spotkanie-absolwentow-z-okazji-obchodow-15-lecia-istnienia-kierunku-architektura-krajobrazu\/\">\n      <div class=\"article-image\">\n        <img loading=\"lazy\" decoding=\"async\" width=\"480\" height=\"320\" src=\"https:\/\/wb.pb.edu.pl\/ak15lat\/wp-content\/uploads\/sites\/7\/2024\/12\/spotkanie-absolwentow-miniaturka-480x320.png\" class=\"attachment-hp-box-size size-hp-box-size wp-post-image\" alt=\"\" srcset=\"https:\/\/wb.pb.edu.pl\/ak15lat\/wp-content\/uploads\/sites\/7\/2024\/12\/spotkanie-absolwentow-miniaturka-480x320.png 480w, https:\/\/wb.pb.edu.pl\/ak15lat\/wp-content\/uploads\/sites\/7\/2024\/12\/spotkanie-absolwentow-miniaturka-300x200.png 300w, https:\/\/wb.pb.edu.pl\/ak15lat\/wp-content\/uploads\/sites\/7\/2024\/12\/spotkanie-absolwentow-miniaturka.png 769w\" sizes=\"auto, (max-width: 480px) 100vw, 480px\" \/>      <\/div>\n      <h3>Spotkanie Absolwent\u00f3w z okazji obchod\u00f3w 15-lecia istnienia kierunku Architektura Krajobrazu<\/h3>\n      Zapraszamy na kolejne, ostatnie ju\u017c wydarzenie z okazji obchod\u00f3w 15-lecia istnienia    <\/a>\n<\/article>          <\/div>\r\n                  <div class=\"col-sm-3\">\r\n            <article class=\"format-standard\">\n    <span class=\"date text-right\"><i class=\"fa fa-calendar\"><\/i> 06-11-2024<\/span>\n    <a href=\"https:\/\/wb.pb.edu.pl\/ak15lat\/2024\/11\/06\/dzien-architektury-krajobrazu-z-okazji-obchodow-jubileuszu-15-lecia-istnienia-kierunku\/\">\n      <div class=\"article-image\">\n        <img loading=\"lazy\" decoding=\"async\" width=\"480\" height=\"320\" src=\"https:\/\/wb.pb.edu.pl\/ak15lat\/wp-content\/uploads\/sites\/7\/2024\/11\/15-lat-Dzien-Architektury-Krajobrazu-miniatura-480x320.jpg\" class=\"attachment-hp-box-size size-hp-box-size wp-post-image\" alt=\"\" srcset=\"https:\/\/wb.pb.edu.pl\/ak15lat\/wp-content\/uploads\/sites\/7\/2024\/11\/15-lat-Dzien-Architektury-Krajobrazu-miniatura-480x320.jpg 480w, https:\/\/wb.pb.edu.pl\/ak15lat\/wp-content\/uploads\/sites\/7\/2024\/11\/15-lat-Dzien-Architektury-Krajobrazu-miniatura-300x200.jpg 300w, https:\/\/wb.pb.edu.pl\/ak15lat\/wp-content\/uploads\/sites\/7\/2024\/11\/15-lat-Dzien-Architektury-Krajobrazu-miniatura.jpg 768w\" sizes=\"auto, (max-width: 480px) 100vw, 480px\" \/>      <\/div>\n      <h3>Dzie\u0144 Architektury Krajobrazu z okazji obchod\u00f3w Jubileuszu 15-lecia istnienia kierunku<\/h3>\n      Ju\u017c w najbli\u017cszy pi\u0105tek 8 listopada odb\u0119dzie si\u0119 Dzie\u0144 Architektury Krajobrazu!    <\/a>\n<\/article>          <\/div>\r\n                  <div class=\"col-sm-3\">\r\n            <article class=\"format-standard\">\n    <span class=\"date text-right\"><i class=\"fa fa-calendar\"><\/i> 29-05-2024<\/span>\n    <a href=\"https:\/\/wb.pb.edu.pl\/ak15lat\/2024\/05\/29\/jubileuszowe-spotkanie-poswiecone-nauce-w-architekturze-krajobrazu\/\">\n      <div class=\"article-image\">\n        <img loading=\"lazy\" decoding=\"async\" width=\"480\" height=\"320\" src=\"https:\/\/wb.pb.edu.pl\/ak15lat\/wp-content\/uploads\/sites\/7\/2024\/05\/sem-nauka-miniatura-480x320.jpg\" class=\"attachment-hp-box-size size-hp-box-size wp-post-image\" alt=\"\" srcset=\"https:\/\/wb.pb.edu.pl\/ak15lat\/wp-content\/uploads\/sites\/7\/2024\/05\/sem-nauka-miniatura-480x320.jpg 480w, https:\/\/wb.pb.edu.pl\/ak15lat\/wp-content\/uploads\/sites\/7\/2024\/05\/sem-nauka-miniatura-300x200.jpg 300w, https:\/\/wb.pb.edu.pl\/ak15lat\/wp-content\/uploads\/sites\/7\/2024\/05\/sem-nauka-miniatura.jpg 767w\" sizes=\"auto, (max-width: 480px) 100vw, 480px\" \/>      <\/div>\n      <h3>Jubileuszowe spotkanie po\u015bwi\u0119cone nauce w architekturze krajobrazu<\/h3>\n      Od 15 lat na Wydziale Budownictwa i Nauk o \u015arodowisku Politechniki    <\/a>\n<\/article>          <\/div>\r\n                  <div class=\"col-sm-3\">\r\n            <article class=\"format-standard\">\n    <span class=\"date text-right\"><i class=\"fa fa-calendar\"><\/i> 15-04-2024<\/span>\n    <a href=\"https:\/\/wb.pb.edu.pl\/ak15lat\/2024\/04\/15\/15-lecie-architektury-krajobrazu-na-politechnice-bialostockiej\/\">\n      <div class=\"article-image\">\n        <img loading=\"lazy\" decoding=\"async\" width=\"480\" height=\"320\" src=\"https:\/\/wb.pb.edu.pl\/ak15lat\/wp-content\/uploads\/sites\/7\/2024\/04\/15-lat-AK-480x320.png\" class=\"attachment-hp-box-size size-hp-box-size wp-post-image\" alt=\"\" \/>      <\/div>\n      <h3>15-Lecie Architektury Krajobrazu na Politechnice Bia\u0142ostockiej<\/h3>\n      Od 15 lat na Wydziale Budownictwa i Nauk o \u015arodowisku Politechniki    <\/a>\n<\/article>          <\/div>\r\n                  <\/div>\r\n          <\/div>\r\n\n<h2 style=\"font-size: 3rem\"><a style=\"text-decoration: none\" title=\"poka\u017c wszystkie\" href=\"\/ak15lat\/wystawy\/\">Wystawy <i class=\"fa fa-caret-right\" aria-hidden=\"true\"><\/i><\/a><\/h2>\n  <div class=\"box news-box\">\r\n    <div class=\"row\">\r\n      <!--Array\n(\n    [post_type] => exhibitions\n    [paged] => 1\n    [orderby] => Array\n        (\n            [meta_value_num] => DESC\n            [date] => DESC\n        )\n\n    [meta_query] => Array\n        (\n            [relation] => OR\n            [0] => Array\n                (\n                    [key] => on_top\n                    [compare] => NOT EXISTS\n                )\n\n            [1] => Array\n                (\n                    [key] => on_top\n                )\n\n        )\n\n    [posts_per_page] => 4\n)\n-->\r\n                        <div class=\"col-sm-3\">\r\n            <article class=\"format-standard\">\n    <span class=\"date text-right\"><i class=\"fa fa-calendar\"><\/i> 24-04-2024<\/span>\n    <a href=\"https:\/\/wb.pb.edu.pl\/ak15lat\/wystawa\/wystawa-krajobraz-w-chmurze\/\">\n      <div class=\"article-image\">\n        <img loading=\"lazy\" decoding=\"async\" width=\"480\" height=\"320\" src=\"https:\/\/wb.pb.edu.pl\/ak15lat\/wp-content\/uploads\/sites\/7\/2024\/04\/Krajobraz_w_chmurze-miniatura-480x320.png\" class=\"attachment-hp-box-size size-hp-box-size wp-post-image\" alt=\"\" srcset=\"https:\/\/wb.pb.edu.pl\/ak15lat\/wp-content\/uploads\/sites\/7\/2024\/04\/Krajobraz_w_chmurze-miniatura-480x320.png 480w, https:\/\/wb.pb.edu.pl\/ak15lat\/wp-content\/uploads\/sites\/7\/2024\/04\/Krajobraz_w_chmurze-miniatura-300x200.png 300w, https:\/\/wb.pb.edu.pl\/ak15lat\/wp-content\/uploads\/sites\/7\/2024\/04\/Krajobraz_w_chmurze-miniatura.png 769w\" sizes=\"auto, (max-width: 480px) 100vw, 480px\" \/>      <\/div>\n      <h3>Wystawa: KRAJOBRAZ W CHMURZE<\/h3>\n      Chmura fotografii to fotoreporta\u017c z \u017cycia student\u00f3w i nauczycieli zwi\u0105zanych kierunkiem    <\/a>\n<\/article>          <\/div>\r\n                  <div class=\"col-sm-3\">\r\n            <article class=\"format-standard\">\n    <span class=\"date text-right\"><i class=\"fa fa-calendar\"><\/i> 24-04-2024<\/span>\n    <a href=\"https:\/\/wb.pb.edu.pl\/ak15lat\/wystawa\/wystawa-ogrody-dalekiego-wschodu\/\">\n      <div class=\"article-image\">\n        <img loading=\"lazy\" decoding=\"async\" width=\"480\" height=\"320\" src=\"https:\/\/wb.pb.edu.pl\/ak15lat\/wp-content\/uploads\/sites\/7\/2024\/04\/Ogrody_dalekiego_wschodu-miniatura-480x320.png\" class=\"attachment-hp-box-size size-hp-box-size wp-post-image\" alt=\"\" srcset=\"https:\/\/wb.pb.edu.pl\/ak15lat\/wp-content\/uploads\/sites\/7\/2024\/04\/Ogrody_dalekiego_wschodu-miniatura-480x320.png 480w, https:\/\/wb.pb.edu.pl\/ak15lat\/wp-content\/uploads\/sites\/7\/2024\/04\/Ogrody_dalekiego_wschodu-miniatura-300x200.png 300w, https:\/\/wb.pb.edu.pl\/ak15lat\/wp-content\/uploads\/sites\/7\/2024\/04\/Ogrody_dalekiego_wschodu-miniatura.png 769w\" sizes=\"auto, (max-width: 480px) 100vw, 480px\" \/>      <\/div>\n      <h3>Wystawa: Ogrody Dalekiego Wschodu<\/h3>\n      W roku 1987 na terenie berli\u0144skiej dzielnicy Marzahn-Hellersdorf otwarty zosta\u0142 Berliner    <\/a>\n<\/article>          <\/div>\r\n                  <div class=\"col-sm-3\">\r\n            <article class=\"format-standard\">\n    <span class=\"date text-right\"><i class=\"fa fa-calendar\"><\/i> 24-04-2024<\/span>\n    <a href=\"https:\/\/wb.pb.edu.pl\/ak15lat\/wystawa\/wystawa-pracownia-rzezbiarska-studio-form-prof-jerzego-grygorczuka\/\">\n      <div class=\"article-image\">\n        <img loading=\"lazy\" decoding=\"async\" width=\"480\" height=\"320\" src=\"https:\/\/wb.pb.edu.pl\/ak15lat\/wp-content\/uploads\/sites\/7\/2024\/04\/Pracownia_rzezbiarska-miniatura-480x320.png\" class=\"attachment-hp-box-size size-hp-box-size wp-post-image\" alt=\"\" srcset=\"https:\/\/wb.pb.edu.pl\/ak15lat\/wp-content\/uploads\/sites\/7\/2024\/04\/Pracownia_rzezbiarska-miniatura-480x320.png 480w, https:\/\/wb.pb.edu.pl\/ak15lat\/wp-content\/uploads\/sites\/7\/2024\/04\/Pracownia_rzezbiarska-miniatura-300x200.png 300w, https:\/\/wb.pb.edu.pl\/ak15lat\/wp-content\/uploads\/sites\/7\/2024\/04\/Pracownia_rzezbiarska-miniatura.png 769w\" sizes=\"auto, (max-width: 480px) 100vw, 480px\" \/>      <\/div>\n      <h3>Wystawa: Pracownia rze\u017abiarska \u2013 studio form prof. Jerzego Grygorczuka<\/h3>\n      Dr hab. sztuki Jerzy Grygorczuk, prof. PB (1944-2022) artysta plastyk, rze\u017abiarz,    <\/a>\n<\/article>          <\/div>\r\n                  <\/div>\r\n          <\/div>\r\n\n","protected":false},"excerpt":{"rendered":"<p>Aktualno\u015bci Wystawy<\/p>\n","protected":false},"author":3,"featured_media":0,"parent":0,"menu_order":1,"comment_status":"closed","ping_status":"closed","template":"","meta":{"inline_featured_image":false,"ngg_post_thumbnail":0,"footnotes":""},"class_list":["post-21","page","type-page","status-publish","hentry"],"acf":[],"yoast_head":"<!-- This site is optimized with the Yoast SEO plugin v26.4 - https:\/\/yoast.com\/wordpress\/plugins\/seo\/ -->\n<title>Jubileusz Architektury Krajobrazu Wydzia\u0142u Budownictwa i Nauk o \u015arodowisku Politechniki Bia\u0142ostockiej<\/title>\n<meta name=\"description\" content=\"15 lat Architektury Krajobrazu\" \/>\n<meta name=\"robots\" content=\"index, follow, max-snippet:-1, max-image-preview:large, max-video-preview:-1\" \/>\n<link rel=\"canonical\" href=\"https:\/\/wb.pb.edu.pl\/ak15lat\/\" \/>\n<meta property=\"og:locale\" content=\"pl_PL\" \/>\n<meta property=\"og:type\" content=\"article\" \/>\n<meta property=\"og:title\" content=\"Jubileusz Architektury Krajobrazu Wydzia\u0142u Budownictwa i Nauk o \u015arodowisku Politechniki Bia\u0142ostockiej\" \/>\n<meta property=\"og:description\" content=\"15 lat Architektury Krajobrazu\" \/>\n<meta property=\"og:url\" content=\"https:\/\/wb.pb.edu.pl\/ak15lat\/\" \/>\n<meta property=\"og:site_name\" content=\"Jubileusz Architektury Krajobrazu\" \/>\n<meta property=\"article:modified_time\" content=\"2024-04-22T19:21:24+00:00\" \/>\n<meta property=\"og:image\" content=\"https:\/\/wb.pb.edu.pl\/ak15lat\/wp-content\/uploads\/sites\/7\/2024\/04\/15-lecie-AK-WBiNS-PB-header-z-logo-i-napisami.jpg\" \/>\n<meta name=\"twitter:card\" content=\"summary_large_image\" \/>\n<meta name=\"twitter:label1\" content=\"Szacowany czas czytania\" \/>\n\t<meta name=\"twitter:data1\" content=\"1 minuta\" \/>\n<script type=\"application\/ld+json\" class=\"yoast-schema-graph\">{\"@context\":\"https:\/\/schema.org\",\"@graph\":[{\"@type\":\"WebPage\",\"@id\":\"https:\/\/wb.pb.edu.pl\/ak15lat\/\",\"url\":\"https:\/\/wb.pb.edu.pl\/ak15lat\/\",\"name\":\"Jubileusz Architektury Krajobrazu Wydzia\u0142u Budownictwa i Nauk o \u015arodowisku Politechniki Bia\u0142ostockiej\",\"isPartOf\":{\"@id\":\"https:\/\/wb.pb.edu.pl\/ak15lat\/#website\"},\"primaryImageOfPage\":{\"@id\":\"https:\/\/wb.pb.edu.pl\/ak15lat\/#primaryimage\"},\"image\":{\"@id\":\"https:\/\/wb.pb.edu.pl\/ak15lat\/#primaryimage\"},\"thumbnailUrl\":\"https:\/\/wb.pb.edu.pl\/ak15lat\/wp-content\/uploads\/sites\/7\/2024\/04\/15-lecie-AK-WBiNS-PB-header-z-logo-i-napisami.jpg\",\"datePublished\":\"2024-04-15T18:40:11+00:00\",\"dateModified\":\"2024-04-22T19:21:24+00:00\",\"description\":\"15 lat Architektury Krajobrazu\",\"inLanguage\":\"pl-PL\",\"potentialAction\":[{\"@type\":\"ReadAction\",\"target\":[\"https:\/\/wb.pb.edu.pl\/ak15lat\/\"]}]},{\"@type\":\"ImageObject\",\"inLanguage\":\"pl-PL\",\"@id\":\"https:\/\/wb.pb.edu.pl\/ak15lat\/#primaryimage\",\"url\":\"https:\/\/wb.pb.edu.pl\/ak15lat\/wp-content\/uploads\/sites\/7\/2024\/04\/15-lecie-AK-WBiNS-PB-header-z-logo-i-napisami.jpg\",\"contentUrl\":\"https:\/\/wb.pb.edu.pl\/ak15lat\/wp-content\/uploads\/sites\/7\/2024\/04\/15-lecie-AK-WBiNS-PB-header-z-logo-i-napisami.jpg\",\"width\":1920,\"height\":600,\"caption\":\"Jubileusz Architektury Krajobrazu\"},{\"@type\":\"WebSite\",\"@id\":\"https:\/\/wb.pb.edu.pl\/ak15lat\/#website\",\"url\":\"https:\/\/wb.pb.edu.pl\/ak15lat\/\",\"name\":\"Jubileusz Architektury Krajobrazu\",\"description\":\"\",\"potentialAction\":[{\"@type\":\"SearchAction\",\"target\":{\"@type\":\"EntryPoint\",\"urlTemplate\":\"https:\/\/wb.pb.edu.pl\/ak15lat\/?s={search_term_string}\"},\"query-input\":{\"@type\":\"PropertyValueSpecification\",\"valueRequired\":true,\"valueName\":\"search_term_string\"}}],\"inLanguage\":\"pl-PL\"}]}<\/script>\n<!-- \/ Yoast SEO plugin. -->","yoast_head_json":{"title":"Jubileusz Architektury Krajobrazu Wydzia\u0142u Budownictwa i Nauk o \u015arodowisku Politechniki Bia\u0142ostockiej","description":"15 lat Architektury Krajobrazu","robots":{"index":"index","follow":"follow","max-snippet":"max-snippet:-1","max-image-preview":"max-image-preview:large","max-video-preview":"max-video-preview:-1"},"canonical":"https:\/\/wb.pb.edu.pl\/ak15lat\/","og_locale":"pl_PL","og_type":"article","og_title":"Jubileusz Architektury Krajobrazu Wydzia\u0142u Budownictwa i Nauk o \u015arodowisku Politechniki Bia\u0142ostockiej","og_description":"15 lat Architektury Krajobrazu","og_url":"https:\/\/wb.pb.edu.pl\/ak15lat\/","og_site_name":"Jubileusz Architektury Krajobrazu","article_modified_time":"2024-04-22T19:21:24+00:00","og_image":[{"url":"https:\/\/wb.pb.edu.pl\/ak15lat\/wp-content\/uploads\/sites\/7\/2024\/04\/15-lecie-AK-WBiNS-PB-header-z-logo-i-napisami.jpg","type":"","width":"","height":""}],"twitter_card":"summary_large_image","twitter_misc":{"Szacowany czas czytania":"1 minuta"},"schema":{"@context":"https:\/\/schema.org","@graph":[{"@type":"WebPage","@id":"https:\/\/wb.pb.edu.pl\/ak15lat\/","url":"https:\/\/wb.pb.edu.pl\/ak15lat\/","name":"Jubileusz Architektury Krajobrazu Wydzia\u0142u Budownictwa i Nauk o \u015arodowisku Politechniki Bia\u0142ostockiej","isPartOf":{"@id":"https:\/\/wb.pb.edu.pl\/ak15lat\/#website"},"primaryImageOfPage":{"@id":"https:\/\/wb.pb.edu.pl\/ak15lat\/#primaryimage"},"image":{"@id":"https:\/\/wb.pb.edu.pl\/ak15lat\/#primaryimage"},"thumbnailUrl":"https:\/\/wb.pb.edu.pl\/ak15lat\/wp-content\/uploads\/sites\/7\/2024\/04\/15-lecie-AK-WBiNS-PB-header-z-logo-i-napisami.jpg","datePublished":"2024-04-15T18:40:11+00:00","dateModified":"2024-04-22T19:21:24+00:00","description":"15 lat Architektury Krajobrazu","inLanguage":"pl-PL","potentialAction":[{"@type":"ReadAction","target":["https:\/\/wb.pb.edu.pl\/ak15lat\/"]}]},{"@type":"ImageObject","inLanguage":"pl-PL","@id":"https:\/\/wb.pb.edu.pl\/ak15lat\/#primaryimage","url":"https:\/\/wb.pb.edu.pl\/ak15lat\/wp-content\/uploads\/sites\/7\/2024\/04\/15-lecie-AK-WBiNS-PB-header-z-logo-i-napisami.jpg","contentUrl":"https:\/\/wb.pb.edu.pl\/ak15lat\/wp-content\/uploads\/sites\/7\/2024\/04\/15-lecie-AK-WBiNS-PB-header-z-logo-i-napisami.jpg","width":1920,"height":600,"caption":"Jubileusz Architektury Krajobrazu"},{"@type":"WebSite","@id":"https:\/\/wb.pb.edu.pl\/ak15lat\/#website","url":"https:\/\/wb.pb.edu.pl\/ak15lat\/","name":"Jubileusz Architektury Krajobrazu","description":"","potentialAction":[{"@type":"SearchAction","target":{"@type":"EntryPoint","urlTemplate":"https:\/\/wb.pb.edu.pl\/ak15lat\/?s={search_term_string}"},"query-input":{"@type":"PropertyValueSpecification","valueRequired":true,"valueName":"search_term_string"}}],"inLanguage":"pl-PL"}]}},"_links":{"self":[{"href":"https:\/\/wb.pb.edu.pl\/ak15lat\/wp-json\/wp\/v2\/pages\/21","targetHints":{"allow":["GET"]}}],"collection":[{"href":"https:\/\/wb.pb.edu.pl\/ak15lat\/wp-json\/wp\/v2\/pages"}],"about":[{"href":"https:\/\/wb.pb.edu.pl\/ak15lat\/wp-json\/wp\/v2\/types\/page"}],"author":[{"embeddable":true,"href":"https:\/\/wb.pb.edu.pl\/ak15lat\/wp-json\/wp\/v2\/users\/3"}],"replies":[{"embeddable":true,"href":"https:\/\/wb.pb.edu.pl\/ak15lat\/wp-json\/wp\/v2\/comments?post=21"}],"version-history":[{"count":6,"href":"https:\/\/wb.pb.edu.pl\/ak15lat\/wp-json\/wp\/v2\/pages\/21\/revisions"}],"predecessor-version":[{"id":84,"href":"https:\/\/wb.pb.edu.pl\/ak15lat\/wp-json\/wp\/v2\/pages\/21\/revisions\/84"}],"wp:attachment":[{"href":"https:\/\/wb.pb.edu.pl\/ak15lat\/wp-json\/wp\/v2\/media?parent=21"}],"curies":[{"name":"wp","href":"https:\/\/api.w.org\/{rel}","templated":true}]}}