{"id":74,"date":"2024-04-22T18:18:27","date_gmt":"2024-04-22T16:18:27","guid":{"rendered":"https:\/\/wb.pb.edu.pl\/ak15lat\/?page_id=74"},"modified":"2024-04-22T21:13:41","modified_gmt":"2024-04-22T19:13:41","slug":"wystawy","status":"publish","type":"page","link":"https:\/\/wb.pb.edu.pl\/ak15lat\/wystawy\/","title":{"rendered":"Wystawy"},"content":{"rendered":"  <div class=\"box news-box\">\r\n    <div class=\"row\">\r\n      <!--Array\n(\n    [post_type] => exhibitions\n    [paged] => 1\n    [orderby] => Array\n        (\n            [meta_value_num] => DESC\n            [date] => DESC\n        )\n\n    [meta_query] => Array\n        (\n            [relation] => OR\n            [0] => Array\n                (\n                    [key] => on_top\n                    [compare] => NOT EXISTS\n                )\n\n            [1] => Array\n                (\n                    [key] => on_top\n                )\n\n        )\n\n)\n-->\r\n                        <div class=\"col-sm-3\">\r\n            <article class=\"format-standard\">\n    <span class=\"date text-right\"><i class=\"fa fa-calendar\"><\/i> 24-04-2024<\/span>\n    <a href=\"https:\/\/wb.pb.edu.pl\/ak15lat\/wystawa\/wystawa-krajobraz-w-chmurze\/\">\n      <div class=\"article-image\">\n        <img loading=\"lazy\" decoding=\"async\" width=\"480\" height=\"320\" src=\"https:\/\/wb.pb.edu.pl\/ak15lat\/wp-content\/uploads\/sites\/7\/2024\/04\/Krajobraz_w_chmurze-miniatura-480x320.png\" class=\"attachment-hp-box-size size-hp-box-size wp-post-image\" alt=\"\" srcset=\"https:\/\/wb.pb.edu.pl\/ak15lat\/wp-content\/uploads\/sites\/7\/2024\/04\/Krajobraz_w_chmurze-miniatura-480x320.png 480w, https:\/\/wb.pb.edu.pl\/ak15lat\/wp-content\/uploads\/sites\/7\/2024\/04\/Krajobraz_w_chmurze-miniatura-300x200.png 300w, https:\/\/wb.pb.edu.pl\/ak15lat\/wp-content\/uploads\/sites\/7\/2024\/04\/Krajobraz_w_chmurze-miniatura.png 769w\" sizes=\"auto, (max-width: 480px) 100vw, 480px\" \/>      <\/div>\n      <h3>Wystawa: KRAJOBRAZ W CHMURZE<\/h3>\n      Chmura fotografii to fotoreporta\u017c z \u017cycia student\u00f3w i nauczycieli zwi\u0105zanych kierunkiem    <\/a>\n<\/article>          <\/div>\r\n                  <div class=\"col-sm-3\">\r\n            <article class=\"format-standard\">\n    <span class=\"date text-right\"><i class=\"fa fa-calendar\"><\/i> 24-04-2024<\/span>\n    <a href=\"https:\/\/wb.pb.edu.pl\/ak15lat\/wystawa\/wystawa-ogrody-dalekiego-wschodu\/\">\n      <div class=\"article-image\">\n        <img loading=\"lazy\" decoding=\"async\" width=\"480\" height=\"320\" src=\"https:\/\/wb.pb.edu.pl\/ak15lat\/wp-content\/uploads\/sites\/7\/2024\/04\/Ogrody_dalekiego_wschodu-miniatura-480x320.png\" class=\"attachment-hp-box-size size-hp-box-size wp-post-image\" alt=\"\" srcset=\"https:\/\/wb.pb.edu.pl\/ak15lat\/wp-content\/uploads\/sites\/7\/2024\/04\/Ogrody_dalekiego_wschodu-miniatura-480x320.png 480w, https:\/\/wb.pb.edu.pl\/ak15lat\/wp-content\/uploads\/sites\/7\/2024\/04\/Ogrody_dalekiego_wschodu-miniatura-300x200.png 300w, https:\/\/wb.pb.edu.pl\/ak15lat\/wp-content\/uploads\/sites\/7\/2024\/04\/Ogrody_dalekiego_wschodu-miniatura.png 769w\" sizes=\"auto, (max-width: 480px) 100vw, 480px\" \/>      <\/div>\n      <h3>Wystawa: Ogrody Dalekiego Wschodu<\/h3>\n      W roku 1987 na terenie berli\u0144skiej dzielnicy Marzahn-Hellersdorf otwarty zosta\u0142 Berliner    <\/a>\n<\/article>          <\/div>\r\n                  <div class=\"col-sm-3\">\r\n            <article class=\"format-standard\">\n    <span class=\"date text-right\"><i class=\"fa fa-calendar\"><\/i> 24-04-2024<\/span>\n    <a href=\"https:\/\/wb.pb.edu.pl\/ak15lat\/wystawa\/wystawa-pracownia-rzezbiarska-studio-form-prof-jerzego-grygorczuka\/\">\n      <div class=\"article-image\">\n        <img loading=\"lazy\" decoding=\"async\" width=\"480\" height=\"320\" src=\"https:\/\/wb.pb.edu.pl\/ak15lat\/wp-content\/uploads\/sites\/7\/2024\/04\/Pracownia_rzezbiarska-miniatura-480x320.png\" class=\"attachment-hp-box-size size-hp-box-size wp-post-image\" alt=\"\" srcset=\"https:\/\/wb.pb.edu.pl\/ak15lat\/wp-content\/uploads\/sites\/7\/2024\/04\/Pracownia_rzezbiarska-miniatura-480x320.png 480w, https:\/\/wb.pb.edu.pl\/ak15lat\/wp-content\/uploads\/sites\/7\/2024\/04\/Pracownia_rzezbiarska-miniatura-300x200.png 300w, https:\/\/wb.pb.edu.pl\/ak15lat\/wp-content\/uploads\/sites\/7\/2024\/04\/Pracownia_rzezbiarska-miniatura.png 769w\" sizes=\"auto, (max-width: 480px) 100vw, 480px\" \/>      <\/div>\n      <h3>Wystawa: Pracownia rze\u017abiarska \u2013 studio form prof. Jerzego Grygorczuka<\/h3>\n      Dr hab. sztuki Jerzy Grygorczuk, prof. PB (1944-2022) artysta plastyk, rze\u017abiarz,    <\/a>\n<\/article>          <\/div>\r\n                  <\/div>\r\n          <\/div>\r\n\n","protected":false},"excerpt":{"rendered":"","protected":false},"author":3,"featured_media":0,"parent":0,"menu_order":3,"comment_status":"closed","ping_status":"closed","template":"","meta":{"inline_featured_image":false,"ngg_post_thumbnail":0,"footnotes":""},"class_list":["post-74","page","type-page","status-publish","hentry"],"acf":[],"yoast_head":"<!-- This site is optimized with the Yoast SEO plugin v26.4 - https:\/\/yoast.com\/wordpress\/plugins\/seo\/ -->\n<title>Wystawy - Jubileusz Architektury Krajobrazu<\/title>\n<meta name=\"robots\" content=\"index, follow, max-snippet:-1, max-image-preview:large, max-video-preview:-1\" \/>\n<link rel=\"canonical\" href=\"https:\/\/wb.pb.edu.pl\/ak15lat\/wystawy\/\" \/>\n<meta property=\"og:locale\" content=\"pl_PL\" \/>\n<meta property=\"og:type\" content=\"article\" \/>\n<meta property=\"og:title\" content=\"Wystawy - Jubileusz Architektury Krajobrazu\" \/>\n<meta property=\"og:url\" content=\"https:\/\/wb.pb.edu.pl\/ak15lat\/wystawy\/\" \/>\n<meta property=\"og:site_name\" content=\"Jubileusz Architektury Krajobrazu\" \/>\n<meta property=\"article:modified_time\" content=\"2024-04-22T19:13:41+00:00\" \/>\n<meta name=\"twitter:card\" content=\"summary_large_image\" \/>\n<meta name=\"twitter:label1\" content=\"Szacowany czas czytania\" \/>\n\t<meta name=\"twitter:data1\" content=\"1 minuta\" \/>\n<script type=\"application\/ld+json\" class=\"yoast-schema-graph\">{\"@context\":\"https:\/\/schema.org\",\"@graph\":[{\"@type\":\"WebPage\",\"@id\":\"https:\/\/wb.pb.edu.pl\/ak15lat\/wystawy\/\",\"url\":\"https:\/\/wb.pb.edu.pl\/ak15lat\/wystawy\/\",\"name\":\"Wystawy - Jubileusz Architektury Krajobrazu\",\"isPartOf\":{\"@id\":\"https:\/\/wb.pb.edu.pl\/ak15lat\/#website\"},\"datePublished\":\"2024-04-22T16:18:27+00:00\",\"dateModified\":\"2024-04-22T19:13:41+00:00\",\"breadcrumb\":{\"@id\":\"https:\/\/wb.pb.edu.pl\/ak15lat\/wystawy\/#breadcrumb\"},\"inLanguage\":\"pl-PL\",\"potentialAction\":[{\"@type\":\"ReadAction\",\"target\":[\"https:\/\/wb.pb.edu.pl\/ak15lat\/wystawy\/\"]}]},{\"@type\":\"BreadcrumbList\",\"@id\":\"https:\/\/wb.pb.edu.pl\/ak15lat\/wystawy\/#breadcrumb\",\"itemListElement\":[{\"@type\":\"ListItem\",\"position\":1,\"name\":\"Strona g\u0142\u00f3wna\",\"item\":\"https:\/\/wb.pb.edu.pl\/ak15lat\/\"},{\"@type\":\"ListItem\",\"position\":2,\"name\":\"Wystawy\"}]},{\"@type\":\"WebSite\",\"@id\":\"https:\/\/wb.pb.edu.pl\/ak15lat\/#website\",\"url\":\"https:\/\/wb.pb.edu.pl\/ak15lat\/\",\"name\":\"Jubileusz Architektury Krajobrazu\",\"description\":\"\",\"potentialAction\":[{\"@type\":\"SearchAction\",\"target\":{\"@type\":\"EntryPoint\",\"urlTemplate\":\"https:\/\/wb.pb.edu.pl\/ak15lat\/?s={search_term_string}\"},\"query-input\":{\"@type\":\"PropertyValueSpecification\",\"valueRequired\":true,\"valueName\":\"search_term_string\"}}],\"inLanguage\":\"pl-PL\"}]}<\/script>\n<!-- \/ Yoast SEO plugin. -->","yoast_head_json":{"title":"Wystawy - Jubileusz Architektury Krajobrazu","robots":{"index":"index","follow":"follow","max-snippet":"max-snippet:-1","max-image-preview":"max-image-preview:large","max-video-preview":"max-video-preview:-1"},"canonical":"https:\/\/wb.pb.edu.pl\/ak15lat\/wystawy\/","og_locale":"pl_PL","og_type":"article","og_title":"Wystawy - Jubileusz Architektury Krajobrazu","og_url":"https:\/\/wb.pb.edu.pl\/ak15lat\/wystawy\/","og_site_name":"Jubileusz Architektury Krajobrazu","article_modified_time":"2024-04-22T19:13:41+00:00","twitter_card":"summary_large_image","twitter_misc":{"Szacowany czas czytania":"1 minuta"},"schema":{"@context":"https:\/\/schema.org","@graph":[{"@type":"WebPage","@id":"https:\/\/wb.pb.edu.pl\/ak15lat\/wystawy\/","url":"https:\/\/wb.pb.edu.pl\/ak15lat\/wystawy\/","name":"Wystawy - Jubileusz Architektury Krajobrazu","isPartOf":{"@id":"https:\/\/wb.pb.edu.pl\/ak15lat\/#website"},"datePublished":"2024-04-22T16:18:27+00:00","dateModified":"2024-04-22T19:13:41+00:00","breadcrumb":{"@id":"https:\/\/wb.pb.edu.pl\/ak15lat\/wystawy\/#breadcrumb"},"inLanguage":"pl-PL","potentialAction":[{"@type":"ReadAction","target":["https:\/\/wb.pb.edu.pl\/ak15lat\/wystawy\/"]}]},{"@type":"BreadcrumbList","@id":"https:\/\/wb.pb.edu.pl\/ak15lat\/wystawy\/#breadcrumb","itemListElement":[{"@type":"ListItem","position":1,"name":"Strona g\u0142\u00f3wna","item":"https:\/\/wb.pb.edu.pl\/ak15lat\/"},{"@type":"ListItem","position":2,"name":"Wystawy"}]},{"@type":"WebSite","@id":"https:\/\/wb.pb.edu.pl\/ak15lat\/#website","url":"https:\/\/wb.pb.edu.pl\/ak15lat\/","name":"Jubileusz Architektury Krajobrazu","description":"","potentialAction":[{"@type":"SearchAction","target":{"@type":"EntryPoint","urlTemplate":"https:\/\/wb.pb.edu.pl\/ak15lat\/?s={search_term_string}"},"query-input":{"@type":"PropertyValueSpecification","valueRequired":true,"valueName":"search_term_string"}}],"inLanguage":"pl-PL"}]}},"_links":{"self":[{"href":"https:\/\/wb.pb.edu.pl\/ak15lat\/wp-json\/wp\/v2\/pages\/74","targetHints":{"allow":["GET"]}}],"collection":[{"href":"https:\/\/wb.pb.edu.pl\/ak15lat\/wp-json\/wp\/v2\/pages"}],"about":[{"href":"https:\/\/wb.pb.edu.pl\/ak15lat\/wp-json\/wp\/v2\/types\/page"}],"author":[{"embeddable":true,"href":"https:\/\/wb.pb.edu.pl\/ak15lat\/wp-json\/wp\/v2\/users\/3"}],"replies":[{"embeddable":true,"href":"https:\/\/wb.pb.edu.pl\/ak15lat\/wp-json\/wp\/v2\/comments?post=74"}],"version-history":[{"count":4,"href":"https:\/\/wb.pb.edu.pl\/ak15lat\/wp-json\/wp\/v2\/pages\/74\/revisions"}],"predecessor-version":[{"id":82,"href":"https:\/\/wb.pb.edu.pl\/ak15lat\/wp-json\/wp\/v2\/pages\/74\/revisions\/82"}],"wp:attachment":[{"href":"https:\/\/wb.pb.edu.pl\/ak15lat\/wp-json\/wp\/v2\/media?parent=74"}],"curies":[{"name":"wp","href":"https:\/\/api.w.org\/{rel}","templated":true}]}}