{"id":11579,"date":"2018-01-14T17:55:10","date_gmt":"2018-01-14T16:55:10","guid":{"rendered":"https:\/\/wb.pb.edu.pl\/kandydaci\/"},"modified":"2022-05-09T21:48:31","modified_gmt":"2022-05-09T19:48:31","slug":"admission","status":"publish","type":"page","link":"https:\/\/wb.pb.edu.pl\/en\/admission\/","title":{"rendered":"Admission"},"content":{"rendered":"<p><img loading=\"lazy\" decoding=\"async\" src=\"https:\/\/wb.pb.edu.pl\/wp-content\/uploads\/2018\/04\/podstrona-kandydaci.jpg\" alt=\"students\" width=\"1240\" height=\"827\" class=\"alignnone size-full wp-image-9652\" srcset=\"https:\/\/wb.pb.edu.pl\/wp-content\/uploads\/2018\/04\/podstrona-kandydaci.jpg 1240w, https:\/\/wb.pb.edu.pl\/wp-content\/uploads\/2018\/04\/podstrona-kandydaci-300x200.jpg 300w, https:\/\/wb.pb.edu.pl\/wp-content\/uploads\/2018\/04\/podstrona-kandydaci-768x512.jpg 768w, https:\/\/wb.pb.edu.pl\/wp-content\/uploads\/2018\/04\/podstrona-kandydaci-1024x683.jpg 1024w, https:\/\/wb.pb.edu.pl\/wp-content\/uploads\/2018\/04\/podstrona-kandydaci-480x320.jpg 480w\" sizes=\"auto, (max-width: 1240px) 100vw, 1240px\" \/><\/p>\n<div class=\"lead font-500\"><strong>Faculty of Civil Engineering and Environmental Sciences<\/strong> offers following courses in English for international full time students&#8230;<\/div>\n<div class=\"text-right\"><a class=\"button text-center animated zoomIn lead font-500\" href=\"\/en\/admission\/study-offer\/\">Find out more<\/a><\/div>\n<p>&nbsp;<\/p>\n","protected":false},"excerpt":{"rendered":"<p>Faculty of Civil Engineering and Environmental Sciences offers following courses in English for international full<a class=\"read-more\" href=\"https:\/\/wb.pb.edu.pl\/en\/admission\/\" title=\"Poka\u017c artyku\u0142 Admission\">more<\/a><\/p>\n","protected":false},"author":3,"featured_media":9652,"parent":0,"menu_order":9,"comment_status":"closed","ping_status":"closed","template":"","meta":{"inline_featured_image":false,"ngg_post_thumbnail":0,"footnotes":""},"class_list":["post-11579","page","type-page","status-publish","has-post-thumbnail","hentry"],"acf":[],"yoast_head":"<!-- This site is optimized with the Yoast SEO plugin v26.4 - https:\/\/yoast.com\/wordpress\/plugins\/seo\/ -->\n<title>Admission - Faculty of Civil Engineering and Environmental Sciences<\/title>\n<meta name=\"description\" content=\"Dlaczego WBiN\u015a?, kierunki studi\u00f3w, kszta\u0142cenie ustawiczne - poznaj ofert\u0119 Wydzia\u0142u Budownictwa i Nauk o \u015arodowisku Politechniki Bia\u0142ostockiej\" \/>\n<meta name=\"robots\" content=\"index, follow, max-snippet:-1, max-image-preview:large, max-video-preview:-1\" \/>\n<link rel=\"canonical\" href=\"https:\/\/wb.pb.edu.pl\/en\/admission\/\" \/>\n<script type=\"application\/ld+json\" class=\"yoast-schema-graph\">{\"@context\":\"https:\/\/schema.org\",\"@graph\":[{\"@type\":\"WebPage\",\"@id\":\"https:\/\/wb.pb.edu.pl\/en\/admission\/\",\"url\":\"https:\/\/wb.pb.edu.pl\/en\/admission\/\",\"name\":\"Admission - Faculty of Civil Engineering and Environmental Sciences\",\"isPartOf\":{\"@id\":\"https:\/\/wb.pb.edu.pl\/en\/#website\"},\"primaryImageOfPage\":{\"@id\":\"https:\/\/wb.pb.edu.pl\/en\/admission\/#primaryimage\"},\"image\":{\"@id\":\"https:\/\/wb.pb.edu.pl\/en\/admission\/#primaryimage\"},\"thumbnailUrl\":\"https:\/\/wb.pb.edu.pl\/wp-content\/uploads\/2018\/04\/podstrona-kandydaci.jpg\",\"datePublished\":\"2018-01-14T16:55:10+00:00\",\"dateModified\":\"2022-05-09T19:48:31+00:00\",\"description\":\"Dlaczego WBiN\u015a?, kierunki studi\u00f3w, kszta\u0142cenie ustawiczne - poznaj ofert\u0119 Wydzia\u0142u Budownictwa i Nauk o \u015arodowisku Politechniki Bia\u0142ostockiej\",\"breadcrumb\":{\"@id\":\"https:\/\/wb.pb.edu.pl\/en\/admission\/#breadcrumb\"},\"inLanguage\":\"en-US\",\"potentialAction\":[{\"@type\":\"ReadAction\",\"target\":[\"https:\/\/wb.pb.edu.pl\/en\/admission\/\"]}]},{\"@type\":\"ImageObject\",\"inLanguage\":\"en-US\",\"@id\":\"https:\/\/wb.pb.edu.pl\/en\/admission\/#primaryimage\",\"url\":\"https:\/\/wb.pb.edu.pl\/wp-content\/uploads\/2018\/04\/podstrona-kandydaci.jpg\",\"contentUrl\":\"https:\/\/wb.pb.edu.pl\/wp-content\/uploads\/2018\/04\/podstrona-kandydaci.jpg\",\"width\":1240,\"height\":827,\"caption\":\"students\"},{\"@type\":\"BreadcrumbList\",\"@id\":\"https:\/\/wb.pb.edu.pl\/en\/admission\/#breadcrumb\",\"itemListElement\":[{\"@type\":\"ListItem\",\"position\":1,\"name\":\"Strona g\u0142\u00f3wna\",\"item\":\"https:\/\/wb.pb.edu.pl\/en\/\"},{\"@type\":\"ListItem\",\"position\":2,\"name\":\"Admission\"}]},{\"@type\":\"WebSite\",\"@id\":\"https:\/\/wb.pb.edu.pl\/en\/#website\",\"url\":\"https:\/\/wb.pb.edu.pl\/en\/\",\"name\":\"Faculty of Civil Engineering and Environmental Sciences\",\"description\":\"\",\"potentialAction\":[{\"@type\":\"SearchAction\",\"target\":{\"@type\":\"EntryPoint\",\"urlTemplate\":\"https:\/\/wb.pb.edu.pl\/en\/?s={search_term_string}\"},\"query-input\":{\"@type\":\"PropertyValueSpecification\",\"valueRequired\":true,\"valueName\":\"search_term_string\"}}],\"inLanguage\":\"en-US\"}]}<\/script>\n<!-- \/ Yoast SEO plugin. -->","yoast_head_json":{"title":"Admission - Faculty of Civil Engineering and Environmental Sciences","description":"Dlaczego WBiN\u015a?, kierunki studi\u00f3w, kszta\u0142cenie ustawiczne - poznaj ofert\u0119 Wydzia\u0142u Budownictwa i Nauk o \u015arodowisku Politechniki Bia\u0142ostockiej","robots":{"index":"index","follow":"follow","max-snippet":"max-snippet:-1","max-image-preview":"max-image-preview:large","max-video-preview":"max-video-preview:-1"},"canonical":"https:\/\/wb.pb.edu.pl\/en\/admission\/","schema":{"@context":"https:\/\/schema.org","@graph":[{"@type":"WebPage","@id":"https:\/\/wb.pb.edu.pl\/en\/admission\/","url":"https:\/\/wb.pb.edu.pl\/en\/admission\/","name":"Admission - Faculty of Civil Engineering and Environmental Sciences","isPartOf":{"@id":"https:\/\/wb.pb.edu.pl\/en\/#website"},"primaryImageOfPage":{"@id":"https:\/\/wb.pb.edu.pl\/en\/admission\/#primaryimage"},"image":{"@id":"https:\/\/wb.pb.edu.pl\/en\/admission\/#primaryimage"},"thumbnailUrl":"https:\/\/wb.pb.edu.pl\/wp-content\/uploads\/2018\/04\/podstrona-kandydaci.jpg","datePublished":"2018-01-14T16:55:10+00:00","dateModified":"2022-05-09T19:48:31+00:00","description":"Dlaczego WBiN\u015a?, kierunki studi\u00f3w, kszta\u0142cenie ustawiczne - poznaj ofert\u0119 Wydzia\u0142u Budownictwa i Nauk o \u015arodowisku Politechniki Bia\u0142ostockiej","breadcrumb":{"@id":"https:\/\/wb.pb.edu.pl\/en\/admission\/#breadcrumb"},"inLanguage":"en-US","potentialAction":[{"@type":"ReadAction","target":["https:\/\/wb.pb.edu.pl\/en\/admission\/"]}]},{"@type":"ImageObject","inLanguage":"en-US","@id":"https:\/\/wb.pb.edu.pl\/en\/admission\/#primaryimage","url":"https:\/\/wb.pb.edu.pl\/wp-content\/uploads\/2018\/04\/podstrona-kandydaci.jpg","contentUrl":"https:\/\/wb.pb.edu.pl\/wp-content\/uploads\/2018\/04\/podstrona-kandydaci.jpg","width":1240,"height":827,"caption":"students"},{"@type":"BreadcrumbList","@id":"https:\/\/wb.pb.edu.pl\/en\/admission\/#breadcrumb","itemListElement":[{"@type":"ListItem","position":1,"name":"Strona g\u0142\u00f3wna","item":"https:\/\/wb.pb.edu.pl\/en\/"},{"@type":"ListItem","position":2,"name":"Admission"}]},{"@type":"WebSite","@id":"https:\/\/wb.pb.edu.pl\/en\/#website","url":"https:\/\/wb.pb.edu.pl\/en\/","name":"Faculty of Civil Engineering and Environmental Sciences","description":"","potentialAction":[{"@type":"SearchAction","target":{"@type":"EntryPoint","urlTemplate":"https:\/\/wb.pb.edu.pl\/en\/?s={search_term_string}"},"query-input":{"@type":"PropertyValueSpecification","valueRequired":true,"valueName":"search_term_string"}}],"inLanguage":"en-US"}]}},"_links":{"self":[{"href":"https:\/\/wb.pb.edu.pl\/en\/wp-json\/wp\/v2\/pages\/11579","targetHints":{"allow":["GET"]}}],"collection":[{"href":"https:\/\/wb.pb.edu.pl\/en\/wp-json\/wp\/v2\/pages"}],"about":[{"href":"https:\/\/wb.pb.edu.pl\/en\/wp-json\/wp\/v2\/types\/page"}],"author":[{"embeddable":true,"href":"https:\/\/wb.pb.edu.pl\/en\/wp-json\/wp\/v2\/users\/3"}],"replies":[{"embeddable":true,"href":"https:\/\/wb.pb.edu.pl\/en\/wp-json\/wp\/v2\/comments?post=11579"}],"version-history":[{"count":9,"href":"https:\/\/wb.pb.edu.pl\/en\/wp-json\/wp\/v2\/pages\/11579\/revisions"}],"predecessor-version":[{"id":12799,"href":"https:\/\/wb.pb.edu.pl\/en\/wp-json\/wp\/v2\/pages\/11579\/revisions\/12799"}],"wp:featuredmedia":[{"embeddable":true,"href":"https:\/\/wb.pb.edu.pl\/en\/wp-json\/wp\/v2\/media\/9652"}],"wp:attachment":[{"href":"https:\/\/wb.pb.edu.pl\/en\/wp-json\/wp\/v2\/media?parent=11579"}],"curies":[{"name":"wp","href":"https:\/\/api.w.org\/{rel}","templated":true}]}}