{"id":11645,"date":"2018-02-10T16:46:23","date_gmt":"2018-02-10T15:46:23","guid":{"rendered":"https:\/\/wb.pb.edu.pl\/faculty\/o-wydziale\/"},"modified":"2022-04-18T23:07:04","modified_gmt":"2022-04-18T21:07:04","slug":"about-us","status":"publish","type":"page","link":"https:\/\/wb.pb.edu.pl\/en\/faculty\/about-us\/","title":{"rendered":"About us"},"content":{"rendered":"<p><strong>The Faculty of Civil Engineering and Environmental Sciences<\/strong> is the biggest research and educational institution at the Bialystok University of Technology in terms of students, fields of study, and employees numbers. It has full qualifications to teach in a multi-cycle framework, in accordance with the Bologna system. It has habilitation rights in two disciplines: in Construction and Environmental Engineering, and three doctoral rights in the following disciplines: Construction, Environmental Engineering, Environmental Protection and Management.<\/p>\n<p>The value of our scientific and educational work has been positively assessed institutionally and field of study-wise by the Polish Accreditation Committee.<\/p>\n<p>We educate in nine fields of studies. In the fields with the longest traditions, such as Construction and Environmental Engineering, we educate at three levels: Bachelor of Science (BSc), Master of Science (MSc) and PhD level; on Landscape Architecture, Biotechnology, Spatial Economy, and Agricultural, Agri-Food and Forest Engineering at BSc and MSc levels, Construction and Construction Systems Engineering (CBSE).<br \/>\n&nbsp;<\/p>\n<div class=\"embed-responsive embed-responsive-16by9\"><iframe loading=\"lazy\" title=\"70 lat Wydzia\u0142u Budownictwa i Nauk o \u015arodowisku Politechniki Bia\u0142ostockiej\" width=\"500\" height=\"281\" src=\"https:\/\/www.youtube.com\/embed\/NtbvXIC76-g?feature=oembed\" frameborder=\"0\" allow=\"accelerometer; autoplay; clipboard-write; encrypted-media; gyroscope; picture-in-picture; web-share\" referrerpolicy=\"strict-origin-when-cross-origin\" allowfullscreen><\/iframe><\/div>\n","protected":false},"excerpt":{"rendered":"<p>The Faculty of Civil Engineering and Environmental Sciences is the biggest research and educational institution<a class=\"read-more\" href=\"https:\/\/wb.pb.edu.pl\/en\/faculty\/about-us\/\" title=\"Poka\u017c artyku\u0142 About us\">more<\/a><\/p>\n","protected":false},"author":3,"featured_media":0,"parent":11639,"menu_order":1,"comment_status":"closed","ping_status":"closed","template":"","meta":{"inline_featured_image":false,"ngg_post_thumbnail":0,"footnotes":""},"class_list":["post-11645","page","type-page","status-publish","hentry"],"acf":[],"yoast_head":"<!-- This site is optimized with the Yoast SEO plugin v26.4 - https:\/\/yoast.com\/wordpress\/plugins\/seo\/ -->\n<title>About us - Faculty of Civil Engineering and Environmental Sciences<\/title>\n<meta name=\"description\" content=\"The Faculty of Civil Engineering and Environmental Sciences is the biggest research and educational institution at the Bialystok University of Technology\" \/>\n<meta name=\"robots\" content=\"index, follow, max-snippet:-1, max-image-preview:large, max-video-preview:-1\" \/>\n<link rel=\"canonical\" href=\"https:\/\/wb.pb.edu.pl\/en\/faculty\/about-us\/\" \/>\n<meta name=\"twitter:label1\" content=\"Est. reading time\" \/>\n\t<meta name=\"twitter:data1\" content=\"2 minutes\" \/>\n<script type=\"application\/ld+json\" class=\"yoast-schema-graph\">{\"@context\":\"https:\/\/schema.org\",\"@graph\":[{\"@type\":\"WebPage\",\"@id\":\"https:\/\/wb.pb.edu.pl\/en\/faculty\/about-us\/\",\"url\":\"https:\/\/wb.pb.edu.pl\/en\/faculty\/about-us\/\",\"name\":\"About us - Faculty of Civil Engineering and Environmental Sciences\",\"isPartOf\":{\"@id\":\"https:\/\/wb.pb.edu.pl\/en\/#website\"},\"datePublished\":\"2018-02-10T15:46:23+00:00\",\"dateModified\":\"2022-04-18T21:07:04+00:00\",\"description\":\"The Faculty of Civil Engineering and Environmental Sciences is the biggest research and educational institution at the Bialystok University of Technology\",\"breadcrumb\":{\"@id\":\"https:\/\/wb.pb.edu.pl\/en\/faculty\/about-us\/#breadcrumb\"},\"inLanguage\":\"en-US\",\"potentialAction\":[{\"@type\":\"ReadAction\",\"target\":[\"https:\/\/wb.pb.edu.pl\/en\/faculty\/about-us\/\"]}]},{\"@type\":\"BreadcrumbList\",\"@id\":\"https:\/\/wb.pb.edu.pl\/en\/faculty\/about-us\/#breadcrumb\",\"itemListElement\":[{\"@type\":\"ListItem\",\"position\":1,\"name\":\"Strona g\u0142\u00f3wna\",\"item\":\"https:\/\/wb.pb.edu.pl\/en\/\"},{\"@type\":\"ListItem\",\"position\":2,\"name\":\"Faculty\",\"item\":\"https:\/\/wb.pb.edu.pl\/en\/faculty\/\"},{\"@type\":\"ListItem\",\"position\":3,\"name\":\"About us\"}]},{\"@type\":\"WebSite\",\"@id\":\"https:\/\/wb.pb.edu.pl\/en\/#website\",\"url\":\"https:\/\/wb.pb.edu.pl\/en\/\",\"name\":\"Faculty of Civil Engineering and Environmental Sciences\",\"description\":\"\",\"potentialAction\":[{\"@type\":\"SearchAction\",\"target\":{\"@type\":\"EntryPoint\",\"urlTemplate\":\"https:\/\/wb.pb.edu.pl\/en\/?s={search_term_string}\"},\"query-input\":{\"@type\":\"PropertyValueSpecification\",\"valueRequired\":true,\"valueName\":\"search_term_string\"}}],\"inLanguage\":\"en-US\"}]}<\/script>\n<!-- \/ Yoast SEO plugin. -->","yoast_head_json":{"title":"About us - Faculty of Civil Engineering and Environmental Sciences","description":"The Faculty of Civil Engineering and Environmental Sciences is the biggest research and educational institution at the Bialystok University of Technology","robots":{"index":"index","follow":"follow","max-snippet":"max-snippet:-1","max-image-preview":"max-image-preview:large","max-video-preview":"max-video-preview:-1"},"canonical":"https:\/\/wb.pb.edu.pl\/en\/faculty\/about-us\/","twitter_misc":{"Est. reading time":"2 minutes"},"schema":{"@context":"https:\/\/schema.org","@graph":[{"@type":"WebPage","@id":"https:\/\/wb.pb.edu.pl\/en\/faculty\/about-us\/","url":"https:\/\/wb.pb.edu.pl\/en\/faculty\/about-us\/","name":"About us - Faculty of Civil Engineering and Environmental Sciences","isPartOf":{"@id":"https:\/\/wb.pb.edu.pl\/en\/#website"},"datePublished":"2018-02-10T15:46:23+00:00","dateModified":"2022-04-18T21:07:04+00:00","description":"The Faculty of Civil Engineering and Environmental Sciences is the biggest research and educational institution at the Bialystok University of Technology","breadcrumb":{"@id":"https:\/\/wb.pb.edu.pl\/en\/faculty\/about-us\/#breadcrumb"},"inLanguage":"en-US","potentialAction":[{"@type":"ReadAction","target":["https:\/\/wb.pb.edu.pl\/en\/faculty\/about-us\/"]}]},{"@type":"BreadcrumbList","@id":"https:\/\/wb.pb.edu.pl\/en\/faculty\/about-us\/#breadcrumb","itemListElement":[{"@type":"ListItem","position":1,"name":"Strona g\u0142\u00f3wna","item":"https:\/\/wb.pb.edu.pl\/en\/"},{"@type":"ListItem","position":2,"name":"Faculty","item":"https:\/\/wb.pb.edu.pl\/en\/faculty\/"},{"@type":"ListItem","position":3,"name":"About us"}]},{"@type":"WebSite","@id":"https:\/\/wb.pb.edu.pl\/en\/#website","url":"https:\/\/wb.pb.edu.pl\/en\/","name":"Faculty of Civil Engineering and Environmental Sciences","description":"","potentialAction":[{"@type":"SearchAction","target":{"@type":"EntryPoint","urlTemplate":"https:\/\/wb.pb.edu.pl\/en\/?s={search_term_string}"},"query-input":{"@type":"PropertyValueSpecification","valueRequired":true,"valueName":"search_term_string"}}],"inLanguage":"en-US"}]}},"_links":{"self":[{"href":"https:\/\/wb.pb.edu.pl\/en\/wp-json\/wp\/v2\/pages\/11645","targetHints":{"allow":["GET"]}}],"collection":[{"href":"https:\/\/wb.pb.edu.pl\/en\/wp-json\/wp\/v2\/pages"}],"about":[{"href":"https:\/\/wb.pb.edu.pl\/en\/wp-json\/wp\/v2\/types\/page"}],"author":[{"embeddable":true,"href":"https:\/\/wb.pb.edu.pl\/en\/wp-json\/wp\/v2\/users\/3"}],"replies":[{"embeddable":true,"href":"https:\/\/wb.pb.edu.pl\/en\/wp-json\/wp\/v2\/comments?post=11645"}],"version-history":[{"count":3,"href":"https:\/\/wb.pb.edu.pl\/en\/wp-json\/wp\/v2\/pages\/11645\/revisions"}],"predecessor-version":[{"id":12430,"href":"https:\/\/wb.pb.edu.pl\/en\/wp-json\/wp\/v2\/pages\/11645\/revisions\/12430"}],"up":[{"embeddable":true,"href":"https:\/\/wb.pb.edu.pl\/en\/wp-json\/wp\/v2\/pages\/11639"}],"wp:attachment":[{"href":"https:\/\/wb.pb.edu.pl\/en\/wp-json\/wp\/v2\/media?parent=11645"}],"curies":[{"name":"wp","href":"https:\/\/api.w.org\/{rel}","templated":true}]}}