{"id":11949,"date":"2018-02-19T13:49:19","date_gmt":"2018-02-19T12:49:19","guid":{"rendered":"https:\/\/wb.pb.edu.pl\/faculty\/institutes-and-departments\/katedra-budownictwa-inzynierii-drogowej\/"},"modified":"2024-10-01T10:15:34","modified_gmt":"2024-10-01T08:15:34","slug":"department-of-construction-and-landscaping","status":"publish","type":"page","link":"https:\/\/wb.pb.edu.pl\/en\/faculty\/institutes-and-departments\/department-of-construction-and-landscaping\/","title":{"rendered":"Department of Construction and Landscaping"},"content":{"rendered":"<h3>Department Head &#8211; prof. Micha\u0142 Bo\u0142tryk, DSc, PhD, Eng.<\/h3>\n<p><i class=\"fal fa-envelope\"><\/i> <a href=\"#\" rel=\"nofollow\"  onclick=\"this.href='mailto:' + 'm.boltryk' + '@' + 'pb.edu.pl'\">m.boltryk [at] pb.edu.pl<\/a>\n<hr>\n<h3>Department Office:<\/h3>\n<p>Dorota Maleszewska, MSc<br \/>\nWiejska 45E street, 15-351 Bia\u0142ystok, Poland<br \/>\n<strong>room: 239A<\/strong><br \/>\n<i class=\"fal fa-phone\"><\/i> +48 85 85 746 96 00<br \/>\n<i class=\"fal fa-mobile\"><\/i> +48 571 443 125<br \/>\n<i class=\"fal fa-envelope\"><\/i> <a href=\"#\" rel=\"nofollow\"  onclick=\"this.href='mailto:' + 'wb.kbikk' + '@' + 'pb.edu.pl'\">wb.kbikk [at] pb.edu.pl<\/a>\n<hr>\n<h3>Scientific and didactic employees:<\/h3>\n<div class=\"table-responsive\">\n<table class=\"table table-bordered table-striped\" style=\"width: auto\">\n<tbody>\n<tr>\n<th>Degree\/title, Name and surname<\/th>\n<th>Room<\/th>\n<th>Phone\/mobile<\/th>\n<th>Email<\/th>\n<\/tr>\n<tr>\n<td>prof. Micha\u0142 Bo\u0142tryk, DSc, PhD, Eng.<\/td>\n<td>WB-116A<\/td>\n<td><i class=\"fal fa-mobile\"><\/i> 797 995 953<\/td>\n<td><i class=\"fal fa-envelope\"><\/i> <a href=\"#\" rel=\"nofollow\"  onclick=\"this.href='mailto:' + ' m.boltryk' + '@' + 'pb.edu.pl'\"> m.boltryk [at] pb.edu.pl<\/a><\/td>\n<\/tr>\n<tr>\n<td>Assoc. Prof. Edwin Ko\u017aniewski, DSc, PhD<\/td>\n<td>WB-126A<\/td>\n<td>&nbsp;<\/td>\n<td><i class=\"fal fa-envelope\"><\/i> <a href=\"#\" rel=\"nofollow\"  onclick=\"this.href='mailto:' + ' e.kozniewski' + '@' + 'pb.edu.pl'\"> e.kozniewski [at] pb.edu.pl<\/a><\/td>\n<\/tr>\n<tr>\n<td>Beata Backiel-Brzozowska, PhD, Eng.<\/td>\n<td>WB-35B<\/td>\n<td><i class=\"fal fa-mobile\"><\/i> 517 177 553<\/td>\n<td><i class=\"fal fa-envelope\"><\/i> <a href=\"#\" rel=\"nofollow\"  onclick=\"this.href='mailto:' + ' b.backiel' + '@' + 'pb.edu.pl'\"> b.backiel [at] pb.edu.pl<\/a><\/td>\n<\/tr>\n<tr>\n<td>Assoc. Prof. El\u017cbieta Go\u0142\u0105beska, PhD<\/td>\n<td>WB-129AA<\/td>\n<td>&nbsp;<\/td>\n<td><i class=\"fal fa-envelope\"><\/i> <a href=\"#\" rel=\"nofollow\"  onclick=\"this.href='mailto:' + ' e.golabeska' + '@' + 'pb.edu.pl'\"> e.golabeska [at] pb.edu.pl<\/a><\/td>\n<\/tr>\n<tr>\n<td>Aldona Harasimowicz, PhD<\/td>\n<td>WB-124A<\/td>\n<td>&nbsp;<\/td>\n<td><i class=\"fal fa-envelope\"><\/i> <a href=\"#\" rel=\"nofollow\"  onclick=\"this.href='mailto:' + ' a.harasimowicz' + '@' + 'pb.edu.pl'\"> a.harasimowicz [at] pb.edu.pl<\/a><\/td>\n<\/tr>\n<tr>\n<td>Katarzyna Kalinowska-Wichrowska, PhD, Eng.<\/td>\n<td>WB-122A<\/td>\n<td>&nbsp;<\/td>\n<td><i class=\"fal fa-envelope\"><\/i> <a href=\"#\" rel=\"nofollow\"  onclick=\"this.href='mailto:' + ' k.kalinowska' + '@' + 'pb.edu.pl'\"> k.kalinowska [at] pb.edu.pl<\/a><\/td>\n<\/tr>\n<tr>\n<td>Ma\u0142gorzata Lelusz, PhD, Eng.<\/td>\n<td>WB-66B<\/td>\n<td><i class=\"fal fa-mobile\"><\/i> 797 995 956<\/td>\n<td><i class=\"fal fa-envelope\"><\/i> <a href=\"#\" rel=\"nofollow\"  onclick=\"this.href='mailto:' + ' m.lelusz' + '@' + 'pb.edu.pl'\"> m.lelusz [at] pb.edu.pl<\/a><\/td>\n<\/tr>\n<tr>\n<td>Dorota Ma\u0142aszkiewicz, PhD, Eng.<\/td>\n<td>WB-122A<\/td>\n<td>&nbsp;<\/td>\n<td><i class=\"fal fa-envelope\"><\/i> <a href=\"#\" rel=\"nofollow\"  onclick=\"this.href='mailto:' + ' d.malaszkiewicz' + '@' + 'pb.edu.pl'\"> d.malaszkiewicz [at] pb.edu.pl<\/a><\/td>\n<\/tr>\n<tr>\n<td>Marta Nalewajko, PhD, Eng.<\/td>\n<td>WB-129AA<\/td>\n<td>&nbsp;<\/td>\n<td><i class=\"fal fa-envelope\"><\/i> <a href=\"#\" rel=\"nofollow\"  onclick=\"this.href='mailto:' + ' m.nalewajko' + '@' + 'pb.edu.pl'\"> m.nalewajko [at] pb.edu.pl<\/a><\/td>\n<\/tr>\n<tr>\n<td>Marcin Or\u0142owski, PhD, Eng.<\/td>\n<td>WB-126A<\/td>\n<td>&nbsp;<\/td>\n<td><i class=\"fal fa-envelope\"><\/i><a href=\"#\" rel=\"nofollow\"  onclick=\"this.href='mailto:' + ' m.orlowski' + '@' + 'pb.edu.pl'\"> m.orlowski [at] pb.edu.pl<\/a><\/td>\n<\/tr>\n<tr>\n<td>Edyta Pawluczuk, PhD, Eng.<\/td>\n<td>WB-115A<\/td>\n<td>&nbsp;<\/td>\n<td><i class=\"fal fa-envelope\"><\/i> <a href=\"#\" rel=\"nofollow\"  onclick=\"this.href='mailto:' + ' e.pawluczuk' + '@' + 'pb.edu.pl'\"> e.pawluczuk [at] pb.edu.pl<\/a><\/td>\n<\/tr>\n<tr>\n<td>Krystyna Rauba, PhD, Eng.<\/td>\n<td>WB-115A<\/td>\n<td>&nbsp;<\/td>\n<td><i class=\"fal fa-envelope\"><\/i> <a href=\"#\" rel=\"nofollow\"  onclick=\"this.href='mailto:' + ' k.rauba' + '@' + 'pb.edu.pl'\"> k.rauba [at] pb.edu.pl<\/a><\/td>\n<\/tr>\n<tr>\n<td>Natalia Stankiewicz, PhD, Eng.<\/td>\n<td>WB-66B<\/td>\n<td>&nbsp;<\/td>\n<td><i class=\"fal fa-envelope\"><\/i> <a href=\"#\" rel=\"nofollow\"  onclick=\"this.href='mailto:' + ' n.stankiewicz' + '@' + 'pb.edu.pl'\"> n.stankiewicz [at] pb.edu.pl<\/a><\/td>\n<\/tr>\n<tr>\n<td>Agnieszka Tereszkiewicz, PhD<\/td>\n<td>WB-115AA<\/td>\n<td>&nbsp;<\/td>\n<td><i class=\"fal fa-envelope\"><\/i> <a href=\"#\" rel=\"nofollow\"  onclick=\"this.href='mailto:' + ' a.tereszkiewicz' + '@' + 'pb.edu.pl'\"> a.tereszkiewicz [at] pb.edu.pl<\/a><\/td>\n<\/tr>\n<tr>\n<td>Nina Szklennik, MSc, Eng.<\/td>\n<td>WB-122A<\/td>\n<td><i class=\"fal fa-mobile\"><\/i> 797 995 960<\/td>\n<td><i class=\"fal fa-envelope\"><\/i> <a href=\"#\" rel=\"nofollow\"  onclick=\"this.href='mailto:' + ' n.szklennik' + '@' + 'pb.edu.pl'\"> n.szklennik [at] pb.edu.pl<\/a><\/td>\n<\/tr>\n<tr>\n<td>Krzysztof Granatyr, MSc, Eng.<\/td>\n<td>WB-122A<\/td>\n<td><\/i> <\/td>\n<td><i class=\"fal fa-envelope\"><\/i> <a href=\"#\" rel=\"nofollow\"  onclick=\"this.href='mailto:' + ' krzysztof.granatyr' + '@' + 'pb.edu.pl'\"> krzysztof.granatyr [at] pb.edu.pl<\/a><\/td>\n<\/tr>\n<td>Krzysztof Duch, MSc, Eng.<\/td>\n<td>WB-122A<\/td>\n<td><\/i> <\/td>\n<td><i class=\"fal fa-envelope\"><\/i> <a href=\"#\" rel=\"nofollow\"  onclick=\"this.href='mailto:' + ' krzysztof.duch' + '@' + 'pb.edu.pl'\"> krzysztof.duch [at] pb.edu.pl<\/a><\/td>\n<\/tr>\n<\/tbody>\n<\/table>\n<\/div>\n<hr>\n<h3>Technical staff<\/h3>\n<div class=\"table-responsive\">\n<table class=\"table table-bordered table-striped\" style=\"width: auto\">\n<tbody>\n<tr>\n<th>Degree\/title, Name and surname<\/th>\n<th>Room<\/th>\n<th>Phone\/mobile<\/th>\n<th>Email<\/th>\n<\/tr>\n<tr>\n<td>Wioleta Rutkowska, MSc<\/td>\n<td>WB-35B<\/td>\n<td>+48 797 995 962<\/td>\n<td><i class=\"fal fa-envelope\"><\/i> <a href=\"#\" rel=\"nofollow\"  onclick=\"this.href='mailto:' + 'w.rutkowska' + '@' + 'pb.edu.pl'\">w.rutkowska [at] pb.edu.pl<\/a><\/td>\n<\/tr>\n<tr>\n<td>Grzegorz Ryszard Orzepowski, MSc, Eng.<\/td>\n<td>WB-046B<\/td>\n<td>+48 797 995 959<\/td>\n<td><i class=\"fal fa-envelope\"><\/i> <a href=\"#\" rel=\"nofollow\"  onclick=\"this.href='mailto:' + 'g.orzepowski' + '@' + 'pb.edu.pl'\">g.orzepowski [at] pb.edu.pl<\/a><\/td>\n<\/tr>\n<\/tbody>\n<\/table>\n<\/div>\n<hr>\n<h3>Works for the development of young scientists and participants of doctoral studies<\/h3>\n<div class=\"table-responsive\">\n<table class=\"table table-bordered table-striped\" style=\"width: auto\">\n<tbody>\n<tr>\n<th><strong>No.<\/strong><\/th>\n<th>Title<\/th>\n<th>Work manager<\/th>\n<\/tr>\n<tr>\n<td>1.<\/td>\n<td>Mathematical methods in civil engineering and space management<\/td>\n<td>Assoc. Prof. Edwin Ko\u017aniewski, DSc, PhD<\/td>\n<\/tr>\n<tr>\n<td>2.<\/td>\n<td>Usage of waste materials in cement and cement-free composites<\/td>\n<td>Dorota Ma\u0142aszkiewicz, PhD, Eng.<\/td>\n<\/tr>\n<tr>\n<td>3.<\/td>\n<td>Recycling of construction and industry waste<\/td>\n<td>Edyta Pawluczuk, PhD, Eng.<\/td>\n<\/tr>\n<\/tbody>\n<\/table>\n<\/div>\n<hr>\n<h3>Scientific and research profile:<\/h3>\n<ul>\n<li>Recycling and utilization of construction, forestry, agricultural and industrial waste<\/li>\n<li>Technologies in sustainable construction within the circular economy CE<\/li>\n<li>Material and structural assessment of the properties of building materials and cement and cement-free composites<\/li>\n<li>Optimization of construction processes, taking into account safety and health protection<\/li>\n<li>Problems of regional development, urbanization and suburbanization<\/li>\n<li>EU integration processes and EU aid funds<\/li>\n<\/ul>\n<h3>Service offer:<\/h3>\n<ul>\n<li>Specification of cement and cement-free composites<\/li>\n<li>Testing the technical and structural properties of building materials<\/li>\n<li>In situ testing of construction products (masonry, concrete structures, industrial floors, etc.)<\/li>\n<li>Designing technology and organization of construction works<\/li>\n<li>Optimization of complex construction processes (earthworks, monolithic works, assembly works)<\/li>\n<li>Development of safety and health protection plans<\/li>\n<li>Construction market research and marketing consulting for construction companies<\/li>\n<\/ul>\n","protected":false},"excerpt":{"rendered":"<p>Department Head &#8211; prof. Micha\u0142 Bo\u0142tryk, DSc, PhD, Eng. Department Office: Dorota Maleszewska, MSc Wiejska<a class=\"read-more\" href=\"https:\/\/wb.pb.edu.pl\/en\/faculty\/institutes-and-departments\/department-of-construction-and-landscaping\/\" title=\"Poka\u017c artyku\u0142 Department of Construction and Landscaping\">more<\/a><\/p>\n","protected":false},"author":4,"featured_media":0,"parent":11943,"menu_order":1,"comment_status":"closed","ping_status":"closed","template":"","meta":{"inline_featured_image":false,"ngg_post_thumbnail":0,"footnotes":""},"class_list":["post-11949","page","type-page","status-publish","hentry"],"acf":[],"yoast_head":"<!-- This site is optimized with the Yoast SEO plugin v26.4 - https:\/\/yoast.com\/wordpress\/plugins\/seo\/ -->\n<title>Department of Construction and Landscaping - Faculty of Civil Engineering and Environmental Sciences<\/title>\n<meta name=\"description\" content=\"Department Head - prof. Micha\u0142 Bo\u0142tryk, DSc, PhD, Eng. Department Office: Dorota Maleszewska, MSc Wiejska 45E street, 15-351 Bia\u0142ystok, Poland room: 239A\" \/>\n<meta name=\"robots\" content=\"index, follow, max-snippet:-1, max-image-preview:large, max-video-preview:-1\" \/>\n<link rel=\"canonical\" href=\"https:\/\/wb.pb.edu.pl\/en\/faculty\/institutes-and-departments\/department-of-construction-and-landscaping\/\" \/>\n<meta name=\"twitter:label1\" content=\"Est. reading time\" \/>\n\t<meta name=\"twitter:data1\" content=\"3 minutes\" \/>\n<script type=\"application\/ld+json\" class=\"yoast-schema-graph\">{\"@context\":\"https:\/\/schema.org\",\"@graph\":[{\"@type\":\"WebPage\",\"@id\":\"https:\/\/wb.pb.edu.pl\/en\/faculty\/institutes-and-departments\/department-of-construction-and-landscaping\/\",\"url\":\"https:\/\/wb.pb.edu.pl\/en\/faculty\/institutes-and-departments\/department-of-construction-and-landscaping\/\",\"name\":\"Department of Construction and Landscaping - Faculty of Civil Engineering and Environmental Sciences\",\"isPartOf\":{\"@id\":\"https:\/\/wb.pb.edu.pl\/en\/#website\"},\"datePublished\":\"2018-02-19T12:49:19+00:00\",\"dateModified\":\"2024-10-01T08:15:34+00:00\",\"description\":\"Department Head - prof. Micha\u0142 Bo\u0142tryk, DSc, PhD, Eng. Department Office: Dorota Maleszewska, MSc Wiejska 45E street, 15-351 Bia\u0142ystok, Poland room: 239A\",\"breadcrumb\":{\"@id\":\"https:\/\/wb.pb.edu.pl\/en\/faculty\/institutes-and-departments\/department-of-construction-and-landscaping\/#breadcrumb\"},\"inLanguage\":\"en-US\",\"potentialAction\":[{\"@type\":\"ReadAction\",\"target\":[\"https:\/\/wb.pb.edu.pl\/en\/faculty\/institutes-and-departments\/department-of-construction-and-landscaping\/\"]}]},{\"@type\":\"BreadcrumbList\",\"@id\":\"https:\/\/wb.pb.edu.pl\/en\/faculty\/institutes-and-departments\/department-of-construction-and-landscaping\/#breadcrumb\",\"itemListElement\":[{\"@type\":\"ListItem\",\"position\":1,\"name\":\"Strona g\u0142\u00f3wna\",\"item\":\"https:\/\/wb.pb.edu.pl\/en\/\"},{\"@type\":\"ListItem\",\"position\":2,\"name\":\"Faculty\",\"item\":\"https:\/\/wb.pb.edu.pl\/en\/faculty\/\"},{\"@type\":\"ListItem\",\"position\":3,\"name\":\"Institutes and Departments\",\"item\":\"https:\/\/wb.pb.edu.pl\/en\/faculty\/institutes-and-departments\/\"},{\"@type\":\"ListItem\",\"position\":4,\"name\":\"Department of Construction and Landscaping\"}]},{\"@type\":\"WebSite\",\"@id\":\"https:\/\/wb.pb.edu.pl\/en\/#website\",\"url\":\"https:\/\/wb.pb.edu.pl\/en\/\",\"name\":\"Faculty of Civil Engineering and Environmental Sciences\",\"description\":\"\",\"potentialAction\":[{\"@type\":\"SearchAction\",\"target\":{\"@type\":\"EntryPoint\",\"urlTemplate\":\"https:\/\/wb.pb.edu.pl\/en\/?s={search_term_string}\"},\"query-input\":{\"@type\":\"PropertyValueSpecification\",\"valueRequired\":true,\"valueName\":\"search_term_string\"}}],\"inLanguage\":\"en-US\"}]}<\/script>\n<!-- \/ Yoast SEO plugin. -->","yoast_head_json":{"title":"Department of Construction and Landscaping - Faculty of Civil Engineering and Environmental Sciences","description":"Department Head - prof. Micha\u0142 Bo\u0142tryk, DSc, PhD, Eng. Department Office: Dorota Maleszewska, MSc Wiejska 45E street, 15-351 Bia\u0142ystok, Poland room: 239A","robots":{"index":"index","follow":"follow","max-snippet":"max-snippet:-1","max-image-preview":"max-image-preview:large","max-video-preview":"max-video-preview:-1"},"canonical":"https:\/\/wb.pb.edu.pl\/en\/faculty\/institutes-and-departments\/department-of-construction-and-landscaping\/","twitter_misc":{"Est. reading time":"3 minutes"},"schema":{"@context":"https:\/\/schema.org","@graph":[{"@type":"WebPage","@id":"https:\/\/wb.pb.edu.pl\/en\/faculty\/institutes-and-departments\/department-of-construction-and-landscaping\/","url":"https:\/\/wb.pb.edu.pl\/en\/faculty\/institutes-and-departments\/department-of-construction-and-landscaping\/","name":"Department of Construction and Landscaping - Faculty of Civil Engineering and Environmental Sciences","isPartOf":{"@id":"https:\/\/wb.pb.edu.pl\/en\/#website"},"datePublished":"2018-02-19T12:49:19+00:00","dateModified":"2024-10-01T08:15:34+00:00","description":"Department Head - prof. Micha\u0142 Bo\u0142tryk, DSc, PhD, Eng. Department Office: Dorota Maleszewska, MSc Wiejska 45E street, 15-351 Bia\u0142ystok, Poland room: 239A","breadcrumb":{"@id":"https:\/\/wb.pb.edu.pl\/en\/faculty\/institutes-and-departments\/department-of-construction-and-landscaping\/#breadcrumb"},"inLanguage":"en-US","potentialAction":[{"@type":"ReadAction","target":["https:\/\/wb.pb.edu.pl\/en\/faculty\/institutes-and-departments\/department-of-construction-and-landscaping\/"]}]},{"@type":"BreadcrumbList","@id":"https:\/\/wb.pb.edu.pl\/en\/faculty\/institutes-and-departments\/department-of-construction-and-landscaping\/#breadcrumb","itemListElement":[{"@type":"ListItem","position":1,"name":"Strona g\u0142\u00f3wna","item":"https:\/\/wb.pb.edu.pl\/en\/"},{"@type":"ListItem","position":2,"name":"Faculty","item":"https:\/\/wb.pb.edu.pl\/en\/faculty\/"},{"@type":"ListItem","position":3,"name":"Institutes and Departments","item":"https:\/\/wb.pb.edu.pl\/en\/faculty\/institutes-and-departments\/"},{"@type":"ListItem","position":4,"name":"Department of Construction and Landscaping"}]},{"@type":"WebSite","@id":"https:\/\/wb.pb.edu.pl\/en\/#website","url":"https:\/\/wb.pb.edu.pl\/en\/","name":"Faculty of Civil Engineering and Environmental Sciences","description":"","potentialAction":[{"@type":"SearchAction","target":{"@type":"EntryPoint","urlTemplate":"https:\/\/wb.pb.edu.pl\/en\/?s={search_term_string}"},"query-input":{"@type":"PropertyValueSpecification","valueRequired":true,"valueName":"search_term_string"}}],"inLanguage":"en-US"}]}},"_links":{"self":[{"href":"https:\/\/wb.pb.edu.pl\/en\/wp-json\/wp\/v2\/pages\/11949","targetHints":{"allow":["GET"]}}],"collection":[{"href":"https:\/\/wb.pb.edu.pl\/en\/wp-json\/wp\/v2\/pages"}],"about":[{"href":"https:\/\/wb.pb.edu.pl\/en\/wp-json\/wp\/v2\/types\/page"}],"author":[{"embeddable":true,"href":"https:\/\/wb.pb.edu.pl\/en\/wp-json\/wp\/v2\/users\/4"}],"replies":[{"embeddable":true,"href":"https:\/\/wb.pb.edu.pl\/en\/wp-json\/wp\/v2\/comments?post=11949"}],"version-history":[{"count":31,"href":"https:\/\/wb.pb.edu.pl\/en\/wp-json\/wp\/v2\/pages\/11949\/revisions"}],"predecessor-version":[{"id":21516,"href":"https:\/\/wb.pb.edu.pl\/en\/wp-json\/wp\/v2\/pages\/11949\/revisions\/21516"}],"up":[{"embeddable":true,"href":"https:\/\/wb.pb.edu.pl\/en\/wp-json\/wp\/v2\/pages\/11943"}],"wp:attachment":[{"href":"https:\/\/wb.pb.edu.pl\/en\/wp-json\/wp\/v2\/media?parent=11949"}],"curies":[{"name":"wp","href":"https:\/\/api.w.org\/{rel}","templated":true}]}}