{"id":11955,"date":"2018-02-19T13:54:06","date_gmt":"2018-02-19T12:54:06","guid":{"rendered":"https:\/\/wb.pb.edu.pl\/faculty\/institutes-and-departments\/katedra-chemii-biologii-biotechnologii\/"},"modified":"2025-12-12T08:14:19","modified_gmt":"2025-12-12T07:14:19","slug":"department-of-chemistry-biology-and-biotechnology","status":"publish","type":"page","link":"https:\/\/wb.pb.edu.pl\/en\/faculty\/institutes-and-departments\/department-of-chemistry-biology-and-biotechnology\/","title":{"rendered":"Department of Chemistry, Biology and Biotechnology"},"content":{"rendered":"<h3>Department Head &#8211; Assoc. Prof. Monika Kalinowska, DSc, PhD<\/h3>\n<p><i class=\"fal fa-envelope\"><\/i> <a href=\"#\" rel=\"nofollow\"  onclick=\"this.href='mailto:' + 'm.kalinowska' + '@' + 'pb.edu.pl'\">m.kalinowska [at] pb.edu.pl<\/a>\n<hr>\n<h3>Department Office:<\/h3>\n<p>Anna Gryniewicka, MSc<br \/>\nWiejska 45E street, 15-351 Bia\u0142ystok, Poland<br \/>\n<strong>room: 105<\/strong><br \/>\n<i class=\"fal fa-phone\"><\/i> +48 85 746 96 33<br \/>\n<i class=\"fal fa-mobile\"><\/i> +48 571 443 124<br \/>\n<i class=\"fal fa-envelope\"><\/i> <a href=\"#\" rel=\"nofollow\"  onclick=\"this.href='mailto:' + 'wb.kchbib' + '@' + 'pb.edu.pl'\">wb.kchbib [at] pb.edu.pl<\/a>\n<p>&nbsp;<\/p>\n<hr>\n<h3>Scientific and didactic employees:<\/h3>\n<div class=\"table-responsive\">\n<table class=\"table table-bordered table-striped\" style=\"width: auto\">\n<tbody>\n<tr>\n<th>Degree\/title, Name and surname<\/th>\n<th>Room<\/th>\n<th>Phone\/mobile<\/th>\n<th>Email<\/th>\n<\/tr>\n<tr>\n<td>Prof. W\u0142odzimierz Lewandowski, DSc, PhD<\/td>\n<td>4\/19C<\/td>\n<td>+48 797 995 972<\/td>\n<td><i class=\"fal fa-envelope\"><\/i> <a href=\"#\" rel=\"nofollow\"  onclick=\"this.href='mailto:' + ' w.lewandowski' + '@' + 'pb.edu.pl'\"> w.lewandowski [at] pb.edu.pl<\/a><\/td>\n<\/tr>\n<tr>\n<td>Assoc. Prof. Renata \u015awis\u0142ocka, DSc, PhD<\/td>\n<td>4\/21C (A)<\/td>\n<td>+48 571 443 158<\/td>\n<td><i class=\"fal fa-envelope\"><\/i> <a href=\"#\" rel=\"nofollow\"  onclick=\"this.href='mailto:' + ' r.swislocka' + '@' + 'pb.edu.pl'\"> r.swislocka [at] pb.edu.pl<\/a><\/td>\n<\/tr>\n<tr>\n<td>Assoc. Prof. Monika Kalinowska, DSc, PhD<\/td>\n<td>4\/20C<\/td>\n<td>+48 571 443 159<\/td>\n<td><i class=\"fal fa-envelope\"><\/i> <a href=\"#\" rel=\"nofollow\"  onclick=\"this.href='mailto:' + ' m.kalinowska' + '@' + 'pb.edu.pl'\"> m.kalinowska [at] pb.edu.pl<\/a><\/td>\n<\/tr>\n<tr>\n<td>Assoc. Prof. El\u017cbieta Wo\u0142ejko, DSc, PhD, Eng.<\/td>\n<td>2\/3C<\/td>\n<td>+48 797 995 973<\/td>\n<td><i class=\"fal fa-envelope\"><\/i> <a href=\"#\" rel=\"nofollow\"  onclick=\"this.href='mailto:' + ' e.wolejko' + '@' + 'pb.edu.pl'\"> e.wolejko [at] pb.edu.pl<\/a><\/td>\n<\/tr>\n<tr>\n<td>Assoc. Prof. Mariola Samsonowicz, DSc, PhD<\/td>\n<td>4\/26C (A)<\/td>\n<td>+48 571 443 161<\/td>\n<td><i class=\"fal fa-envelope\"><\/i> <a href=\"#\" rel=\"nofollow\"  onclick=\"this.href='mailto:' + ' m.samsonowicz' + '@' + 'pb.edu.pl'\"> m.samsonowicz [at] pb.edu.pl<\/a><\/td>\n<\/tr>\n<tr>\n<td>Assoc. Prof. Agata Jab\u0142o\u0144ska-Trypu\u0107, DSc, PhD<\/td>\n<td>2\/26C<\/td>\n<td>&nbsp;<\/td>\n<td><i class=\"fal fa-envelope\"><\/i> <a href=\"#\" rel=\"nofollow\"  onclick=\"this.href='mailto:' + ' a.jablonska' + '@' + 'pb.edu.pl'\"> a.jablonska [at] pb.edu.pl<\/a><\/td>\n<\/tr>\n<tr>\n<td>Assoc. Prof. Grzegorz \u015awiderski, DSc, PhD, Eng.<\/td>\n<td>4\/25C<\/td>\n<td>+48 571 443 131<\/td>\n<td><i class=\"fal fa-envelope\"><\/i> <a href=\"#\" rel=\"nofollow\"  onclick=\"this.href='mailto:' + ' g.swiderski' + '@' + 'pb.edu.pl'\"> g.swiderski [at] pb.edu.pl<\/a><\/td>\n<\/tr>\n<tr>\n<td>Marzena Matejczyk, Dsc, PhD<\/td>\n<td>2\/6C<\/td>\n<td>&nbsp;<\/td>\n<td><i class=\"fal fa-envelope\"><\/i> <a href=\"#\" rel=\"nofollow\"  onclick=\"this.href='mailto:' + ' m.matejczyk' + '@' + 'pb.edu.pl'\"> m.matejczyk [at] pb.edu.pl<\/a><\/td>\n<\/tr>\n<tr>\n<td>Urszula Wydro, PhD, Eng.<\/td>\n<td>2\/3C<\/td>\n<td>+48 797 995 973<\/td>\n<td><i class=\"fal fa-envelope\"><\/i> <a href=\"#\" rel=\"nofollow\"  onclick=\"this.href='mailto:' + ' u.wydro' + '@' + 'pb.edu.pl'\"> u.wydro [at] pb.edu.pl<\/a><\/td>\n<\/tr>\n<tr>\n<td>Eliza Hawrylik, PhD, Eng.<\/td>\n<td>WB-48B<\/td>\n<td>&nbsp;<\/td>\n<td><i class=\"fal fa-envelope\"><\/i> <a href=\"#\" rel=\"nofollow\"  onclick=\"this.href='mailto:' + ' e.hawrylik' + '@' + 'pb.edu.pl'\"> e.hawrylik [at] pb.edu.pl<\/a><\/td>\n<\/tr>\n<tr>\n<td>Natalia Stocka, PhD, Eng.<\/td>\n<td>WB-48B<\/td>\n<td>&nbsp;<\/td>\n<td><i class=\"fal fa-envelope\"><\/i> <a href=\"#\" rel=\"nofollow\"  onclick=\"this.href='mailto:' + 'natalia.stocka' + '@' + 'pb.edu.pl'\">natalia.stocka [at] pb.edu.pl<\/a><\/td>\n<tr>\n<td>Ewelina Go\u0142\u0119biewska, MSc, Eng.<\/td>\n<td>4\/26C (B)<\/td>\n<td>&nbsp;<\/td>\n<td><a href=\"#\" rel=\"nofollow\"  onclick=\"this.href='mailto:' + ' e.golebiewska' + '@' + 'pb.edu.pl'\"> e.golebiewska [at] pb.edu.pl<\/a><\/td>\n<\/tr>\n<tr>\n<td>Ma\u0142gorzata Zawadzka, MSc, Eng.<\/td>\n<td>4\/21C (B)<\/td>\n<td>&nbsp;<\/td>\n<td><i class=\"fal fa-envelope\"><\/i> <a href=\"#\" rel=\"nofollow\"  onclick=\"this.href='mailto:' + ' malgorzata.zawadzka' + '@' + 'pb.edu.pl'\"> malgorzata.zawadzka [at] pb.edu.pl<\/a><\/td>\n<\/tr>\n<tr>\n<td>Adriana Dowbysz, MSc, Eng.<\/td>\n<td>WB-4\/21B<\/td>\n<td>&nbsp;<\/td>\n<td><i class=\"fal fa-envelope\"><\/i> <a href=\"#\" rel=\"nofollow\"  onclick=\"this.href='mailto:' + ' adriana.dowbysz' + '@' + 'pb.edu.pl'\"> adriana.dowbysz [at] pb.edu.pl<\/a><\/td>\n<\/tr>\n<\/tbody>\n<\/table>\n<\/div>\n<hr>\n<h3>Technical staff<\/h3>\n<div class=\"table-responsive\">\n<table class=\"table table-bordered table-striped\" style=\"width: auto\">\n<tbody>\n<tr>\n<th>Degree\/title, Name and surname<\/th>\n<th>Room<\/th>\n<th>Phone\/mobile<\/th>\n<th>Email<\/th>\n<\/tr>\n<tr>\n<td>Dorota Filipiuk, MSc<\/td>\n<td>4\/26C (B)<\/td>\n<td>+48 797 995 975<\/td>\n<td><i class=\"fal fa-envelope\"><\/i> <a href=\"#\" rel=\"nofollow\"  onclick=\"this.href='mailto:' + ' d.filipiuk' + '@' + 'pb.edu.pl'\"> d.filipiuk [at] pb.edu.pl<\/a><\/td>\n<\/tr>\n<tr>\n<td>Kamila Koronkiewicz, MSc, Eng.<\/td>\n<td>4\/21C (B)<\/td>\n<td>&nbsp;<\/td>\n<td><i class=\"fal fa-envelope\"><\/i> <a href=\"#\" rel=\"nofollow\"  onclick=\"this.href='mailto:' + ' kamila.koronkiewicz' + '@' + 'pb.edu.pl'\"> kamila.koronkiewicz [at] pb.edu.pl<\/a><\/td>\n<\/tr>\n<tr>\n<td>Marzanna Andraka<\/td>\n<td>46B<\/td>\n<td>+48 85 746 96 59<br \/>\n+48 571 443 130<\/td>\n<td><i class=\"fal fa-envelope\"><\/i> <a href=\"#\" rel=\"nofollow\"  onclick=\"this.href='mailto:' + ' m.andraka' + '@' + 'pb.edu.pl'\"> m.andraka [at] pb.edu.pl<\/a><\/td>\n<\/tr>\n<tr>\n<td>Pawe\u0142 Kondzior, PhD, Eng.<\/td>\n<td>2\/7C<\/td>\n<td>+48 797 995 971<\/td>\n<td><i class=\"fal fa-envelope\"><\/i> <a href=\"#\" rel=\"nofollow\"  onclick=\"this.href='mailto:' + ' p.kondzior' + '@' + 'pb.edu.pl'\"> p.kondzior [at] pb.edu.pl<\/a><\/td>\n<\/tr>\n<tr>\n<td>Natalia Kowalczyk, MSc, Eng.<\/td>\n<td>WB- 4\/26C (B)<\/td>\n<td>&nbsp;<\/td>\n<td><i class=\"fal fa-envelope\"><\/i> <a href=\"#\" rel=\"nofollow\"  onclick=\"this.href='mailto:' + ' natalia.kowalczyk' + '@' + 'pb.edu.pl'\"> natalia.kowalczyk [at] pb.edu.pl<\/a><\/td>\n<\/tr>\n<tr>\n<td>Marzena Smolewska, MSc.<\/td>\n<td>WB-2\/15C<\/td>\n<td><i class=\"fal fa-mobile\"><\/i> 571 443 157<\/td>\n<td><i class=\"fal fa-envelope\"><\/i> <a href=\"#\" rel=\"nofollow\"  onclick=\"this.href='mailto:' + ' m.smolewska' + '@' + 'pb.edu.pl'\"> m.smolewska [at] pb.edu.pl<\/a><\/td>\n<\/tr>\n<tr>\n<td>Aneta Ignaciuk, MSc, Eng.<\/td>\n<td>WB-2\/15C<\/td>\n<td>&nbsp;<\/td>\n<td><i class=\"fal fa-envelope\"><\/i> <a href=\"#\" rel=\"nofollow\"  onclick=\"this.href='mailto:' + ' a.ignaciuk' + '@' + 'pb.edu.pl '\"> a.ignaciuk [at] pb.edu.pl <\/a><\/td>\n<\/tr>\n<\/tbody>\n<\/table>\n<\/div>\n<p>&nbsp;<\/p>\n<hr>\n<h3>Works for the development of young scientists and participants of doctoral studies<\/h3>\n<div class=\"table-responsive\">\n<p>9.The study of the toxicity of selected xenobiotics occurring in the environment in various biological modelsAgata Jab\u0142o\u0144ska-Trypu\u0107, DSc, PhD (Wo\u0142ejko E., Wydro U., Kondzior P.)<\/p>\n<table class=\"table table-bordered table-striped\" style=\"width: auto\">\n<tbody>\n<tr>\n<th><strong>No.<\/strong><\/th>\n<th>Title<\/th>\n<th>Work manager<\/th>\n<\/tr>\n<tr>\n<td>1.<\/td>\n<td>The use of nanoencapsulation in the process of extracting products of plant origin and stabilizing bioactive ingredients<\/td>\n<td>Ewelina Go\u0142\u0119biewska, MSc, Eng., doctoral student<\/td>\n<\/tr>\n<tr>\n<td>2.<\/td>\n<td>Study of the effectiveness of the use of sorbents from the food industry and their modification for the adsorption of selected heavy metals<\/td>\n<td>Kamila Gryko, MSc, Eng., doctoral student<\/td>\n<\/tr>\n<tr>\n<td>3.<\/td>\n<td>The influence of low-frequency ultrasound on the disintegration of microorganisms contained in sewage and sewage sludge from municipal sewage treatment plants<\/td>\n<td>Eliza Hawrylik, MSc, Eng., doctoral student<\/td>\n<\/tr>\n<tr>\n<td>4.<\/td>\n<td>Optimizing the production of algae biomass<\/td>\n<td>Pawe\u0142 Kondzior, MSc, Eng., doctoral student<\/td>\n<\/tr>\n<tr>\n<td>5.<\/td>\n<td>Analyzes of thermal and mechanical properties of polyester-glass laminates modified with selected flame retardants<\/td>\n<td>Adriana M. Dowbysz, MSc, Eng., doctoral student<\/td>\n<\/tr>\n<tr>\n<td>6.<\/td>\n<td>Experimental and experimental analysis of the effect of complexation of hydroxy derivatives of mandelic acid with alkali metals<\/td>\n<td>Monika Parcheta, MSc, Eng.<\/td>\n<\/tr>\n<tr>\n<td>7.<\/td>\n<td>Physicochemical and biochemical tests of selected biologically active compounds. Searching for new applications of tested compounds in engineering and environmental protection, as well as in biotechnology and food technology<\/td>\n<td>Assoc. Prof. Monika Kalinowska, DSc, PhD (Lewandowski W., \u015awis\u0142ocka R., Samsonowicz M., Matejczyk M., \u015awiderski G., Parcheta M., Go\u0142\u0119biewska E., Filipiuk D., Gryko K.)<\/td>\n<\/tr>\n<tr>\n<td>8.<\/td>\n<td>Possibility of using ultrasonic disinfection and \/ or disintegration in processes related to environmental engineering<\/td>\n<td>Assoc. Prof. Andrzej Butarewicz,DSc, PhD, Eng., (Hawrylik E., Andraka M.)<\/td>\n<\/tr>\n<\/tbody>\n<\/table>\n<\/div>\n<p>&nbsp;<\/p>\n<hr>\n<h3>Services and research offer:<\/h3>\n<p><strong>Research topics in the area of chemical works<\/strong><\/p>\n<p><strong>Synthesis of new plant derivatives of phenolic compounds with antioxidant, antimicrobial and anticancer properties<\/strong><\/p>\n<p><strong>Research methods\/techniques used:<\/strong><\/p>\n<ul>\n<li>FT-IR, FT-Raman, 1H and 13C NMR, UV\/Vis, X-ray, thermogravimetry (TG), differential scanning calorimetry (DSC), elemental analysis, quantum mechanical calculations (Gaussian program); antioxidant activity tests; antimicrobial activity expressed by MIC parameter (turbidimetric method or agar gel diffusion method); cytotoxicity tests against selected cancer cell lines.<\/li>\n<\/ul>\n<p>&nbsp;<\/p>\n<p><strong>Waste from agro-food industry (biomass) as a source of bioactive substances and raw material for energy industry<\/strong><\/p>\n<p><strong>Research methods\/techniques used:<\/strong><\/p>\n<ul>\n<li>extraction of plant material by means of: simple extraction, ultrasound-assisted extraction, accelerated solvent extraction, extraction with supercritical fluid; additional support of extraction by means of pre-fermentation and addition of cyclodextrins; evaluation of extracts composition by HPLC, GC-MS techniques; evaluation of antioxidant, antimicrobial or cytotoxic activity of extracts and their components;<\/li>\n<li>Studies on biomass for energy purposes: evaluation of calorific value, thermal properties, elemental composition, chloride content<\/li>\n<\/ul>\n<p>&nbsp;<\/p>\n<p><strong>Application of natural biosorbents (alginic acid, calcium alginate, biomass) for removal of selected heavy metals from aqueous solutions and wastewater<\/strong><\/p>\n<p><strong>Research methods\/techniques used:<\/strong><\/p>\n<ul>\n<li>characterization of biosorbent structure (FT-IR-ATR, SEM, X-ray, TG\/DSC); characterization of sorption process kinetics; determination of metal ions concentration by UV\/Vis, AAS, ICP\/MS methods.<\/li>\n<\/ul>\n<p>&nbsp;<\/p>\n<p><strong>Research topics in the area of biological work<\/strong><\/p>\n<p><strong>Studies on toxicity and cytotoxicity of selected environmental pollutants (complex matrices such as leachates from landfills, sewage sludge and single pollutants such as selected pesticides)<\/strong><\/p>\n<p><strong>Research methods\/techniques used:<\/strong><\/p>\n<ul>\n<li>studies on human cell lines (cancer lines: breast cancer ZR-75-1, MCF-7, MDA-MB-231, glioma LN-229, gastrointestinal adenocarcinomas Caco-2 and DLD-1, melanoma A-375, leukemia MOLT-4, cervical cancer HeLa, osteosarcoma U2OS, healthy lines: human skin fibroblasts);<\/li>\n<li>evaluation of cytotoxicity by spectroscopic methods (MTT, LDH, Trypan blue, methylene blue, ATP levels);<\/li>\n<li>examination of toxicity mechanisms on the basis of oxidative stress parameters (activity of antioxidant enzymes, analysis of protein and membrane lipid damage markers, level of the most important antioxidant &#8211; glutathione, level of free radicals generated by pollutants);<\/li>\n<li>Analysis of cell apoptosis (caspase activity, detection of apoptotic and necrotic cells &#8211; fluorescence and confocal microscopy, detection of apoptotic proteins &#8211; Western Blotting method).<\/li>\n<\/ul>\n<p>&nbsp;<\/p>\n<p><strong>Study on the impact of bio-waste application (sewage sludge, biomass combustion waste) for soil remediation and remediation<\/strong><\/p>\n<p><strong>Research methods\/techniques used:<\/strong><\/p>\n<ul>\n<li>Study of activity of selected soil enzymes (dehydrogenases, catalase, acid and alkaline phosphatase) by colorimetric method;<\/li>\n<li>examination of soil microbiological properties (determination of the total number of bacteria and fungi, the number of Pseudomonas fluorescens &#8211; plate methods) Pseudomonas &#8211; plate methods),<\/li>\n<li>examination of microbiological biodiversity (bacteria and fungi) with the t-RLFP method with the use of PCR and capillary electrophoresis techniques.<\/li>\n<\/ul>\n<p>&nbsp;<\/p>\n<p><strong>Biological monitoring of the environment and microbiological analyses of surface water, groundwater, drinking water, municipal and industrial wastewater<\/strong><\/p>\n<p><strong>Research methods\/techniques used:<\/strong><\/p>\n<ul>\n<li>analysis of basic microbiological indicators (total number of bacteria, coliform index, enterococci index, determination of Salmonella bacilli, determination of spore-forming bacteria e.g. Clostridium perfringens);<\/li>\n<li>air testing: Mas Eco 100 and Mas 100 NT meters (with calibration), determination of staphylococci, total number of moulds and fungi, Gram negative bacteria, actinomycetes, Pseudomonas fluorescens; plate method in the air aspiration apparatus and sedimentation method<\/li>\n<li>examination of water, sewage, sediments using Microtox Model 500 (toxicity tests) and microscope techniques,<\/li>\n<li>parasitological studies on soils, municipal waste dumps and sewage sludge: determination of ATT index (determination of parasite eggs of three major nematodes belonging to genera Ascaris Trichuris and Toxocara according to methodology recommended by EPA; determination of Salmonella spp. by classical method recommended by EPA in sludge and bio-waste or genetically using PCR or RT PCR).<\/li>\n<\/ul>\n","protected":false},"excerpt":{"rendered":"<p>Department Head &#8211; Assoc. Prof. Monika Kalinowska, DSc, PhD Department Office: Anna Gryniewicka, MSc Wiejska<a class=\"read-more\" href=\"https:\/\/wb.pb.edu.pl\/en\/faculty\/institutes-and-departments\/department-of-chemistry-biology-and-biotechnology\/\" title=\"Poka\u017c artyku\u0142 Department of Chemistry, Biology and Biotechnology\">more<\/a><\/p>\n","protected":false},"author":4,"featured_media":0,"parent":11943,"menu_order":5,"comment_status":"closed","ping_status":"closed","template":"","meta":{"inline_featured_image":false,"ngg_post_thumbnail":0,"footnotes":""},"class_list":["post-11955","page","type-page","status-publish","hentry"],"acf":[],"yoast_head":"<!-- This site is optimized with the Yoast SEO plugin v26.4 - https:\/\/yoast.com\/wordpress\/plugins\/seo\/ -->\n<title>Department of Chemistry, Biology and Biotechnology - Faculty of Civil Engineering and Environmental Sciences<\/title>\n<meta name=\"description\" content=\"Department Head - Assoc. Prof. Monika Kalinowska, DSc, PhD Department Office: Anna Gryniewicka, MSc Wiejska 45E street, 15-351 Bia\u0142ystok, Poland room: 105\" \/>\n<meta name=\"robots\" content=\"index, follow, max-snippet:-1, max-image-preview:large, max-video-preview:-1\" \/>\n<link rel=\"canonical\" href=\"https:\/\/wb.pb.edu.pl\/en\/faculty\/institutes-and-departments\/department-of-chemistry-biology-and-biotechnology\/\" \/>\n<meta name=\"twitter:label1\" content=\"Est. reading time\" \/>\n\t<meta name=\"twitter:data1\" content=\"7 minutes\" \/>\n<script type=\"application\/ld+json\" class=\"yoast-schema-graph\">{\"@context\":\"https:\/\/schema.org\",\"@graph\":[{\"@type\":\"WebPage\",\"@id\":\"https:\/\/wb.pb.edu.pl\/en\/faculty\/institutes-and-departments\/department-of-chemistry-biology-and-biotechnology\/\",\"url\":\"https:\/\/wb.pb.edu.pl\/en\/faculty\/institutes-and-departments\/department-of-chemistry-biology-and-biotechnology\/\",\"name\":\"Department of Chemistry, Biology and Biotechnology - Faculty of Civil Engineering and Environmental Sciences\",\"isPartOf\":{\"@id\":\"https:\/\/wb.pb.edu.pl\/en\/#website\"},\"datePublished\":\"2018-02-19T12:54:06+00:00\",\"dateModified\":\"2025-12-12T07:14:19+00:00\",\"description\":\"Department Head - Assoc. Prof. Monika Kalinowska, DSc, PhD Department Office: Anna Gryniewicka, MSc Wiejska 45E street, 15-351 Bia\u0142ystok, Poland room: 105\",\"breadcrumb\":{\"@id\":\"https:\/\/wb.pb.edu.pl\/en\/faculty\/institutes-and-departments\/department-of-chemistry-biology-and-biotechnology\/#breadcrumb\"},\"inLanguage\":\"en-US\",\"potentialAction\":[{\"@type\":\"ReadAction\",\"target\":[\"https:\/\/wb.pb.edu.pl\/en\/faculty\/institutes-and-departments\/department-of-chemistry-biology-and-biotechnology\/\"]}]},{\"@type\":\"BreadcrumbList\",\"@id\":\"https:\/\/wb.pb.edu.pl\/en\/faculty\/institutes-and-departments\/department-of-chemistry-biology-and-biotechnology\/#breadcrumb\",\"itemListElement\":[{\"@type\":\"ListItem\",\"position\":1,\"name\":\"Strona g\u0142\u00f3wna\",\"item\":\"https:\/\/wb.pb.edu.pl\/en\/\"},{\"@type\":\"ListItem\",\"position\":2,\"name\":\"Faculty\",\"item\":\"https:\/\/wb.pb.edu.pl\/en\/faculty\/\"},{\"@type\":\"ListItem\",\"position\":3,\"name\":\"Institutes and Departments\",\"item\":\"https:\/\/wb.pb.edu.pl\/en\/faculty\/institutes-and-departments\/\"},{\"@type\":\"ListItem\",\"position\":4,\"name\":\"Department of Chemistry, Biology and Biotechnology\"}]},{\"@type\":\"WebSite\",\"@id\":\"https:\/\/wb.pb.edu.pl\/en\/#website\",\"url\":\"https:\/\/wb.pb.edu.pl\/en\/\",\"name\":\"Faculty of Civil Engineering and Environmental Sciences\",\"description\":\"\",\"potentialAction\":[{\"@type\":\"SearchAction\",\"target\":{\"@type\":\"EntryPoint\",\"urlTemplate\":\"https:\/\/wb.pb.edu.pl\/en\/?s={search_term_string}\"},\"query-input\":{\"@type\":\"PropertyValueSpecification\",\"valueRequired\":true,\"valueName\":\"search_term_string\"}}],\"inLanguage\":\"en-US\"}]}<\/script>\n<!-- \/ Yoast SEO plugin. -->","yoast_head_json":{"title":"Department of Chemistry, Biology and Biotechnology - Faculty of Civil Engineering and Environmental Sciences","description":"Department Head - Assoc. Prof. Monika Kalinowska, DSc, PhD Department Office: Anna Gryniewicka, MSc Wiejska 45E street, 15-351 Bia\u0142ystok, Poland room: 105","robots":{"index":"index","follow":"follow","max-snippet":"max-snippet:-1","max-image-preview":"max-image-preview:large","max-video-preview":"max-video-preview:-1"},"canonical":"https:\/\/wb.pb.edu.pl\/en\/faculty\/institutes-and-departments\/department-of-chemistry-biology-and-biotechnology\/","twitter_misc":{"Est. reading time":"7 minutes"},"schema":{"@context":"https:\/\/schema.org","@graph":[{"@type":"WebPage","@id":"https:\/\/wb.pb.edu.pl\/en\/faculty\/institutes-and-departments\/department-of-chemistry-biology-and-biotechnology\/","url":"https:\/\/wb.pb.edu.pl\/en\/faculty\/institutes-and-departments\/department-of-chemistry-biology-and-biotechnology\/","name":"Department of Chemistry, Biology and Biotechnology - Faculty of Civil Engineering and Environmental Sciences","isPartOf":{"@id":"https:\/\/wb.pb.edu.pl\/en\/#website"},"datePublished":"2018-02-19T12:54:06+00:00","dateModified":"2025-12-12T07:14:19+00:00","description":"Department Head - Assoc. Prof. Monika Kalinowska, DSc, PhD Department Office: Anna Gryniewicka, MSc Wiejska 45E street, 15-351 Bia\u0142ystok, Poland room: 105","breadcrumb":{"@id":"https:\/\/wb.pb.edu.pl\/en\/faculty\/institutes-and-departments\/department-of-chemistry-biology-and-biotechnology\/#breadcrumb"},"inLanguage":"en-US","potentialAction":[{"@type":"ReadAction","target":["https:\/\/wb.pb.edu.pl\/en\/faculty\/institutes-and-departments\/department-of-chemistry-biology-and-biotechnology\/"]}]},{"@type":"BreadcrumbList","@id":"https:\/\/wb.pb.edu.pl\/en\/faculty\/institutes-and-departments\/department-of-chemistry-biology-and-biotechnology\/#breadcrumb","itemListElement":[{"@type":"ListItem","position":1,"name":"Strona g\u0142\u00f3wna","item":"https:\/\/wb.pb.edu.pl\/en\/"},{"@type":"ListItem","position":2,"name":"Faculty","item":"https:\/\/wb.pb.edu.pl\/en\/faculty\/"},{"@type":"ListItem","position":3,"name":"Institutes and Departments","item":"https:\/\/wb.pb.edu.pl\/en\/faculty\/institutes-and-departments\/"},{"@type":"ListItem","position":4,"name":"Department of Chemistry, Biology and Biotechnology"}]},{"@type":"WebSite","@id":"https:\/\/wb.pb.edu.pl\/en\/#website","url":"https:\/\/wb.pb.edu.pl\/en\/","name":"Faculty of Civil Engineering and Environmental Sciences","description":"","potentialAction":[{"@type":"SearchAction","target":{"@type":"EntryPoint","urlTemplate":"https:\/\/wb.pb.edu.pl\/en\/?s={search_term_string}"},"query-input":{"@type":"PropertyValueSpecification","valueRequired":true,"valueName":"search_term_string"}}],"inLanguage":"en-US"}]}},"_links":{"self":[{"href":"https:\/\/wb.pb.edu.pl\/en\/wp-json\/wp\/v2\/pages\/11955","targetHints":{"allow":["GET"]}}],"collection":[{"href":"https:\/\/wb.pb.edu.pl\/en\/wp-json\/wp\/v2\/pages"}],"about":[{"href":"https:\/\/wb.pb.edu.pl\/en\/wp-json\/wp\/v2\/types\/page"}],"author":[{"embeddable":true,"href":"https:\/\/wb.pb.edu.pl\/en\/wp-json\/wp\/v2\/users\/4"}],"replies":[{"embeddable":true,"href":"https:\/\/wb.pb.edu.pl\/en\/wp-json\/wp\/v2\/comments?post=11955"}],"version-history":[{"count":27,"href":"https:\/\/wb.pb.edu.pl\/en\/wp-json\/wp\/v2\/pages\/11955\/revisions"}],"predecessor-version":[{"id":26361,"href":"https:\/\/wb.pb.edu.pl\/en\/wp-json\/wp\/v2\/pages\/11955\/revisions\/26361"}],"up":[{"embeddable":true,"href":"https:\/\/wb.pb.edu.pl\/en\/wp-json\/wp\/v2\/pages\/11943"}],"wp:attachment":[{"href":"https:\/\/wb.pb.edu.pl\/en\/wp-json\/wp\/v2\/media?parent=11955"}],"curies":[{"name":"wp","href":"https:\/\/api.w.org\/{rel}","templated":true}]}}