{"id":11959,"date":"2018-02-19T14:04:23","date_gmt":"2018-02-19T13:04:23","guid":{"rendered":"https:\/\/wb.pb.edu.pl\/faculty\/institutes-and-departments\/katedra-inzynierii-rolno-spozywczej-ksztaltowania-srodowiska\/"},"modified":"2024-10-02T11:28:54","modified_gmt":"2024-10-02T09:28:54","slug":"department-of-agri-food-engineering-and-environmental-management","status":"publish","type":"page","link":"https:\/\/wb.pb.edu.pl\/en\/faculty\/institutes-and-departments\/department-of-agri-food-engineering-and-environmental-management\/","title":{"rendered":"Department of Agri-Food Engineering and Environmental Management"},"content":{"rendered":"<h3>Head of Department \u2013 Assoc. Prof. S\u0142awomir Obidzi\u0144ski, DSc, PhD, Eng.<\/h3>\n<p><i class=\"fal fa-envelope\"><\/i> <a href=\"#\" rel=\"nofollow\"  onclick=\"this.href='mailto:' + 's.obidzinski' + '@' + 'pb.edu.pl'\">s.obidzinski [at] pb.edu.pl<\/a>\n<hr>\n<h3>Department Office:<\/h3>\n<p>Urszula Dybko<br \/>\nWiejska 45E street, 15-351 Bia\u0142ystok, Poland<br \/>\n<strong>room: 6BB<\/strong><br \/>\n<i class=\"fal fa-phone\"><\/i> +48 85 746 96 53<br \/>\n<i class=\"fal fa-mobile\"><\/i> +48 571 443 127<br \/>\n<i class=\"fal fa-envelope\"><\/i> <a href=\"#\" rel=\"nofollow\"  onclick=\"this.href='mailto:' + 'wb.kirsiks' + '@' + 'pb.edu.pl'\">wb.kirsiks [at] pb.edu.pl<\/a> <i class=\"fa fa-envelope-o\" aria-hidden=\"true\"><\/i>; <a href=\"#\" rel=\"nofollow\"  onclick=\"this.href='mailto:' + 'u.dybko' + '@' + 'pb.edu.pl'\">u.dybko [at] pb.edu.pl<\/a>\n<hr>\n<h3>Educationally Staff:<\/h3>\n<div class=\"table-responsive\">\n<table class=\"table table-bordered table-striped\" style=\"width: auto\">\n<tbody>\n<tr>\n<th>Degree \/ title, Name and surname<\/th>\n<th>Room<\/th>\n<th>Phone\/mobile<\/th>\n<th>Email<\/th>\n<\/tr>\n<tr>\n<td>Prof. J\u00f3zefa Wiater, DSc, PhD, Eng.<\/td>\n<td>67B<\/td>\n<td>+48 85 746 96 57<\/td>\n<td><i class=\"fal fa-envelope\"><\/i> <a href=\"#\" rel=\"nofollow\"  onclick=\"this.href='mailto:' + ' j.wiater' + '@' + 'pb.edu.pl'\"> j.wiater [at] pb.edu.pl<\/a><\/td>\n<\/tr>\n<tr>\n<td>Assoc. Prof. Gra\u017cyna \u0141aska, DSc, PhD<\/td>\n<td>5B<\/td>\n<td>+48 85 746 96 52<br \/>\n+48 602 499 654<\/td>\n<td><i class=\"fal fa-envelope\"><\/i> <a href=\"#\" rel=\"nofollow\"  onclick=\"this.href='mailto:' + 'g.laska' + '@' + 'pb.edu.pl'\">g.laska [at] pb.edu.pl<\/a><\/td>\n<\/tr>\n<tr>\n<td>Assoc. Prof. Jolanta Piekut, DSc, PhD<\/td>\n<td>75B<\/td>\n<td>+48 85 746 96 58<br \/>\n+48 797 995 974<\/td>\n<td><i class=\"fal fa-envelope\"><\/i> <a href=\"#\" rel=\"nofollow\"  onclick=\"this.href='mailto:' + 'j.piekut' + '@' + 'pb.edu.pl'\">j.piekut [at] pb.edu.pl<\/a><\/td>\n<\/tr>\n<tr>\n<td>Assoc. Prof. S\u0142awomir Obidzi\u0144ski, DSc, PhD, Eng.<\/td>\n<td>72B<\/td>\n<td>+48 571 443 137<\/td>\n<td><i class=\"fal fa-envelope\"><\/i> <a href=\"#\" rel=\"nofollow\"  onclick=\"this.href='mailto:' + 's.obidzinski' + '@' + 'pb.edu.pl'\">s.obidzinski [at] pb.edu.pl<\/a><\/td>\n<\/tr>\n<tr>\n<td>Assoc. Prof. Wojciech D\u0105browski, DSc, PhD, Eng.<\/td>\n<td>3\/3<\/td>\n<td>+48 571 443 146<\/td>\n<td><i class=\"fal fa-envelope\"><\/i> <a href=\"#\" rel=\"nofollow\"  onclick=\"this.href='mailto:' + ' w.dabrowski' + '@' + 'pb.edu.pl'\"> w.dabrowski [at] pb.edu.pl<\/a><\/td>\n<\/tr>\n<tr>\n<td>Robert Czubaszek, PhD, Eng.<\/td>\n<td>11B<\/td>\n<td>+48 797 995 952<\/td>\n<td><i class=\"fal fa-envelope\"><\/i> <a href=\"#\" rel=\"nofollow\"  onclick=\"this.href='mailto:' + 'r.czubaszek' + '@' + 'pb.edu.pl'\">r.czubaszek [at] pb.edu.pl<\/a><\/td>\n<\/tr>\n<tr>\n<td>Magdalena Joka-Yildiz, PhD, Eng.<\/td>\n<td>7B<\/td>\n<td>+48 571 443 141<\/td>\n<td><i class=\"fal fa-envelope\"><\/i> <a href=\"#\" rel=\"nofollow\"  onclick=\"this.href='mailto:' + 'm.joka' + '@' + 'pb.edu.pl'\">m.joka [at] pb.edu.pl<\/a><\/td>\n<\/tr>\n<tr>\n<td>Ma\u0142gorzta Kowczyk-Sadowy, PhD<\/td>\n<td>73B<\/td>\n<td>+48 85 746 96 58<br \/>\n+48 797 995 929<\/td>\n<td><i class=\"fal fa-envelope\"><\/i> <a href=\"#\" rel=\"nofollow\"  onclick=\"this.href='mailto:' + 'm.kowczyk' + '@' + 'pb.edu.pl'\">m.kowczyk [at] pb.edu.pl<\/a><\/td>\n<\/tr>\n<tr>\n<td>Andrzej Kamocki, PhD, Eng.<\/td>\n<td>71B<\/td>\n<td>+48 85 746 96 58<br \/>\n+48 571 443 136<\/td>\n<td><i class=\"fal fa-envelope\"><\/i> <a href=\"#\" rel=\"nofollow\"  onclick=\"this.href='mailto:' + 'a.kamocki' + '@' + 'pb.edu.pl'\">a.kamocki [at] pb.edu.pl<\/a><\/td>\n<\/tr>\n<tr>\n<td>Ma\u0142gorzata Krasowska, PhD, Eng.<\/td>\n<td>75B<\/td>\n<td>+48 797 995 974<\/td>\n<td><i class=\"fal fa-envelope\"><\/i> <a href=\"#\" rel=\"nofollow\"  onclick=\"this.href='mailto:' + 'm.krasowska' + '@' + 'pb.edu.pl'\">m.krasowska [at] pb.edu.pl<\/a><\/td>\n<\/tr>\n<tr>\n<td>Krzysztof Miastkowski, PhD, Eng.<\/td>\n<td>73B<\/td>\n<td>+48 85 746 96 58<br \/>\n+48 797 995 929<\/td>\n<td><i class=\"fal fa-envelope\"><\/i> <a href=\"#\" rel=\"nofollow\"  onclick=\"this.href='mailto:' + 'k.miastkowski' + '@' + 'pb.edu.pl'\">k.miastkowski [at] pb.edu.pl<\/a><\/td>\n<\/tr>\n<tr>\n<td>Aneta Sienkiewicz, PhD, Eng.<\/td>\n<td>73B<\/td>\n<td>+48 85 746 96 58<br \/>\n+48 797 995 929<\/td>\n<td><i class=\"fal fa-envelope\"><\/i> <a href=\"#\" rel=\"nofollow\"  onclick=\"this.href='mailto:' + 'a.sienkiewicz' + '@' + 'pb.edu.pl'\">a.sienkiewicz [at] pb.edu.pl<\/a><\/td>\n<\/tr>\n<tr>\n<td>Agnieszka Wysocka-Czubaszek, PhD, Eng.<\/td>\n<td>11B<\/td>\n<td>+48 797 995 952<\/td>\n<td><i class=\"fal fa-envelope\"><\/i> <a href=\"#\" rel=\"nofollow\"  onclick=\"this.href='mailto:' + 'a.wysocka' + '@' + 'pb.edu.pl'\">a.wysocka [at] pb.edu.pl<\/a><\/td>\n<\/tr>\n<tr>\n<tr>\n<td>Zofia Tyszkiewicz, PhD, Eng.<\/td>\n<td>7B<\/td>\n<td>+48 571 443 141<\/td>\n<td><i class=\"fal fa-envelope\"><\/i> <a href=\"#\" rel=\"nofollow\"  onclick=\"this.href='mailto:' + 'z.tyszkiewicz' + '@' + 'pb.edu.pl'\">z.tyszkiewicz [at] pb.edu.pl<\/a><\/td>\n<\/tr>\n<tr>\n<td>Dorota Dec, PhD, Eng.<\/td>\n<td>75B<\/td>\n<td>+48 571 443 129<\/td>\n<td><i class=\"fal fa-envelope\"><\/i> <a href=\"#\" rel=\"nofollow\"  onclick=\"this.href='mailto:' + 'd.dec' + '@' + 'pb.edu.pl'\">d.dec [at] pb.edu.pl<\/a><\/td>\n<\/tr>\n<tr>\n<td>Piotr Kondratiuk, PhD<\/td>\n<td>6B<\/td>\n<td>+48 571 443 139<\/td>\n<td><i class=\"fal fa-envelope\"><\/i> <a href=\"#\" rel=\"nofollow\"  onclick=\"this.href='mailto:' + 'p.kondratiuk' + '@' + 'pb.edu.pl'\">p.kondratiuk [at] pb.edu.pl<\/a><\/td>\n<\/tr>\n<tr>\n<td>Krzysztof Micun, PhD<\/td>\n<td>6B<\/td>\n<td>+48 571 443 139<\/td>\n<td><i class=\"fal fa-envelope\"><\/i> <a href=\"#\" rel=\"nofollow\"  onclick=\"this.href='mailto:' + 'k.micun' + '@' + 'pb.edu.pl'\">k.micun [at] pb.edu.pl<\/a><\/td>\n<\/tr>\n<tr>\n<td>S\u0142awomir Roj-Rojewski, PhD, Eng.<\/td>\n<td>6B<\/td>\n<td>+48 571 443 139<\/td>\n<td><i class=\"fal fa-envelope\"><\/i> <a href=\"#\" rel=\"nofollow\"  onclick=\"this.href='mailto:' + 's.roj' + '@' + 'pb.edu.pl'\">s.roj [at] pb.edu.pl<\/a><\/td>\n<\/tr>\n<tr>\n<td>Piotr Tarasewicz MSc, Eng.<\/td>\n<td>8BC<\/td>\n<td>+48 85 746 96 52<\/td>\n<td><i class=\"fal fa-envelope\"><\/i> <a href=\"#\" rel=\"nofollow\"  onclick=\"this.href='mailto:' + 'piotr.tarasewicz' + '@' + 'pb.edu.pl'\">piotr.tarasewicz [at] pb.edu.pl<\/a><\/td>\n<\/tr>\n<\/tbody>\n<\/table>\n<\/div>\n<hr>\n<h3>Technical Staff:<\/h3>\n<div class=\"table-responsive\">\n<table class=\"table table-bordered table-striped\" style=\"width: auto\">\n<tbody>\n<tr>\n<th>Degree \/ title, Name and surname<\/th>\n<th>Room<\/th>\n<th>Phone\/mobile<\/th>\n<th>Email<\/th>\n<\/tr>\n<tr>\n<td>Joanna Bublej, MSc, Eng.<\/td>\n<td>3B<\/td>\n<td>+48 501 127 146<\/td>\n<td><i class=\"fal fa-envelope\"><\/i> <a href=\"#\" rel=\"nofollow\"  onclick=\"this.href='mailto:' + 'j.bublej' + '@' + 'pb.edu.pl'\">j.bublej [at] pb.edu.pl<\/a><\/td>\n<\/tr>\n<tr>\n<td>Pawe\u0142 Cwalina, MSc, Eng.<\/td>\n<td>8BC<\/td>\n<td>+48 85 746 96 52<\/td>\n<td><i class=\"fal fa-envelope\"><\/i> p.cwalina [at] pb.edu.pl<\/td>\n<\/tr>\n<tr>\n<td>Marcin Matejko, Eng.<\/td>\n<td>032B<\/td>\n<td>+48 517 177 554<\/td>\n<td><i class=\"fal fa-envelope\"><\/i> <a href=\"#\" rel=\"nofollow\"  onclick=\"this.href='mailto:' + 'm.matejko' + '@' + 'pb.edu.pl'\">m.matejko [at] pb.edu.pl<\/a><\/td>\n<\/tr>\n<\/tbody>\n<\/table>\n<\/div>\n<hr>\n<h3>Works for the development of young scientists and participants of doctoral studies<\/h3>\n<div class=\"table-responsive\">\n<table class=\"table table-bordered table-striped\" style=\"width: auto\">\n<tbody>\n<tr>\n<th><strong>No.<\/strong><\/th>\n<th>Title<\/th>\n<th>Work manager<\/th>\n<\/tr>\n<tr>\n<td>1.<\/td>\n<td>Development of an effective method of isolation and determination of polychlorinated biphenyls (PCBs) and polycyclic aromatic hydrocarbons (PAHs) in composts from urban green waste and by-products of the agri-food industry<\/td>\n<td>Marzena Ewa Smolewska, MSc, doctoral student<\/td>\n<\/tr>\n<tr>\n<td>2.<\/td>\n<td>Cow manure biomass combustion efficiency in terms of mathematical modeling and cost consumption<\/td>\n<td>Aneta Szymajda, MSc, Eng., doctoral student<\/td>\n<\/tr>\n<tr>\n<td>3.<\/td>\n<td>Protection and management of environmental resources in North-Eastern Poland<\/td>\n<td>Assoc. Prof. Piotr Banaszuk, DSc, PhD<br \/>\n(Broniewicz E., Ko\u0142os A., Czubaszek R., Kamocki A., Wysocka-Czubaszek A., Bublej J.)<\/td>\n<\/tr>\n<tr>\n<td>4.<\/td>\n<td>Biotechnological use of substances, products and plant waste in engineering and environmental protection<\/td>\n<td>Assoc. Prof. Gra\u017cyna \u0141aska, DSc, PhD<br \/>\n(Sienkiewicz A.)<\/td>\n<\/tr>\n<tr>\n<td>5.<\/td>\n<td>Innovative technologies for the processing and processing of raw materials and agri-food products<\/td>\n<td>Assoc. Prof. S\u0142awomir Obidzi\u0144ski, DSc, PhD, Eng.<br \/>\n(Hejft R., Wiater J., Piekut J., Joka M., Krasowska M., Kowczyk-Sadowy M., Siegie\u0144 G., D\u0105browski W., Miastkowski K.)<\/td>\n<\/tr>\n<\/tbody>\n<\/table>\n<\/div>\n<p>&nbsp;<\/p>\n<hr>\n<h3>Services and research offerings<\/h3>\n<p><strong>Agricultural and Food Engineering<\/strong><\/p>\n<ul>\n<li>Low-emission technologies of solid fuels combustion<\/li>\n<li>Flue gas cleaning technologies<\/li>\n<li>Production of high-methane synthesis gases of high calorific value<\/li>\n<li>Assessment of the susceptibility to compaction of plant materials (including waste materials)<\/li>\n<li>Production and quality assessment of fuels in granulated form (pellets)<\/li>\n<li>Production and quality assessment of fuels in the form of briquettes<\/li>\n<li>Production and quality assessment of feed pellets (including from waste materials)<\/li>\n<li>Morphological characteristics of fine-grained (dusty) materials<\/li>\n<li>Investigation of changes in water activity of food products<\/li>\n<li>Evaluation of rheological properties of liquid food products<\/li>\n<li>Analysis of the influence of process parameters on the quality of food products<\/li>\n<li>Analyses of the effect of process parameters on the quality of comminuted food products<\/li>\n<li>Analyses of the influence of process parameters on the quality of comminuted food products<\/li>\n<li>Production and quality assessment of non-pressure agglomeration products (food products, waste products, agricultural fertilizers<\/li>\n<li>Analysis of the thickening of liquid food products<\/li>\n<\/ul>\n<p><strong>Protection and shaping of environment<\/strong><\/p>\n<ul>\n<li>Design of wetland habitat restoration<\/li>\n<li>Evaluation and valorization of environment<\/li>\n<li>Laboratory analyses of physical and chemical properties of soil, water and plant material<\/li>\n<li>Evaluation of current and potential quality and production values of reclaimed meadows, assessment of the need for reclamation<\/li>\n<li>Optimization of biogas production process<\/li>\n<li>Evaluation of potential biogas yield from different substrates<\/li>\n<li>Studies on greenhouse gas emissions<\/li>\n<\/ul>\n<p><strong>Laboratory equipment<\/strong><\/p>\n<ul>\n<li>DSC calorimeter<\/li>\n<li>Microplate reader<\/li>\n<li>UV-Vis spectrophotometer<\/li>\n<li>Testing machine<\/li>\n<li>Texture analyzer TA.XT PLUS<\/li>\n<li>Granulation process test stand<\/li>\n<li>Kl-12Mn calorimeter<\/li>\n<li>BioReactor Simulator (Bioprocesscontrol) &#8211; multi-station set for determination of biogas production potential<\/li>\n<li>Tracer GC-2010 plus gas chromatograph (Shimadzu)<\/li>\n<li>TOC L (Shimadzu) &#8211; kit for determination of nitrogen and carbon in liquid samples with carbon attachment for solid samples<\/li>\n<li>Atomic absorption spectrophotometer with graphite cuvette and hydride generator (GBC) &#8211; determination of selected elements in liquid samples<\/li>\n<li>OxiTop (WTW) Bottle Sets with equipment for determination of biogas production intensity<\/li>\n<li>Flame photometer (BWB) &#8211; determination of sodium, potassium and calcium in environmental samples<\/li>\n<li>Station for solid fuel combustion with MCA10 flue gas analyzer<\/li>\n<li>Laminar chamber<\/li>\n<li>Water activity meter AQUA LAB<\/li>\n<\/ul>\n<p>&nbsp;<\/p>\n","protected":false},"excerpt":{"rendered":"<p>Head of Department \u2013 Assoc. Prof. S\u0142awomir Obidzi\u0144ski, DSc, PhD, Eng. Department Office: Urszula Dybko<a class=\"read-more\" href=\"https:\/\/wb.pb.edu.pl\/en\/faculty\/institutes-and-departments\/department-of-agri-food-engineering-and-environmental-management\/\" title=\"Poka\u017c artyku\u0142 Department of Agri-Food Engineering and Environmental Management\">more<\/a><\/p>\n","protected":false},"author":4,"featured_media":0,"parent":11943,"menu_order":7,"comment_status":"closed","ping_status":"closed","template":"","meta":{"inline_featured_image":false,"ngg_post_thumbnail":0,"footnotes":""},"class_list":["post-11959","page","type-page","status-publish","hentry"],"acf":[],"yoast_head":"<!-- This site is optimized with the Yoast SEO plugin v26.4 - https:\/\/yoast.com\/wordpress\/plugins\/seo\/ -->\n<title>Department of Agri-Food Engineering and Environmental Management - Faculty of Civil Engineering and Environmental Sciences<\/title>\n<meta name=\"description\" content=\"Head of Department \u2013 Assoc. Prof. S\u0142awomir Obidzi\u0144ski, DSc, PhD, Eng. Department Office: Urszula Dybko Wiejska 45E street, 15-351 Bia\u0142ystok, Poland room:\" \/>\n<meta name=\"robots\" content=\"index, follow, max-snippet:-1, max-image-preview:large, max-video-preview:-1\" \/>\n<link rel=\"canonical\" href=\"https:\/\/wb.pb.edu.pl\/en\/faculty\/institutes-and-departments\/department-of-agri-food-engineering-and-environmental-management\/\" \/>\n<meta name=\"twitter:label1\" content=\"Est. reading time\" \/>\n\t<meta name=\"twitter:data1\" content=\"6 minutes\" \/>\n<script type=\"application\/ld+json\" class=\"yoast-schema-graph\">{\"@context\":\"https:\/\/schema.org\",\"@graph\":[{\"@type\":\"WebPage\",\"@id\":\"https:\/\/wb.pb.edu.pl\/en\/faculty\/institutes-and-departments\/department-of-agri-food-engineering-and-environmental-management\/\",\"url\":\"https:\/\/wb.pb.edu.pl\/en\/faculty\/institutes-and-departments\/department-of-agri-food-engineering-and-environmental-management\/\",\"name\":\"Department of Agri-Food Engineering and Environmental Management - Faculty of Civil Engineering and Environmental Sciences\",\"isPartOf\":{\"@id\":\"https:\/\/wb.pb.edu.pl\/en\/#website\"},\"datePublished\":\"2018-02-19T13:04:23+00:00\",\"dateModified\":\"2024-10-02T09:28:54+00:00\",\"description\":\"Head of Department \u2013 Assoc. Prof. S\u0142awomir Obidzi\u0144ski, DSc, PhD, Eng. Department Office: Urszula Dybko Wiejska 45E street, 15-351 Bia\u0142ystok, Poland room:\",\"breadcrumb\":{\"@id\":\"https:\/\/wb.pb.edu.pl\/en\/faculty\/institutes-and-departments\/department-of-agri-food-engineering-and-environmental-management\/#breadcrumb\"},\"inLanguage\":\"en-US\",\"potentialAction\":[{\"@type\":\"ReadAction\",\"target\":[\"https:\/\/wb.pb.edu.pl\/en\/faculty\/institutes-and-departments\/department-of-agri-food-engineering-and-environmental-management\/\"]}]},{\"@type\":\"BreadcrumbList\",\"@id\":\"https:\/\/wb.pb.edu.pl\/en\/faculty\/institutes-and-departments\/department-of-agri-food-engineering-and-environmental-management\/#breadcrumb\",\"itemListElement\":[{\"@type\":\"ListItem\",\"position\":1,\"name\":\"Strona g\u0142\u00f3wna\",\"item\":\"https:\/\/wb.pb.edu.pl\/en\/\"},{\"@type\":\"ListItem\",\"position\":2,\"name\":\"Faculty\",\"item\":\"https:\/\/wb.pb.edu.pl\/en\/faculty\/\"},{\"@type\":\"ListItem\",\"position\":3,\"name\":\"Institutes and Departments\",\"item\":\"https:\/\/wb.pb.edu.pl\/en\/faculty\/institutes-and-departments\/\"},{\"@type\":\"ListItem\",\"position\":4,\"name\":\"Department of Agri-Food Engineering and Environmental Management\"}]},{\"@type\":\"WebSite\",\"@id\":\"https:\/\/wb.pb.edu.pl\/en\/#website\",\"url\":\"https:\/\/wb.pb.edu.pl\/en\/\",\"name\":\"Faculty of Civil Engineering and Environmental Sciences\",\"description\":\"\",\"potentialAction\":[{\"@type\":\"SearchAction\",\"target\":{\"@type\":\"EntryPoint\",\"urlTemplate\":\"https:\/\/wb.pb.edu.pl\/en\/?s={search_term_string}\"},\"query-input\":{\"@type\":\"PropertyValueSpecification\",\"valueRequired\":true,\"valueName\":\"search_term_string\"}}],\"inLanguage\":\"en-US\"}]}<\/script>\n<!-- \/ Yoast SEO plugin. -->","yoast_head_json":{"title":"Department of Agri-Food Engineering and Environmental Management - Faculty of Civil Engineering and Environmental Sciences","description":"Head of Department \u2013 Assoc. Prof. S\u0142awomir Obidzi\u0144ski, DSc, PhD, Eng. Department Office: Urszula Dybko Wiejska 45E street, 15-351 Bia\u0142ystok, Poland room:","robots":{"index":"index","follow":"follow","max-snippet":"max-snippet:-1","max-image-preview":"max-image-preview:large","max-video-preview":"max-video-preview:-1"},"canonical":"https:\/\/wb.pb.edu.pl\/en\/faculty\/institutes-and-departments\/department-of-agri-food-engineering-and-environmental-management\/","twitter_misc":{"Est. reading time":"6 minutes"},"schema":{"@context":"https:\/\/schema.org","@graph":[{"@type":"WebPage","@id":"https:\/\/wb.pb.edu.pl\/en\/faculty\/institutes-and-departments\/department-of-agri-food-engineering-and-environmental-management\/","url":"https:\/\/wb.pb.edu.pl\/en\/faculty\/institutes-and-departments\/department-of-agri-food-engineering-and-environmental-management\/","name":"Department of Agri-Food Engineering and Environmental Management - Faculty of Civil Engineering and Environmental Sciences","isPartOf":{"@id":"https:\/\/wb.pb.edu.pl\/en\/#website"},"datePublished":"2018-02-19T13:04:23+00:00","dateModified":"2024-10-02T09:28:54+00:00","description":"Head of Department \u2013 Assoc. Prof. S\u0142awomir Obidzi\u0144ski, DSc, PhD, Eng. Department Office: Urszula Dybko Wiejska 45E street, 15-351 Bia\u0142ystok, Poland room:","breadcrumb":{"@id":"https:\/\/wb.pb.edu.pl\/en\/faculty\/institutes-and-departments\/department-of-agri-food-engineering-and-environmental-management\/#breadcrumb"},"inLanguage":"en-US","potentialAction":[{"@type":"ReadAction","target":["https:\/\/wb.pb.edu.pl\/en\/faculty\/institutes-and-departments\/department-of-agri-food-engineering-and-environmental-management\/"]}]},{"@type":"BreadcrumbList","@id":"https:\/\/wb.pb.edu.pl\/en\/faculty\/institutes-and-departments\/department-of-agri-food-engineering-and-environmental-management\/#breadcrumb","itemListElement":[{"@type":"ListItem","position":1,"name":"Strona g\u0142\u00f3wna","item":"https:\/\/wb.pb.edu.pl\/en\/"},{"@type":"ListItem","position":2,"name":"Faculty","item":"https:\/\/wb.pb.edu.pl\/en\/faculty\/"},{"@type":"ListItem","position":3,"name":"Institutes and Departments","item":"https:\/\/wb.pb.edu.pl\/en\/faculty\/institutes-and-departments\/"},{"@type":"ListItem","position":4,"name":"Department of Agri-Food Engineering and Environmental Management"}]},{"@type":"WebSite","@id":"https:\/\/wb.pb.edu.pl\/en\/#website","url":"https:\/\/wb.pb.edu.pl\/en\/","name":"Faculty of Civil Engineering and Environmental Sciences","description":"","potentialAction":[{"@type":"SearchAction","target":{"@type":"EntryPoint","urlTemplate":"https:\/\/wb.pb.edu.pl\/en\/?s={search_term_string}"},"query-input":{"@type":"PropertyValueSpecification","valueRequired":true,"valueName":"search_term_string"}}],"inLanguage":"en-US"}]}},"_links":{"self":[{"href":"https:\/\/wb.pb.edu.pl\/en\/wp-json\/wp\/v2\/pages\/11959","targetHints":{"allow":["GET"]}}],"collection":[{"href":"https:\/\/wb.pb.edu.pl\/en\/wp-json\/wp\/v2\/pages"}],"about":[{"href":"https:\/\/wb.pb.edu.pl\/en\/wp-json\/wp\/v2\/types\/page"}],"author":[{"embeddable":true,"href":"https:\/\/wb.pb.edu.pl\/en\/wp-json\/wp\/v2\/users\/4"}],"replies":[{"embeddable":true,"href":"https:\/\/wb.pb.edu.pl\/en\/wp-json\/wp\/v2\/comments?post=11959"}],"version-history":[{"count":17,"href":"https:\/\/wb.pb.edu.pl\/en\/wp-json\/wp\/v2\/pages\/11959\/revisions"}],"predecessor-version":[{"id":21523,"href":"https:\/\/wb.pb.edu.pl\/en\/wp-json\/wp\/v2\/pages\/11959\/revisions\/21523"}],"up":[{"embeddable":true,"href":"https:\/\/wb.pb.edu.pl\/en\/wp-json\/wp\/v2\/pages\/11943"}],"wp:attachment":[{"href":"https:\/\/wb.pb.edu.pl\/en\/wp-json\/wp\/v2\/media?parent=11959"}],"curies":[{"name":"wp","href":"https:\/\/api.w.org\/{rel}","templated":true}]}}