{"id":11961,"date":"2018-02-19T14:06:13","date_gmt":"2018-02-19T13:06:13","guid":{"rendered":"https:\/\/wb.pb.edu.pl\/faculty\/institutes-and-departments\/katedra-technologii-w-inzynierii-srodowiska\/"},"modified":"2024-09-04T10:06:11","modified_gmt":"2024-09-04T08:06:11","slug":"department-of-technology-in-enviromental-engineering","status":"publish","type":"page","link":"https:\/\/wb.pb.edu.pl\/en\/faculty\/institutes-and-departments\/department-of-technology-in-enviromental-engineering\/","title":{"rendered":"Department of Technology in Enviromental Engineering"},"content":{"rendered":"<h3>Department Head &#8211; prof. Katarzyna Ignatowicz, DSc, PhD, Eng.<\/h3>\n<p> <i class=\"fal fa-envelope\"><\/i> <a href=\"#\" rel=\"nofollow\"  onclick=\"this.href='mailto:' + 'k.ignatowicz' + '@' + 'pb.edu.pl'\">k.ignatowicz [at] pb.edu.pl<\/a>\n<hr>\n<h3>Department Office:<\/h3>\n<p>El\u017cbieta Stachniewicz, MSc, Eng.<br \/>\nWiejska 45E street, 15-351 Bia\u0142ystok, Poland<br \/>\n<strong>room: 3\/10<\/strong><br \/>\n<i class=\"fal fa-phone\"><\/i> +48 85 746 95 63<br \/>\n <i class=\"fal fa-envelope\"><\/i> <a href=\"#\" rel=\"nofollow\"  onclick=\"this.href='mailto:' + 'wb.ktwis' + '@' + 'pb.edu.pl'\">wb.ktwis [at] pb.edu.pl<\/a>\n<hr>\n<h3>Scientific and didactic employees:<\/h3>\n<div class=\"table-responsive\">\n<table class=\"table table-bordered table-striped\" style=\"width: auto\">\n<tbody>\n<tr>\n<th>Degree\/title, Name and surname<\/th>\n<th>Room<\/th>\n<th>Phone\/mobile<\/th>\n<th>Email<\/th>\n<\/tr>\n<tr>\n<td>Prof. Katarzyna Ignatowicz, DSc, PhD, Eng.<\/td>\n<td>3\/9<\/td>\n<td>+48 85 746 95 63<br \/>\n+48 571 443 148<\/td>\n<td><i class=\"fal fa-envelope\"><\/i> <a href=\"#\" rel=\"nofollow\"  onclick=\"this.href='mailto:' + ' k.ignatowicz' + '@' + 'pb.edu.pl'\"> k.ignatowicz [at] pb.edu.pl<\/a><\/td>\n<\/tr>\n<tr>\n<td>Prof. Iwona Skoczko, DSc, PhD, Eng.<\/td>\n<td>3\/8<\/td>\n<td>+48 571 443 151<\/td>\n<td><i class=\"fal fa-envelope\"><\/i> <a href=\"#\" rel=\"nofollow\"  onclick=\"this.href='mailto:' + ' i.skoczko' + '@' + 'pb.edu.pl'\"> i.skoczko [at] pb.edu.pl<\/a><\/td>\n<\/tr>\n<tr>\n<td>Assoc. Prof. Dariusz Boruszko, DSc, PhD, Eng.<\/td>\n<td>3\/3<\/td>\n<td>+48 571 443 146<\/td>\n<td><i class=\"fal fa-envelope\"><\/i> <a href=\"#\" rel=\"nofollow\"  onclick=\"this.href='mailto:' + ' d.boruszko' + '@' + 'pb.edu.pl'\"> d.boruszko [at] pb.edu.pl<\/a><\/td>\n<\/tr>\n<tr>\n<td>Assoc. Prof. Aleksander Kiryluk, DSc, PhD, Eng.<\/td>\n<td>3\/33<\/td>\n<td>+48 797 995 919<\/td>\n<td><i class=\"fal fa-envelope\"><\/i> <a href=\"#\" rel=\"nofollow\"  onclick=\"this.href='mailto:' + ' a.kiryluk' + '@' + 'pb.edu.pl'\"> a.kiryluk [at] pb.edu.pl<\/a><\/td>\n<\/tr>\n<tr>\n<td>Assoc. Prof. Janina Piekutin, DSc, PhD<\/td>\n<td>3\/4<\/td>\n<td>+48 571 443 147<\/td>\n<td><i class=\"fal fa-envelope\"><\/i> <a href=\"#\" rel=\"nofollow\"  onclick=\"this.href='mailto:' + ' j.piekutin' + '@' + 'pb.edu.pl'\"> j.piekutin [at] pb.edu.pl<\/a><\/td>\n<\/tr>\n<tr>\n<td>Assoc. Prof. Miros\u0142aw Skorbi\u0142owicz, DSc, PhD, Eng.<\/td>\n<td>3\/30<\/td>\n<td>+48 797 996 001<\/td>\n<td><i class=\"fal fa-envelope\"><\/i> <a href=\"#\" rel=\"nofollow\"  onclick=\"this.href='mailto:' + ' m.skorbilowicz' + '@' + 'pb.edu.pl'\"> m.skorbilowicz [at] pb.edu.pl<\/a><\/td>\n<\/tr>\n<tr>\n<td>Jacek Leszczy\u0144ski, PhD, Eng.<\/td>\n<td>3\/5<\/td>\n<td>+48 571 443 148<\/td>\n<td><i class=\"fal fa-envelope\"><\/i> <a href=\"#\" rel=\"nofollow\"  onclick=\"this.href='mailto:' + ' j.leszczynski' + '@' + 'pb.edu.pl'\"> j.leszczynski [at] pb.edu.pl<\/a><\/td>\n<\/tr>\n<tr>\n<td>Adam \u0141ukowski, PhD<\/td>\n<td>3\/6<\/td>\n<td>+48 571 443 149<\/td>\n<td><i class=\"fal fa-envelope\"><\/i> <a href=\"#\" rel=\"nofollow\"  onclick=\"this.href='mailto:' + ' a.lukowski' + '@' + 'pb.edu.pl'\"> a.lukowski [at] pb.edu.pl<\/a><\/td>\n<\/tr>\n<tr>\n<td>Piotr Ofman, PhD, Eng.<\/td>\n<td>3\/32<\/td>\n<td>+48 571 443 155<\/td>\n<td><i class=\"fal fa-envelope\"><\/i> <a href=\"#\" rel=\"nofollow\"  onclick=\"this.href='mailto:' + ' p.ofman' + '@' + 'pb.edu.pl'\"> p.ofman [at] pb.edu.pl<\/a><\/td>\n<\/tr>\n<tr>\n<td>Joanna Struk-Soko\u0142owska, PhD, Eng.<\/td>\n<td>3\/6<\/td>\n<td>+48 571 443 149<\/td>\n<td><i class=\"fal fa-envelope\"><\/i> <a href=\"#\" rel=\"nofollow\"  onclick=\"this.href='mailto:' + ' j.struk' + '@' + 'pb.edu.pl'\"> j.struk [at] pb.edu.pl<\/a><\/td>\n<\/tr>\n<tr>\n<td>Ewa Szaty\u0142owicz, PhD, Eng.<\/td>\n<td>3\/8<\/td>\n<td>+48 571 443 151<\/td>\n<td><i class=\"fal fa-envelope\"><\/i> <a href=\"#\" rel=\"nofollow\"  onclick=\"this.href='mailto:' + ' e.szatylowicz' + '@' + 'pb.edu.pl'\"> e.szatylowicz [at] pb.edu.pl<\/a><\/td>\n<\/tr>\n<\/tbody>\n<\/table>\n<\/div>\n<hr>\n<h3>Didactic employees:<\/h3>\n<div class=\"table-responsive\">\n<table class=\"table table-bordered table-striped\" style=\"width: auto\">\n<tbody>\n<tr>\n<th>Degree\/title, Name and surname<\/th>\n<th>Room<\/th>\n<th>Phone\/mobile<\/th>\n<th>Email<\/th>\n<\/tr>\n<tr>\n<td>El\u017cbieta Grygorczuk-Petersons, PhD, Eng.<\/td>\n<td>3\/31<\/td>\n<td>+48 571 443 153<\/td>\n<td><i class=\"fal fa-envelope\"><\/i> <a href=\"#\" rel=\"nofollow\"  onclick=\"this.href='mailto:' + ' e.petersons' + '@' + 'pb.edu.pl'\"> e.petersons [at] pb.edu.pl<\/a><\/td>\n<\/tr>\n<tr>\n<td>Lech Magrel, PhD, Eng.<\/td>\n<td>3\/4<\/td>\n<td>+48 571 443 147<\/td>\n<td><i class=\"fal fa-envelope\"><\/i> <a href=\"#\" rel=\"nofollow\"  onclick=\"this.href='mailto:' + ' l.magrel' + '@' + 'pb.edu.pl'\"> l.magrel [at] pb.edu.pl<\/a><\/td>\n<\/tr>\n<tr>\n<td>Assoc. Prof. Anna Siemieniuk, PhD, Eng.<\/td>\n<td>3\/7<\/td>\n<td>+48 571 443 150<\/td>\n<td><i class=\"fal fa-envelope\"><\/i> <a href=\"#\" rel=\"nofollow\"  onclick=\"this.href='mailto:' + ' a.siemieniuk' + '@' + 'pb.edu.pl'\"> a.siemieniuk [at] pb.edu.pl<\/a><\/td>\n<\/tr>\n<tr>\n<td>Assoc. Prof. Joanna Szczykowska, PhD<\/td>\n<td>3\/7<\/td>\n<td>+48 571 443 150<\/td>\n<td><i class=\"fal fa-envelope\"><\/i> <a href=\"#\" rel=\"nofollow\"  onclick=\"this.href='mailto:' + ' j.szczykowsk' + '@' + 'pb.edu.pl'\"> j.szczykowsk [at] pb.edu.pl<\/a><\/td>\n<\/tr>\n<\/tbody>\n<\/table>\n<\/div>\n<hr>\n<h3>Technical employees:<\/h3>\n<div class=\"table-responsive\">\n<table class=\"table table-bordered table-striped\" style=\"width: auto\">\n<tbody>\n<tr>\n<th>Degree\/title, Name and surname<\/th>\n<th>Room<\/th>\n<th>Phone\/mobile<\/th>\n<th>Email<\/th>\n<\/tr>\n<tr>\n<td>Dawid \u0141api\u0144ski, MSc, Eng.<\/td>\n<td>3\/32<\/td>\n<td>+48 571 443 155<\/td>\n<td><i class=\"fal fa-envelope\"><\/i> <a href=\"#\" rel=\"nofollow\"  onclick=\"this.href='mailto:' + ' d.lapinski' + '@' + 'pb.edu.pl'\"> d.lapinski [at] pb.edu.pl<\/a><\/td>\n<\/tr>\n<tr>\n<td>Julia Wo\u017aniuk, MSc, Eng.<\/td>\n<td>3\/32<\/td>\n<td> <\/td>\n<td><i class=\"fal fa-envelope\"><\/i> <a href=\"#\" rel=\"nofollow\"  onclick=\"this.href='mailto:' + ' julia.wozniuk' + '@' + 'pb.edu.pl'\"> julia.wozniuk [at] pb.edu.pl<\/a><\/td>\n<\/tr>\n<tr>\n<td>El\u017cbieta \u017bebranowicz, MSc, Eng.<\/td>\n<td>3\/31<\/td>\n<td>+48 571 443 153<\/td>\n<td><i class=\"fal fa-envelope\"><\/i> <a href=\"#\" rel=\"nofollow\"  onclick=\"this.href='mailto:' + ' e.zebranowicz' + '@' + 'pb.edu.pl'\"> e.zebranowicz [at] pb.edu.pl<\/a><\/td>\n<\/tr>\n<\/tbody>\n<\/table>\n<\/div>\n<hr>\n<h3>Works for the development of young scientists and participants of doctoral studies<\/h3>\n<div class=\"table-responsive\">\n<table class=\"table table-bordered table-striped\" style=\"width: auto\">\n<tbody>\n<tr>\n<th><strong>No.<\/strong><\/th>\n<th>Title<\/th>\n<th>Work manager<\/th>\n<\/tr>\n<tr>\n<td>1.<\/td>\n<td>Research on the use of activated carbons with increased porosity<\/td>\n<td>Remigiusz Gumi\u0144ski, MSc, Eng., doctoral student<\/td>\n<\/tr>\n<tr>\n<td>2.<\/td>\n<td>Influence of car transport on the content of heavy metals in road dust from an urban area<\/td>\n<td>\u0141ukasz Trybu\u0142owski, MSc, Eng., doctoral student<\/td>\n<\/tr>\n<tr>\n<td>3.<\/td>\n<td>Advanced technological solutions in engineering and environmental protection systems<\/td>\n<td>Prof. Katarzyna Ignatowicz, DSc, PhD, Eng. (Skoczko I., Boruszko D., Kiryluk A., Piekutin J., Skorbi\u0142owicz M., Skorbi\u0142owicz E., Leszczy\u0144ski J., \u0141ukowski A., Ofman P., Szaty\u0142owicz E., Struk-Soko\u0142owska J.)<\/td>\n<\/tr>\n<tr>\n<td>4.<\/td>\n<td>Research on the regeneration process of the sorption and strength properties of selected activated carbons<\/td>\n<td>\u0141ukasz Winconek, MSc, Eng., doctoral student<\/td>\n<\/tr>\n<\/tbody>\n<\/table>\n<\/div>\n<hr>\n<h3>Services and research offer<\/h3>\n<p><strong>Technical, chemical, ecological judgments and environmental opinions in the field of:<\/strong><\/p>\n<ul>\n<li>wastewater treatment technology using hydrophytic deposits for industrial wastewater treatment with particular emphasis on wastewater from food processing;<\/li>\n<li>sludge management on wastewater treatment plants with the use of vermicompost, including the transformation of carbon compounds and selected micropollutants;<\/li>\n<li>Water treatment technologies using membrane methods in terms of their applicability for removal of micropollutants from surface and underground waters<\/li>\n<li>processes of deepened oxidation, taking into account the efficiency of removal of selected organic pollutants from industrial wastewater and leachates from landfills, as well as the evaluation of post-process residues<\/li>\n<li>Mechanisms of transformation, immobilization and degradation of selected pesticides in wastewater treatment technology and aquatic and groundwater environment;<\/li>\n<li>wastewater treatment technologies for municipal and industrial wastewater in SBR reactors including transformations of carbon compounds expressed as COD fractions and selected micropollutants;<\/li>\n<li>further use of waste materials in waste management systems and assessment of potential environmental risks in terms of heavy metals and organic micropollutants;<\/li>\n<li>air protection, including determination of the impact of stationary emission sources on the ambient air quality in settlement units on the basis of field studies and solid fuel combustion technologies<\/li>\n<li>filtration process applied to water treatment for household and industrial purposes with the use of innovative filtration materials and water magnetisation process;<\/li>\n<li>monitoring the amounts of heavy metals in agricultural crops and agricultural soils of non-urbanised areas<\/li>\n<li>Determination of the degree of anthropopression in rural areas and landscape of lowland rivers;<\/li>\n<li>determination of the degree of urban dustiness and communication routes as elements of human impact on the quality of the urban environment;<\/li>\n<li>monitoring of surface water quality as regards the influence of anthropopressure factors;<\/li>\n<li>monitoring of surface waters and groundwaters taking into account physical and chemical parameters, including among others microplastics and selected micropollutants<\/li>\n<li>systems of municipal and industrial waste management, methods of utilization and recycling of waste materials, taking into consideration development of waste management plans<\/li>\n<li>Wastewater treatment technologies using aerobic granulated activated sludge and methods of aerobic granulated sludge production in SBR reactors;<\/li>\n<li>low-cost methods of nitrogen removal from treated wastewater;<\/li>\n<li>condition assessment and advisory services in detailed and basic drainage systems.<\/li>\n<\/ul>\n<p><strong>In addition, the Department offers the following services:<\/strong><\/p>\n<ul>\n<li>scientific consulting in the field of selection of appropriate apparatus, method of performing analyses and interpretation of obtained results;<\/li>\n<li>expert opinions and technical opinions on environmental protection;<\/li>\n<li>expert opinions and technical opinions on water and wastewater management;<\/li>\n<li>technological supervision of environmental engineering facilities, including water treatment stations, sewage treatment plants and water and sewage networks<\/li>\n<li>drawing up of water-legal reports in the field of environmental engineering;<\/li>\n<li>preparation of environmental impact assessments;<\/li>\n<li>chemical analyses of pollutants contained in water, sewage, sludge and solid waste (e.g. determination of heavy metals) and microbiological analyses<\/li>\n<li>execution of sanitary projects and technological concepts for environmental engineering objects<\/li>\n<li>technological research of water treatment and sewage treatment, both on laboratory and semi-technical scale.<\/li>\n<\/ul>\n","protected":false},"excerpt":{"rendered":"<p>Department Head &#8211; prof. Katarzyna Ignatowicz, DSc, PhD, Eng. Department Office: El\u017cbieta Stachniewicz, MSc, Eng.<a class=\"read-more\" href=\"https:\/\/wb.pb.edu.pl\/en\/faculty\/institutes-and-departments\/department-of-technology-in-enviromental-engineering\/\" title=\"Poka\u017c artyku\u0142 Department of Technology in Enviromental Engineering\">more<\/a><\/p>\n","protected":false},"author":4,"featured_media":0,"parent":11943,"menu_order":8,"comment_status":"closed","ping_status":"closed","template":"","meta":{"inline_featured_image":false,"ngg_post_thumbnail":0,"footnotes":""},"class_list":["post-11961","page","type-page","status-publish","hentry"],"acf":[],"yoast_head":"<!-- This site is optimized with the Yoast SEO plugin v26.4 - https:\/\/yoast.com\/wordpress\/plugins\/seo\/ -->\n<title>Department of Technology in Enviromental Engineering - Faculty of Civil Engineering and Environmental Sciences<\/title>\n<meta name=\"description\" content=\"Department Head - prof. Katarzyna Ignatowicz, DSc, PhD, Eng. Department Office: El\u017cbieta Stachniewicz, MSc, Eng. Wiejska 45E street, 15-351 Bia\u0142ystok,\" \/>\n<meta name=\"robots\" content=\"index, follow, max-snippet:-1, max-image-preview:large, max-video-preview:-1\" \/>\n<link rel=\"canonical\" href=\"https:\/\/wb.pb.edu.pl\/en\/faculty\/institutes-and-departments\/department-of-technology-in-enviromental-engineering\/\" \/>\n<meta name=\"twitter:label1\" content=\"Est. reading time\" \/>\n\t<meta name=\"twitter:data1\" content=\"6 minutes\" \/>\n<script type=\"application\/ld+json\" class=\"yoast-schema-graph\">{\"@context\":\"https:\/\/schema.org\",\"@graph\":[{\"@type\":\"WebPage\",\"@id\":\"https:\/\/wb.pb.edu.pl\/en\/faculty\/institutes-and-departments\/department-of-technology-in-enviromental-engineering\/\",\"url\":\"https:\/\/wb.pb.edu.pl\/en\/faculty\/institutes-and-departments\/department-of-technology-in-enviromental-engineering\/\",\"name\":\"Department of Technology in Enviromental Engineering - Faculty of Civil Engineering and Environmental Sciences\",\"isPartOf\":{\"@id\":\"https:\/\/wb.pb.edu.pl\/en\/#website\"},\"datePublished\":\"2018-02-19T13:06:13+00:00\",\"dateModified\":\"2024-09-04T08:06:11+00:00\",\"description\":\"Department Head - prof. Katarzyna Ignatowicz, DSc, PhD, Eng. Department Office: El\u017cbieta Stachniewicz, MSc, Eng. Wiejska 45E street, 15-351 Bia\u0142ystok,\",\"breadcrumb\":{\"@id\":\"https:\/\/wb.pb.edu.pl\/en\/faculty\/institutes-and-departments\/department-of-technology-in-enviromental-engineering\/#breadcrumb\"},\"inLanguage\":\"en-US\",\"potentialAction\":[{\"@type\":\"ReadAction\",\"target\":[\"https:\/\/wb.pb.edu.pl\/en\/faculty\/institutes-and-departments\/department-of-technology-in-enviromental-engineering\/\"]}]},{\"@type\":\"BreadcrumbList\",\"@id\":\"https:\/\/wb.pb.edu.pl\/en\/faculty\/institutes-and-departments\/department-of-technology-in-enviromental-engineering\/#breadcrumb\",\"itemListElement\":[{\"@type\":\"ListItem\",\"position\":1,\"name\":\"Strona g\u0142\u00f3wna\",\"item\":\"https:\/\/wb.pb.edu.pl\/en\/\"},{\"@type\":\"ListItem\",\"position\":2,\"name\":\"Faculty\",\"item\":\"https:\/\/wb.pb.edu.pl\/en\/faculty\/\"},{\"@type\":\"ListItem\",\"position\":3,\"name\":\"Institutes and Departments\",\"item\":\"https:\/\/wb.pb.edu.pl\/en\/faculty\/institutes-and-departments\/\"},{\"@type\":\"ListItem\",\"position\":4,\"name\":\"Department of Technology in Enviromental Engineering\"}]},{\"@type\":\"WebSite\",\"@id\":\"https:\/\/wb.pb.edu.pl\/en\/#website\",\"url\":\"https:\/\/wb.pb.edu.pl\/en\/\",\"name\":\"Faculty of Civil Engineering and Environmental Sciences\",\"description\":\"\",\"potentialAction\":[{\"@type\":\"SearchAction\",\"target\":{\"@type\":\"EntryPoint\",\"urlTemplate\":\"https:\/\/wb.pb.edu.pl\/en\/?s={search_term_string}\"},\"query-input\":{\"@type\":\"PropertyValueSpecification\",\"valueRequired\":true,\"valueName\":\"search_term_string\"}}],\"inLanguage\":\"en-US\"}]}<\/script>\n<!-- \/ Yoast SEO plugin. -->","yoast_head_json":{"title":"Department of Technology in Enviromental Engineering - Faculty of Civil Engineering and Environmental Sciences","description":"Department Head - prof. Katarzyna Ignatowicz, DSc, PhD, Eng. Department Office: El\u017cbieta Stachniewicz, MSc, Eng. Wiejska 45E street, 15-351 Bia\u0142ystok,","robots":{"index":"index","follow":"follow","max-snippet":"max-snippet:-1","max-image-preview":"max-image-preview:large","max-video-preview":"max-video-preview:-1"},"canonical":"https:\/\/wb.pb.edu.pl\/en\/faculty\/institutes-and-departments\/department-of-technology-in-enviromental-engineering\/","twitter_misc":{"Est. reading time":"6 minutes"},"schema":{"@context":"https:\/\/schema.org","@graph":[{"@type":"WebPage","@id":"https:\/\/wb.pb.edu.pl\/en\/faculty\/institutes-and-departments\/department-of-technology-in-enviromental-engineering\/","url":"https:\/\/wb.pb.edu.pl\/en\/faculty\/institutes-and-departments\/department-of-technology-in-enviromental-engineering\/","name":"Department of Technology in Enviromental Engineering - Faculty of Civil Engineering and Environmental Sciences","isPartOf":{"@id":"https:\/\/wb.pb.edu.pl\/en\/#website"},"datePublished":"2018-02-19T13:06:13+00:00","dateModified":"2024-09-04T08:06:11+00:00","description":"Department Head - prof. Katarzyna Ignatowicz, DSc, PhD, Eng. Department Office: El\u017cbieta Stachniewicz, MSc, Eng. Wiejska 45E street, 15-351 Bia\u0142ystok,","breadcrumb":{"@id":"https:\/\/wb.pb.edu.pl\/en\/faculty\/institutes-and-departments\/department-of-technology-in-enviromental-engineering\/#breadcrumb"},"inLanguage":"en-US","potentialAction":[{"@type":"ReadAction","target":["https:\/\/wb.pb.edu.pl\/en\/faculty\/institutes-and-departments\/department-of-technology-in-enviromental-engineering\/"]}]},{"@type":"BreadcrumbList","@id":"https:\/\/wb.pb.edu.pl\/en\/faculty\/institutes-and-departments\/department-of-technology-in-enviromental-engineering\/#breadcrumb","itemListElement":[{"@type":"ListItem","position":1,"name":"Strona g\u0142\u00f3wna","item":"https:\/\/wb.pb.edu.pl\/en\/"},{"@type":"ListItem","position":2,"name":"Faculty","item":"https:\/\/wb.pb.edu.pl\/en\/faculty\/"},{"@type":"ListItem","position":3,"name":"Institutes and Departments","item":"https:\/\/wb.pb.edu.pl\/en\/faculty\/institutes-and-departments\/"},{"@type":"ListItem","position":4,"name":"Department of Technology in Enviromental Engineering"}]},{"@type":"WebSite","@id":"https:\/\/wb.pb.edu.pl\/en\/#website","url":"https:\/\/wb.pb.edu.pl\/en\/","name":"Faculty of Civil Engineering and Environmental Sciences","description":"","potentialAction":[{"@type":"SearchAction","target":{"@type":"EntryPoint","urlTemplate":"https:\/\/wb.pb.edu.pl\/en\/?s={search_term_string}"},"query-input":{"@type":"PropertyValueSpecification","valueRequired":true,"valueName":"search_term_string"}}],"inLanguage":"en-US"}]}},"_links":{"self":[{"href":"https:\/\/wb.pb.edu.pl\/en\/wp-json\/wp\/v2\/pages\/11961","targetHints":{"allow":["GET"]}}],"collection":[{"href":"https:\/\/wb.pb.edu.pl\/en\/wp-json\/wp\/v2\/pages"}],"about":[{"href":"https:\/\/wb.pb.edu.pl\/en\/wp-json\/wp\/v2\/types\/page"}],"author":[{"embeddable":true,"href":"https:\/\/wb.pb.edu.pl\/en\/wp-json\/wp\/v2\/users\/4"}],"replies":[{"embeddable":true,"href":"https:\/\/wb.pb.edu.pl\/en\/wp-json\/wp\/v2\/comments?post=11961"}],"version-history":[{"count":21,"href":"https:\/\/wb.pb.edu.pl\/en\/wp-json\/wp\/v2\/pages\/11961\/revisions"}],"predecessor-version":[{"id":21342,"href":"https:\/\/wb.pb.edu.pl\/en\/wp-json\/wp\/v2\/pages\/11961\/revisions\/21342"}],"up":[{"embeddable":true,"href":"https:\/\/wb.pb.edu.pl\/en\/wp-json\/wp\/v2\/pages\/11943"}],"wp:attachment":[{"href":"https:\/\/wb.pb.edu.pl\/en\/wp-json\/wp\/v2\/media?parent=11961"}],"curies":[{"name":"wp","href":"https:\/\/api.w.org\/{rel}","templated":true}]}}