{"id":11963,"date":"2019-10-24T21:15:38","date_gmt":"2019-10-24T19:15:38","guid":{"rendered":"https:\/\/wb.pb.edu.pl\/faculty\/institutes-and-departments\/katedra-wodociagow-i-kanalizacji\/"},"modified":"2026-01-23T09:02:20","modified_gmt":"2026-01-23T08:02:20","slug":"department-of-water-supply-sewerage-and-district-heating","status":"publish","type":"page","link":"https:\/\/wb.pb.edu.pl\/en\/faculty\/institutes-and-departments\/department-of-water-supply-sewerage-and-district-heating\/","title":{"rendered":"Department of Water Supply, Sewerage and District Heating"},"content":{"rendered":"<h3>Department Head &#8211; Assoc. Prof. Andrzej Gajewski, DSc, PhD, Eng.<\/h3>\n<a href=\"#\" rel=\"nofollow\"  onclick=\"this.href='mailto:' + 'a.gajewski' + '@' + 'pb.edu.pl'\">a.gajewski [at] pb.edu.pl<\/a>\n<hr>\n<h3>Department Office:<\/h3>\n<p>El\u017cbieta Stachniewicz, MSc, Eng.<br \/>\nWiejska 45E street, 15-351 Bia\u0142ystok, Poland<br \/>\n<strong>room: WB-3\/10<\/strong><br \/>\n<i class=\"fal fa-phone\"><\/i> +48 85 746 95 63<br \/>\n<i class=\"fal fa-envelope\"><\/i> <a href=\"#\" rel=\"nofollow\"  onclick=\"this.href='mailto:' + 'wb.kwik' + '@' + 'pb.edu.pl'\">wb.kwik [at] pb.edu.pl<\/a>\n<hr>\n<hr>\n<h3>The university teachers:<\/h3>\n<p><strong>team of water supply and sewage systems:<\/strong><\/p>\n<div class=\"table-responsive\">\n<table class=\"table table-bordered table-striped\" style=\"width: auto\">\n<tbody>\n<tr>\n<th>Degree\/title, Name and surname<\/th>\n<th>Room<\/th>\n<th>Phone\/mobile<\/th>\n<th>Email<\/th>\n<\/tr>\n<tr>\n<td>Assoc. Prof. Izabela Bartkowska, DSc, PhD, Eng.<\/td>\n<td>WB-4\/36<\/td>\n<td><i class=\"fal fa-phone\"><\/i>&nbsp;+48 85 746 95 63<\/td>\n<td><i class=\"fal fa-envelope\"><\/i> <a href=\"#\" rel=\"nofollow\"  onclick=\"this.href='mailto:' + 'i.bartkowska' + '@' + 'pb.edu.pl'\">i.bartkowska [at] pb.edu.pl<\/a><\/td>\n<\/tr>\n<tr>\n<td>Assoc. Prof. Izabela Ta\u0142a\u0142aj, DSc, PhD, Eng.<\/td>\n<td>WB-4\/34<\/td>\n<td><i class=\"fal fa-phone\"><\/i> +48 85 746 95 63<\/td>\n<td><i class=\"fal fa-envelope\"><\/i> <a href=\"#\" rel=\"nofollow\"  onclick=\"this.href='mailto:' + 'i.talalaj' + '@' + 'pb.edu.pl'\">i.talalaj [at] pb.edu.pl<\/a><\/td>\n<\/tr>\n<tr>\n<td>Assoc. Prof. Maria Walery, PhD, Eng.<\/td>\n<td>WB-4\/6<\/td>\n<td><i class=\"fal fa-mobile\"><\/i> +48 571 443 162<\/td>\n<td><i class=\"fal fa-envelope\"><\/i> <a href=\"#\" rel=\"nofollow\"  onclick=\"this.href='mailto:' + 'm.walery' + '@' + 'pb.edu.pl'\">m.walery [at] pb.edu.pl<\/a><\/td>\n<\/tr>\n<tr>\n<td>Assoc. Prof. Joanna Kazimierowicz, DSc, PhD, Eng.<\/td>\n<td>WB-4\/8<\/td>\n<td><i class=\"fal fa-mobile\"><\/i> +48 571 443 143<\/td>\n<td><i class=\"fal fa-envelope\"><\/i> <a href=\"#\" rel=\"nofollow\"  onclick=\"this.href='mailto:' + 'j.kazimierowicz' + '@' + 'pb.edu.pl'\">j.kazimierowicz [at] pb.edu.pl<\/a><\/td>\n<\/tr>\n<tr>\n<td>Jacek Dawidowicz, DSc, PhD, Eng.<\/td>\n<td>WB-4\/7<\/td>\n<td><i class=\"fal fa-mobile\"><\/i> +48 571 443 145<\/td>\n<td><i class=\"fal fa-envelope\"><\/i> <a href=\"#\" rel=\"nofollow\"  onclick=\"this.href='mailto:' + 'j.dawidowicz' + '@' + 'pb.edu.pl'\">j.dawidowicz [at] pb.edu.pl<\/a><\/td>\n<\/tr>\n<tr>\n<td>Andraka, PhD, Eng.<\/td>\n<td>WB-4\/5<\/td>\n<td><i class=\"fal fa-mobile\"><\/i> +48 571 443 144<\/td>\n<td><i class=\"fal fa-envelope\"><\/i> <a href=\"#\" rel=\"nofollow\"  onclick=\"this.href='mailto:' + 'd.andraka' + '@' + 'pb.edu.pl'\">d.andraka [at] pb.edu.pl<\/a><\/td>\n<\/tr>\n<tr>\n<td>Pawe\u0142 Biedka, PhD, Eng.<\/td>\n<td>WB-4\/5<\/td>\n<td><i class=\"fal fa-mobile\"><\/i> +48 571 443 144<\/td>\n<td><i class=\"fal fa-envelope\"><\/i> <a href=\"#\" rel=\"nofollow\"  onclick=\"this.href='mailto:' + 'p.biedka' + '@' + 'pb.edu.pl'\">p.biedka [at] pb.edu.pl<\/a><\/td>\n<\/tr>\n<tr>\n<td>Joanna Gwo\u017adziej-Mazur, PhD, Eng.<\/td>\n<td>WB-4\/4<\/td>\n<td><i class=\"fal fa-mobile\"><\/i> +48 797 995 965<\/td>\n<td><i class=\"fal fa-envelope\"><\/i> <a href=\"#\" rel=\"nofollow\"  onclick=\"this.href='mailto:' + 'j.mazur' + '@' + 'pb.edu.pl'\">j.mazur [at] pb.edu.pl<\/a><\/td>\n<\/tr>\n<tr>\n<td>Wojciech Kruszy\u0144ski, PhD, Eng.<\/td>\n<td>WB-4\/8<\/td>\n<td><i class=\"fal fa-mobile\"><\/i> +48 571 443 143<\/td>\n<td><i class=\"fal fa-envelope\"><\/i> <a href=\"#\" rel=\"nofollow\"  onclick=\"this.href='mailto:' + 'w.kruszynski' + '@' + 'pb.edu.pl'\">w.kruszynski [at] pb.edu.pl<\/a><\/td>\n<\/tr>\n<tr>\n<td>Agnieszka Tr\u0119bicka, PhD, Eng.<\/td>\n<td>WB-4\/35<\/td>\n<td><i class=\"fal fa-mobile\"><\/i> +48 797 995 966<\/td>\n<td><i class=\"fal fa-envelope\"><\/i> <a href=\"#\" rel=\"nofollow\"  onclick=\"this.href='mailto:' + 'a.trebicka' + '@' + 'pb.edu.pl'\">a.trebicka [at] pb.edu.pl<\/a><\/td>\n<\/tr>\n<tr>\n<td>Dariusz Wawrentowicz, PhD, Eng.<\/td>\n<td>WB-4\/4<\/td>\n<td><i class=\"fal fa-mobile\"><\/i> +48 797 995 965<\/td>\n<td><i class=\"fal fa-envelope\"><\/i> <a href=\"#\" rel=\"nofollow\"  onclick=\"this.href='mailto:' + 'd.wawrentowicz' + '@' + 'pb.edu.pl'\">d.wawrentowicz [at] pb.edu.pl<\/a><\/td>\n<\/tr>\n<\/tbody>\n<\/table>\n<\/div>\n<hr>\n<h3>The university teachers:<\/h3>\n<p><strong>team of HVAC and district heating systems:<\/strong><\/p>\n<div class=\"table-responsive\">\n<table class=\"table table-bordered table-striped\" style=\"width: auto\">\n<tbody>\n<tr>\n<th>Degree\/title, Name and surname<\/th>\n<th>Room<\/th>\n<th>Phone\/mobile<\/th>\n<th>Email<\/th>\n<\/tr>\n<tr>\n<td>Prof. Miros\u0142aw \u017bukowski, DSc, PhD, Eng.<\/td>\n<td>WB-105A<\/td>\n<td><i class=\"fal fa-mobile\"><\/i> +48 797 995 916<\/td>\n<td><i class=\"fal fa-envelope\"><\/i> <a href=\"#\" rel=\"nofollow\"  onclick=\"this.href='mailto:' + 'm.zukowski' + '@' + 'pb.edu.pl'\">m.zukowski [at] pb.edu.pl<\/a><\/td>\n<\/tr>\n<tr>\n<td>Assoc. Prof. Andrzej Gajewski, DSc, PhD, Eng.<\/td>\n<td>WB-135A<\/td>\n<td><i class=\"fal fa-mobile\"><\/i> +48 797 995 923<\/td>\n<td><i class=\"fal fa-envelope\"><\/i> <a href=\"#\" rel=\"nofollow\"  onclick=\"this.href='mailto:' + 'a.gajewski' + '@' + 'pb.edu.pl'\">a.gajewski [at] pb.edu.pl<\/a><\/td>\n<\/tr>\n<tr>\n<td>Assoc. Prof. Mariusz Adamski, DSc, PhD, Eng.<\/td>\n<td>WB-107A<\/td>\n<td><i class=\"fal fa-mobile\"><\/i> +48 797 995 925<\/td>\n<td><i class=\"fal fa-envelope\"><\/i> <a href=\"#\" rel=\"nofollow\"  onclick=\"this.href='mailto:' + 'mariusz.adamski' + '@' + 'pb.edu.pl'\">mariusz.adamski [at] pb.edu.pl<\/a><\/td>\n<\/tr>\n<tr>\n<td>Assoc. Prof. S\u0142awomir Poskrobko, DSc, PhD, Eng.<\/td>\n<td>WB-136A<\/td>\n<td>&nbsp;<\/td>\n<td><i class=\"fal fa-envelope\"><\/i> <a href=\"#\" rel=\"nofollow\"  onclick=\"this.href='mailto:' + 's.poskrobko' + '@' + 'pb.edu.pl'\">s.poskrobko [at] pb.edu.pl<\/a><\/td>\n<\/tr>\n<tr>\n<td>Assoc. Prof. dr hab. in\u017c. Tomasz Teleszewski, prof. PB<\/td>\n<td>WB-103A<\/td>\n<td><i class=\"fal fa-mobile\"><\/i> +48 797 995 927<\/td>\n<td><i class=\"fal fa-envelope\"><\/i> <a href=\"#\" rel=\"nofollow\"  onclick=\"this.href='mailto:' + 't.teleszewski' + '@' + 'pb.edu.pl'\">t.teleszewski [at] pb.edu.pl<\/a><\/td>\n<\/tr>\n<tr>\n<td>Cezary Pie\u0144kowski, DSc, PhD, Eng.<\/td>\n<td>WB-136A<\/td>\n<td><i class=\"fal fa-mobile\"><\/i> +48 797 995 922<\/td>\n<td><i class=\"fal fa-envelope\"><\/i> <a href=\"#\" rel=\"nofollow\"  onclick=\"this.href='mailto:' + 'c.pienkowski' + '@' + 'pb.edu.pl'\">c.pienkowski [at] pb.edu.pl<\/a><\/td>\n<\/tr>\n<tr>\n<td>Joanna Piotrowska-Woroniak, PhD, Eng.<\/td>\n<td>WB-102A<\/td>\n<td>&nbsp;<\/td>\n<td><i class=\"fal fa-envelope\"><\/i> <a href=\"#\" rel=\"nofollow\"  onclick=\"this.href='mailto:' + 'j.piotrowska' + '@' + 'pb.edu.pl '\">j.piotrowska [at] pb.edu.pl <\/a><\/td>\n<\/tr>\n<tr>\n<td>Grzegorz Woroniak, DSc, PhD, Eng.<\/td>\n<td>WB-102A<\/td>\n<td>&nbsp;<\/td>\n<td><i class=\"fal fa-envelope\"><\/i> <a href=\"#\" rel=\"nofollow\"  onclick=\"this.href='mailto:' + 'g.woroniak' + '@' + 'pb.edu.pl'\">g.woroniak [at] pb.edu.pl<\/a><\/td>\n<\/tr>\n<\/tbody>\n<\/table>\n<\/div>\n<hr>\n<h3>Technical staff<\/h3>\n<div class=\"table-responsive\">\n<table class=\"table table-bordered table-striped\" style=\"width: auto\">\n<tbody>\n<tr>\n<th>Degree\/title, Name and surname<\/th>\n<th>Room<\/th>\n<th>Phone\/mobile<\/th>\n<th>Email<\/th>\n<\/tr>\n<tr>\n<td>Andrzej Perkowski<\/td>\n<td>WB-04A<\/td>\n<td><i class=\"fal fa-mobile\"><\/i> +48 797 995 928<\/td>\n<td><i class=\"fal fa-envelope\"><\/i> <a href=\"#\" rel=\"nofollow\"  onclick=\"this.href='mailto:' + 'a.perkowski' + '@' + 'pb.edu.pl'\">a.perkowski [at] pb.edu.pl<\/a><\/td>\n<\/tr>\n<\/tbody>\n<\/table>\n<\/div>\n<hr>\n<h3>Works for the development of young scientists and participants of doctoral studies<\/h3>\n<div class=\"table-responsive\">\n<table class=\"table table-bordered table-striped\" style=\"width: auto\">\n<tbody>\n<tr>\n<th>No.<\/th>\n<th>Title<\/th>\n<th>Work manager<\/th>\n<\/tr>\n<tr>\n<td>1.<\/td>\n<td>Research and modeling in water and sewage systems and waste management<\/td>\n<td>Assoc. Prof. Izabela Bartkowska, DSc, PhD, Eng. (Dzienis L., Hurynovich A., Ta\u0142a\u0142aj I., Dawidowicz J., Andraka D., Biedka P., Gwo\u017adziej-Mazur J., Walery M., Kazimierowicz J., Kruszy\u0144ski W., Tr\u0119bicka A.)<\/td>\n<\/tr>\n<\/tbody>\n<\/table>\n<\/div>\n<hr>\n<h3>Services and research offer<\/h3>\n<p><strong>Evaluations of existing water supply and sewerage networks and facilities:<\/strong><\/p>\n<ul>\n<li>optimization and increased reliability of water supply and sewerage systems,<\/li>\n<li>Reliability testing of networks and facilities,<\/li>\n<li>analyses of water losses in water supply system,<\/li>\n<li>diagnostics of existing condition, analysis of water supply network capacity in terms of changes related to water distribution, analysis of exceptional conditions (failures, fire expenses),<\/li>\n<li>hydrodynamic modeling of water distribution and sewage disposal systems,<\/li>\n<li>model building and hydraulic simulations of sewage network operation in dynamic conditions using available software,<\/li>\n<li>modernization and implementation of network monitoring systems,<\/li>\n<li>supervision over implementation of GIS type databases,<\/li>\n<li>hydraulic analyses of water distribution systems,<\/li>\n<li>expert opinions for technical condition assessment.<\/li>\n<\/ul>\n<p><strong>Developing and assessing the effectiveness of household, municipal and industrial wastewater treatment technologies and sewage sludge disposal:<\/strong><\/p>\n<ul>\n<li>physical and chemical analyses of sewage and sewage sludge,<\/li>\n<li>Selection of the optimum technology for sewage treatment and sewage sludge disposal,<\/li>\n<li>concepts and designs of sewage treatment plants,<\/li>\n<li>Concepts and designs for modernization of sewage treatment plants,<\/li>\n<li>supervision of sewage treatment plant start-ups,<\/li>\n<li>Expert opinions on the effectiveness of existing wastewater treatment facilities.<\/li>\n<\/ul>\n<p><strong>Development and assessment of the effectiveness of water treatment technologies for household and industrial purposes:<\/strong><\/p>\n<ul>\n<li>physical and chemical analyses of underground and surface waters.<\/li>\n<li>Selection of water treatment technologies,<\/li>\n<li>development of concepts and designs of underground and surface water treatment stations,<\/li>\n<li>supervision of equipment start-up,<\/li>\n<li>expert opinions on the effectiveness of existing treatment stations.<\/li>\n<\/ul>\n<p><strong>Studies in the field of disposal and treatment of rain water sewage:<\/strong><\/p>\n<ul>\n<li>physical and chemical analyses of rain water sewage and rain water sewage sludge,<\/li>\n<li>functional analysis of existing rainwater discharge systems,<\/li>\n<li>Evaluation of the possibility of using rainwater treatment devices.<\/li>\n<\/ul>\n<p><strong>Municipal waste management studies:<\/strong><\/p>\n<ul>\n<li>development of a waste management plan,<\/li>\n<li>expert opinions on the functioning of municipal waste landfills,<\/li>\n<li>physical and chemical analyses of leachates,<\/li>\n<li>concepts for treatment of leachate,<\/li>\n<li>assessment of the possibility of using reverse osmosis in wastewater and landfill leachate treatment.<\/li>\n<\/ul>\n<p><strong>Studies in the field of odour deodorisation from municipal management facilities:<\/strong><\/p>\n<ul>\n<li>measurement of odour intensity and intensity,<\/li>\n<li>concepts of odour disposal.<\/li>\n<\/ul>\n<p>&nbsp;<\/p>\n","protected":false},"excerpt":{"rendered":"<p>Department Head &#8211; Assoc. Prof. Andrzej Gajewski, DSc, PhD, Eng. Department Office: El\u017cbieta Stachniewicz, MSc,<a class=\"read-more\" href=\"https:\/\/wb.pb.edu.pl\/en\/faculty\/institutes-and-departments\/department-of-water-supply-sewerage-and-district-heating\/\" title=\"Poka\u017c artyku\u0142 Department of Water Supply, Sewerage and District Heating\">more<\/a><\/p>\n","protected":false},"author":3,"featured_media":0,"parent":11943,"menu_order":9,"comment_status":"closed","ping_status":"closed","template":"","meta":{"inline_featured_image":false,"ngg_post_thumbnail":0,"footnotes":""},"class_list":["post-11963","page","type-page","status-publish","hentry"],"acf":[],"yoast_head":"<!-- This site is optimized with the Yoast SEO plugin v26.4 - https:\/\/yoast.com\/wordpress\/plugins\/seo\/ -->\n<title>Department of Water Supply, Sewerage and District Heating - Faculty of Civil Engineering and Environmental Sciences<\/title>\n<meta name=\"description\" content=\"Department Head - Assoc. Prof. Andrzej Gajewski, DSc, PhD, Eng. Department Office: El\u017cbieta Stachniewicz, MSc, Eng. Wiejska 45E street, 15-351 Bia\u0142ystok,\" \/>\n<meta name=\"robots\" content=\"index, follow, max-snippet:-1, max-image-preview:large, max-video-preview:-1\" \/>\n<link rel=\"canonical\" href=\"https:\/\/wb.pb.edu.pl\/en\/faculty\/institutes-and-departments\/department-of-water-supply-sewerage-and-district-heating\/\" \/>\n<meta name=\"twitter:label1\" content=\"Est. reading time\" \/>\n\t<meta name=\"twitter:data1\" content=\"5 minutes\" \/>\n<script type=\"application\/ld+json\" class=\"yoast-schema-graph\">{\"@context\":\"https:\/\/schema.org\",\"@graph\":[{\"@type\":\"WebPage\",\"@id\":\"https:\/\/wb.pb.edu.pl\/en\/faculty\/institutes-and-departments\/department-of-water-supply-sewerage-and-district-heating\/\",\"url\":\"https:\/\/wb.pb.edu.pl\/en\/faculty\/institutes-and-departments\/department-of-water-supply-sewerage-and-district-heating\/\",\"name\":\"Department of Water Supply, Sewerage and District Heating - Faculty of Civil Engineering and Environmental Sciences\",\"isPartOf\":{\"@id\":\"https:\/\/wb.pb.edu.pl\/en\/#website\"},\"datePublished\":\"2019-10-24T19:15:38+00:00\",\"dateModified\":\"2026-01-23T08:02:20+00:00\",\"description\":\"Department Head - Assoc. Prof. Andrzej Gajewski, DSc, PhD, Eng. Department Office: El\u017cbieta Stachniewicz, MSc, Eng. Wiejska 45E street, 15-351 Bia\u0142ystok,\",\"breadcrumb\":{\"@id\":\"https:\/\/wb.pb.edu.pl\/en\/faculty\/institutes-and-departments\/department-of-water-supply-sewerage-and-district-heating\/#breadcrumb\"},\"inLanguage\":\"en-US\",\"potentialAction\":[{\"@type\":\"ReadAction\",\"target\":[\"https:\/\/wb.pb.edu.pl\/en\/faculty\/institutes-and-departments\/department-of-water-supply-sewerage-and-district-heating\/\"]}]},{\"@type\":\"BreadcrumbList\",\"@id\":\"https:\/\/wb.pb.edu.pl\/en\/faculty\/institutes-and-departments\/department-of-water-supply-sewerage-and-district-heating\/#breadcrumb\",\"itemListElement\":[{\"@type\":\"ListItem\",\"position\":1,\"name\":\"Strona g\u0142\u00f3wna\",\"item\":\"https:\/\/wb.pb.edu.pl\/en\/\"},{\"@type\":\"ListItem\",\"position\":2,\"name\":\"Faculty\",\"item\":\"https:\/\/wb.pb.edu.pl\/en\/faculty\/\"},{\"@type\":\"ListItem\",\"position\":3,\"name\":\"Institutes and Departments\",\"item\":\"https:\/\/wb.pb.edu.pl\/en\/faculty\/institutes-and-departments\/\"},{\"@type\":\"ListItem\",\"position\":4,\"name\":\"Department of Water Supply, Sewerage and District Heating\"}]},{\"@type\":\"WebSite\",\"@id\":\"https:\/\/wb.pb.edu.pl\/en\/#website\",\"url\":\"https:\/\/wb.pb.edu.pl\/en\/\",\"name\":\"Faculty of Civil Engineering and Environmental Sciences\",\"description\":\"\",\"potentialAction\":[{\"@type\":\"SearchAction\",\"target\":{\"@type\":\"EntryPoint\",\"urlTemplate\":\"https:\/\/wb.pb.edu.pl\/en\/?s={search_term_string}\"},\"query-input\":{\"@type\":\"PropertyValueSpecification\",\"valueRequired\":true,\"valueName\":\"search_term_string\"}}],\"inLanguage\":\"en-US\"}]}<\/script>\n<!-- \/ Yoast SEO plugin. -->","yoast_head_json":{"title":"Department of Water Supply, Sewerage and District Heating - Faculty of Civil Engineering and Environmental Sciences","description":"Department Head - Assoc. Prof. Andrzej Gajewski, DSc, PhD, Eng. Department Office: El\u017cbieta Stachniewicz, MSc, Eng. Wiejska 45E street, 15-351 Bia\u0142ystok,","robots":{"index":"index","follow":"follow","max-snippet":"max-snippet:-1","max-image-preview":"max-image-preview:large","max-video-preview":"max-video-preview:-1"},"canonical":"https:\/\/wb.pb.edu.pl\/en\/faculty\/institutes-and-departments\/department-of-water-supply-sewerage-and-district-heating\/","twitter_misc":{"Est. reading time":"5 minutes"},"schema":{"@context":"https:\/\/schema.org","@graph":[{"@type":"WebPage","@id":"https:\/\/wb.pb.edu.pl\/en\/faculty\/institutes-and-departments\/department-of-water-supply-sewerage-and-district-heating\/","url":"https:\/\/wb.pb.edu.pl\/en\/faculty\/institutes-and-departments\/department-of-water-supply-sewerage-and-district-heating\/","name":"Department of Water Supply, Sewerage and District Heating - Faculty of Civil Engineering and Environmental Sciences","isPartOf":{"@id":"https:\/\/wb.pb.edu.pl\/en\/#website"},"datePublished":"2019-10-24T19:15:38+00:00","dateModified":"2026-01-23T08:02:20+00:00","description":"Department Head - Assoc. Prof. Andrzej Gajewski, DSc, PhD, Eng. Department Office: El\u017cbieta Stachniewicz, MSc, Eng. Wiejska 45E street, 15-351 Bia\u0142ystok,","breadcrumb":{"@id":"https:\/\/wb.pb.edu.pl\/en\/faculty\/institutes-and-departments\/department-of-water-supply-sewerage-and-district-heating\/#breadcrumb"},"inLanguage":"en-US","potentialAction":[{"@type":"ReadAction","target":["https:\/\/wb.pb.edu.pl\/en\/faculty\/institutes-and-departments\/department-of-water-supply-sewerage-and-district-heating\/"]}]},{"@type":"BreadcrumbList","@id":"https:\/\/wb.pb.edu.pl\/en\/faculty\/institutes-and-departments\/department-of-water-supply-sewerage-and-district-heating\/#breadcrumb","itemListElement":[{"@type":"ListItem","position":1,"name":"Strona g\u0142\u00f3wna","item":"https:\/\/wb.pb.edu.pl\/en\/"},{"@type":"ListItem","position":2,"name":"Faculty","item":"https:\/\/wb.pb.edu.pl\/en\/faculty\/"},{"@type":"ListItem","position":3,"name":"Institutes and Departments","item":"https:\/\/wb.pb.edu.pl\/en\/faculty\/institutes-and-departments\/"},{"@type":"ListItem","position":4,"name":"Department of Water Supply, Sewerage and District Heating"}]},{"@type":"WebSite","@id":"https:\/\/wb.pb.edu.pl\/en\/#website","url":"https:\/\/wb.pb.edu.pl\/en\/","name":"Faculty of Civil Engineering and Environmental Sciences","description":"","potentialAction":[{"@type":"SearchAction","target":{"@type":"EntryPoint","urlTemplate":"https:\/\/wb.pb.edu.pl\/en\/?s={search_term_string}"},"query-input":{"@type":"PropertyValueSpecification","valueRequired":true,"valueName":"search_term_string"}}],"inLanguage":"en-US"}]}},"_links":{"self":[{"href":"https:\/\/wb.pb.edu.pl\/en\/wp-json\/wp\/v2\/pages\/11963","targetHints":{"allow":["GET"]}}],"collection":[{"href":"https:\/\/wb.pb.edu.pl\/en\/wp-json\/wp\/v2\/pages"}],"about":[{"href":"https:\/\/wb.pb.edu.pl\/en\/wp-json\/wp\/v2\/types\/page"}],"author":[{"embeddable":true,"href":"https:\/\/wb.pb.edu.pl\/en\/wp-json\/wp\/v2\/users\/3"}],"replies":[{"embeddable":true,"href":"https:\/\/wb.pb.edu.pl\/en\/wp-json\/wp\/v2\/comments?post=11963"}],"version-history":[{"count":24,"href":"https:\/\/wb.pb.edu.pl\/en\/wp-json\/wp\/v2\/pages\/11963\/revisions"}],"predecessor-version":[{"id":26811,"href":"https:\/\/wb.pb.edu.pl\/en\/wp-json\/wp\/v2\/pages\/11963\/revisions\/26811"}],"up":[{"embeddable":true,"href":"https:\/\/wb.pb.edu.pl\/en\/wp-json\/wp\/v2\/pages\/11943"}],"wp:attachment":[{"href":"https:\/\/wb.pb.edu.pl\/en\/wp-json\/wp\/v2\/media?parent=11963"}],"curies":[{"name":"wp","href":"https:\/\/api.w.org\/{rel}","templated":true}]}}