{"id":106,"date":"2019-10-07T20:49:31","date_gmt":"2019-10-07T18:49:31","guid":{"rendered":"https:\/\/wb.pb.edu.pl\/inl\/?page_id=106"},"modified":"2019-10-07T22:19:00","modified_gmt":"2019-10-07T20:19:00","slug":"wspolpraca","status":"publish","type":"page","link":"https:\/\/wb.pb.edu.pl\/inl\/wspolpraca\/","title":{"rendered":"Wsp\u00f3\u0142praca"},"content":{"rendered":"<p>Wsp\u00f3lne projekty naukowo-badawcze i wdro\u017ceniowe, wzmocnienie potencja\u0142u uczelni, przedsi\u0119biorstw i firm, sta\u017ce naukowe, zawodowe i studenckie, kursy specjalistyczne, zaj\u0119cia i warsztaty dla m\u0142odzie\u017cy szkolnej \u2013 to g\u0142\u00f3wne obszary wsp\u00f3\u0142pracy Instytutu Nauk Le\u015bnych.<\/p>\n","protected":false},"excerpt":{"rendered":"<p>Wsp\u00f3lne projekty naukowo-badawcze i wdro\u017ceniowe, wzmocnienie potencja\u0142u uczelni, przedsi\u0119biorstw i firm, sta\u017ce naukowe, zawodowe i<a class=\"read-more\" href=\"https:\/\/wb.pb.edu.pl\/inl\/wspolpraca\/\" title=\"Poka\u017c artyku\u0142 Wsp\u00f3\u0142praca\">wi\u0119cej<\/a><\/p>\n","protected":false},"author":3,"featured_media":0,"parent":0,"menu_order":3,"comment_status":"closed","ping_status":"closed","template":"","meta":{"inline_featured_image":false,"ngg_post_thumbnail":0,"footnotes":""},"class_list":["post-106","page","type-page","status-publish","hentry"],"acf":[],"yoast_head":"<!-- This site is optimized with the Yoast SEO plugin v26.4 - https:\/\/yoast.com\/wordpress\/plugins\/seo\/ -->\n<title>Instytut Nauk Le\u015bnych WBiNo\u015a PB - Wsp\u00f3\u0142praca<\/title>\n<meta name=\"description\" content=\"Wsp\u00f3lne projekty naukowo-badawcze i wdro\u017ceniowe, wzmocnienie potencja\u0142u uczelni, przedsi\u0119biorstw i firm, sta\u017ce naukowe, zawodowe i studenckie, kursy\" \/>\n<meta name=\"robots\" content=\"index, follow, max-snippet:-1, max-image-preview:large, max-video-preview:-1\" \/>\n<link rel=\"canonical\" href=\"https:\/\/wb.pb.edu.pl\/inl\/wspolpraca\/\" \/>\n<script type=\"application\/ld+json\" class=\"yoast-schema-graph\">{\"@context\":\"https:\/\/schema.org\",\"@graph\":[{\"@type\":\"WebPage\",\"@id\":\"https:\/\/wb.pb.edu.pl\/inl\/wspolpraca\/\",\"url\":\"https:\/\/wb.pb.edu.pl\/inl\/wspolpraca\/\",\"name\":\"Instytut Nauk Le\u015bnych WBiNo\u015a PB - Wsp\u00f3\u0142praca\",\"isPartOf\":{\"@id\":\"https:\/\/wb.pb.edu.pl\/inl\/#website\"},\"datePublished\":\"2019-10-07T18:49:31+00:00\",\"dateModified\":\"2019-10-07T20:19:00+00:00\",\"description\":\"Wsp\u00f3lne projekty naukowo-badawcze i wdro\u017ceniowe, wzmocnienie potencja\u0142u uczelni, przedsi\u0119biorstw i firm, sta\u017ce naukowe, zawodowe i studenckie, kursy\",\"breadcrumb\":{\"@id\":\"https:\/\/wb.pb.edu.pl\/inl\/wspolpraca\/#breadcrumb\"},\"inLanguage\":\"pl-PL\",\"potentialAction\":[{\"@type\":\"ReadAction\",\"target\":[\"https:\/\/wb.pb.edu.pl\/inl\/wspolpraca\/\"]}]},{\"@type\":\"BreadcrumbList\",\"@id\":\"https:\/\/wb.pb.edu.pl\/inl\/wspolpraca\/#breadcrumb\",\"itemListElement\":[{\"@type\":\"ListItem\",\"position\":1,\"name\":\"Strona g\u0142\u00f3wna\",\"item\":\"https:\/\/wb.pb.edu.pl\/inl\/\"},{\"@type\":\"ListItem\",\"position\":2,\"name\":\"Wsp\u00f3\u0142praca\"}]},{\"@type\":\"WebSite\",\"@id\":\"https:\/\/wb.pb.edu.pl\/inl\/#website\",\"url\":\"https:\/\/wb.pb.edu.pl\/inl\/\",\"name\":\"Instytut Nauk Le\u015bnych\",\"description\":\"Kolejna witryna sieci \u201eWB Witryn\u201d\",\"potentialAction\":[{\"@type\":\"SearchAction\",\"target\":{\"@type\":\"EntryPoint\",\"urlTemplate\":\"https:\/\/wb.pb.edu.pl\/inl\/?s={search_term_string}\"},\"query-input\":{\"@type\":\"PropertyValueSpecification\",\"valueRequired\":true,\"valueName\":\"search_term_string\"}}],\"inLanguage\":\"pl-PL\"}]}<\/script>\n<!-- \/ Yoast SEO plugin. -->","yoast_head_json":{"title":"Instytut Nauk Le\u015bnych WBiNo\u015a PB - Wsp\u00f3\u0142praca","description":"Wsp\u00f3lne projekty naukowo-badawcze i wdro\u017ceniowe, wzmocnienie potencja\u0142u uczelni, przedsi\u0119biorstw i firm, sta\u017ce naukowe, zawodowe i studenckie, kursy","robots":{"index":"index","follow":"follow","max-snippet":"max-snippet:-1","max-image-preview":"max-image-preview:large","max-video-preview":"max-video-preview:-1"},"canonical":"https:\/\/wb.pb.edu.pl\/inl\/wspolpraca\/","schema":{"@context":"https:\/\/schema.org","@graph":[{"@type":"WebPage","@id":"https:\/\/wb.pb.edu.pl\/inl\/wspolpraca\/","url":"https:\/\/wb.pb.edu.pl\/inl\/wspolpraca\/","name":"Instytut Nauk Le\u015bnych WBiNo\u015a PB - Wsp\u00f3\u0142praca","isPartOf":{"@id":"https:\/\/wb.pb.edu.pl\/inl\/#website"},"datePublished":"2019-10-07T18:49:31+00:00","dateModified":"2019-10-07T20:19:00+00:00","description":"Wsp\u00f3lne projekty naukowo-badawcze i wdro\u017ceniowe, wzmocnienie potencja\u0142u uczelni, przedsi\u0119biorstw i firm, sta\u017ce naukowe, zawodowe i studenckie, kursy","breadcrumb":{"@id":"https:\/\/wb.pb.edu.pl\/inl\/wspolpraca\/#breadcrumb"},"inLanguage":"pl-PL","potentialAction":[{"@type":"ReadAction","target":["https:\/\/wb.pb.edu.pl\/inl\/wspolpraca\/"]}]},{"@type":"BreadcrumbList","@id":"https:\/\/wb.pb.edu.pl\/inl\/wspolpraca\/#breadcrumb","itemListElement":[{"@type":"ListItem","position":1,"name":"Strona g\u0142\u00f3wna","item":"https:\/\/wb.pb.edu.pl\/inl\/"},{"@type":"ListItem","position":2,"name":"Wsp\u00f3\u0142praca"}]},{"@type":"WebSite","@id":"https:\/\/wb.pb.edu.pl\/inl\/#website","url":"https:\/\/wb.pb.edu.pl\/inl\/","name":"Instytut Nauk Le\u015bnych","description":"Kolejna witryna sieci \u201eWB Witryn\u201d","potentialAction":[{"@type":"SearchAction","target":{"@type":"EntryPoint","urlTemplate":"https:\/\/wb.pb.edu.pl\/inl\/?s={search_term_string}"},"query-input":{"@type":"PropertyValueSpecification","valueRequired":true,"valueName":"search_term_string"}}],"inLanguage":"pl-PL"}]}},"_links":{"self":[{"href":"https:\/\/wb.pb.edu.pl\/inl\/wp-json\/wp\/v2\/pages\/106","targetHints":{"allow":["GET"]}}],"collection":[{"href":"https:\/\/wb.pb.edu.pl\/inl\/wp-json\/wp\/v2\/pages"}],"about":[{"href":"https:\/\/wb.pb.edu.pl\/inl\/wp-json\/wp\/v2\/types\/page"}],"author":[{"embeddable":true,"href":"https:\/\/wb.pb.edu.pl\/inl\/wp-json\/wp\/v2\/users\/3"}],"replies":[{"embeddable":true,"href":"https:\/\/wb.pb.edu.pl\/inl\/wp-json\/wp\/v2\/comments?post=106"}],"version-history":[{"count":2,"href":"https:\/\/wb.pb.edu.pl\/inl\/wp-json\/wp\/v2\/pages\/106\/revisions"}],"predecessor-version":[{"id":165,"href":"https:\/\/wb.pb.edu.pl\/inl\/wp-json\/wp\/v2\/pages\/106\/revisions\/165"}],"wp:attachment":[{"href":"https:\/\/wb.pb.edu.pl\/inl\/wp-json\/wp\/v2\/media?parent=106"}],"curies":[{"name":"wp","href":"https:\/\/api.w.org\/{rel}","templated":true}]}}