{"id":108,"date":"2019-10-07T20:50:00","date_gmt":"2019-10-07T18:50:00","guid":{"rendered":"https:\/\/wb.pb.edu.pl\/inl\/?page_id=108"},"modified":"2019-10-07T23:26:46","modified_gmt":"2019-10-07T21:26:46","slug":"potencjal-badawczo-rozwojowy","status":"publish","type":"page","link":"https:\/\/wb.pb.edu.pl\/inl\/wspolpraca\/potencjal-badawczo-rozwojowy\/","title":{"rendered":"Potencja\u0142 badawczo-rozwojowy"},"content":{"rendered":"<p>Instytut Nauk Le\u015bnych dysponuje nowoczesnym Centrum Naukowo-Badawczym, rozbudowanym i zmodernizowanym dzi\u0119ki \u015brodkom unijnym w latach 2013-2015. W Centrum mie\u015bci si\u0119 50-osobowa sala seminaryjna oraz zesp\u00f3\u0142 czterech laboratori\u00f3w specjalistycznych.<\/p>\n<ul>\n<li>Laboratorium Ubocznych Produkt\u00f3w Le\u015bnych z Pracowni\u0105 Ekstrakcji Nadkrytycznej oraz Pracowni\u0105 W\u0142a\u015bciwo\u015bci Fizykochemicznych<\/li>\n<\/ul>\n<p>Prowadzone s\u0105 tutaj badania nad zagospodarowaniem odpad\u00f3w z drewna (m. in. kory, cetyny, karpiny). Wyr\u00f3\u017cnikiem laboratorium na skal\u0119 nie tylko regionu, ale r\u00f3wnie\u017c Polski jest system do ekstrakcji w nadkrytycznym CO<sub>2<\/sub>. Stosowana tu technika nale\u017cy do technologii &#8222;zielonej chemii&#8221; i jest jedn\u0105 z najnowocze\u015bniejszych, ekologicznych technik ekstrakcji.<\/p>\n<ul>\n<li>Laboratorium Monitoringu \u015arodowiska Le\u015bnego z Pracowni\u0105 Genetyki i Pracowni\u0105 Ochrony \u015arodowiska<\/li>\n<\/ul>\n<p>Prowadzone tu badania dotycz\u0105 identyfikacji wp\u0142ywu czynnika ludzkiego na funkcjonowanie przyrody. Badana jest mi\u0119dzy innymi jako\u015b\u0107 w\u00f3d gruntowych na terenie Puszczy Bia\u0142owieskiej. W Pracowni Genetyki zapocz\u0105tkowano prowadzenie bada\u0144 filogenezy odmian i gatunk\u00f3w.<\/p>\n<ul>\n<li>Laboratorium Fotodetekcji i Komputerowej Analizy Obrazu<\/li>\n<\/ul>\n<p>S\u0142u\u017cy badaniom obiekt\u00f3w przyrodniczych z wykorzystaniem termowizji oraz monitorowaniu \u015brodowiska le\u015bnego pod k\u0105tem ochrony przyrody. Znajduj\u0105 si\u0119 w nim: serwer map GPS i kamery CCD oraz termowizyjne.<\/p>\n<ul>\n<li>Laboratorium Entomologii z Pracowni\u0105 Preparatyki, Pracowni\u0105 Fotoeklektor\u00f3w i&nbsp;Magazynem Zbior\u00f3w<\/li>\n<\/ul>\n<p>Prowadzone tu s\u0105 badania nad wybranymi grupami owad\u00f3w wyst\u0119puj\u0105cych na Podlasiu. Laboratorium umo\u017cliwi\u0142o rozpocz\u0119cie prac nad utworzeniem kolekcji entomologicznej owad\u00f3w Polski P\u00f3\u0142nocno-Wschodniej.<\/p>\n<p>Dzi\u0119ki tym nowoczesnym laboratoriom INL PB zwi\u0119kszy\u0142 swoje mo\u017cliwo\u015bci w zakresie bada\u0144 nad \u015brodowiskiem le\u015bnym. Inwestycja umo\u017cliwi\u0142a tak\u017ce rozw\u00f3j wsp\u00f3\u0142pracy z zagranicznymi i krajowymi o\u015brodkami naukowymi.<\/p>\n<p>Kadr\u0119 Instytutu tworzy pi\u0119ciu samodzielnych pracownik\u00f3w naukowych, 11 pracownik\u00f3w ze stopniem naukowym doktora, a tak\u017ce o\u015bmioro pracownik\u00f3w zatrudnionych w administracji oraz wsparciu dydaktyki i bada\u0144.<\/p>\n","protected":false},"excerpt":{"rendered":"<p>Instytut Nauk Le\u015bnych dysponuje nowoczesnym Centrum Naukowo-Badawczym, rozbudowanym i zmodernizowanym dzi\u0119ki \u015brodkom unijnym w latach<a class=\"read-more\" href=\"https:\/\/wb.pb.edu.pl\/inl\/wspolpraca\/potencjal-badawczo-rozwojowy\/\" title=\"Poka\u017c artyku\u0142 Potencja\u0142 badawczo-rozwojowy\">wi\u0119cej<\/a><\/p>\n","protected":false},"author":3,"featured_media":0,"parent":106,"menu_order":1,"comment_status":"closed","ping_status":"closed","template":"","meta":{"inline_featured_image":false,"ngg_post_thumbnail":0,"footnotes":""},"class_list":["post-108","page","type-page","status-publish","hentry"],"acf":[],"yoast_head":"<!-- This site is optimized with the Yoast SEO plugin v26.4 - https:\/\/yoast.com\/wordpress\/plugins\/seo\/ -->\n<title>Instytut Nauk Le\u015bnych WBiNo\u015a PB - Potencja\u0142 badawczo-rozwojowy<\/title>\n<meta name=\"description\" content=\"Instytut Nauk Le\u015bnych dysponuje nowoczesnym Centrum Naukowo-Badawczym, rozbudowanym i zmodernizowanym dzi\u0119ki \u015brodkom unijnym w latach 2013-2015. W Centrum\" \/>\n<meta name=\"robots\" content=\"index, follow, max-snippet:-1, max-image-preview:large, max-video-preview:-1\" \/>\n<link rel=\"canonical\" href=\"https:\/\/wb.pb.edu.pl\/inl\/wspolpraca\/potencjal-badawczo-rozwojowy\/\" \/>\n<meta name=\"twitter:label1\" content=\"Szacowany czas czytania\" \/>\n\t<meta name=\"twitter:data1\" content=\"1 minuta\" \/>\n<script type=\"application\/ld+json\" class=\"yoast-schema-graph\">{\"@context\":\"https:\/\/schema.org\",\"@graph\":[{\"@type\":\"WebPage\",\"@id\":\"https:\/\/wb.pb.edu.pl\/inl\/wspolpraca\/potencjal-badawczo-rozwojowy\/\",\"url\":\"https:\/\/wb.pb.edu.pl\/inl\/wspolpraca\/potencjal-badawczo-rozwojowy\/\",\"name\":\"Instytut Nauk Le\u015bnych WBiNo\u015a PB - Potencja\u0142 badawczo-rozwojowy\",\"isPartOf\":{\"@id\":\"https:\/\/wb.pb.edu.pl\/inl\/#website\"},\"datePublished\":\"2019-10-07T18:50:00+00:00\",\"dateModified\":\"2019-10-07T21:26:46+00:00\",\"description\":\"Instytut Nauk Le\u015bnych dysponuje nowoczesnym Centrum Naukowo-Badawczym, rozbudowanym i zmodernizowanym dzi\u0119ki \u015brodkom unijnym w latach 2013-2015. W Centrum\",\"breadcrumb\":{\"@id\":\"https:\/\/wb.pb.edu.pl\/inl\/wspolpraca\/potencjal-badawczo-rozwojowy\/#breadcrumb\"},\"inLanguage\":\"pl-PL\",\"potentialAction\":[{\"@type\":\"ReadAction\",\"target\":[\"https:\/\/wb.pb.edu.pl\/inl\/wspolpraca\/potencjal-badawczo-rozwojowy\/\"]}]},{\"@type\":\"BreadcrumbList\",\"@id\":\"https:\/\/wb.pb.edu.pl\/inl\/wspolpraca\/potencjal-badawczo-rozwojowy\/#breadcrumb\",\"itemListElement\":[{\"@type\":\"ListItem\",\"position\":1,\"name\":\"Strona g\u0142\u00f3wna\",\"item\":\"https:\/\/wb.pb.edu.pl\/inl\/\"},{\"@type\":\"ListItem\",\"position\":2,\"name\":\"Wsp\u00f3\u0142praca\",\"item\":\"https:\/\/wb.pb.edu.pl\/inl\/wspolpraca\/\"},{\"@type\":\"ListItem\",\"position\":3,\"name\":\"Potencja\u0142 badawczo-rozwojowy\"}]},{\"@type\":\"WebSite\",\"@id\":\"https:\/\/wb.pb.edu.pl\/inl\/#website\",\"url\":\"https:\/\/wb.pb.edu.pl\/inl\/\",\"name\":\"Instytut Nauk Le\u015bnych\",\"description\":\"Kolejna witryna sieci \u201eWB Witryn\u201d\",\"potentialAction\":[{\"@type\":\"SearchAction\",\"target\":{\"@type\":\"EntryPoint\",\"urlTemplate\":\"https:\/\/wb.pb.edu.pl\/inl\/?s={search_term_string}\"},\"query-input\":{\"@type\":\"PropertyValueSpecification\",\"valueRequired\":true,\"valueName\":\"search_term_string\"}}],\"inLanguage\":\"pl-PL\"}]}<\/script>\n<!-- \/ Yoast SEO plugin. -->","yoast_head_json":{"title":"Instytut Nauk Le\u015bnych WBiNo\u015a PB - Potencja\u0142 badawczo-rozwojowy","description":"Instytut Nauk Le\u015bnych dysponuje nowoczesnym Centrum Naukowo-Badawczym, rozbudowanym i zmodernizowanym dzi\u0119ki \u015brodkom unijnym w latach 2013-2015. W Centrum","robots":{"index":"index","follow":"follow","max-snippet":"max-snippet:-1","max-image-preview":"max-image-preview:large","max-video-preview":"max-video-preview:-1"},"canonical":"https:\/\/wb.pb.edu.pl\/inl\/wspolpraca\/potencjal-badawczo-rozwojowy\/","twitter_misc":{"Szacowany czas czytania":"1 minuta"},"schema":{"@context":"https:\/\/schema.org","@graph":[{"@type":"WebPage","@id":"https:\/\/wb.pb.edu.pl\/inl\/wspolpraca\/potencjal-badawczo-rozwojowy\/","url":"https:\/\/wb.pb.edu.pl\/inl\/wspolpraca\/potencjal-badawczo-rozwojowy\/","name":"Instytut Nauk Le\u015bnych WBiNo\u015a PB - Potencja\u0142 badawczo-rozwojowy","isPartOf":{"@id":"https:\/\/wb.pb.edu.pl\/inl\/#website"},"datePublished":"2019-10-07T18:50:00+00:00","dateModified":"2019-10-07T21:26:46+00:00","description":"Instytut Nauk Le\u015bnych dysponuje nowoczesnym Centrum Naukowo-Badawczym, rozbudowanym i zmodernizowanym dzi\u0119ki \u015brodkom unijnym w latach 2013-2015. W Centrum","breadcrumb":{"@id":"https:\/\/wb.pb.edu.pl\/inl\/wspolpraca\/potencjal-badawczo-rozwojowy\/#breadcrumb"},"inLanguage":"pl-PL","potentialAction":[{"@type":"ReadAction","target":["https:\/\/wb.pb.edu.pl\/inl\/wspolpraca\/potencjal-badawczo-rozwojowy\/"]}]},{"@type":"BreadcrumbList","@id":"https:\/\/wb.pb.edu.pl\/inl\/wspolpraca\/potencjal-badawczo-rozwojowy\/#breadcrumb","itemListElement":[{"@type":"ListItem","position":1,"name":"Strona g\u0142\u00f3wna","item":"https:\/\/wb.pb.edu.pl\/inl\/"},{"@type":"ListItem","position":2,"name":"Wsp\u00f3\u0142praca","item":"https:\/\/wb.pb.edu.pl\/inl\/wspolpraca\/"},{"@type":"ListItem","position":3,"name":"Potencja\u0142 badawczo-rozwojowy"}]},{"@type":"WebSite","@id":"https:\/\/wb.pb.edu.pl\/inl\/#website","url":"https:\/\/wb.pb.edu.pl\/inl\/","name":"Instytut Nauk Le\u015bnych","description":"Kolejna witryna sieci \u201eWB Witryn\u201d","potentialAction":[{"@type":"SearchAction","target":{"@type":"EntryPoint","urlTemplate":"https:\/\/wb.pb.edu.pl\/inl\/?s={search_term_string}"},"query-input":{"@type":"PropertyValueSpecification","valueRequired":true,"valueName":"search_term_string"}}],"inLanguage":"pl-PL"}]}},"_links":{"self":[{"href":"https:\/\/wb.pb.edu.pl\/inl\/wp-json\/wp\/v2\/pages\/108","targetHints":{"allow":["GET"]}}],"collection":[{"href":"https:\/\/wb.pb.edu.pl\/inl\/wp-json\/wp\/v2\/pages"}],"about":[{"href":"https:\/\/wb.pb.edu.pl\/inl\/wp-json\/wp\/v2\/types\/page"}],"author":[{"embeddable":true,"href":"https:\/\/wb.pb.edu.pl\/inl\/wp-json\/wp\/v2\/users\/3"}],"replies":[{"embeddable":true,"href":"https:\/\/wb.pb.edu.pl\/inl\/wp-json\/wp\/v2\/comments?post=108"}],"version-history":[{"count":4,"href":"https:\/\/wb.pb.edu.pl\/inl\/wp-json\/wp\/v2\/pages\/108\/revisions"}],"predecessor-version":[{"id":191,"href":"https:\/\/wb.pb.edu.pl\/inl\/wp-json\/wp\/v2\/pages\/108\/revisions\/191"}],"up":[{"embeddable":true,"href":"https:\/\/wb.pb.edu.pl\/inl\/wp-json\/wp\/v2\/pages\/106"}],"wp:attachment":[{"href":"https:\/\/wb.pb.edu.pl\/inl\/wp-json\/wp\/v2\/media?parent=108"}],"curies":[{"name":"wp","href":"https:\/\/api.w.org\/{rel}","templated":true}]}}