{"id":110,"date":"2019-10-07T20:50:41","date_gmt":"2019-10-07T18:50:41","guid":{"rendered":"https:\/\/wb.pb.edu.pl\/inl\/?page_id=110"},"modified":"2019-10-07T23:28:58","modified_gmt":"2019-10-07T21:28:58","slug":"firmy-i-instytucje","status":"publish","type":"page","link":"https:\/\/wb.pb.edu.pl\/inl\/wspolpraca\/firmy-i-instytucje\/","title":{"rendered":"Firmy i instytucje"},"content":{"rendered":"<p>G\u0142\u00f3wne obszary, w kt\u00f3rych prowadzimy wsp\u00f3\u0142prac\u0119 z instytucjami, jednostkami naukowymi, przedsi\u0119biorstwami i firmami to m.in.:<\/p>\n<ul>\n<li>realizacja wsp\u00f3lnych projekt\u00f3w badawczo-rozwojowych i celowych,<\/li>\n<li>wzmocnienie potencja\u0142u jednostek partnerskich dzi\u0119ki sta\u017com naukowym dla pracownik\u00f3w przedsi\u0119biorstw i sta\u017com przemys\u0142owym dla pracownik\u00f3w naukowo-dydaktycznych,<\/li>\n<li>wzmocnienie potencja\u0142u zawodowego i kwalifikacji student\u00f3w dzi\u0119ki sta\u017com w przedsi\u0119biorstwach i instytucjach bran\u017cowych,<\/li>\n<li>organizacja studi\u00f3w podyplomowych i kurs\u00f3w specjalistycznych, zgodnych z potrzebami partnerskich przedsi\u0119biorstw i instytucji.<\/li>\n<\/ul>\n<p>Propozycje dotycz\u0105ce wsp\u00f3\u0142pracy maj\u0105 charakter otwarty. Na ka\u017cdym etapie istnieje mo\u017cliwo\u015b\u0107 dostosowywania ich do aktualnych potrzeb.<\/p>\n<p>&nbsp;<\/p>\n<p>Dotychczasowa wsp\u00f3\u0142praca prowadzona jest na podstawie formalnych um\u00f3w podpisanych pomi\u0119dzy Uczelni\u0105 a szeregiem instytucji publicznych, samorz\u0105dowych, uczelni i przedsi\u0119biorstw. Wyrazem wsp\u00f3\u0142pracy instytucjonalnej s\u0105 najcz\u0119\u015bciej wsp\u00f3lnie organizowane przedsi\u0119wzi\u0119cia (konferencje, seminaria), wsp\u00f3lna realizacja projekt\u00f3w, organizacja sta\u017cy naukowych, wykonywanie ekspertyz naukowych.<\/p>\n<p>Powy\u017csze zdania Instytut Nauk Le\u015bnych PB realizuje mi\u0119dzy innymi z: Instytutem Biologii Ssak\u00f3w Polskiej Akademii Nauk w Bia\u0142owie\u017cy, Instytutem Badawczym Le\u015bnictwa z siedzib\u0105 w S\u0119kocinie Starym, Instytutem Biochemii i Biofizyki Polskiej Akademii Nauk, Regionaln\u0105 Dyrekcj\u0105 Las\u00f3w Pa\u0144stwowych w Bia\u0142ymstoku, Instytutem Kronenberga, Muzeum Rolnictwa im. Ks. Krzysztofa Kluka w Ciechanowcu i Starostwem Powiatowym w Hajn\u00f3wce.<\/p>\n<p>Efektem wsp\u00f3\u0142pracy INL PB ze \u015brodowiskiem gospodarczym s\u0105 zar\u00f3wno podpisane umowy o wsp\u00f3\u0142pracy (GRYFSKAND Sp. z o. o., RUNO Sp. z o.o.) i przede wszystkim prowadzone badania naukowe, m.in. wraz z IKEA Industry Poland S.A.,<br \/>\nEko-Herba, WOJMAR Sp. z o. o. sp\u00f3\u0142ka komandytowa czy te\u017c NAFTAN Sp. z .o.o.<\/p>\n","protected":false},"excerpt":{"rendered":"<p>G\u0142\u00f3wne obszary, w kt\u00f3rych prowadzimy wsp\u00f3\u0142prac\u0119 z instytucjami, jednostkami naukowymi, przedsi\u0119biorstwami i firmami to m.in.:<a class=\"read-more\" href=\"https:\/\/wb.pb.edu.pl\/inl\/wspolpraca\/firmy-i-instytucje\/\" title=\"Poka\u017c artyku\u0142 Firmy i instytucje\">wi\u0119cej<\/a><\/p>\n","protected":false},"author":3,"featured_media":0,"parent":106,"menu_order":2,"comment_status":"closed","ping_status":"closed","template":"","meta":{"inline_featured_image":false,"ngg_post_thumbnail":0,"footnotes":""},"class_list":["post-110","page","type-page","status-publish","hentry"],"acf":[],"yoast_head":"<!-- This site is optimized with the Yoast SEO plugin v26.4 - https:\/\/yoast.com\/wordpress\/plugins\/seo\/ -->\n<title>Instytut Nauk Le\u015bnych WBiNo\u015a PB - Firmy i instytucje<\/title>\n<meta name=\"description\" content=\"G\u0142\u00f3wne obszary, w kt\u00f3rych prowadzimy wsp\u00f3\u0142prac\u0119 z instytucjami, jednostkami naukowymi, przedsi\u0119biorstwami i firmami to m.in.: realizacja wsp\u00f3lnych\" \/>\n<meta name=\"robots\" content=\"index, follow, max-snippet:-1, max-image-preview:large, max-video-preview:-1\" \/>\n<link rel=\"canonical\" href=\"https:\/\/wb.pb.edu.pl\/inl\/wspolpraca\/firmy-i-instytucje\/\" \/>\n<meta name=\"twitter:label1\" content=\"Szacowany czas czytania\" \/>\n\t<meta name=\"twitter:data1\" content=\"1 minuta\" \/>\n<script type=\"application\/ld+json\" class=\"yoast-schema-graph\">{\"@context\":\"https:\/\/schema.org\",\"@graph\":[{\"@type\":\"WebPage\",\"@id\":\"https:\/\/wb.pb.edu.pl\/inl\/wspolpraca\/firmy-i-instytucje\/\",\"url\":\"https:\/\/wb.pb.edu.pl\/inl\/wspolpraca\/firmy-i-instytucje\/\",\"name\":\"Instytut Nauk Le\u015bnych WBiNo\u015a PB - Firmy i instytucje\",\"isPartOf\":{\"@id\":\"https:\/\/wb.pb.edu.pl\/inl\/#website\"},\"datePublished\":\"2019-10-07T18:50:41+00:00\",\"dateModified\":\"2019-10-07T21:28:58+00:00\",\"description\":\"G\u0142\u00f3wne obszary, w kt\u00f3rych prowadzimy wsp\u00f3\u0142prac\u0119 z instytucjami, jednostkami naukowymi, przedsi\u0119biorstwami i firmami to m.in.: realizacja wsp\u00f3lnych\",\"breadcrumb\":{\"@id\":\"https:\/\/wb.pb.edu.pl\/inl\/wspolpraca\/firmy-i-instytucje\/#breadcrumb\"},\"inLanguage\":\"pl-PL\",\"potentialAction\":[{\"@type\":\"ReadAction\",\"target\":[\"https:\/\/wb.pb.edu.pl\/inl\/wspolpraca\/firmy-i-instytucje\/\"]}]},{\"@type\":\"BreadcrumbList\",\"@id\":\"https:\/\/wb.pb.edu.pl\/inl\/wspolpraca\/firmy-i-instytucje\/#breadcrumb\",\"itemListElement\":[{\"@type\":\"ListItem\",\"position\":1,\"name\":\"Strona g\u0142\u00f3wna\",\"item\":\"https:\/\/wb.pb.edu.pl\/inl\/\"},{\"@type\":\"ListItem\",\"position\":2,\"name\":\"Wsp\u00f3\u0142praca\",\"item\":\"https:\/\/wb.pb.edu.pl\/inl\/wspolpraca\/\"},{\"@type\":\"ListItem\",\"position\":3,\"name\":\"Firmy i instytucje\"}]},{\"@type\":\"WebSite\",\"@id\":\"https:\/\/wb.pb.edu.pl\/inl\/#website\",\"url\":\"https:\/\/wb.pb.edu.pl\/inl\/\",\"name\":\"Instytut Nauk Le\u015bnych\",\"description\":\"Kolejna witryna sieci \u201eWB Witryn\u201d\",\"potentialAction\":[{\"@type\":\"SearchAction\",\"target\":{\"@type\":\"EntryPoint\",\"urlTemplate\":\"https:\/\/wb.pb.edu.pl\/inl\/?s={search_term_string}\"},\"query-input\":{\"@type\":\"PropertyValueSpecification\",\"valueRequired\":true,\"valueName\":\"search_term_string\"}}],\"inLanguage\":\"pl-PL\"}]}<\/script>\n<!-- \/ Yoast SEO plugin. -->","yoast_head_json":{"title":"Instytut Nauk Le\u015bnych WBiNo\u015a PB - Firmy i instytucje","description":"G\u0142\u00f3wne obszary, w kt\u00f3rych prowadzimy wsp\u00f3\u0142prac\u0119 z instytucjami, jednostkami naukowymi, przedsi\u0119biorstwami i firmami to m.in.: realizacja wsp\u00f3lnych","robots":{"index":"index","follow":"follow","max-snippet":"max-snippet:-1","max-image-preview":"max-image-preview:large","max-video-preview":"max-video-preview:-1"},"canonical":"https:\/\/wb.pb.edu.pl\/inl\/wspolpraca\/firmy-i-instytucje\/","twitter_misc":{"Szacowany czas czytania":"1 minuta"},"schema":{"@context":"https:\/\/schema.org","@graph":[{"@type":"WebPage","@id":"https:\/\/wb.pb.edu.pl\/inl\/wspolpraca\/firmy-i-instytucje\/","url":"https:\/\/wb.pb.edu.pl\/inl\/wspolpraca\/firmy-i-instytucje\/","name":"Instytut Nauk Le\u015bnych WBiNo\u015a PB - Firmy i instytucje","isPartOf":{"@id":"https:\/\/wb.pb.edu.pl\/inl\/#website"},"datePublished":"2019-10-07T18:50:41+00:00","dateModified":"2019-10-07T21:28:58+00:00","description":"G\u0142\u00f3wne obszary, w kt\u00f3rych prowadzimy wsp\u00f3\u0142prac\u0119 z instytucjami, jednostkami naukowymi, przedsi\u0119biorstwami i firmami to m.in.: realizacja wsp\u00f3lnych","breadcrumb":{"@id":"https:\/\/wb.pb.edu.pl\/inl\/wspolpraca\/firmy-i-instytucje\/#breadcrumb"},"inLanguage":"pl-PL","potentialAction":[{"@type":"ReadAction","target":["https:\/\/wb.pb.edu.pl\/inl\/wspolpraca\/firmy-i-instytucje\/"]}]},{"@type":"BreadcrumbList","@id":"https:\/\/wb.pb.edu.pl\/inl\/wspolpraca\/firmy-i-instytucje\/#breadcrumb","itemListElement":[{"@type":"ListItem","position":1,"name":"Strona g\u0142\u00f3wna","item":"https:\/\/wb.pb.edu.pl\/inl\/"},{"@type":"ListItem","position":2,"name":"Wsp\u00f3\u0142praca","item":"https:\/\/wb.pb.edu.pl\/inl\/wspolpraca\/"},{"@type":"ListItem","position":3,"name":"Firmy i instytucje"}]},{"@type":"WebSite","@id":"https:\/\/wb.pb.edu.pl\/inl\/#website","url":"https:\/\/wb.pb.edu.pl\/inl\/","name":"Instytut Nauk Le\u015bnych","description":"Kolejna witryna sieci \u201eWB Witryn\u201d","potentialAction":[{"@type":"SearchAction","target":{"@type":"EntryPoint","urlTemplate":"https:\/\/wb.pb.edu.pl\/inl\/?s={search_term_string}"},"query-input":{"@type":"PropertyValueSpecification","valueRequired":true,"valueName":"search_term_string"}}],"inLanguage":"pl-PL"}]}},"_links":{"self":[{"href":"https:\/\/wb.pb.edu.pl\/inl\/wp-json\/wp\/v2\/pages\/110","targetHints":{"allow":["GET"]}}],"collection":[{"href":"https:\/\/wb.pb.edu.pl\/inl\/wp-json\/wp\/v2\/pages"}],"about":[{"href":"https:\/\/wb.pb.edu.pl\/inl\/wp-json\/wp\/v2\/types\/page"}],"author":[{"embeddable":true,"href":"https:\/\/wb.pb.edu.pl\/inl\/wp-json\/wp\/v2\/users\/3"}],"replies":[{"embeddable":true,"href":"https:\/\/wb.pb.edu.pl\/inl\/wp-json\/wp\/v2\/comments?post=110"}],"version-history":[{"count":4,"href":"https:\/\/wb.pb.edu.pl\/inl\/wp-json\/wp\/v2\/pages\/110\/revisions"}],"predecessor-version":[{"id":193,"href":"https:\/\/wb.pb.edu.pl\/inl\/wp-json\/wp\/v2\/pages\/110\/revisions\/193"}],"up":[{"embeddable":true,"href":"https:\/\/wb.pb.edu.pl\/inl\/wp-json\/wp\/v2\/pages\/106"}],"wp:attachment":[{"href":"https:\/\/wb.pb.edu.pl\/inl\/wp-json\/wp\/v2\/media?parent=110"}],"curies":[{"name":"wp","href":"https:\/\/api.w.org\/{rel}","templated":true}]}}