{"id":123,"date":"2019-10-07T20:56:27","date_gmt":"2019-10-07T18:56:27","guid":{"rendered":"https:\/\/wb.pb.edu.pl\/inl\/?page_id=123"},"modified":"2023-10-23T10:45:24","modified_gmt":"2023-10-23T08:45:24","slug":"dane-teleadresowe","status":"publish","type":"page","link":"https:\/\/wb.pb.edu.pl\/inl\/kontakt\/dane-teleadresowe\/","title":{"rendered":"Dane teleadresowe"},"content":{"rendered":"<div class=\"row\">\n<div class=\"col-sm-5\" style=\"padding: 0px 0 0 40px\">\n<h2>Instytut Nauk Le\u015bnych<br \/>\nPolitechniki Bia\u0142ostockiej<\/h2>\n<h4>ul. Wiejska 45E<br \/>\n15-351 Bia\u0142ystok<\/h4>\n<p><i class=\"fal fa-phone\"><\/i> +48 85 746 95 90<br \/>\n<i class=\"fal fa-fax\"><\/i> +48 85 746 95 59<\/p>\n<p><i class=\"fal fa-envelope\"><\/i> <a href=\"#\" rel=\"nofollow\"  onclick=\"this.href='mailto:' + ' dyrektor.wbinl' + '@' + 'pb.edu.pl'\"> dyrektor.wbinl [at] pb.edu.pl<\/a>&nbsp;<\/p>\n<p>&nbsp;<\/p>\n<i class=\"fa fa-facebook-square\" aria-hidden=\"true\"><\/i> <a title=\"Instytut Nauk Le\u015bnych\" href=\"https:\/\/www.facebook.com\/Instytut-Nauk-Le%C5%9Bnych-Politechniki-Bia%C5%82ostockiej-100244481389168\/?modal=admin_todo_tour\" target=\"_blank\" rel=\"noopener noreferrer\">Znajd\u017a nas na facebooku<\/a><\/p>\n<\/div>\n<h4>&nbsp;<\/h4>\n<div class=\"col-sm-5\" style=\"padding: 0px 0 0 40px\">\n<h4>Centrum Naukowo-Badawcze<\/h4>\n<h4>ul. Pi\u0142sudskiego 1 A<br \/>\n17-200 Hajn\u00f3wka<\/h4>\n<p><i class=\"fal fa-phone\"><\/i> +48 85 746 72 50<\/p>\n<p><i class=\"fal fa-envelope\"><\/i> <a href=\"#\" rel=\"nofollow\"  onclick=\"this.href='mailto:' + ' inl.cnb' + '@' + 'pb.edu.pl'\"> inl.cnb [at] pb.edu.pl<\/a>\n<p>&nbsp;<\/p>\n<p>REGON: 000001672<\/p>\n<p>NIP: 542-020-87-21<br \/>\n&nbsp;<\/p>\n<\/div>\n<div class=\"col-sm-7\">\n<div style=\"padding: 30px 0 0 0\"><iframe loading=\"lazy\" src=\"https:\/\/www.google.com\/maps\/embed?pb=!1m14!1m8!1m3!1d9663.128472514392!2d23.591504!3d52.736124!3m2!1i1024!2i768!4f13.1!3m3!1m2!1s0x0%3A0x2bc8b768ad26b53!2sPolitechnika+Bia%C5%82ostocka%2C+Zamiejscowy+Wydzia%C5%82+Le%C5%9Bny!5e0!3m2!1spl!2spl!4v1519483259091\" width=\"100%\" height=\"350\"><\/iframe><\/div>\n<\/div>\n<\/div>\n","protected":false},"excerpt":{"rendered":"<p>Instytut Nauk Le\u015bnych Politechniki Bia\u0142ostockiej ul. Wiejska 45E 15-351 Bia\u0142ystok +48 85 746 95 90<a class=\"read-more\" href=\"https:\/\/wb.pb.edu.pl\/inl\/kontakt\/dane-teleadresowe\/\" title=\"Poka\u017c artyku\u0142 Dane teleadresowe\">wi\u0119cej<\/a><\/p>\n","protected":false},"author":3,"featured_media":0,"parent":33,"menu_order":1,"comment_status":"closed","ping_status":"closed","template":"","meta":{"inline_featured_image":false,"ngg_post_thumbnail":0,"footnotes":""},"class_list":["post-123","page","type-page","status-publish","hentry"],"acf":[],"yoast_head":"<!-- This site is optimized with the Yoast SEO plugin v26.4 - https:\/\/yoast.com\/wordpress\/plugins\/seo\/ -->\n<title>Instytut Nauk Le\u015bnych WBiNo\u015a PB - Dane teleadresowe<\/title>\n<meta name=\"description\" content=\"Instytut Nauk Le\u015bnych Politechniki Bia\u0142ostockiej ul. Wiejska 45E 15-351 Bia\u0142ystok +48 85 746 95 90 +48 85 746 95 59 &nbsp; &nbsp; Znajd\u017a nas na\" \/>\n<meta name=\"robots\" content=\"index, follow, max-snippet:-1, max-image-preview:large, max-video-preview:-1\" \/>\n<link rel=\"canonical\" href=\"https:\/\/wb.pb.edu.pl\/inl\/kontakt\/dane-teleadresowe\/\" \/>\n<meta name=\"twitter:label1\" content=\"Szacowany czas czytania\" \/>\n\t<meta name=\"twitter:data1\" content=\"1 minuta\" \/>\n<script type=\"application\/ld+json\" class=\"yoast-schema-graph\">{\"@context\":\"https:\/\/schema.org\",\"@graph\":[{\"@type\":\"WebPage\",\"@id\":\"https:\/\/wb.pb.edu.pl\/inl\/kontakt\/dane-teleadresowe\/\",\"url\":\"https:\/\/wb.pb.edu.pl\/inl\/kontakt\/dane-teleadresowe\/\",\"name\":\"Instytut Nauk Le\u015bnych WBiNo\u015a PB - Dane teleadresowe\",\"isPartOf\":{\"@id\":\"https:\/\/wb.pb.edu.pl\/inl\/#website\"},\"datePublished\":\"2019-10-07T18:56:27+00:00\",\"dateModified\":\"2023-10-23T08:45:24+00:00\",\"description\":\"Instytut Nauk Le\u015bnych Politechniki Bia\u0142ostockiej ul. Wiejska 45E 15-351 Bia\u0142ystok +48 85 746 95 90 +48 85 746 95 59 &nbsp; &nbsp; Znajd\u017a nas na\",\"breadcrumb\":{\"@id\":\"https:\/\/wb.pb.edu.pl\/inl\/kontakt\/dane-teleadresowe\/#breadcrumb\"},\"inLanguage\":\"pl-PL\",\"potentialAction\":[{\"@type\":\"ReadAction\",\"target\":[\"https:\/\/wb.pb.edu.pl\/inl\/kontakt\/dane-teleadresowe\/\"]}]},{\"@type\":\"BreadcrumbList\",\"@id\":\"https:\/\/wb.pb.edu.pl\/inl\/kontakt\/dane-teleadresowe\/#breadcrumb\",\"itemListElement\":[{\"@type\":\"ListItem\",\"position\":1,\"name\":\"Strona g\u0142\u00f3wna\",\"item\":\"https:\/\/wb.pb.edu.pl\/inl\/\"},{\"@type\":\"ListItem\",\"position\":2,\"name\":\"Kontakt\",\"item\":\"https:\/\/wb.pb.edu.pl\/inl\/kontakt\/\"},{\"@type\":\"ListItem\",\"position\":3,\"name\":\"Dane teleadresowe\"}]},{\"@type\":\"WebSite\",\"@id\":\"https:\/\/wb.pb.edu.pl\/inl\/#website\",\"url\":\"https:\/\/wb.pb.edu.pl\/inl\/\",\"name\":\"Instytut Nauk Le\u015bnych\",\"description\":\"Kolejna witryna sieci \u201eWB Witryn\u201d\",\"potentialAction\":[{\"@type\":\"SearchAction\",\"target\":{\"@type\":\"EntryPoint\",\"urlTemplate\":\"https:\/\/wb.pb.edu.pl\/inl\/?s={search_term_string}\"},\"query-input\":{\"@type\":\"PropertyValueSpecification\",\"valueRequired\":true,\"valueName\":\"search_term_string\"}}],\"inLanguage\":\"pl-PL\"}]}<\/script>\n<!-- \/ Yoast SEO plugin. -->","yoast_head_json":{"title":"Instytut Nauk Le\u015bnych WBiNo\u015a PB - Dane teleadresowe","description":"Instytut Nauk Le\u015bnych Politechniki Bia\u0142ostockiej ul. Wiejska 45E 15-351 Bia\u0142ystok +48 85 746 95 90 +48 85 746 95 59 &nbsp; &nbsp; Znajd\u017a nas na","robots":{"index":"index","follow":"follow","max-snippet":"max-snippet:-1","max-image-preview":"max-image-preview:large","max-video-preview":"max-video-preview:-1"},"canonical":"https:\/\/wb.pb.edu.pl\/inl\/kontakt\/dane-teleadresowe\/","twitter_misc":{"Szacowany czas czytania":"1 minuta"},"schema":{"@context":"https:\/\/schema.org","@graph":[{"@type":"WebPage","@id":"https:\/\/wb.pb.edu.pl\/inl\/kontakt\/dane-teleadresowe\/","url":"https:\/\/wb.pb.edu.pl\/inl\/kontakt\/dane-teleadresowe\/","name":"Instytut Nauk Le\u015bnych WBiNo\u015a PB - Dane teleadresowe","isPartOf":{"@id":"https:\/\/wb.pb.edu.pl\/inl\/#website"},"datePublished":"2019-10-07T18:56:27+00:00","dateModified":"2023-10-23T08:45:24+00:00","description":"Instytut Nauk Le\u015bnych Politechniki Bia\u0142ostockiej ul. Wiejska 45E 15-351 Bia\u0142ystok +48 85 746 95 90 +48 85 746 95 59 &nbsp; &nbsp; Znajd\u017a nas na","breadcrumb":{"@id":"https:\/\/wb.pb.edu.pl\/inl\/kontakt\/dane-teleadresowe\/#breadcrumb"},"inLanguage":"pl-PL","potentialAction":[{"@type":"ReadAction","target":["https:\/\/wb.pb.edu.pl\/inl\/kontakt\/dane-teleadresowe\/"]}]},{"@type":"BreadcrumbList","@id":"https:\/\/wb.pb.edu.pl\/inl\/kontakt\/dane-teleadresowe\/#breadcrumb","itemListElement":[{"@type":"ListItem","position":1,"name":"Strona g\u0142\u00f3wna","item":"https:\/\/wb.pb.edu.pl\/inl\/"},{"@type":"ListItem","position":2,"name":"Kontakt","item":"https:\/\/wb.pb.edu.pl\/inl\/kontakt\/"},{"@type":"ListItem","position":3,"name":"Dane teleadresowe"}]},{"@type":"WebSite","@id":"https:\/\/wb.pb.edu.pl\/inl\/#website","url":"https:\/\/wb.pb.edu.pl\/inl\/","name":"Instytut Nauk Le\u015bnych","description":"Kolejna witryna sieci \u201eWB Witryn\u201d","potentialAction":[{"@type":"SearchAction","target":{"@type":"EntryPoint","urlTemplate":"https:\/\/wb.pb.edu.pl\/inl\/?s={search_term_string}"},"query-input":{"@type":"PropertyValueSpecification","valueRequired":true,"valueName":"search_term_string"}}],"inLanguage":"pl-PL"}]}},"_links":{"self":[{"href":"https:\/\/wb.pb.edu.pl\/inl\/wp-json\/wp\/v2\/pages\/123","targetHints":{"allow":["GET"]}}],"collection":[{"href":"https:\/\/wb.pb.edu.pl\/inl\/wp-json\/wp\/v2\/pages"}],"about":[{"href":"https:\/\/wb.pb.edu.pl\/inl\/wp-json\/wp\/v2\/types\/page"}],"author":[{"embeddable":true,"href":"https:\/\/wb.pb.edu.pl\/inl\/wp-json\/wp\/v2\/users\/3"}],"replies":[{"embeddable":true,"href":"https:\/\/wb.pb.edu.pl\/inl\/wp-json\/wp\/v2\/comments?post=123"}],"version-history":[{"count":8,"href":"https:\/\/wb.pb.edu.pl\/inl\/wp-json\/wp\/v2\/pages\/123\/revisions"}],"predecessor-version":[{"id":640,"href":"https:\/\/wb.pb.edu.pl\/inl\/wp-json\/wp\/v2\/pages\/123\/revisions\/640"}],"up":[{"embeddable":true,"href":"https:\/\/wb.pb.edu.pl\/inl\/wp-json\/wp\/v2\/pages\/33"}],"wp:attachment":[{"href":"https:\/\/wb.pb.edu.pl\/inl\/wp-json\/wp\/v2\/media?parent=123"}],"curies":[{"name":"wp","href":"https:\/\/api.w.org\/{rel}","templated":true}]}}