{"id":129,"date":"2019-10-07T20:58:51","date_gmt":"2019-10-07T18:58:51","guid":{"rendered":"https:\/\/wb.pb.edu.pl\/inl\/?page_id=129"},"modified":"2025-11-19T12:10:19","modified_gmt":"2025-11-19T11:10:19","slug":"znajdz-pracownika","status":"publish","type":"page","link":"https:\/\/wb.pb.edu.pl\/inl\/kontakt\/znajdz-pracownika\/","title":{"rendered":"Znajd\u017a pracownika"},"content":{"rendered":"<div class=\"panel-group\" id=\"custom-collapse-0\">\n<div class=\"panel panel-default\">\n\t\t\t\t<div class=\"panel-heading\">\n\t\t\t\t\t<div class=\"panel-title\">\n\t\t\t\t\t\t<a class=\"collapsed h4\" data-toggle=\"collapse\" data-parent=\"#custom-collapse-0\" href=\"#custom-collapse-0-0\">Dyrektor Instytutu Nauk Le\u015bnych<\/a>\n\t\t\t\t\t<\/div>\n\t\t\t\t<\/div>\n\t\t\t\t<div id=\"custom-collapse-0-0\" class=\"panel-collapse collapse\">\n\t\t\t\t\t<div class=\"panel-body\">\n<div class=\"table-responsive\">\n<table class=\"table table-bordered table-striped\" style=\"width: auto\">\n<tbody>\n<tr>\n<th>Stopie\u0144\/tytu\u0142 naukowy, Imi\u0119 i Nazwisko<\/th>\n<th>Pok\u00f3j<\/th>\n<th>Telefon<\/th>\n<th>Email<\/th>\n<\/tr>\n<tr>\n<td>prof. dr hab. Piotr Banaszuk<\/td>\n<td>WB-10B**<\/td>\n<td><i class=\"fal fa-phone\"><\/i> 85 746 95 53<\/td>\n<td><i class=\"fal fa-envelope\"><\/i> <a href=\"#\" rel=\"nofollow\"  onclick=\"this.href='mailto:' + ' p.banaszuk' + '@' + 'pb.edu.pl'\"> p.banaszuk [at] pb.edu.pl<\/a>\n&nbsp;<br \/>\n   <i class=\"fal fa-envelope\"><\/i> <a href=\"#\" rel=\"nofollow\"  onclick=\"this.href='mailto:' + ' dyrektor.wbinl' + '@' + 'pb.edu.pl'\"> dyrektor.wbinl [at] pb.edu.pl<\/a><\/td>\n<\/tr>\n<\/tbody>\n<\/table>\n<p>** \u2013 Bia\u0142ystok, ul. Wiejska 45E\n<\/p><\/div>\n<\/div>\n\t\t\t\t<\/div>\n\t\t\t<\/div>\n<div class=\"panel-group\" id=\"custom-collapse-1\"><\/div>\n<div class=\"panel panel-default\">\n\t\t\t\t<div class=\"panel-heading\">\n\t\t\t\t\t<div class=\"panel-title\">\n\t\t\t\t\t\t<a class=\"collapsed h4\" data-toggle=\"collapse\" data-parent=\"#custom-collapse-1\" href=\"#custom-collapse-1-1\">Katedra \u015arodowiska Le\u015bnego<\/a>\n\t\t\t\t\t<\/div>\n\t\t\t\t<\/div>\n\t\t\t\t<div id=\"custom-collapse-1-1\" class=\"panel-collapse collapse\">\n\t\t\t\t\t<div class=\"panel-body\">\n<p><a title=\"Otworzy si\u0119 w nowym oknie\" href=\"https:\/\/wb.pb.edu.pl\/wydzial\/instytuty-i-katedry\/katedra-srodowiska-lesnego\/\" target=\"_blank\" rel=\"noopener\">Pracownicy Katedry \u015arodowiska Le\u015bnego<\/a><\/p>\n<\/div>\n\t\t\t\t<\/div>\n\t\t\t<\/div>\n<div class=\"panel panel-default\">\n\t\t\t\t<div class=\"panel-heading\">\n\t\t\t\t\t<div class=\"panel-title\">\n\t\t\t\t\t\t<a class=\"collapsed h4\" data-toggle=\"collapse\" data-parent=\"#custom-collapse-1\" href=\"#custom-collapse-1-2\">Katedra Hodowli i U\u017cytkowania Lasu<\/a>\n\t\t\t\t\t<\/div>\n\t\t\t\t<\/div>\n\t\t\t\t<div id=\"custom-collapse-1-2\" class=\"panel-collapse collapse\">\n\t\t\t\t\t<div class=\"panel-body\">\n<p><a title=\"Otworzy si\u0119 w nowym oknie\" href=\"https:\/\/wb.pb.edu.pl\/wydzial\/instytuty-i-katedry\/katedra-hodowli-i-uzytkowania-lasu\/\" target=\"_blank\" rel=\"noopener\">Pracownicy Katedry Hodowli i U\u017cytkowania Lasu<\/a><\/p>\n<\/div>\n\t\t\t\t<\/div>\n\t\t\t<\/div>\n<\/div>\n","protected":false},"excerpt":{"rendered":"","protected":false},"author":3,"featured_media":0,"parent":33,"menu_order":4,"comment_status":"closed","ping_status":"closed","template":"","meta":{"inline_featured_image":false,"ngg_post_thumbnail":0,"footnotes":""},"class_list":["post-129","page","type-page","status-publish","hentry"],"acf":[],"yoast_head":"<!-- This site is optimized with the Yoast SEO plugin v26.4 - https:\/\/yoast.com\/wordpress\/plugins\/seo\/ -->\n<title>Instytut Nauk Le\u015bnych WBiNo\u015a PB - Znajd\u017a pracownika<\/title>\n<meta name=\"robots\" content=\"index, follow, max-snippet:-1, max-image-preview:large, max-video-preview:-1\" \/>\n<link rel=\"canonical\" href=\"https:\/\/wb.pb.edu.pl\/inl\/kontakt\/znajdz-pracownika\/\" \/>\n<meta name=\"twitter:label1\" content=\"Szacowany czas czytania\" \/>\n\t<meta name=\"twitter:data1\" content=\"1 minuta\" \/>\n<script type=\"application\/ld+json\" class=\"yoast-schema-graph\">{\"@context\":\"https:\/\/schema.org\",\"@graph\":[{\"@type\":\"WebPage\",\"@id\":\"https:\/\/wb.pb.edu.pl\/inl\/kontakt\/znajdz-pracownika\/\",\"url\":\"https:\/\/wb.pb.edu.pl\/inl\/kontakt\/znajdz-pracownika\/\",\"name\":\"Instytut Nauk Le\u015bnych WBiNo\u015a PB - Znajd\u017a pracownika\",\"isPartOf\":{\"@id\":\"https:\/\/wb.pb.edu.pl\/inl\/#website\"},\"datePublished\":\"2019-10-07T18:58:51+00:00\",\"dateModified\":\"2025-11-19T11:10:19+00:00\",\"breadcrumb\":{\"@id\":\"https:\/\/wb.pb.edu.pl\/inl\/kontakt\/znajdz-pracownika\/#breadcrumb\"},\"inLanguage\":\"pl-PL\",\"potentialAction\":[{\"@type\":\"ReadAction\",\"target\":[\"https:\/\/wb.pb.edu.pl\/inl\/kontakt\/znajdz-pracownika\/\"]}]},{\"@type\":\"BreadcrumbList\",\"@id\":\"https:\/\/wb.pb.edu.pl\/inl\/kontakt\/znajdz-pracownika\/#breadcrumb\",\"itemListElement\":[{\"@type\":\"ListItem\",\"position\":1,\"name\":\"Strona g\u0142\u00f3wna\",\"item\":\"https:\/\/wb.pb.edu.pl\/inl\/\"},{\"@type\":\"ListItem\",\"position\":2,\"name\":\"Kontakt\",\"item\":\"https:\/\/wb.pb.edu.pl\/inl\/kontakt\/\"},{\"@type\":\"ListItem\",\"position\":3,\"name\":\"Znajd\u017a pracownika\"}]},{\"@type\":\"WebSite\",\"@id\":\"https:\/\/wb.pb.edu.pl\/inl\/#website\",\"url\":\"https:\/\/wb.pb.edu.pl\/inl\/\",\"name\":\"Instytut Nauk Le\u015bnych\",\"description\":\"Kolejna witryna sieci \u201eWB Witryn\u201d\",\"potentialAction\":[{\"@type\":\"SearchAction\",\"target\":{\"@type\":\"EntryPoint\",\"urlTemplate\":\"https:\/\/wb.pb.edu.pl\/inl\/?s={search_term_string}\"},\"query-input\":{\"@type\":\"PropertyValueSpecification\",\"valueRequired\":true,\"valueName\":\"search_term_string\"}}],\"inLanguage\":\"pl-PL\"}]}<\/script>\n<!-- \/ Yoast SEO plugin. -->","yoast_head_json":{"title":"Instytut Nauk Le\u015bnych WBiNo\u015a PB - Znajd\u017a pracownika","robots":{"index":"index","follow":"follow","max-snippet":"max-snippet:-1","max-image-preview":"max-image-preview:large","max-video-preview":"max-video-preview:-1"},"canonical":"https:\/\/wb.pb.edu.pl\/inl\/kontakt\/znajdz-pracownika\/","twitter_misc":{"Szacowany czas czytania":"1 minuta"},"schema":{"@context":"https:\/\/schema.org","@graph":[{"@type":"WebPage","@id":"https:\/\/wb.pb.edu.pl\/inl\/kontakt\/znajdz-pracownika\/","url":"https:\/\/wb.pb.edu.pl\/inl\/kontakt\/znajdz-pracownika\/","name":"Instytut Nauk Le\u015bnych WBiNo\u015a PB - Znajd\u017a pracownika","isPartOf":{"@id":"https:\/\/wb.pb.edu.pl\/inl\/#website"},"datePublished":"2019-10-07T18:58:51+00:00","dateModified":"2025-11-19T11:10:19+00:00","breadcrumb":{"@id":"https:\/\/wb.pb.edu.pl\/inl\/kontakt\/znajdz-pracownika\/#breadcrumb"},"inLanguage":"pl-PL","potentialAction":[{"@type":"ReadAction","target":["https:\/\/wb.pb.edu.pl\/inl\/kontakt\/znajdz-pracownika\/"]}]},{"@type":"BreadcrumbList","@id":"https:\/\/wb.pb.edu.pl\/inl\/kontakt\/znajdz-pracownika\/#breadcrumb","itemListElement":[{"@type":"ListItem","position":1,"name":"Strona g\u0142\u00f3wna","item":"https:\/\/wb.pb.edu.pl\/inl\/"},{"@type":"ListItem","position":2,"name":"Kontakt","item":"https:\/\/wb.pb.edu.pl\/inl\/kontakt\/"},{"@type":"ListItem","position":3,"name":"Znajd\u017a pracownika"}]},{"@type":"WebSite","@id":"https:\/\/wb.pb.edu.pl\/inl\/#website","url":"https:\/\/wb.pb.edu.pl\/inl\/","name":"Instytut Nauk Le\u015bnych","description":"Kolejna witryna sieci \u201eWB Witryn\u201d","potentialAction":[{"@type":"SearchAction","target":{"@type":"EntryPoint","urlTemplate":"https:\/\/wb.pb.edu.pl\/inl\/?s={search_term_string}"},"query-input":{"@type":"PropertyValueSpecification","valueRequired":true,"valueName":"search_term_string"}}],"inLanguage":"pl-PL"}]}},"_links":{"self":[{"href":"https:\/\/wb.pb.edu.pl\/inl\/wp-json\/wp\/v2\/pages\/129","targetHints":{"allow":["GET"]}}],"collection":[{"href":"https:\/\/wb.pb.edu.pl\/inl\/wp-json\/wp\/v2\/pages"}],"about":[{"href":"https:\/\/wb.pb.edu.pl\/inl\/wp-json\/wp\/v2\/types\/page"}],"author":[{"embeddable":true,"href":"https:\/\/wb.pb.edu.pl\/inl\/wp-json\/wp\/v2\/users\/3"}],"replies":[{"embeddable":true,"href":"https:\/\/wb.pb.edu.pl\/inl\/wp-json\/wp\/v2\/comments?post=129"}],"version-history":[{"count":19,"href":"https:\/\/wb.pb.edu.pl\/inl\/wp-json\/wp\/v2\/pages\/129\/revisions"}],"predecessor-version":[{"id":720,"href":"https:\/\/wb.pb.edu.pl\/inl\/wp-json\/wp\/v2\/pages\/129\/revisions\/720"}],"up":[{"embeddable":true,"href":"https:\/\/wb.pb.edu.pl\/inl\/wp-json\/wp\/v2\/pages\/33"}],"wp:attachment":[{"href":"https:\/\/wb.pb.edu.pl\/inl\/wp-json\/wp\/v2\/media?parent=129"}],"curies":[{"name":"wp","href":"https:\/\/api.w.org\/{rel}","templated":true}]}}