{"id":15,"date":"2019-10-03T21:31:12","date_gmt":"2019-10-03T19:31:12","guid":{"rendered":"https:\/\/wb.pb.edu.pl\/inl\/?page_id=15"},"modified":"2024-09-04T13:00:29","modified_gmt":"2024-09-04T11:00:29","slug":"home","status":"publish","type":"page","link":"https:\/\/wb.pb.edu.pl\/inl\/","title":{"rendered":""},"content":{"rendered":"<p><a name=\"tu-skacz\"><\/a><br \/>\n&nbsp;<\/p>\n<h2><a style=\"text-decoration: none\" title=\"Aktualno\u015bci\" href=\"\/inl\/aktualnosci\/\">Aktualno\u015bci <i class=\"fa fa-caret-right\" aria-hidden=\"true\"><\/i><\/a><\/h2>\n  <div class=\"box news-box\">\r\n    <div class=\"row\">\r\n      <!--Array\n(\n    [post_type] => post\n    [paged] => 1\n    [orderby] => Array\n        (\n            [meta_value_num] => DESC\n            [date] => DESC\n        )\n\n    [meta_query] => Array\n        (\n            [relation] => OR\n            [0] => Array\n                (\n                    [key] => on_top\n                    [compare] => NOT EXISTS\n                )\n\n            [1] => Array\n                (\n                    [key] => on_top\n                )\n\n        )\n\n    [category__in] => 1\n    [posts_per_page] => 4\n)\n-->\r\n                        <div class=\"col-sm-3\">\r\n            <article class=\"format-standard\">\n    <span class=\"date text-right\"><i class=\"fa fa-calendar\"><\/i> 04-03-2026<\/span>\n    <a href=\"https:\/\/wb.pb.edu.pl\/inl\/2026\/03\/04\/rozpoczelismy-pierwsza-edycje-konferencji-mlodzi-a-przyszlosc-polskich-lasow\/\">\n      <div class=\"article-image\">\n        <img loading=\"lazy\" decoding=\"async\" width=\"480\" height=\"320\" src=\"https:\/\/wb.pb.edu.pl\/inl\/wp-content\/uploads\/sites\/3\/2026\/03\/20260303-miniatura-480x320.jpg\" class=\"attachment-hp-box-size size-hp-box-size wp-post-image\" alt=\"\" srcset=\"https:\/\/wb.pb.edu.pl\/inl\/wp-content\/uploads\/sites\/3\/2026\/03\/20260303-miniatura-480x320.jpg 480w, https:\/\/wb.pb.edu.pl\/inl\/wp-content\/uploads\/sites\/3\/2026\/03\/20260303-miniatura-300x200.jpg 300w, https:\/\/wb.pb.edu.pl\/inl\/wp-content\/uploads\/sites\/3\/2026\/03\/20260303-miniatura.jpg 769w\" sizes=\"auto, (max-width: 480px) 100vw, 480px\" \/>      <\/div>\n      <h3>Rozpocz\u0119li\u015bmy pierwsz\u0105 edycj\u0119 Konferencji M\u0142odzi a przysz\u0142o\u015b\u0107 polskich las\u00f3w!<\/h3>\n      Na Auli w budynku Centrum Naukowo Badawczego w Hajn\u00f3wce spotkali si\u0119    <\/a>\n<\/article>          <\/div>\r\n                  <div class=\"col-sm-3\">\r\n            <article class=\"format-standard\">\n    <span class=\"date text-right\"><i class=\"fa fa-calendar\"><\/i> 11-06-2025<\/span>\n    <a href=\"https:\/\/wb.pb.edu.pl\/inl\/2025\/06\/11\/politechnika-bialostocka-chroni-mokradla-i-lasy-z-naukowcami-z-litwy\/\">\n      <div class=\"article-image\">\n        <img loading=\"lazy\" decoding=\"async\" width=\"480\" height=\"320\" src=\"https:\/\/wb.pb.edu.pl\/inl\/wp-content\/uploads\/sites\/3\/2025\/06\/2025-05-wizyta-studyjna-lesnikow-z-Litwy-2048x1280-miniatura-480x320.jpg\" class=\"attachment-hp-box-size size-hp-box-size wp-post-image\" alt=\"\" \/>      <\/div>\n      <h3>Politechnika Bia\u0142ostocka chroni mokrad\u0142a i lasy z naukowcami z Litwy<\/h3>\n      Politechnika Bia\u0142ostocka wzmacnia wsp\u00f3\u0142prac\u0119 w zakresie ochrony &nbsp;mokrade\u0142 i ekosystem\u00f3w le\u015bnych    <\/a>\n<\/article>          <\/div>\r\n                  <div class=\"col-sm-3\">\r\n            <article class=\"format-standard\">\n    <span class=\"date text-right\"><i class=\"fa fa-calendar\"><\/i> 16-05-2025<\/span>\n    <a href=\"https:\/\/wb.pb.edu.pl\/inl\/2025\/05\/16\/politechnika-bialostocka-ratuje-populacje-jodly-w-puszczy-bialowieskiej-dofinansowanie-17-mln-zl\/\">\n      <div class=\"article-image\">\n        <img loading=\"lazy\" decoding=\"async\" width=\"480\" height=\"320\" src=\"https:\/\/wb.pb.edu.pl\/inl\/wp-content\/uploads\/sites\/3\/2025\/05\/2024-11-13-INL-Jodla-fot-Dariusz-Piekut-miniatura-512x768-1-480x320.jpg\" class=\"attachment-hp-box-size size-hp-box-size wp-post-image\" alt=\"\" srcset=\"https:\/\/wb.pb.edu.pl\/inl\/wp-content\/uploads\/sites\/3\/2025\/05\/2024-11-13-INL-Jodla-fot-Dariusz-Piekut-miniatura-512x768-1-480x320.jpg 480w, https:\/\/wb.pb.edu.pl\/inl\/wp-content\/uploads\/sites\/3\/2025\/05\/2024-11-13-INL-Jodla-fot-Dariusz-Piekut-miniatura-512x768-1-300x200.jpg 300w, https:\/\/wb.pb.edu.pl\/inl\/wp-content\/uploads\/sites\/3\/2025\/05\/2024-11-13-INL-Jodla-fot-Dariusz-Piekut-miniatura-512x768-1.jpg 768w\" sizes=\"auto, (max-width: 480px) 100vw, 480px\" \/>      <\/div>\n      <h3>Politechnika Bia\u0142ostocka ratuje populacj\u0119 jod\u0142y w Puszczy Bia\u0142owieskiej. Dofinansowanie 1,7 mln z\u0142!<\/h3>\n      Naukowcy z Politechniki Bia\u0142ostockiej chc\u0105 ocali\u0107 autochtoniczn\u0105 populacj\u0119 jod\u0142y pospolitej. Przedsi\u0119wzi\u0119cie    <\/a>\n<\/article>          <\/div>\r\n                  <div class=\"col-sm-3\">\r\n            <article class=\"format-standard\">\n    <span class=\"date text-right\"><i class=\"fa fa-calendar\"><\/i> 11-04-2025<\/span>\n    <a href=\"https:\/\/wb.pb.edu.pl\/inl\/2025\/04\/11\/politechnika-bialostocka-polaczyla-mykologie-z-analiza-danych-miedzynar\/\">\n      <div class=\"article-image\">\n        <img loading=\"lazy\" decoding=\"async\" width=\"480\" height=\"320\" src=\"https:\/\/wb.pb.edu.pl\/inl\/wp-content\/uploads\/sites\/3\/2025\/04\/2025-04-10-FUNGITAX-2025-fot-Dariusz-Piekut-PB-3-2048x1280-1-480x320.jpg\" class=\"attachment-hp-box-size size-hp-box-size wp-post-image\" alt=\"\" \/>      <\/div>\n      <h3>Politechnika Bia\u0142ostocka po\u0142\u0105czy\u0142a mykologi\u0119 z analiz\u0105 danych. Mi\u0119dzynarodowe warsztaty FUNGITAX<\/h3>\n      Politechnika Bia\u0142ostocka zorganizowa\u0142a interdyscyplinarne warsztaty FUNGITAX. Studenci, doktoranci i nauczyciele akademiccy    <\/a>\n<\/article>          <\/div>\r\n                  <\/div>\r\n          <\/div>\r\n\n&nbsp;<\/p>\n<div class=\"row\">\n<div class=\"col-sm-3\">\n<div class=\"panel panel-default panel-sport animated zoomIn\">\n<div class=\"panel-heading text-center\"><span class=\"lead\">O Instytucie<\/span><\/div>\n<div class=\"panel-body\">\n<div class=\"image\"><a title=\"O Instytucie\" href=\"\/inl\/o-instytucie\/\"><img loading=\"lazy\" decoding=\"async\" src=\"https:\/\/wb.pb.edu.pl\/inl\/wp-content\/uploads\/sites\/3\/2019\/10\/box-instytut-1.jpg\" alt=\"\" width=\"600\" height=\"352\" class=\"aligncenter size-full wp-image-230\" srcset=\"https:\/\/wb.pb.edu.pl\/inl\/wp-content\/uploads\/sites\/3\/2019\/10\/box-instytut-1.jpg 600w, https:\/\/wb.pb.edu.pl\/inl\/wp-content\/uploads\/sites\/3\/2019\/10\/box-instytut-1-300x176.jpg 300w\" sizes=\"auto, (max-width: 600px) 100vw, 600px\" \/><\/a><\/div>\n<\/div>\n<\/div>\n<\/div>\n<div class=\"col-sm-3\">\n<div class=\"panel panel-default panel-sport animated zoomIn\">\n<div class=\"panel-heading text-center\"><span class=\"lead\">Nauka i Badania<\/span><\/div>\n<div class=\"panel-body\">\n<div class=\"image\"><a title=\"Nauka i Badania\" href=\"\/inl\/nauka-i-badania\/\"><img loading=\"lazy\" decoding=\"async\" src=\"https:\/\/wb.pb.edu.pl\/inl\/wp-content\/uploads\/sites\/3\/2019\/10\/box-nauka-badania.jpg\" alt=\"\" width=\"600\" height=\"352\" class=\"aligncenter size-full wp-image-232\" srcset=\"https:\/\/wb.pb.edu.pl\/inl\/wp-content\/uploads\/sites\/3\/2019\/10\/box-nauka-badania.jpg 600w, https:\/\/wb.pb.edu.pl\/inl\/wp-content\/uploads\/sites\/3\/2019\/10\/box-nauka-badania-300x176.jpg 300w\" sizes=\"auto, (max-width: 600px) 100vw, 600px\" \/><\/a><\/div>\n<\/div>\n<\/div>\n<\/div>\n<div class=\"col-sm-3\">\n<div class=\"panel panel-default panel-sport animated zoomIn\">\n<div class=\"panel-heading text-center\"><span class=\"lead\">Wsp\u00f3\u0142praca<\/span><\/div>\n<div class=\"panel-body\">\n<div class=\"image\"><a title=\"Wsp\u00f3\u0142praca\" href=\"\/inl\/wspolpraca\/\"><img loading=\"lazy\" decoding=\"async\" src=\"https:\/\/wb.pb.edu.pl\/inl\/wp-content\/uploads\/sites\/3\/2019\/10\/box-wspolpraca.jpg\" alt=\"\" width=\"600\" height=\"352\" class=\"aligncenter size-full wp-image-229\" srcset=\"https:\/\/wb.pb.edu.pl\/inl\/wp-content\/uploads\/sites\/3\/2019\/10\/box-wspolpraca.jpg 600w, https:\/\/wb.pb.edu.pl\/inl\/wp-content\/uploads\/sites\/3\/2019\/10\/box-wspolpraca-300x176.jpg 300w\" sizes=\"auto, (max-width: 600px) 100vw, 600px\" \/><\/a><\/div>\n<\/div>\n<\/div>\n<\/div>\n<div class=\"col-sm-3\">\n<div class=\"panel panel-default panel-sport animated zoomIn\">\n<div class=\"panel-heading text-center\"><span class=\"lead\">Kontakt<\/span><\/div>\n<div class=\"panel-body\">\n<div class=\"image\"><a title=\"Kontakt\" href=\"\/inl\/kontakt\/\"><img loading=\"lazy\" decoding=\"async\" src=\"https:\/\/wb.pb.edu.pl\/inl\/wp-content\/uploads\/sites\/3\/2019\/10\/box-kontakt.jpg\" alt=\"\" width=\"600\" height=\"352\" class=\"aligncenter size-full wp-image-231\" srcset=\"https:\/\/wb.pb.edu.pl\/inl\/wp-content\/uploads\/sites\/3\/2019\/10\/box-kontakt.jpg 600w, https:\/\/wb.pb.edu.pl\/inl\/wp-content\/uploads\/sites\/3\/2019\/10\/box-kontakt-300x176.jpg 300w\" sizes=\"auto, (max-width: 600px) 100vw, 600px\" \/><\/a><\/div>\n<\/div>\n<\/div>\n<\/div>\n<\/div>\n","protected":false},"excerpt":{"rendered":"<p>&nbsp; Aktualno\u015bci &nbsp; O Instytucie Nauka i Badania Wsp\u00f3\u0142praca Kontakt<\/p>\n","protected":false},"author":3,"featured_media":139,"parent":0,"menu_order":0,"comment_status":"closed","ping_status":"closed","template":"templates\/reprezentacyjna-4_8.php","meta":{"inline_featured_image":false,"ngg_post_thumbnail":0,"footnotes":""},"class_list":["post-15","page","type-page","status-publish","has-post-thumbnail","hentry"],"acf":[],"yoast_head":"<!-- This site is optimized with the Yoast SEO plugin v26.4 - https:\/\/yoast.com\/wordpress\/plugins\/seo\/ -->\n<title>Instytut Nauk Le\u015bnych<\/title>\n<meta name=\"description\" content=\"Instytut Nauk Le\u015bnych Wydzia\u0142u Budownictwa i Nauk o \u015arodowisku Politechniki Bia\u0142ostockiej\" \/>\n<meta name=\"robots\" content=\"index, follow, max-snippet:-1, max-image-preview:large, max-video-preview:-1\" \/>\n<link rel=\"canonical\" href=\"https:\/\/wb.pb.edu.pl\/inl\/\" \/>\n<meta name=\"twitter:label1\" content=\"Szacowany czas czytania\" \/>\n\t<meta name=\"twitter:data1\" content=\"2 minuty\" \/>\n<script type=\"application\/ld+json\" class=\"yoast-schema-graph\">{\"@context\":\"https:\/\/schema.org\",\"@graph\":[{\"@type\":\"WebPage\",\"@id\":\"https:\/\/wb.pb.edu.pl\/inl\/\",\"url\":\"https:\/\/wb.pb.edu.pl\/inl\/\",\"name\":\"Instytut Nauk Le\u015bnych\",\"isPartOf\":{\"@id\":\"https:\/\/wb.pb.edu.pl\/inl\/#website\"},\"primaryImageOfPage\":{\"@id\":\"https:\/\/wb.pb.edu.pl\/inl\/#primaryimage\"},\"image\":{\"@id\":\"https:\/\/wb.pb.edu.pl\/inl\/#primaryimage\"},\"thumbnailUrl\":\"https:\/\/wb.pb.edu.pl\/inl\/wp-content\/uploads\/sites\/3\/2019\/10\/box-instytut.jpg\",\"datePublished\":\"2019-10-03T19:31:12+00:00\",\"dateModified\":\"2024-09-04T11:00:29+00:00\",\"description\":\"Instytut Nauk Le\u015bnych Wydzia\u0142u Budownictwa i Nauk o \u015arodowisku Politechniki Bia\u0142ostockiej\",\"inLanguage\":\"pl-PL\",\"potentialAction\":[{\"@type\":\"ReadAction\",\"target\":[\"https:\/\/wb.pb.edu.pl\/inl\/\"]}]},{\"@type\":\"ImageObject\",\"inLanguage\":\"pl-PL\",\"@id\":\"https:\/\/wb.pb.edu.pl\/inl\/#primaryimage\",\"url\":\"https:\/\/wb.pb.edu.pl\/inl\/wp-content\/uploads\/sites\/3\/2019\/10\/box-instytut.jpg\",\"contentUrl\":\"https:\/\/wb.pb.edu.pl\/inl\/wp-content\/uploads\/sites\/3\/2019\/10\/box-instytut.jpg\",\"width\":1050,\"height\":711,\"caption\":\"mikroskop\"},{\"@type\":\"WebSite\",\"@id\":\"https:\/\/wb.pb.edu.pl\/inl\/#website\",\"url\":\"https:\/\/wb.pb.edu.pl\/inl\/\",\"name\":\"Instytut Nauk Le\u015bnych\",\"description\":\"Kolejna witryna sieci \u201eWB Witryn\u201d\",\"potentialAction\":[{\"@type\":\"SearchAction\",\"target\":{\"@type\":\"EntryPoint\",\"urlTemplate\":\"https:\/\/wb.pb.edu.pl\/inl\/?s={search_term_string}\"},\"query-input\":{\"@type\":\"PropertyValueSpecification\",\"valueRequired\":true,\"valueName\":\"search_term_string\"}}],\"inLanguage\":\"pl-PL\"}]}<\/script>\n<!-- \/ Yoast SEO plugin. -->","yoast_head_json":{"title":"Instytut Nauk Le\u015bnych","description":"Instytut Nauk Le\u015bnych Wydzia\u0142u Budownictwa i Nauk o \u015arodowisku Politechniki Bia\u0142ostockiej","robots":{"index":"index","follow":"follow","max-snippet":"max-snippet:-1","max-image-preview":"max-image-preview:large","max-video-preview":"max-video-preview:-1"},"canonical":"https:\/\/wb.pb.edu.pl\/inl\/","twitter_misc":{"Szacowany czas czytania":"2 minuty"},"schema":{"@context":"https:\/\/schema.org","@graph":[{"@type":"WebPage","@id":"https:\/\/wb.pb.edu.pl\/inl\/","url":"https:\/\/wb.pb.edu.pl\/inl\/","name":"Instytut Nauk Le\u015bnych","isPartOf":{"@id":"https:\/\/wb.pb.edu.pl\/inl\/#website"},"primaryImageOfPage":{"@id":"https:\/\/wb.pb.edu.pl\/inl\/#primaryimage"},"image":{"@id":"https:\/\/wb.pb.edu.pl\/inl\/#primaryimage"},"thumbnailUrl":"https:\/\/wb.pb.edu.pl\/inl\/wp-content\/uploads\/sites\/3\/2019\/10\/box-instytut.jpg","datePublished":"2019-10-03T19:31:12+00:00","dateModified":"2024-09-04T11:00:29+00:00","description":"Instytut Nauk Le\u015bnych Wydzia\u0142u Budownictwa i Nauk o \u015arodowisku Politechniki Bia\u0142ostockiej","inLanguage":"pl-PL","potentialAction":[{"@type":"ReadAction","target":["https:\/\/wb.pb.edu.pl\/inl\/"]}]},{"@type":"ImageObject","inLanguage":"pl-PL","@id":"https:\/\/wb.pb.edu.pl\/inl\/#primaryimage","url":"https:\/\/wb.pb.edu.pl\/inl\/wp-content\/uploads\/sites\/3\/2019\/10\/box-instytut.jpg","contentUrl":"https:\/\/wb.pb.edu.pl\/inl\/wp-content\/uploads\/sites\/3\/2019\/10\/box-instytut.jpg","width":1050,"height":711,"caption":"mikroskop"},{"@type":"WebSite","@id":"https:\/\/wb.pb.edu.pl\/inl\/#website","url":"https:\/\/wb.pb.edu.pl\/inl\/","name":"Instytut Nauk Le\u015bnych","description":"Kolejna witryna sieci \u201eWB Witryn\u201d","potentialAction":[{"@type":"SearchAction","target":{"@type":"EntryPoint","urlTemplate":"https:\/\/wb.pb.edu.pl\/inl\/?s={search_term_string}"},"query-input":{"@type":"PropertyValueSpecification","valueRequired":true,"valueName":"search_term_string"}}],"inLanguage":"pl-PL"}]}},"_links":{"self":[{"href":"https:\/\/wb.pb.edu.pl\/inl\/wp-json\/wp\/v2\/pages\/15","targetHints":{"allow":["GET"]}}],"collection":[{"href":"https:\/\/wb.pb.edu.pl\/inl\/wp-json\/wp\/v2\/pages"}],"about":[{"href":"https:\/\/wb.pb.edu.pl\/inl\/wp-json\/wp\/v2\/types\/page"}],"author":[{"embeddable":true,"href":"https:\/\/wb.pb.edu.pl\/inl\/wp-json\/wp\/v2\/users\/3"}],"replies":[{"embeddable":true,"href":"https:\/\/wb.pb.edu.pl\/inl\/wp-json\/wp\/v2\/comments?post=15"}],"version-history":[{"count":31,"href":"https:\/\/wb.pb.edu.pl\/inl\/wp-json\/wp\/v2\/pages\/15\/revisions"}],"predecessor-version":[{"id":20,"href":"https:\/\/wb.pb.edu.pl\/inl\/wp-json\/wp\/v2\/pages\/15\/revisions\/20"}],"wp:featuredmedia":[{"embeddable":true,"href":"https:\/\/wb.pb.edu.pl\/inl\/wp-json\/wp\/v2\/media\/139"}],"wp:attachment":[{"href":"https:\/\/wb.pb.edu.pl\/inl\/wp-json\/wp\/v2\/media?parent=15"}],"curies":[{"name":"wp","href":"https:\/\/api.w.org\/{rel}","templated":true}]}}