{"id":160,"date":"2019-10-07T22:05:19","date_gmt":"2019-10-07T20:05:19","guid":{"rendered":"https:\/\/wb.pb.edu.pl\/inl\/?page_id=160"},"modified":"2019-10-07T22:05:19","modified_gmt":"2019-10-07T20:05:19","slug":"wspolpraca-z-biznesem","status":"publish","type":"page","link":"https:\/\/wb.pb.edu.pl\/inl\/wspolpraca\/firmy-i-instytucje\/wspolpraca-z-biznesem\/","title":{"rendered":"Wsp\u00f3\u0142praca z biznesem"},"content":{"rendered":"<p>W\u015br\u00f3d przedsi\u0119biorstw, z kt\u00f3rymi wsp\u00f3\u0142pracuje Zamiejscowy Wydzia\u0142 Le\u015bny s\u0105 m.in.:<\/p>\n<ul>\n<li>IKEA Industry Poland Sp. z o.o., Oddzia\u0142 w Orli<\/li>\n<li>Naftan Sp. z o.o.<\/li>\n<li><a class=\"pdf\" href=\"https:\/\/zwl.pb.edu.pl\/wp-content\/uploads\/2018\/03\/EKO-Herba_Badania_27072016.pdf\" target=\"_blank\" rel=\"noopener noreferrer\">EkoHerba (632 KB)<\/a><\/li>\n<li>Olejowe Smaki<\/li>\n<li>Fabryki Mebli &#8222;Forte&#8221; S.A.<\/li>\n<li>Greenvit Sp. z o.o<\/li>\n<\/ul>\n<p>&nbsp;<\/p>\n","protected":false},"excerpt":{"rendered":"<p>W\u015br\u00f3d przedsi\u0119biorstw, z kt\u00f3rymi wsp\u00f3\u0142pracuje Zamiejscowy Wydzia\u0142 Le\u015bny s\u0105 m.in.: IKEA Industry Poland Sp. z<a class=\"read-more\" href=\"https:\/\/wb.pb.edu.pl\/inl\/wspolpraca\/firmy-i-instytucje\/wspolpraca-z-biznesem\/\" title=\"Poka\u017c artyku\u0142 Wsp\u00f3\u0142praca z biznesem\">wi\u0119cej<\/a><\/p>\n","protected":false},"author":3,"featured_media":0,"parent":110,"menu_order":1,"comment_status":"closed","ping_status":"closed","template":"","meta":{"inline_featured_image":false,"ngg_post_thumbnail":0,"footnotes":""},"class_list":["post-160","page","type-page","status-publish","hentry"],"acf":[],"yoast_head":"<!-- This site is optimized with the Yoast SEO plugin v26.4 - https:\/\/yoast.com\/wordpress\/plugins\/seo\/ -->\n<title>Instytut Nauk Le\u015bnych WBiNo\u015a PB - Wsp\u00f3\u0142praca z biznesem<\/title>\n<meta name=\"description\" content=\"W\u015br\u00f3d przedsi\u0119biorstw, z kt\u00f3rymi wsp\u00f3\u0142pracuje Zamiejscowy Wydzia\u0142 Le\u015bny s\u0105 m.in.: IKEA Industry Poland Sp. z o.o., Oddzia\u0142 w Orli Naftan Sp. z o.o.\" \/>\n<meta name=\"robots\" content=\"index, follow, max-snippet:-1, max-image-preview:large, max-video-preview:-1\" \/>\n<link rel=\"canonical\" href=\"https:\/\/wb.pb.edu.pl\/inl\/wspolpraca\/firmy-i-instytucje\/wspolpraca-z-biznesem\/\" \/>\n<script type=\"application\/ld+json\" class=\"yoast-schema-graph\">{\"@context\":\"https:\/\/schema.org\",\"@graph\":[{\"@type\":\"WebPage\",\"@id\":\"https:\/\/wb.pb.edu.pl\/inl\/wspolpraca\/firmy-i-instytucje\/wspolpraca-z-biznesem\/\",\"url\":\"https:\/\/wb.pb.edu.pl\/inl\/wspolpraca\/firmy-i-instytucje\/wspolpraca-z-biznesem\/\",\"name\":\"Instytut Nauk Le\u015bnych WBiNo\u015a PB - Wsp\u00f3\u0142praca z biznesem\",\"isPartOf\":{\"@id\":\"https:\/\/wb.pb.edu.pl\/inl\/#website\"},\"datePublished\":\"2019-10-07T20:05:19+00:00\",\"description\":\"W\u015br\u00f3d przedsi\u0119biorstw, z kt\u00f3rymi wsp\u00f3\u0142pracuje Zamiejscowy Wydzia\u0142 Le\u015bny s\u0105 m.in.: IKEA Industry Poland Sp. z o.o., Oddzia\u0142 w Orli Naftan Sp. z o.o.\",\"breadcrumb\":{\"@id\":\"https:\/\/wb.pb.edu.pl\/inl\/wspolpraca\/firmy-i-instytucje\/wspolpraca-z-biznesem\/#breadcrumb\"},\"inLanguage\":\"pl-PL\",\"potentialAction\":[{\"@type\":\"ReadAction\",\"target\":[\"https:\/\/wb.pb.edu.pl\/inl\/wspolpraca\/firmy-i-instytucje\/wspolpraca-z-biznesem\/\"]}]},{\"@type\":\"BreadcrumbList\",\"@id\":\"https:\/\/wb.pb.edu.pl\/inl\/wspolpraca\/firmy-i-instytucje\/wspolpraca-z-biznesem\/#breadcrumb\",\"itemListElement\":[{\"@type\":\"ListItem\",\"position\":1,\"name\":\"Strona g\u0142\u00f3wna\",\"item\":\"https:\/\/wb.pb.edu.pl\/inl\/\"},{\"@type\":\"ListItem\",\"position\":2,\"name\":\"Wsp\u00f3\u0142praca\",\"item\":\"https:\/\/wb.pb.edu.pl\/inl\/wspolpraca\/\"},{\"@type\":\"ListItem\",\"position\":3,\"name\":\"Firmy i instytucje\",\"item\":\"https:\/\/wb.pb.edu.pl\/inl\/wspolpraca\/firmy-i-instytucje\/\"},{\"@type\":\"ListItem\",\"position\":4,\"name\":\"Wsp\u00f3\u0142praca z biznesem\"}]},{\"@type\":\"WebSite\",\"@id\":\"https:\/\/wb.pb.edu.pl\/inl\/#website\",\"url\":\"https:\/\/wb.pb.edu.pl\/inl\/\",\"name\":\"Instytut Nauk Le\u015bnych\",\"description\":\"Kolejna witryna sieci \u201eWB Witryn\u201d\",\"potentialAction\":[{\"@type\":\"SearchAction\",\"target\":{\"@type\":\"EntryPoint\",\"urlTemplate\":\"https:\/\/wb.pb.edu.pl\/inl\/?s={search_term_string}\"},\"query-input\":{\"@type\":\"PropertyValueSpecification\",\"valueRequired\":true,\"valueName\":\"search_term_string\"}}],\"inLanguage\":\"pl-PL\"}]}<\/script>\n<!-- \/ Yoast SEO plugin. -->","yoast_head_json":{"title":"Instytut Nauk Le\u015bnych WBiNo\u015a PB - Wsp\u00f3\u0142praca z biznesem","description":"W\u015br\u00f3d przedsi\u0119biorstw, z kt\u00f3rymi wsp\u00f3\u0142pracuje Zamiejscowy Wydzia\u0142 Le\u015bny s\u0105 m.in.: IKEA Industry Poland Sp. z o.o., Oddzia\u0142 w Orli Naftan Sp. z o.o.","robots":{"index":"index","follow":"follow","max-snippet":"max-snippet:-1","max-image-preview":"max-image-preview:large","max-video-preview":"max-video-preview:-1"},"canonical":"https:\/\/wb.pb.edu.pl\/inl\/wspolpraca\/firmy-i-instytucje\/wspolpraca-z-biznesem\/","schema":{"@context":"https:\/\/schema.org","@graph":[{"@type":"WebPage","@id":"https:\/\/wb.pb.edu.pl\/inl\/wspolpraca\/firmy-i-instytucje\/wspolpraca-z-biznesem\/","url":"https:\/\/wb.pb.edu.pl\/inl\/wspolpraca\/firmy-i-instytucje\/wspolpraca-z-biznesem\/","name":"Instytut Nauk Le\u015bnych WBiNo\u015a PB - Wsp\u00f3\u0142praca z biznesem","isPartOf":{"@id":"https:\/\/wb.pb.edu.pl\/inl\/#website"},"datePublished":"2019-10-07T20:05:19+00:00","description":"W\u015br\u00f3d przedsi\u0119biorstw, z kt\u00f3rymi wsp\u00f3\u0142pracuje Zamiejscowy Wydzia\u0142 Le\u015bny s\u0105 m.in.: IKEA Industry Poland Sp. z o.o., Oddzia\u0142 w Orli Naftan Sp. z o.o.","breadcrumb":{"@id":"https:\/\/wb.pb.edu.pl\/inl\/wspolpraca\/firmy-i-instytucje\/wspolpraca-z-biznesem\/#breadcrumb"},"inLanguage":"pl-PL","potentialAction":[{"@type":"ReadAction","target":["https:\/\/wb.pb.edu.pl\/inl\/wspolpraca\/firmy-i-instytucje\/wspolpraca-z-biznesem\/"]}]},{"@type":"BreadcrumbList","@id":"https:\/\/wb.pb.edu.pl\/inl\/wspolpraca\/firmy-i-instytucje\/wspolpraca-z-biznesem\/#breadcrumb","itemListElement":[{"@type":"ListItem","position":1,"name":"Strona g\u0142\u00f3wna","item":"https:\/\/wb.pb.edu.pl\/inl\/"},{"@type":"ListItem","position":2,"name":"Wsp\u00f3\u0142praca","item":"https:\/\/wb.pb.edu.pl\/inl\/wspolpraca\/"},{"@type":"ListItem","position":3,"name":"Firmy i instytucje","item":"https:\/\/wb.pb.edu.pl\/inl\/wspolpraca\/firmy-i-instytucje\/"},{"@type":"ListItem","position":4,"name":"Wsp\u00f3\u0142praca z biznesem"}]},{"@type":"WebSite","@id":"https:\/\/wb.pb.edu.pl\/inl\/#website","url":"https:\/\/wb.pb.edu.pl\/inl\/","name":"Instytut Nauk Le\u015bnych","description":"Kolejna witryna sieci \u201eWB Witryn\u201d","potentialAction":[{"@type":"SearchAction","target":{"@type":"EntryPoint","urlTemplate":"https:\/\/wb.pb.edu.pl\/inl\/?s={search_term_string}"},"query-input":{"@type":"PropertyValueSpecification","valueRequired":true,"valueName":"search_term_string"}}],"inLanguage":"pl-PL"}]}},"_links":{"self":[{"href":"https:\/\/wb.pb.edu.pl\/inl\/wp-json\/wp\/v2\/pages\/160","targetHints":{"allow":["GET"]}}],"collection":[{"href":"https:\/\/wb.pb.edu.pl\/inl\/wp-json\/wp\/v2\/pages"}],"about":[{"href":"https:\/\/wb.pb.edu.pl\/inl\/wp-json\/wp\/v2\/types\/page"}],"author":[{"embeddable":true,"href":"https:\/\/wb.pb.edu.pl\/inl\/wp-json\/wp\/v2\/users\/3"}],"replies":[{"embeddable":true,"href":"https:\/\/wb.pb.edu.pl\/inl\/wp-json\/wp\/v2\/comments?post=160"}],"version-history":[{"count":1,"href":"https:\/\/wb.pb.edu.pl\/inl\/wp-json\/wp\/v2\/pages\/160\/revisions"}],"predecessor-version":[{"id":161,"href":"https:\/\/wb.pb.edu.pl\/inl\/wp-json\/wp\/v2\/pages\/160\/revisions\/161"}],"up":[{"embeddable":true,"href":"https:\/\/wb.pb.edu.pl\/inl\/wp-json\/wp\/v2\/pages\/110"}],"wp:attachment":[{"href":"https:\/\/wb.pb.edu.pl\/inl\/wp-json\/wp\/v2\/media?parent=160"}],"curies":[{"name":"wp","href":"https:\/\/api.w.org\/{rel}","templated":true}]}}