{"id":30,"date":"2019-10-03T21:54:44","date_gmt":"2019-10-03T19:54:44","guid":{"rendered":"https:\/\/wb.pb.edu.pl\/inl\/?page_id=30"},"modified":"2019-10-07T22:26:59","modified_gmt":"2019-10-07T20:26:59","slug":"obszary-badawcze","status":"publish","type":"page","link":"https:\/\/wb.pb.edu.pl\/inl\/nauka-i-badania\/obszary-badawcze\/","title":{"rendered":"Obszary badawcze"},"content":{"rendered":"<p>Badania naukowe prowadzone przez Instytut Nauk Le\u015bnych obejmuj\u0105 zagadnienia z r\u00f3\u017cnych obszar\u00f3w, w tym:<\/p>\n<ul>\n<li>fitochemiczne badania metabolit\u00f3w wt\u00f3rnych ro\u015blin i grzyb\u00f3w (GC-MS, HPLC-FLD\/DAD),<\/li>\n<li>chemia \u015brodowiska le\u015bnego,<\/li>\n<li>ekstrakcja nadkrytyczna produkt\u00f3w naturalnych,<\/li>\n<li>in\u017cynieria ubocznych produkt\u00f3w le\u015bnych,<\/li>\n<li>w\u0142a\u015bciwo\u015bci reologiczne i przemiany fazowe produkt\u00f3w naturalnych,<\/li>\n<li>zr\u00f3\u017cnicowanie i przemiany flory ro\u015blin naczyniowych i mszak\u00f3w Puszczy Bia\u0142owieskiej i ca\u0142ego regionu p\u00f3\u0142nocno-wschodniego,<\/li>\n<li>szata ro\u015blinna, w szczeg\u00f3lno\u015bci zr\u00f3\u017cnicowanie i dynamika zbiorowisk hydrogenicznych,<\/li>\n<li>ekologia ro\u015blin,<\/li>\n<li>badania nad grzybami poliporoidalnymi i paso\u017cytniczymi grzybami anamorficznymi Polski p\u00f3\u0142nocno-wschodniej,<\/li>\n<li>przemiany lichenobioty Puszczy Bia\u0142owieskiej na przestrzeni ostatnich kilkudziesi\u0119ciu lat,<\/li>\n<li>etnobotanika, historia u\u017cytkowania ro\u015blin,<\/li>\n<li>ekologia du\u017cych ssak\u00f3w i ptak\u00f3w drapie\u017cnych,<\/li>\n<li>ochrona r\u00f3\u017cnorodno\u015bci biologicznej na obszarach rolnych i le\u015bnych,<\/li>\n<li>zarz\u0105dzanie systemem ochrony przyrody,<\/li>\n<li>metody i formy stosowanie w ochronie przyrody,<\/li>\n<li>gospodarka \u0142owiecka,<\/li>\n<li>turystyka i rekreacja na obszarach przyrodniczo cennych, zw\u0142aszcza le\u015bnych,<\/li>\n<li>edukacja przyrodniczo-le\u015bna,<\/li>\n<li>hodowla lasu, nasiennictwo, szk\u00f3\u0142karstwo i selekcja,<\/li>\n<li>pozyskiwanie drewna,<\/li>\n<li>badania sk\u0142adu granulometrycznego materia\u0142\u00f3w polidyspersyjnych,<\/li>\n<li>komputerowa analiza obrazu,<\/li>\n<li>badania mikroskopowe \u2013 mikroskopia SEM,<\/li>\n<li>badania w\u0142a\u015bciwo\u015bci fizykochemicznych surowc\u00f3w,<\/li>\n<li>badania proces\u00f3w granulowania produkt\u00f3w odpadowych,<\/li>\n<li>badania fizykochemiczne i mikrobiologiczne w\u00f3d powierzchniowych,<\/li>\n<li>efekty zarz\u0105dzania publicznego w samorz\u0105dach terytorialnych,<\/li>\n<li>system nadzoru nad lasami prywatnymi i jego efektywno\u015b\u0107,<\/li>\n<li>finansowanie zada\u0144 publicznych ze szczeg\u00f3lnym uwzgl\u0119dnieniem zada\u0144 \u015brodowiskowych.<\/li>\n<\/ul>\n","protected":false},"excerpt":{"rendered":"<p>Badania naukowe prowadzone przez Instytut Nauk Le\u015bnych obejmuj\u0105 zagadnienia z r\u00f3\u017cnych obszar\u00f3w, w tym: fitochemiczne<a class=\"read-more\" href=\"https:\/\/wb.pb.edu.pl\/inl\/nauka-i-badania\/obszary-badawcze\/\" title=\"Poka\u017c artyku\u0142 Obszary badawcze\">wi\u0119cej<\/a><\/p>\n","protected":false},"author":3,"featured_media":0,"parent":99,"menu_order":1,"comment_status":"closed","ping_status":"closed","template":"","meta":{"inline_featured_image":false,"ngg_post_thumbnail":0,"footnotes":""},"class_list":["post-30","page","type-page","status-publish","hentry"],"acf":[],"yoast_head":"<!-- This site is optimized with the Yoast SEO plugin v26.4 - https:\/\/yoast.com\/wordpress\/plugins\/seo\/ -->\n<title>Instytut Nauk Le\u015bnych WBiNo\u015a PB - Obszary badawcze<\/title>\n<meta name=\"description\" content=\"Badania naukowe prowadzone przez Instytut Nauk Le\u015bnych obejmuj\u0105 zagadnienia z r\u00f3\u017cnych obszar\u00f3w, w tym: fitochemiczne badania metabolit\u00f3w wt\u00f3rnych ro\u015blin i\" \/>\n<meta name=\"robots\" content=\"index, follow, max-snippet:-1, max-image-preview:large, max-video-preview:-1\" \/>\n<link rel=\"canonical\" href=\"https:\/\/wb.pb.edu.pl\/inl\/nauka-i-badania\/obszary-badawcze\/\" \/>\n<meta name=\"twitter:label1\" content=\"Szacowany czas czytania\" \/>\n\t<meta name=\"twitter:data1\" content=\"1 minuta\" \/>\n<script type=\"application\/ld+json\" class=\"yoast-schema-graph\">{\"@context\":\"https:\/\/schema.org\",\"@graph\":[{\"@type\":\"WebPage\",\"@id\":\"https:\/\/wb.pb.edu.pl\/inl\/nauka-i-badania\/obszary-badawcze\/\",\"url\":\"https:\/\/wb.pb.edu.pl\/inl\/nauka-i-badania\/obszary-badawcze\/\",\"name\":\"Instytut Nauk Le\u015bnych WBiNo\u015a PB - Obszary badawcze\",\"isPartOf\":{\"@id\":\"https:\/\/wb.pb.edu.pl\/inl\/#website\"},\"datePublished\":\"2019-10-03T19:54:44+00:00\",\"dateModified\":\"2019-10-07T20:26:59+00:00\",\"description\":\"Badania naukowe prowadzone przez Instytut Nauk Le\u015bnych obejmuj\u0105 zagadnienia z r\u00f3\u017cnych obszar\u00f3w, w tym: fitochemiczne badania metabolit\u00f3w wt\u00f3rnych ro\u015blin i\",\"breadcrumb\":{\"@id\":\"https:\/\/wb.pb.edu.pl\/inl\/nauka-i-badania\/obszary-badawcze\/#breadcrumb\"},\"inLanguage\":\"pl-PL\",\"potentialAction\":[{\"@type\":\"ReadAction\",\"target\":[\"https:\/\/wb.pb.edu.pl\/inl\/nauka-i-badania\/obszary-badawcze\/\"]}]},{\"@type\":\"BreadcrumbList\",\"@id\":\"https:\/\/wb.pb.edu.pl\/inl\/nauka-i-badania\/obszary-badawcze\/#breadcrumb\",\"itemListElement\":[{\"@type\":\"ListItem\",\"position\":1,\"name\":\"Strona g\u0142\u00f3wna\",\"item\":\"https:\/\/wb.pb.edu.pl\/inl\/\"},{\"@type\":\"ListItem\",\"position\":2,\"name\":\"Nauka i badania\",\"item\":\"https:\/\/wb.pb.edu.pl\/inl\/nauka-i-badania\/\"},{\"@type\":\"ListItem\",\"position\":3,\"name\":\"Obszary badawcze\"}]},{\"@type\":\"WebSite\",\"@id\":\"https:\/\/wb.pb.edu.pl\/inl\/#website\",\"url\":\"https:\/\/wb.pb.edu.pl\/inl\/\",\"name\":\"Instytut Nauk Le\u015bnych\",\"description\":\"Kolejna witryna sieci \u201eWB Witryn\u201d\",\"potentialAction\":[{\"@type\":\"SearchAction\",\"target\":{\"@type\":\"EntryPoint\",\"urlTemplate\":\"https:\/\/wb.pb.edu.pl\/inl\/?s={search_term_string}\"},\"query-input\":{\"@type\":\"PropertyValueSpecification\",\"valueRequired\":true,\"valueName\":\"search_term_string\"}}],\"inLanguage\":\"pl-PL\"}]}<\/script>\n<!-- \/ Yoast SEO plugin. -->","yoast_head_json":{"title":"Instytut Nauk Le\u015bnych WBiNo\u015a PB - Obszary badawcze","description":"Badania naukowe prowadzone przez Instytut Nauk Le\u015bnych obejmuj\u0105 zagadnienia z r\u00f3\u017cnych obszar\u00f3w, w tym: fitochemiczne badania metabolit\u00f3w wt\u00f3rnych ro\u015blin i","robots":{"index":"index","follow":"follow","max-snippet":"max-snippet:-1","max-image-preview":"max-image-preview:large","max-video-preview":"max-video-preview:-1"},"canonical":"https:\/\/wb.pb.edu.pl\/inl\/nauka-i-badania\/obszary-badawcze\/","twitter_misc":{"Szacowany czas czytania":"1 minuta"},"schema":{"@context":"https:\/\/schema.org","@graph":[{"@type":"WebPage","@id":"https:\/\/wb.pb.edu.pl\/inl\/nauka-i-badania\/obszary-badawcze\/","url":"https:\/\/wb.pb.edu.pl\/inl\/nauka-i-badania\/obszary-badawcze\/","name":"Instytut Nauk Le\u015bnych WBiNo\u015a PB - Obszary badawcze","isPartOf":{"@id":"https:\/\/wb.pb.edu.pl\/inl\/#website"},"datePublished":"2019-10-03T19:54:44+00:00","dateModified":"2019-10-07T20:26:59+00:00","description":"Badania naukowe prowadzone przez Instytut Nauk Le\u015bnych obejmuj\u0105 zagadnienia z r\u00f3\u017cnych obszar\u00f3w, w tym: fitochemiczne badania metabolit\u00f3w wt\u00f3rnych ro\u015blin i","breadcrumb":{"@id":"https:\/\/wb.pb.edu.pl\/inl\/nauka-i-badania\/obszary-badawcze\/#breadcrumb"},"inLanguage":"pl-PL","potentialAction":[{"@type":"ReadAction","target":["https:\/\/wb.pb.edu.pl\/inl\/nauka-i-badania\/obszary-badawcze\/"]}]},{"@type":"BreadcrumbList","@id":"https:\/\/wb.pb.edu.pl\/inl\/nauka-i-badania\/obszary-badawcze\/#breadcrumb","itemListElement":[{"@type":"ListItem","position":1,"name":"Strona g\u0142\u00f3wna","item":"https:\/\/wb.pb.edu.pl\/inl\/"},{"@type":"ListItem","position":2,"name":"Nauka i badania","item":"https:\/\/wb.pb.edu.pl\/inl\/nauka-i-badania\/"},{"@type":"ListItem","position":3,"name":"Obszary badawcze"}]},{"@type":"WebSite","@id":"https:\/\/wb.pb.edu.pl\/inl\/#website","url":"https:\/\/wb.pb.edu.pl\/inl\/","name":"Instytut Nauk Le\u015bnych","description":"Kolejna witryna sieci \u201eWB Witryn\u201d","potentialAction":[{"@type":"SearchAction","target":{"@type":"EntryPoint","urlTemplate":"https:\/\/wb.pb.edu.pl\/inl\/?s={search_term_string}"},"query-input":{"@type":"PropertyValueSpecification","valueRequired":true,"valueName":"search_term_string"}}],"inLanguage":"pl-PL"}]}},"_links":{"self":[{"href":"https:\/\/wb.pb.edu.pl\/inl\/wp-json\/wp\/v2\/pages\/30","targetHints":{"allow":["GET"]}}],"collection":[{"href":"https:\/\/wb.pb.edu.pl\/inl\/wp-json\/wp\/v2\/pages"}],"about":[{"href":"https:\/\/wb.pb.edu.pl\/inl\/wp-json\/wp\/v2\/types\/page"}],"author":[{"embeddable":true,"href":"https:\/\/wb.pb.edu.pl\/inl\/wp-json\/wp\/v2\/users\/3"}],"replies":[{"embeddable":true,"href":"https:\/\/wb.pb.edu.pl\/inl\/wp-json\/wp\/v2\/comments?post=30"}],"version-history":[{"count":4,"href":"https:\/\/wb.pb.edu.pl\/inl\/wp-json\/wp\/v2\/pages\/30\/revisions"}],"predecessor-version":[{"id":172,"href":"https:\/\/wb.pb.edu.pl\/inl\/wp-json\/wp\/v2\/pages\/30\/revisions\/172"}],"up":[{"embeddable":true,"href":"https:\/\/wb.pb.edu.pl\/inl\/wp-json\/wp\/v2\/pages\/99"}],"wp:attachment":[{"href":"https:\/\/wb.pb.edu.pl\/inl\/wp-json\/wp\/v2\/media?parent=30"}],"curies":[{"name":"wp","href":"https:\/\/api.w.org\/{rel}","templated":true}]}}