{"id":331,"date":"2021-03-18T13:51:08","date_gmt":"2021-03-18T12:51:08","guid":{"rendered":"https:\/\/wb.pb.edu.pl\/inl\/?page_id=331"},"modified":"2021-11-24T08:32:11","modified_gmt":"2021-11-24T07:32:11","slug":"lasy-ochronne-miast-stan-obecny-i-przyszlosc","status":"publish","type":"page","link":"https:\/\/wb.pb.edu.pl\/inl\/lasy-ochronne-miast-stan-obecny-i-przyszlosc\/","title":{"rendered":"Lasy ochronne miast. Stan obecny i przysz\u0142o\u015b\u0107"},"content":{"rendered":"<p><strong>Instytut Nauk Le\u015bnych Politechniki Bia\u0142ostockiej<\/strong> wraz z <strong>Regionaln\u0105 Dyrekcj\u0105 Las\u00f3w Pa\u0144stwowych w Bia\u0142ymstoku<\/strong> zapraszaj\u0105 na Bia\u0142ostockie Seminarium Le\u015bne \u201eLasy ochronne miast. Stan obecny i przysz\u0142o\u015b\u0107\u201d. Patronat medialny nad tym wydarzeniem obj\u0105\u0142 dwutygodnik \u201eLas Polski\u201d.&nbsp;<\/p>\n<p>Seminarium odb\u0119dzie si\u0119 <strong>23 kwietnia 2021 r.<\/strong> w formie zdalnej i jest otwarte dla wszystkich zainteresowanych, po zg\u0142oszeniu udzia\u0142u za pomoc\u0105 formularza internetowego.<\/p>\n<p>Lasy w otoczeniu miast pe\u0142ni\u0105 niezwykle wa\u017cne funkcje ekologiczne, gospodarcze i kulturowe. To swego rodzaju \u201elasy pierwszego kontaktu\u201d dla wielu z nas, daj\u0105ce wytchnienie, mo\u017cliwo\u015bci rekreacji i obcowania z przyrod\u0105. Lasy te poddawane s\u0105 rosn\u0105cej presji, uszczuplaj\u0105cej ich obszary i os\u0142abiaj\u0105cej rol\u0119. Wsp\u00f3\u0142czesne zmiany klimatu, \u015brodowiska przyrodniczego, \u015bwiadomo\u015bci i oczekiwa\u0144 spo\u0142ecznych wobec las\u00f3w w otoczeniu miast wymagaj\u0105 nowego podej\u015bcia do ich ochrony, u\u017cytkowania i udost\u0119pniania.<\/p>\n<p><a class=\"pdf\" title=\"otworzy si\u0119 w nowej karcie\" href=\"https:\/\/wb.pb.edu.pl\/inl\/wp-content\/uploads\/sites\/3\/2021\/03\/Seminarium_lasy_ochronne_INL_PB_IV_2021.pdf\" target=\"_blank\" rel=\"noopener\" data-id=\"337\">Program Seminarium &#8222;Lasy ochronne miast&#8221; (PDF, wersja dost\u0119pna cyfrowo, 3 MB)<\/a><\/p>\n","protected":false},"excerpt":{"rendered":"<p>Instytut Nauk Le\u015bnych Politechniki Bia\u0142ostockiej wraz z Regionaln\u0105 Dyrekcj\u0105 Las\u00f3w Pa\u0144stwowych w Bia\u0142ymstoku zapraszaj\u0105 na<a class=\"read-more\" href=\"https:\/\/wb.pb.edu.pl\/inl\/lasy-ochronne-miast-stan-obecny-i-przyszlosc\/\" title=\"Poka\u017c artyku\u0142 Lasy ochronne miast. Stan obecny i przysz\u0142o\u015b\u0107\">wi\u0119cej<\/a><\/p>\n","protected":false},"author":8,"featured_media":0,"parent":0,"menu_order":0,"comment_status":"closed","ping_status":"closed","template":"","meta":{"inline_featured_image":false,"ngg_post_thumbnail":0,"footnotes":""},"class_list":["post-331","page","type-page","status-publish","hentry"],"acf":[],"yoast_head":"<!-- This site is optimized with the Yoast SEO plugin v26.4 - https:\/\/yoast.com\/wordpress\/plugins\/seo\/ -->\n<title>Instytut Nauk Le\u015bnych WBiNo\u015a PB - Lasy ochronne miast. Stan obecny i przysz\u0142o\u015b\u0107<\/title>\n<meta name=\"description\" content=\"Instytut Nauk Le\u015bnych Politechniki Bia\u0142ostockiej wraz z Regionaln\u0105 Dyrekcj\u0105 Las\u00f3w Pa\u0144stwowych w Bia\u0142ymstoku zapraszaj\u0105 na Bia\u0142ostockie Seminarium Le\u015bne\" \/>\n<meta name=\"robots\" content=\"index, follow, max-snippet:-1, max-image-preview:large, max-video-preview:-1\" \/>\n<link rel=\"canonical\" href=\"https:\/\/wb.pb.edu.pl\/inl\/lasy-ochronne-miast-stan-obecny-i-przyszlosc\/\" \/>\n<meta name=\"twitter:label1\" content=\"Szacowany czas czytania\" \/>\n\t<meta name=\"twitter:data1\" content=\"1 minuta\" \/>\n<script type=\"application\/ld+json\" class=\"yoast-schema-graph\">{\"@context\":\"https:\/\/schema.org\",\"@graph\":[{\"@type\":\"WebPage\",\"@id\":\"https:\/\/wb.pb.edu.pl\/inl\/lasy-ochronne-miast-stan-obecny-i-przyszlosc\/\",\"url\":\"https:\/\/wb.pb.edu.pl\/inl\/lasy-ochronne-miast-stan-obecny-i-przyszlosc\/\",\"name\":\"Instytut Nauk Le\u015bnych WBiNo\u015a PB - Lasy ochronne miast. Stan obecny i przysz\u0142o\u015b\u0107\",\"isPartOf\":{\"@id\":\"https:\/\/wb.pb.edu.pl\/inl\/#website\"},\"datePublished\":\"2021-03-18T12:51:08+00:00\",\"dateModified\":\"2021-11-24T07:32:11+00:00\",\"description\":\"Instytut Nauk Le\u015bnych Politechniki Bia\u0142ostockiej wraz z Regionaln\u0105 Dyrekcj\u0105 Las\u00f3w Pa\u0144stwowych w Bia\u0142ymstoku zapraszaj\u0105 na Bia\u0142ostockie Seminarium Le\u015bne\",\"breadcrumb\":{\"@id\":\"https:\/\/wb.pb.edu.pl\/inl\/lasy-ochronne-miast-stan-obecny-i-przyszlosc\/#breadcrumb\"},\"inLanguage\":\"pl-PL\",\"potentialAction\":[{\"@type\":\"ReadAction\",\"target\":[\"https:\/\/wb.pb.edu.pl\/inl\/lasy-ochronne-miast-stan-obecny-i-przyszlosc\/\"]}]},{\"@type\":\"BreadcrumbList\",\"@id\":\"https:\/\/wb.pb.edu.pl\/inl\/lasy-ochronne-miast-stan-obecny-i-przyszlosc\/#breadcrumb\",\"itemListElement\":[{\"@type\":\"ListItem\",\"position\":1,\"name\":\"Strona g\u0142\u00f3wna\",\"item\":\"https:\/\/wb.pb.edu.pl\/inl\/\"},{\"@type\":\"ListItem\",\"position\":2,\"name\":\"Lasy ochronne miast. Stan obecny i przysz\u0142o\u015b\u0107\"}]},{\"@type\":\"WebSite\",\"@id\":\"https:\/\/wb.pb.edu.pl\/inl\/#website\",\"url\":\"https:\/\/wb.pb.edu.pl\/inl\/\",\"name\":\"Instytut Nauk Le\u015bnych\",\"description\":\"Kolejna witryna sieci \u201eWB Witryn\u201d\",\"potentialAction\":[{\"@type\":\"SearchAction\",\"target\":{\"@type\":\"EntryPoint\",\"urlTemplate\":\"https:\/\/wb.pb.edu.pl\/inl\/?s={search_term_string}\"},\"query-input\":{\"@type\":\"PropertyValueSpecification\",\"valueRequired\":true,\"valueName\":\"search_term_string\"}}],\"inLanguage\":\"pl-PL\"}]}<\/script>\n<!-- \/ Yoast SEO plugin. -->","yoast_head_json":{"title":"Instytut Nauk Le\u015bnych WBiNo\u015a PB - Lasy ochronne miast. Stan obecny i przysz\u0142o\u015b\u0107","description":"Instytut Nauk Le\u015bnych Politechniki Bia\u0142ostockiej wraz z Regionaln\u0105 Dyrekcj\u0105 Las\u00f3w Pa\u0144stwowych w Bia\u0142ymstoku zapraszaj\u0105 na Bia\u0142ostockie Seminarium Le\u015bne","robots":{"index":"index","follow":"follow","max-snippet":"max-snippet:-1","max-image-preview":"max-image-preview:large","max-video-preview":"max-video-preview:-1"},"canonical":"https:\/\/wb.pb.edu.pl\/inl\/lasy-ochronne-miast-stan-obecny-i-przyszlosc\/","twitter_misc":{"Szacowany czas czytania":"1 minuta"},"schema":{"@context":"https:\/\/schema.org","@graph":[{"@type":"WebPage","@id":"https:\/\/wb.pb.edu.pl\/inl\/lasy-ochronne-miast-stan-obecny-i-przyszlosc\/","url":"https:\/\/wb.pb.edu.pl\/inl\/lasy-ochronne-miast-stan-obecny-i-przyszlosc\/","name":"Instytut Nauk Le\u015bnych WBiNo\u015a PB - Lasy ochronne miast. Stan obecny i przysz\u0142o\u015b\u0107","isPartOf":{"@id":"https:\/\/wb.pb.edu.pl\/inl\/#website"},"datePublished":"2021-03-18T12:51:08+00:00","dateModified":"2021-11-24T07:32:11+00:00","description":"Instytut Nauk Le\u015bnych Politechniki Bia\u0142ostockiej wraz z Regionaln\u0105 Dyrekcj\u0105 Las\u00f3w Pa\u0144stwowych w Bia\u0142ymstoku zapraszaj\u0105 na Bia\u0142ostockie Seminarium Le\u015bne","breadcrumb":{"@id":"https:\/\/wb.pb.edu.pl\/inl\/lasy-ochronne-miast-stan-obecny-i-przyszlosc\/#breadcrumb"},"inLanguage":"pl-PL","potentialAction":[{"@type":"ReadAction","target":["https:\/\/wb.pb.edu.pl\/inl\/lasy-ochronne-miast-stan-obecny-i-przyszlosc\/"]}]},{"@type":"BreadcrumbList","@id":"https:\/\/wb.pb.edu.pl\/inl\/lasy-ochronne-miast-stan-obecny-i-przyszlosc\/#breadcrumb","itemListElement":[{"@type":"ListItem","position":1,"name":"Strona g\u0142\u00f3wna","item":"https:\/\/wb.pb.edu.pl\/inl\/"},{"@type":"ListItem","position":2,"name":"Lasy ochronne miast. Stan obecny i przysz\u0142o\u015b\u0107"}]},{"@type":"WebSite","@id":"https:\/\/wb.pb.edu.pl\/inl\/#website","url":"https:\/\/wb.pb.edu.pl\/inl\/","name":"Instytut Nauk Le\u015bnych","description":"Kolejna witryna sieci \u201eWB Witryn\u201d","potentialAction":[{"@type":"SearchAction","target":{"@type":"EntryPoint","urlTemplate":"https:\/\/wb.pb.edu.pl\/inl\/?s={search_term_string}"},"query-input":{"@type":"PropertyValueSpecification","valueRequired":true,"valueName":"search_term_string"}}],"inLanguage":"pl-PL"}]}},"_links":{"self":[{"href":"https:\/\/wb.pb.edu.pl\/inl\/wp-json\/wp\/v2\/pages\/331","targetHints":{"allow":["GET"]}}],"collection":[{"href":"https:\/\/wb.pb.edu.pl\/inl\/wp-json\/wp\/v2\/pages"}],"about":[{"href":"https:\/\/wb.pb.edu.pl\/inl\/wp-json\/wp\/v2\/types\/page"}],"author":[{"embeddable":true,"href":"https:\/\/wb.pb.edu.pl\/inl\/wp-json\/wp\/v2\/users\/8"}],"replies":[{"embeddable":true,"href":"https:\/\/wb.pb.edu.pl\/inl\/wp-json\/wp\/v2\/comments?post=331"}],"version-history":[{"count":4,"href":"https:\/\/wb.pb.edu.pl\/inl\/wp-json\/wp\/v2\/pages\/331\/revisions"}],"predecessor-version":[{"id":403,"href":"https:\/\/wb.pb.edu.pl\/inl\/wp-json\/wp\/v2\/pages\/331\/revisions\/403"}],"wp:attachment":[{"href":"https:\/\/wb.pb.edu.pl\/inl\/wp-json\/wp\/v2\/media?parent=331"}],"curies":[{"name":"wp","href":"https:\/\/api.w.org\/{rel}","templated":true}]}}