{"id":406,"date":"2021-11-24T09:14:08","date_gmt":"2021-11-24T08:14:08","guid":{"rendered":"https:\/\/wb.pb.edu.pl\/inl\/?page_id=406"},"modified":"2021-12-20T12:10:16","modified_gmt":"2021-12-20T11:10:16","slug":"iv-studenckie-spotkanie-naukowe-pt-ochrona-przyrody-w-lasach","status":"publish","type":"page","link":"https:\/\/wb.pb.edu.pl\/inl\/iv-studenckie-spotkanie-naukowe-pt-ochrona-przyrody-w-lasach\/","title":{"rendered":"IV Studenckie Spotkanie Naukowe pt. \u201eOchrona przyrody w lasach\u201d"},"content":{"rendered":"<p>Studenckie Ko\u0142o Naukowe Le\u015bnik\u00f3w Wydzia\u0142u Budownictwa i Nauk o \u015arodowisku Politechniki Bia\u0142ostockiej serdecznie zaprasza do wzi\u0119cia udzia\u0142u w IV Studenckim Spotkaniu Naukowym pt. \u201eOchrona przyrody w lasach\u201d.&nbsp;<\/p>\n<p>Cykliczne Studenckie Spotkania Naukowe maj\u0105 charakter edukacyjno-naukowy. Podczas ich realizacji studenci nabywaj\u0105 umiej\u0119tno\u015bci prezentacji i obrony swoich pogl\u0105d\u00f3w przed szersz\u0105 publiczno\u015bci\u0105 oraz otrzymuj\u0105 mo\u017cliwo\u015b\u0107 poszerzania swojej wiedzy. Wydarzenie jest kierowane do student\u00f3w studi\u00f3w I i II stopnia na kierunkach le\u015bnych oraz przyrodniczych.<br \/>\n&nbsp;<br \/>\n&nbsp;Informacje dotycz\u0105ce wydarzenia:<\/p>\n<ul>\n<li><b>Termin:<\/b>&nbsp;21 grudnia 2021 r. godzina 9:00<\/li>\n<li><b>Forma:<\/b> zdalna<\/li>\n<li><b>Miejsce:<\/b> online na platformie Microsoft Teams.&nbsp;Link do spotkania zostanie przes\u0142any w przeddzie\u0144 IV SSN na podany w zg\u0142oszeniu e-mail kontaktowy.<\/li>\n<li><b>Harmonogram spotkania<\/b>&nbsp;zostanie przes\u0142any na podany w zg\u0142oszeniu e-mail kontaktowy do dnia 17 grudnia 2021 roku.<\/li>\n<li>Prelegenci<b> nie ponosz\u0105 \u017cadnych koszt\u00f3w<\/b> zwi\u0105zanych z udzia\u0142em w IV SSN.&nbsp;<\/li>\n<li><b>Rejestracja uczestnik\u00f3w:<\/b> Termin nadsy\u0142ania zg\u0142osze\u0144 &#8211;&nbsp;15&nbsp;grudnia 2020 roku, godz. 23:59<\/li>\n<li><b>Uczestnictwo:&nbsp;<\/b>czynne lub bierne &#8211; w obu przypadkach wymagane jest nades\u0142anie formularza zg\u0142oszeniowego<\/li>\n<li><b>Spos\u00f3b prezentacji<\/b>:\n<div>Uczestnicy prezentuj\u0105 referaty lub postery poprzez \u0142\u0105cza internetowe. Tre\u015b\u0107 wyst\u0105pienia mo\u017ce zosta\u0107 przedstawiona w j\u0119zyku polskim, angielskim, rosyjskim lub bia\u0142oruskim.&nbsp;<b>Czas wyst\u0105pienia:<\/b> 15 minut. Jeden referat mo\u017ce by\u0107 prezentowany maksymalnie przez dwie osoby. Dla autor\u00f3w najlepszych wyst\u0105pie\u0144 przewidziane s\u0105 nagrody. Certyfikaty oraz ewentualne nagrody zostan\u0105 przes\u0142ane drog\u0105 pocztow\u0105.<\/div>\n<\/li>\n<\/ul>\n<p><a class=\"pdf\" title=\"otworzy si\u0119 w nowej karcie\" href=\"https:\/\/wb.pb.edu.pl\/inl\/wp-content\/uploads\/sites\/3\/2021\/11\/regulamin_PL.pdf\" target=\"_blank\" rel=\"noopener\" data-id=\"426\">Regulamin IV Spotkania Naukowego Studenckiego Ko\u0142a Naukowego Le\u015bnik\u00f3w Instytutu Nauk Le\u015bnych Politechniki Bia\u0142ostockiej (PDF, wersja dost\u0119pna cyfrowo, 45 KB)<\/a><\/p>\n<p><a class=\"pdf\" title=\"otworzy si\u0119 w nowej karcie\" href=\"https:\/\/wb.pb.edu.pl\/inl\/wp-content\/uploads\/sites\/3\/2021\/11\/regulamin_EN.pdf\" target=\"_blank\" rel=\"noopener\" data-id=\"427\">Regulations of the 4th Scientific Meeting of the Student Science Club of Foresters at the Institute of Forest Sciences of the Bialystok University of Technology (PDF, wersja dost\u0119pna cyfrowo, 34 KB)<\/a><\/p>\n<p><a class=\"pdf\" title=\"otworzy si\u0119 w nowej karcie\" href=\"https:\/\/wb.pb.edu.pl\/inl\/wp-content\/uploads\/sites\/3\/2021\/12\/Harmonogram_IVSSN.pdf\" target=\"_blank\" rel=\"noopener\" data-id=\"457\">Harmonogram &#8211; IV Studenckie Spotkanie Naukowe<\/a><\/p>\n<p>&nbsp;<\/p>\n<p><a title=\"\" href=\"https:\/\/teams.microsoft.com\/l\/meetup-join\/19%3aBEg0ywyH3EMJ7pbDgDIfHgTr9b7FCGtO9PrV9k9DHOg1%40thread.tacv2\/1639734265755?context=%7b%22Tid%22%3a%227860fa8d-a421-40a5-8327-0712026e90e4%22%2c%22Oid%22%3a%228a9c8abc-43a0-4a56-90b9-4254405e6e61%22%7d\" target=\"_blank\" rel=\"noopener\"><strong>Link do spotkania na platformie Teames<\/strong><\/a><\/p>\n<hr>\n<div class=\"h2\">Rejestracja uczestnik\u00f3w:<\/div>\n<p><strong>Termin nadsy\u0142ania zg\u0142osze\u0144:<\/strong> 15 grudnia 2021r.<\/p>\n<p>Formularz zg\u0142oszeniowy (rejestracja zako\u0144czona)<\/p>\n<p>Registration form (<span class=\"VIiyi\" lang=\"en\"><span class=\"JLqJ4b ChMk0b\" data-language-for-alternatives=\"en\" data-language-to-translate-into=\"pl\" data-phrase-index=\"0\" data-number-of-phrases=\"1\">registration finished<\/span><\/span>)<\/p>\n<hr>\n<div class=\"row\">\n<div class=\"col-sm-6\">\n<div class=\"h2\">Komitet naukowy:<\/div>\n<ol>\n<li>prof. dr hab. in\u017c. S\u0142awomir Bakier<\/li>\n<li>dr in\u017c. Aleh Marozau, prof. PB<\/li>\n<li>dr in\u017c. Joanna Pietrzak-Zawadka<\/li>\n<li>dr in\u017c. Dan Wo\u0142kowycki<\/li>\n<\/ol>\n<\/div>\n<div class=\"col-sm-6\">\n<div class=\"h2\">Komitet organizacyjny:<\/div>\n<ol>\n<li>dr in\u017c. Aleh Marozau, prof PB<\/li>\n<li>Daniel Skowron, z-ca przewodnicz\u0105cego Ko\u0142a Naukowego Le\u015bnik\u00f3w WBiN\u015a<\/li>\n<\/ol>\n<\/div>\n<\/div>\n<hr>\n<div class=\"h2\">Kontakt:<\/div>\n<ul>\n<li><i class=\"fa fa-envelope-o\" aria-hidden=\"true\"><\/i> <a href=\"#\" rel=\"nofollow\"  onclick=\"this.href='mailto:' + 'kolonaukowelesnikowpb' + '@' + 'gmail.com'\">kolonaukowelesnikowpb [at] gmail.com<\/a><\/li>\n<\/ul>\n","protected":false},"excerpt":{"rendered":"<p>Studenckie Ko\u0142o Naukowe Le\u015bnik\u00f3w Wydzia\u0142u Budownictwa i Nauk o \u015arodowisku Politechniki Bia\u0142ostockiej serdecznie zaprasza do<a class=\"read-more\" href=\"https:\/\/wb.pb.edu.pl\/inl\/iv-studenckie-spotkanie-naukowe-pt-ochrona-przyrody-w-lasach\/\" title=\"Poka\u017c artyku\u0142 IV Studenckie Spotkanie Naukowe pt. \u201eOchrona przyrody w lasach\u201d\">wi\u0119cej<\/a><\/p>\n","protected":false},"author":8,"featured_media":0,"parent":0,"menu_order":0,"comment_status":"closed","ping_status":"closed","template":"","meta":{"inline_featured_image":false,"ngg_post_thumbnail":0,"footnotes":""},"class_list":["post-406","page","type-page","status-publish","hentry"],"acf":[],"yoast_head":"<!-- This site is optimized with the Yoast SEO plugin v26.4 - https:\/\/yoast.com\/wordpress\/plugins\/seo\/ -->\n<title>Instytut Nauk Le\u015bnych WBiNo\u015a PB - IV Studenckie Spotkanie Naukowe pt. \u201eOchrona przyrody w lasach\u201d<\/title>\n<meta name=\"description\" content=\"Studenckie Ko\u0142o Naukowe Le\u015bnik\u00f3w Wydzia\u0142u Budownictwa i Nauk o \u015arodowisku Politechniki Bia\u0142ostockiej serdecznie zaprasza do wzi\u0119cia udzia\u0142u w IV\" \/>\n<meta name=\"robots\" content=\"index, follow, max-snippet:-1, max-image-preview:large, max-video-preview:-1\" \/>\n<link rel=\"canonical\" href=\"https:\/\/wb.pb.edu.pl\/inl\/iv-studenckie-spotkanie-naukowe-pt-ochrona-przyrody-w-lasach\/\" \/>\n<meta name=\"twitter:label1\" content=\"Szacowany czas czytania\" \/>\n\t<meta name=\"twitter:data1\" content=\"2 minuty\" \/>\n<script type=\"application\/ld+json\" class=\"yoast-schema-graph\">{\"@context\":\"https:\/\/schema.org\",\"@graph\":[{\"@type\":\"WebPage\",\"@id\":\"https:\/\/wb.pb.edu.pl\/inl\/iv-studenckie-spotkanie-naukowe-pt-ochrona-przyrody-w-lasach\/\",\"url\":\"https:\/\/wb.pb.edu.pl\/inl\/iv-studenckie-spotkanie-naukowe-pt-ochrona-przyrody-w-lasach\/\",\"name\":\"Instytut Nauk Le\u015bnych WBiNo\u015a PB - IV Studenckie Spotkanie Naukowe pt. \u201eOchrona przyrody w lasach\u201d\",\"isPartOf\":{\"@id\":\"https:\/\/wb.pb.edu.pl\/inl\/#website\"},\"datePublished\":\"2021-11-24T08:14:08+00:00\",\"dateModified\":\"2021-12-20T11:10:16+00:00\",\"description\":\"Studenckie Ko\u0142o Naukowe Le\u015bnik\u00f3w Wydzia\u0142u Budownictwa i Nauk o \u015arodowisku Politechniki Bia\u0142ostockiej serdecznie zaprasza do wzi\u0119cia udzia\u0142u w IV\",\"breadcrumb\":{\"@id\":\"https:\/\/wb.pb.edu.pl\/inl\/iv-studenckie-spotkanie-naukowe-pt-ochrona-przyrody-w-lasach\/#breadcrumb\"},\"inLanguage\":\"pl-PL\",\"potentialAction\":[{\"@type\":\"ReadAction\",\"target\":[\"https:\/\/wb.pb.edu.pl\/inl\/iv-studenckie-spotkanie-naukowe-pt-ochrona-przyrody-w-lasach\/\"]}]},{\"@type\":\"BreadcrumbList\",\"@id\":\"https:\/\/wb.pb.edu.pl\/inl\/iv-studenckie-spotkanie-naukowe-pt-ochrona-przyrody-w-lasach\/#breadcrumb\",\"itemListElement\":[{\"@type\":\"ListItem\",\"position\":1,\"name\":\"Strona g\u0142\u00f3wna\",\"item\":\"https:\/\/wb.pb.edu.pl\/inl\/\"},{\"@type\":\"ListItem\",\"position\":2,\"name\":\"IV Studenckie Spotkanie Naukowe pt. \u201eOchrona przyrody w lasach\u201d\"}]},{\"@type\":\"WebSite\",\"@id\":\"https:\/\/wb.pb.edu.pl\/inl\/#website\",\"url\":\"https:\/\/wb.pb.edu.pl\/inl\/\",\"name\":\"Instytut Nauk Le\u015bnych\",\"description\":\"Kolejna witryna sieci \u201eWB Witryn\u201d\",\"potentialAction\":[{\"@type\":\"SearchAction\",\"target\":{\"@type\":\"EntryPoint\",\"urlTemplate\":\"https:\/\/wb.pb.edu.pl\/inl\/?s={search_term_string}\"},\"query-input\":{\"@type\":\"PropertyValueSpecification\",\"valueRequired\":true,\"valueName\":\"search_term_string\"}}],\"inLanguage\":\"pl-PL\"}]}<\/script>\n<!-- \/ Yoast SEO plugin. -->","yoast_head_json":{"title":"Instytut Nauk Le\u015bnych WBiNo\u015a PB - IV Studenckie Spotkanie Naukowe pt. \u201eOchrona przyrody w lasach\u201d","description":"Studenckie Ko\u0142o Naukowe Le\u015bnik\u00f3w Wydzia\u0142u Budownictwa i Nauk o \u015arodowisku Politechniki Bia\u0142ostockiej serdecznie zaprasza do wzi\u0119cia udzia\u0142u w IV","robots":{"index":"index","follow":"follow","max-snippet":"max-snippet:-1","max-image-preview":"max-image-preview:large","max-video-preview":"max-video-preview:-1"},"canonical":"https:\/\/wb.pb.edu.pl\/inl\/iv-studenckie-spotkanie-naukowe-pt-ochrona-przyrody-w-lasach\/","twitter_misc":{"Szacowany czas czytania":"2 minuty"},"schema":{"@context":"https:\/\/schema.org","@graph":[{"@type":"WebPage","@id":"https:\/\/wb.pb.edu.pl\/inl\/iv-studenckie-spotkanie-naukowe-pt-ochrona-przyrody-w-lasach\/","url":"https:\/\/wb.pb.edu.pl\/inl\/iv-studenckie-spotkanie-naukowe-pt-ochrona-przyrody-w-lasach\/","name":"Instytut Nauk Le\u015bnych WBiNo\u015a PB - IV Studenckie Spotkanie Naukowe pt. \u201eOchrona przyrody w lasach\u201d","isPartOf":{"@id":"https:\/\/wb.pb.edu.pl\/inl\/#website"},"datePublished":"2021-11-24T08:14:08+00:00","dateModified":"2021-12-20T11:10:16+00:00","description":"Studenckie Ko\u0142o Naukowe Le\u015bnik\u00f3w Wydzia\u0142u Budownictwa i Nauk o \u015arodowisku Politechniki Bia\u0142ostockiej serdecznie zaprasza do wzi\u0119cia udzia\u0142u w IV","breadcrumb":{"@id":"https:\/\/wb.pb.edu.pl\/inl\/iv-studenckie-spotkanie-naukowe-pt-ochrona-przyrody-w-lasach\/#breadcrumb"},"inLanguage":"pl-PL","potentialAction":[{"@type":"ReadAction","target":["https:\/\/wb.pb.edu.pl\/inl\/iv-studenckie-spotkanie-naukowe-pt-ochrona-przyrody-w-lasach\/"]}]},{"@type":"BreadcrumbList","@id":"https:\/\/wb.pb.edu.pl\/inl\/iv-studenckie-spotkanie-naukowe-pt-ochrona-przyrody-w-lasach\/#breadcrumb","itemListElement":[{"@type":"ListItem","position":1,"name":"Strona g\u0142\u00f3wna","item":"https:\/\/wb.pb.edu.pl\/inl\/"},{"@type":"ListItem","position":2,"name":"IV Studenckie Spotkanie Naukowe pt. \u201eOchrona przyrody w lasach\u201d"}]},{"@type":"WebSite","@id":"https:\/\/wb.pb.edu.pl\/inl\/#website","url":"https:\/\/wb.pb.edu.pl\/inl\/","name":"Instytut Nauk Le\u015bnych","description":"Kolejna witryna sieci \u201eWB Witryn\u201d","potentialAction":[{"@type":"SearchAction","target":{"@type":"EntryPoint","urlTemplate":"https:\/\/wb.pb.edu.pl\/inl\/?s={search_term_string}"},"query-input":{"@type":"PropertyValueSpecification","valueRequired":true,"valueName":"search_term_string"}}],"inLanguage":"pl-PL"}]}},"_links":{"self":[{"href":"https:\/\/wb.pb.edu.pl\/inl\/wp-json\/wp\/v2\/pages\/406","targetHints":{"allow":["GET"]}}],"collection":[{"href":"https:\/\/wb.pb.edu.pl\/inl\/wp-json\/wp\/v2\/pages"}],"about":[{"href":"https:\/\/wb.pb.edu.pl\/inl\/wp-json\/wp\/v2\/types\/page"}],"author":[{"embeddable":true,"href":"https:\/\/wb.pb.edu.pl\/inl\/wp-json\/wp\/v2\/users\/8"}],"replies":[{"embeddable":true,"href":"https:\/\/wb.pb.edu.pl\/inl\/wp-json\/wp\/v2\/comments?post=406"}],"version-history":[{"count":20,"href":"https:\/\/wb.pb.edu.pl\/inl\/wp-json\/wp\/v2\/pages\/406\/revisions"}],"predecessor-version":[{"id":631,"href":"https:\/\/wb.pb.edu.pl\/inl\/wp-json\/wp\/v2\/pages\/406\/revisions\/631"}],"wp:attachment":[{"href":"https:\/\/wb.pb.edu.pl\/inl\/wp-json\/wp\/v2\/media?parent=406"}],"curies":[{"name":"wp","href":"https:\/\/api.w.org\/{rel}","templated":true}]}}