{"id":46,"date":"2019-10-03T22:11:35","date_gmt":"2019-10-03T20:11:35","guid":{"rendered":"https:\/\/wb.pb.edu.pl\/inl\/?page_id=46"},"modified":"2019-10-03T22:16:10","modified_gmt":"2019-10-03T20:16:10","slug":"aktualnosci","status":"publish","type":"page","link":"https:\/\/wb.pb.edu.pl\/inl\/aktualnosci\/","title":{"rendered":"Aktualno\u015bci"},"content":{"rendered":"  <div class=\"box news-box\">\r\n    <div class=\"row\">\r\n      <!--Array\n(\n    [post_type] => post\n    [paged] => 1\n    [orderby] => Array\n        (\n            [meta_value_num] => DESC\n            [date] => DESC\n        )\n\n    [meta_query] => Array\n        (\n            [relation] => OR\n            [0] => Array\n                (\n                    [key] => on_top\n                    [compare] => NOT EXISTS\n                )\n\n            [1] => Array\n                (\n                    [key] => on_top\n                )\n\n        )\n\n    [category__in] => 1\n)\n-->\r\n                        <div class=\"col-sm-3\">\r\n            <article class=\"format-standard\">\n    <span class=\"date text-right\"><i class=\"fa fa-calendar\"><\/i> 04-03-2026<\/span>\n    <a href=\"https:\/\/wb.pb.edu.pl\/inl\/2026\/03\/04\/rozpoczelismy-pierwsza-edycje-konferencji-mlodzi-a-przyszlosc-polskich-lasow\/\">\n      <div class=\"article-image\">\n        <img loading=\"lazy\" decoding=\"async\" width=\"480\" height=\"320\" src=\"https:\/\/wb.pb.edu.pl\/inl\/wp-content\/uploads\/sites\/3\/2026\/03\/20260303-miniatura-480x320.jpg\" class=\"attachment-hp-box-size size-hp-box-size wp-post-image\" alt=\"\" srcset=\"https:\/\/wb.pb.edu.pl\/inl\/wp-content\/uploads\/sites\/3\/2026\/03\/20260303-miniatura-480x320.jpg 480w, https:\/\/wb.pb.edu.pl\/inl\/wp-content\/uploads\/sites\/3\/2026\/03\/20260303-miniatura-300x200.jpg 300w, https:\/\/wb.pb.edu.pl\/inl\/wp-content\/uploads\/sites\/3\/2026\/03\/20260303-miniatura.jpg 769w\" sizes=\"auto, (max-width: 480px) 100vw, 480px\" \/>      <\/div>\n      <h3>Rozpocz\u0119li\u015bmy pierwsz\u0105 edycj\u0119 Konferencji M\u0142odzi a przysz\u0142o\u015b\u0107 polskich las\u00f3w!<\/h3>\n      Na Auli w budynku Centrum Naukowo Badawczego w Hajn\u00f3wce spotkali si\u0119    <\/a>\n<\/article>          <\/div>\r\n                  <div class=\"col-sm-3\">\r\n            <article class=\"format-standard\">\n    <span class=\"date text-right\"><i class=\"fa fa-calendar\"><\/i> 11-06-2025<\/span>\n    <a href=\"https:\/\/wb.pb.edu.pl\/inl\/2025\/06\/11\/politechnika-bialostocka-chroni-mokradla-i-lasy-z-naukowcami-z-litwy\/\">\n      <div class=\"article-image\">\n        <img loading=\"lazy\" decoding=\"async\" width=\"480\" height=\"320\" src=\"https:\/\/wb.pb.edu.pl\/inl\/wp-content\/uploads\/sites\/3\/2025\/06\/2025-05-wizyta-studyjna-lesnikow-z-Litwy-2048x1280-miniatura-480x320.jpg\" class=\"attachment-hp-box-size size-hp-box-size wp-post-image\" alt=\"\" \/>      <\/div>\n      <h3>Politechnika Bia\u0142ostocka chroni mokrad\u0142a i lasy z naukowcami z Litwy<\/h3>\n      Politechnika Bia\u0142ostocka wzmacnia wsp\u00f3\u0142prac\u0119 w zakresie ochrony &nbsp;mokrade\u0142 i ekosystem\u00f3w le\u015bnych    <\/a>\n<\/article>          <\/div>\r\n                  <div class=\"col-sm-3\">\r\n            <article class=\"format-standard\">\n    <span class=\"date text-right\"><i class=\"fa fa-calendar\"><\/i> 16-05-2025<\/span>\n    <a href=\"https:\/\/wb.pb.edu.pl\/inl\/2025\/05\/16\/politechnika-bialostocka-ratuje-populacje-jodly-w-puszczy-bialowieskiej-dofinansowanie-17-mln-zl\/\">\n      <div class=\"article-image\">\n        <img loading=\"lazy\" decoding=\"async\" width=\"480\" height=\"320\" src=\"https:\/\/wb.pb.edu.pl\/inl\/wp-content\/uploads\/sites\/3\/2025\/05\/2024-11-13-INL-Jodla-fot-Dariusz-Piekut-miniatura-512x768-1-480x320.jpg\" class=\"attachment-hp-box-size size-hp-box-size wp-post-image\" alt=\"\" srcset=\"https:\/\/wb.pb.edu.pl\/inl\/wp-content\/uploads\/sites\/3\/2025\/05\/2024-11-13-INL-Jodla-fot-Dariusz-Piekut-miniatura-512x768-1-480x320.jpg 480w, https:\/\/wb.pb.edu.pl\/inl\/wp-content\/uploads\/sites\/3\/2025\/05\/2024-11-13-INL-Jodla-fot-Dariusz-Piekut-miniatura-512x768-1-300x200.jpg 300w, https:\/\/wb.pb.edu.pl\/inl\/wp-content\/uploads\/sites\/3\/2025\/05\/2024-11-13-INL-Jodla-fot-Dariusz-Piekut-miniatura-512x768-1.jpg 768w\" sizes=\"auto, (max-width: 480px) 100vw, 480px\" \/>      <\/div>\n      <h3>Politechnika Bia\u0142ostocka ratuje populacj\u0119 jod\u0142y w Puszczy Bia\u0142owieskiej. Dofinansowanie 1,7 mln z\u0142!<\/h3>\n      Naukowcy z Politechniki Bia\u0142ostockiej chc\u0105 ocali\u0107 autochtoniczn\u0105 populacj\u0119 jod\u0142y pospolitej. Przedsi\u0119wzi\u0119cie    <\/a>\n<\/article>          <\/div>\r\n                  <div class=\"col-sm-3\">\r\n            <article class=\"format-standard\">\n    <span class=\"date text-right\"><i class=\"fa fa-calendar\"><\/i> 11-04-2025<\/span>\n    <a href=\"https:\/\/wb.pb.edu.pl\/inl\/2025\/04\/11\/politechnika-bialostocka-polaczyla-mykologie-z-analiza-danych-miedzynar\/\">\n      <div class=\"article-image\">\n        <img loading=\"lazy\" decoding=\"async\" width=\"480\" height=\"320\" src=\"https:\/\/wb.pb.edu.pl\/inl\/wp-content\/uploads\/sites\/3\/2025\/04\/2025-04-10-FUNGITAX-2025-fot-Dariusz-Piekut-PB-3-2048x1280-1-480x320.jpg\" class=\"attachment-hp-box-size size-hp-box-size wp-post-image\" alt=\"\" \/>      <\/div>\n      <h3>Politechnika Bia\u0142ostocka po\u0142\u0105czy\u0142a mykologi\u0119 z analiz\u0105 danych. Mi\u0119dzynarodowe warsztaty FUNGITAX<\/h3>\n      Politechnika Bia\u0142ostocka zorganizowa\u0142a interdyscyplinarne warsztaty FUNGITAX. Studenci, doktoranci i nauczyciele akademiccy    <\/a>\n<\/article>          <\/div>\r\n                  <div class=\"col-sm-3\">\r\n            <article class=\"format-standard\">\n    <span class=\"date text-right\"><i class=\"fa fa-calendar\"><\/i> 27-02-2024<\/span>\n    <a href=\"https:\/\/wb.pb.edu.pl\/inl\/2024\/02\/27\/seminarium-naukowe-mgr-jolanty-maslowieckiej\/\">\n      <div class=\"article-image\">\n        <img loading=\"lazy\" decoding=\"async\" width=\"480\" height=\"320\" src=\"https:\/\/wb.pb.edu.pl\/inl\/wp-content\/uploads\/sites\/3\/2024\/02\/WBiIS_seminarium_naukowe.png\" class=\"attachment-hp-box-size size-hp-box-size wp-post-image\" alt=\"\" srcset=\"https:\/\/wb.pb.edu.pl\/inl\/wp-content\/uploads\/sites\/3\/2024\/02\/WBiIS_seminarium_naukowe.png 480w, https:\/\/wb.pb.edu.pl\/inl\/wp-content\/uploads\/sites\/3\/2024\/02\/WBiIS_seminarium_naukowe-300x200.png 300w\" sizes=\"auto, (max-width: 480px) 100vw, 480px\" \/>      <\/div>\n      <h3>Seminarium naukowe mgr Jolanty Mas\u0142owieckiej<\/h3>\n      Dyrektor Instytutu Nauk Le\u015bnych prof. dr hab. in\u017c. S\u0142awomir Bakier, zaprasza    <\/a>\n<\/article>          <\/div>\r\n                  <div class=\"col-sm-3\">\r\n            <article class=\"format-standard\">\n    <span class=\"date text-right\"><i class=\"fa fa-calendar\"><\/i> 14-12-2023<\/span>\n    <a href=\"https:\/\/wb.pb.edu.pl\/inl\/2023\/12\/14\/politechnika-bialostocka-otrzymala-liczace-ponad-11-tys-okazow-fungarium\/\">\n      <div class=\"article-image\">\n        <img loading=\"lazy\" decoding=\"async\" width=\"480\" height=\"320\" src=\"https:\/\/wb.pb.edu.pl\/inl\/wp-content\/uploads\/sites\/3\/2023\/12\/2023.12.13_Przekazania-Fungarium_fot.Dariusz-Piekut-480x320.jpg\" class=\"attachment-hp-box-size size-hp-box-size wp-post-image\" alt=\"\" \/>      <\/div>\n      <h3>Politechnika Bia\u0142ostocka otrzyma\u0142a licz\u0105ce ponad 11 tys. okaz\u00f3w Fungarium<\/h3>\n      Licz\u0105ce ponad 11 tys. okaz\u00f3w Fungarium Marek Wo\u0142kowycki przekaza\u0142 w Centrum    <\/a>\n<\/article>          <\/div>\r\n                  <div class=\"col-sm-3\">\r\n            <article class=\"format-standard\">\n    <span class=\"date text-right\"><i class=\"fa fa-calendar\"><\/i> 13-12-2023<\/span>\n    <a href=\"https:\/\/wb.pb.edu.pl\/inl\/2023\/12\/13\/darzbor-zapraszamy-na-kierunek-lesnictwo-w-politechnice-bialostockiej\/\">\n      <div class=\"article-image\">\n        <img loading=\"lazy\" decoding=\"async\" width=\"480\" height=\"320\" src=\"https:\/\/wb.pb.edu.pl\/inl\/wp-content\/uploads\/sites\/3\/2023\/12\/Zajecia-terenowe-lesnikow_fot-G.-Kosciuk-4-1080x675-1-480x320-1.jpg\" class=\"attachment-hp-box-size size-hp-box-size wp-post-image\" alt=\"\" srcset=\"https:\/\/wb.pb.edu.pl\/inl\/wp-content\/uploads\/sites\/3\/2023\/12\/Zajecia-terenowe-lesnikow_fot-G.-Kosciuk-4-1080x675-1-480x320-1.jpg 480w, https:\/\/wb.pb.edu.pl\/inl\/wp-content\/uploads\/sites\/3\/2023\/12\/Zajecia-terenowe-lesnikow_fot-G.-Kosciuk-4-1080x675-1-480x320-1-300x200.jpg 300w\" sizes=\"auto, (max-width: 480px) 100vw, 480px\" \/>      <\/div>\n      <h3>Darzb\u00f3r! Zapraszamy na kierunek le\u015bnictwo w Politechnice Bia\u0142ostockiej<\/h3>\n      Le\u015bnictwo to jeden z kierunk\u00f3w studi\u00f3w, kt\u00f3ry oferuje Wydzia\u0142 Budownictwa i    <\/a>\n<\/article>          <\/div>\r\n                  <div class=\"col-sm-3\">\r\n            <article class=\"format-standard\">\n    <span class=\"date text-right\"><i class=\"fa fa-calendar\"><\/i> 24-02-2023<\/span>\n    <a href=\"https:\/\/wb.pb.edu.pl\/inl\/2023\/02\/24\/seminarium-wplyw-kornika-na-ekosystemy-lesne\/\">\n      <div class=\"article-image\">\n        <img loading=\"lazy\" decoding=\"async\" width=\"480\" height=\"320\" src=\"https:\/\/wb.pb.edu.pl\/inl\/wp-content\/uploads\/sites\/3\/2023\/02\/Seminarium-Wplyw-kornika-na-ekosystemy-lesne-miniatura-480x320.jpg\" class=\"attachment-hp-box-size size-hp-box-size wp-post-image\" alt=\"\" srcset=\"https:\/\/wb.pb.edu.pl\/inl\/wp-content\/uploads\/sites\/3\/2023\/02\/Seminarium-Wplyw-kornika-na-ekosystemy-lesne-miniatura-480x320.jpg 480w, https:\/\/wb.pb.edu.pl\/inl\/wp-content\/uploads\/sites\/3\/2023\/02\/Seminarium-Wplyw-kornika-na-ekosystemy-lesne-miniatura-300x200.jpg 300w, https:\/\/wb.pb.edu.pl\/inl\/wp-content\/uploads\/sites\/3\/2023\/02\/Seminarium-Wplyw-kornika-na-ekosystemy-lesne-miniatura-1024x683.jpg 1024w, https:\/\/wb.pb.edu.pl\/inl\/wp-content\/uploads\/sites\/3\/2023\/02\/Seminarium-Wplyw-kornika-na-ekosystemy-lesne-miniatura-768x512.jpg 768w, https:\/\/wb.pb.edu.pl\/inl\/wp-content\/uploads\/sites\/3\/2023\/02\/Seminarium-Wplyw-kornika-na-ekosystemy-lesne-miniatura.jpg 1200w\" sizes=\"auto, (max-width: 480px) 100vw, 480px\" \/>      <\/div>\n      <h3>Seminarium \u201eWp\u0142yw kornika na ekosystemy le\u015bne\u201d<\/h3>\n      Instytut Nauk Le\u015bnych Wydzia\u0142u Budownictwa i Nauk o \u015arodowisku Politechniki Bia\u0142ostockiej    <\/a>\n<\/article>          <\/div>\r\n                  <div class=\"col-sm-3\">\r\n            <article class=\"format-standard\">\n    <span class=\"date text-right\"><i class=\"fa fa-calendar\"><\/i> 09-12-2022<\/span>\n    <a href=\"https:\/\/wb.pb.edu.pl\/inl\/2022\/12\/09\/politechnika-bialostocka-ma-patent-na-wynalazek-kompozycja-oraz-sposob-otrzymywania-kompozycji-do-zastosowania-w-leczeniu-zgnilca-zlosliwego-pszczol\/\">\n      <div class=\"article-image\">\n        <img loading=\"lazy\" decoding=\"async\" width=\"480\" height=\"320\" src=\"https:\/\/wb.pb.edu.pl\/inl\/wp-content\/uploads\/sites\/3\/2022\/12\/EN-2022-09-06-mamy-patent-bakier-grafika-www-1200x8001-1-480x320.jpg\" class=\"attachment-hp-box-size size-hp-box-size wp-post-image\" alt=\"\" srcset=\"https:\/\/wb.pb.edu.pl\/inl\/wp-content\/uploads\/sites\/3\/2022\/12\/EN-2022-09-06-mamy-patent-bakier-grafika-www-1200x8001-1-480x320.jpg 480w, https:\/\/wb.pb.edu.pl\/inl\/wp-content\/uploads\/sites\/3\/2022\/12\/EN-2022-09-06-mamy-patent-bakier-grafika-www-1200x8001-1-300x200.jpg 300w, https:\/\/wb.pb.edu.pl\/inl\/wp-content\/uploads\/sites\/3\/2022\/12\/EN-2022-09-06-mamy-patent-bakier-grafika-www-1200x8001-1-1024x683.jpg 1024w, https:\/\/wb.pb.edu.pl\/inl\/wp-content\/uploads\/sites\/3\/2022\/12\/EN-2022-09-06-mamy-patent-bakier-grafika-www-1200x8001-1-768x512.jpg 768w, https:\/\/wb.pb.edu.pl\/inl\/wp-content\/uploads\/sites\/3\/2022\/12\/EN-2022-09-06-mamy-patent-bakier-grafika-www-1200x8001-1.jpg 1200w\" sizes=\"auto, (max-width: 480px) 100vw, 480px\" \/>      <\/div>\n      <h3>Tajemnicze substancje z grzyb\u00f3w lecz\u0105 najgro\u017aniejsz\u0105 zaka\u017an\u0105 chorob\u0119 pszcz\u00f3\u0142 na \u015bwiecie<\/h3>\n      Zgnilec z\u0142o\u015bliwy jest zaliczany do jednej z najbardziej zaka\u017anych chor\u00f3b znanych    <\/a>\n<\/article>          <\/div>\r\n                  <div class=\"col-sm-3\">\r\n            <article class=\"format-standard\">\n    <span class=\"date text-right\"><i class=\"fa fa-calendar\"><\/i> 10-11-2022<\/span>\n    <a href=\"https:\/\/wb.pb.edu.pl\/inl\/2022\/11\/10\/v-studenckie-spotkanie-naukowe-pt-las-to-nie-tylko-drzewa\/\">\n      <div class=\"article-image\">\n        <img loading=\"lazy\" decoding=\"async\" width=\"480\" height=\"320\" src=\"https:\/\/wb.pb.edu.pl\/inl\/wp-content\/uploads\/sites\/3\/2022\/11\/KLN2_768x511_pix_PL-480x320.png\" class=\"attachment-hp-box-size size-hp-box-size wp-post-image\" alt=\"\" srcset=\"https:\/\/wb.pb.edu.pl\/inl\/wp-content\/uploads\/sites\/3\/2022\/11\/KLN2_768x511_pix_PL-480x320.png 480w, https:\/\/wb.pb.edu.pl\/inl\/wp-content\/uploads\/sites\/3\/2022\/11\/KLN2_768x511_pix_PL-300x200.png 300w, https:\/\/wb.pb.edu.pl\/inl\/wp-content\/uploads\/sites\/3\/2022\/11\/KLN2_768x511_pix_PL.png 768w\" sizes=\"auto, (max-width: 480px) 100vw, 480px\" \/>      <\/div>\n      <h3>V Studenckie Spotkanie Naukowe pt. \u201eLas to nie tylko drzewa\u201d<\/h3>\n      Studenckie Ko\u0142o Naukowe Le\u015bnik\u00f3w dzia\u0142aj\u0105ce na Wydziale Budownictwa i Nauk o    <\/a>\n<\/article>          <\/div>\r\n                  <div class=\"col-sm-3\">\r\n            <article class=\"format-standard\">\n    <span class=\"date text-right\"><i class=\"fa fa-calendar\"><\/i> 09-11-2022<\/span>\n    <a href=\"https:\/\/wb.pb.edu.pl\/inl\/2022\/11\/09\/trwa-rejestracja-na-viii-konferencje-naukowa-turystyka-na-obszarach-przyrodniczo-cennych\/\">\n      <div class=\"article-image\">\n        <img loading=\"lazy\" decoding=\"async\" width=\"480\" height=\"320\" src=\"https:\/\/wb.pb.edu.pl\/inl\/wp-content\/uploads\/sites\/3\/2022\/11\/2022_TNOPC_ogolna_1200x800_miniatura-480x320.jpg\" class=\"attachment-hp-box-size size-hp-box-size wp-post-image\" alt=\"\" srcset=\"https:\/\/wb.pb.edu.pl\/inl\/wp-content\/uploads\/sites\/3\/2022\/11\/2022_TNOPC_ogolna_1200x800_miniatura-480x320.jpg 480w, https:\/\/wb.pb.edu.pl\/inl\/wp-content\/uploads\/sites\/3\/2022\/11\/2022_TNOPC_ogolna_1200x800_miniatura-300x200.jpg 300w, https:\/\/wb.pb.edu.pl\/inl\/wp-content\/uploads\/sites\/3\/2022\/11\/2022_TNOPC_ogolna_1200x800_miniatura-1024x683.jpg 1024w, https:\/\/wb.pb.edu.pl\/inl\/wp-content\/uploads\/sites\/3\/2022\/11\/2022_TNOPC_ogolna_1200x800_miniatura-768x512.jpg 768w, https:\/\/wb.pb.edu.pl\/inl\/wp-content\/uploads\/sites\/3\/2022\/11\/2022_TNOPC_ogolna_1200x800_miniatura.jpg 1200w\" sizes=\"auto, (max-width: 480px) 100vw, 480px\" \/>      <\/div>\n      <h3>Trwa rejestracja na VIII Konferencj\u0119 Naukow\u0105 \u201eTurystyka na obszarach przyrodniczo cennych\u201d<\/h3>\n      Trzy dni spotka\u0144, dziewi\u0119\u0107 sesji i sze\u015b\u0107 serii meet-up\u2019\u00f3w. Zapraszamy na    <\/a>\n<\/article>          <\/div>\r\n                  <div class=\"col-sm-3\">\r\n            <article class=\"format-standard\">\n    <span class=\"date text-right\"><i class=\"fa fa-calendar\"><\/i> 20-09-2022<\/span>\n    <a href=\"https:\/\/wb.pb.edu.pl\/inl\/2022\/09\/20\/konferencja-pszczelarska-w-ramach-xxxviii-ogolnopolskich-dni-pszczelarza\/\">\n      <div class=\"article-image\">\n        <img loading=\"lazy\" decoding=\"async\" width=\"480\" height=\"320\" src=\"https:\/\/wb.pb.edu.pl\/inl\/wp-content\/uploads\/sites\/3\/2022\/09\/dni-pszczelarza-miniatura-480x320.png\" class=\"attachment-hp-box-size size-hp-box-size wp-post-image\" alt=\"\" srcset=\"https:\/\/wb.pb.edu.pl\/inl\/wp-content\/uploads\/sites\/3\/2022\/09\/dni-pszczelarza-miniatura-480x320.png 480w, https:\/\/wb.pb.edu.pl\/inl\/wp-content\/uploads\/sites\/3\/2022\/09\/dni-pszczelarza-miniatura-300x200.png 300w, https:\/\/wb.pb.edu.pl\/inl\/wp-content\/uploads\/sites\/3\/2022\/09\/dni-pszczelarza-miniatura-1024x682.png 1024w, https:\/\/wb.pb.edu.pl\/inl\/wp-content\/uploads\/sites\/3\/2022\/09\/dni-pszczelarza-miniatura-768x512.png 768w, https:\/\/wb.pb.edu.pl\/inl\/wp-content\/uploads\/sites\/3\/2022\/09\/dni-pszczelarza-miniatura-1536x1024.png 1536w, https:\/\/wb.pb.edu.pl\/inl\/wp-content\/uploads\/sites\/3\/2022\/09\/dni-pszczelarza-miniatura.png 1610w\" sizes=\"auto, (max-width: 480px) 100vw, 480px\" \/>      <\/div>\n      <h3>Konferencja Pszczelarska w ramach XXXVIII Og\u00f3lnopolskich Dni Pszczelarza<\/h3>\n      XXXVIII edycja Og\u00f3lnopolskich Dni Pszczelarza odb\u0119dzie si\u0119 w dniach 23-25 wrze\u015bnia    <\/a>\n<\/article>          <\/div>\r\n                  <\/div>\r\n    \n\t<nav class=\"navigation pagination\" aria-label=\"Stronicowanie wpis\u00f3w\">\n\t\t<h2 class=\"screen-reader-text\">Stronicowanie wpis\u00f3w<\/h2>\n\t\t<div class=\"nav-links\"><span aria-current=\"page\" class=\"page-numbers current\">1<\/span>\n<a class=\"page-numbers\" href=\"https:\/\/wb.pb.edu.pl\/inl\/wp-json\/wp\/v2\/pages\/46\/page\/2\/\">2<\/a>\n<a class=\"page-numbers\" href=\"https:\/\/wb.pb.edu.pl\/inl\/wp-json\/wp\/v2\/pages\/46\/page\/3\/\">3<\/a>\n<a class=\"next page-numbers\" href=\"https:\/\/wb.pb.edu.pl\/inl\/wp-json\/wp\/v2\/pages\/46\/page\/2\/\">Nast\u0119pne<\/a><\/div>\n\t<\/nav>      <\/div>\r\n\n","protected":false},"excerpt":{"rendered":"","protected":false},"author":3,"featured_media":0,"parent":0,"menu_order":1,"comment_status":"closed","ping_status":"closed","template":"","meta":{"inline_featured_image":false,"ngg_post_thumbnail":0,"footnotes":""},"class_list":["post-46","page","type-page","status-publish","hentry"],"acf":[],"yoast_head":"<!-- This site is optimized with the Yoast SEO plugin v26.4 - https:\/\/yoast.com\/wordpress\/plugins\/seo\/ -->\n<title>Instytut Nauk Le\u015bnych WBiNo\u015a PB - Aktualno\u015bci<\/title>\n<meta name=\"robots\" content=\"index, follow, max-snippet:-1, max-image-preview:large, max-video-preview:-1\" \/>\n<link rel=\"canonical\" href=\"https:\/\/wb.pb.edu.pl\/inl\/aktualnosci\/\" \/>\n<script type=\"application\/ld+json\" class=\"yoast-schema-graph\">{\"@context\":\"https:\/\/schema.org\",\"@graph\":[{\"@type\":\"WebPage\",\"@id\":\"https:\/\/wb.pb.edu.pl\/inl\/aktualnosci\/\",\"url\":\"https:\/\/wb.pb.edu.pl\/inl\/aktualnosci\/\",\"name\":\"Instytut Nauk Le\u015bnych WBiNo\u015a PB - Aktualno\u015bci\",\"isPartOf\":{\"@id\":\"https:\/\/wb.pb.edu.pl\/inl\/#website\"},\"datePublished\":\"2019-10-03T20:11:35+00:00\",\"dateModified\":\"2019-10-03T20:16:10+00:00\",\"breadcrumb\":{\"@id\":\"https:\/\/wb.pb.edu.pl\/inl\/aktualnosci\/#breadcrumb\"},\"inLanguage\":\"pl-PL\",\"potentialAction\":[{\"@type\":\"ReadAction\",\"target\":[\"https:\/\/wb.pb.edu.pl\/inl\/aktualnosci\/\"]}]},{\"@type\":\"BreadcrumbList\",\"@id\":\"https:\/\/wb.pb.edu.pl\/inl\/aktualnosci\/#breadcrumb\",\"itemListElement\":[{\"@type\":\"ListItem\",\"position\":1,\"name\":\"Strona g\u0142\u00f3wna\",\"item\":\"https:\/\/wb.pb.edu.pl\/inl\/\"},{\"@type\":\"ListItem\",\"position\":2,\"name\":\"Aktualno\u015bci\"}]},{\"@type\":\"WebSite\",\"@id\":\"https:\/\/wb.pb.edu.pl\/inl\/#website\",\"url\":\"https:\/\/wb.pb.edu.pl\/inl\/\",\"name\":\"Instytut Nauk Le\u015bnych\",\"description\":\"Kolejna witryna sieci \u201eWB Witryn\u201d\",\"potentialAction\":[{\"@type\":\"SearchAction\",\"target\":{\"@type\":\"EntryPoint\",\"urlTemplate\":\"https:\/\/wb.pb.edu.pl\/inl\/?s={search_term_string}\"},\"query-input\":{\"@type\":\"PropertyValueSpecification\",\"valueRequired\":true,\"valueName\":\"search_term_string\"}}],\"inLanguage\":\"pl-PL\"}]}<\/script>\n<!-- \/ Yoast SEO plugin. -->","yoast_head_json":{"title":"Instytut Nauk Le\u015bnych WBiNo\u015a PB - Aktualno\u015bci","robots":{"index":"index","follow":"follow","max-snippet":"max-snippet:-1","max-image-preview":"max-image-preview:large","max-video-preview":"max-video-preview:-1"},"canonical":"https:\/\/wb.pb.edu.pl\/inl\/aktualnosci\/","schema":{"@context":"https:\/\/schema.org","@graph":[{"@type":"WebPage","@id":"https:\/\/wb.pb.edu.pl\/inl\/aktualnosci\/","url":"https:\/\/wb.pb.edu.pl\/inl\/aktualnosci\/","name":"Instytut Nauk Le\u015bnych WBiNo\u015a PB - Aktualno\u015bci","isPartOf":{"@id":"https:\/\/wb.pb.edu.pl\/inl\/#website"},"datePublished":"2019-10-03T20:11:35+00:00","dateModified":"2019-10-03T20:16:10+00:00","breadcrumb":{"@id":"https:\/\/wb.pb.edu.pl\/inl\/aktualnosci\/#breadcrumb"},"inLanguage":"pl-PL","potentialAction":[{"@type":"ReadAction","target":["https:\/\/wb.pb.edu.pl\/inl\/aktualnosci\/"]}]},{"@type":"BreadcrumbList","@id":"https:\/\/wb.pb.edu.pl\/inl\/aktualnosci\/#breadcrumb","itemListElement":[{"@type":"ListItem","position":1,"name":"Strona g\u0142\u00f3wna","item":"https:\/\/wb.pb.edu.pl\/inl\/"},{"@type":"ListItem","position":2,"name":"Aktualno\u015bci"}]},{"@type":"WebSite","@id":"https:\/\/wb.pb.edu.pl\/inl\/#website","url":"https:\/\/wb.pb.edu.pl\/inl\/","name":"Instytut Nauk Le\u015bnych","description":"Kolejna witryna sieci \u201eWB Witryn\u201d","potentialAction":[{"@type":"SearchAction","target":{"@type":"EntryPoint","urlTemplate":"https:\/\/wb.pb.edu.pl\/inl\/?s={search_term_string}"},"query-input":{"@type":"PropertyValueSpecification","valueRequired":true,"valueName":"search_term_string"}}],"inLanguage":"pl-PL"}]}},"_links":{"self":[{"href":"https:\/\/wb.pb.edu.pl\/inl\/wp-json\/wp\/v2\/pages\/46","targetHints":{"allow":["GET"]}}],"collection":[{"href":"https:\/\/wb.pb.edu.pl\/inl\/wp-json\/wp\/v2\/pages"}],"about":[{"href":"https:\/\/wb.pb.edu.pl\/inl\/wp-json\/wp\/v2\/types\/page"}],"author":[{"embeddable":true,"href":"https:\/\/wb.pb.edu.pl\/inl\/wp-json\/wp\/v2\/users\/3"}],"replies":[{"embeddable":true,"href":"https:\/\/wb.pb.edu.pl\/inl\/wp-json\/wp\/v2\/comments?post=46"}],"version-history":[{"count":2,"href":"https:\/\/wb.pb.edu.pl\/inl\/wp-json\/wp\/v2\/pages\/46\/revisions"}],"predecessor-version":[{"id":53,"href":"https:\/\/wb.pb.edu.pl\/inl\/wp-json\/wp\/v2\/pages\/46\/revisions\/53"}],"wp:attachment":[{"href":"https:\/\/wb.pb.edu.pl\/inl\/wp-json\/wp\/v2\/media?parent=46"}],"curies":[{"name":"wp","href":"https:\/\/api.w.org\/{rel}","templated":true}]}}