{"id":58,"date":"2019-10-04T21:35:44","date_gmt":"2019-10-04T19:35:44","guid":{"rendered":"https:\/\/wb.pb.edu.pl\/inl\/?page_id=58"},"modified":"2019-10-07T20:43:09","modified_gmt":"2019-10-07T18:43:09","slug":"badania-statutowe","status":"publish","type":"page","link":"https:\/\/wb.pb.edu.pl\/inl\/nauka-i-badania\/badania-statutowe\/","title":{"rendered":"Badania statutowe"},"content":{"rendered":"<p>Od roku 2013 w ramach otrzymanej dotacji statutowej realizowana jest praca badawcza pt.: <em><strong>Identyfikacja metabolit\u00f3w wt\u00f3rnych w ro\u015blinach naczyniowych i grzybach z terenu Puszczy Bia\u0142owieskiej<\/strong><\/em>.<\/p>\n","protected":false},"excerpt":{"rendered":"<p>Od roku 2013 w ramach otrzymanej dotacji statutowej realizowana jest praca badawcza pt.: Identyfikacja metabolit\u00f3w<a class=\"read-more\" href=\"https:\/\/wb.pb.edu.pl\/inl\/nauka-i-badania\/badania-statutowe\/\" title=\"Poka\u017c artyku\u0142 Badania statutowe\">wi\u0119cej<\/a><\/p>\n","protected":false},"author":3,"featured_media":0,"parent":99,"menu_order":3,"comment_status":"closed","ping_status":"closed","template":"","meta":{"inline_featured_image":false,"ngg_post_thumbnail":0,"footnotes":""},"class_list":["post-58","page","type-page","status-publish","hentry"],"acf":[],"yoast_head":"<!-- This site is optimized with the Yoast SEO plugin v26.4 - https:\/\/yoast.com\/wordpress\/plugins\/seo\/ -->\n<title>Instytut Nauk Le\u015bnych WBiNo\u015a PB - Badania statutowe<\/title>\n<meta name=\"description\" content=\"Od roku 2013 w ramach otrzymanej dotacji statutowej realizowana jest praca badawcza pt.: Identyfikacja metabolit\u00f3w wt\u00f3rnych w ro\u015blinach naczyniowych i\" \/>\n<meta name=\"robots\" content=\"index, follow, max-snippet:-1, max-image-preview:large, max-video-preview:-1\" \/>\n<link rel=\"canonical\" href=\"https:\/\/wb.pb.edu.pl\/inl\/nauka-i-badania\/badania-statutowe\/\" \/>\n<script type=\"application\/ld+json\" class=\"yoast-schema-graph\">{\"@context\":\"https:\/\/schema.org\",\"@graph\":[{\"@type\":\"WebPage\",\"@id\":\"https:\/\/wb.pb.edu.pl\/inl\/nauka-i-badania\/badania-statutowe\/\",\"url\":\"https:\/\/wb.pb.edu.pl\/inl\/nauka-i-badania\/badania-statutowe\/\",\"name\":\"Instytut Nauk Le\u015bnych WBiNo\u015a PB - Badania statutowe\",\"isPartOf\":{\"@id\":\"https:\/\/wb.pb.edu.pl\/inl\/#website\"},\"datePublished\":\"2019-10-04T19:35:44+00:00\",\"dateModified\":\"2019-10-07T18:43:09+00:00\",\"description\":\"Od roku 2013 w ramach otrzymanej dotacji statutowej realizowana jest praca badawcza pt.: Identyfikacja metabolit\u00f3w wt\u00f3rnych w ro\u015blinach naczyniowych i\",\"breadcrumb\":{\"@id\":\"https:\/\/wb.pb.edu.pl\/inl\/nauka-i-badania\/badania-statutowe\/#breadcrumb\"},\"inLanguage\":\"pl-PL\",\"potentialAction\":[{\"@type\":\"ReadAction\",\"target\":[\"https:\/\/wb.pb.edu.pl\/inl\/nauka-i-badania\/badania-statutowe\/\"]}]},{\"@type\":\"BreadcrumbList\",\"@id\":\"https:\/\/wb.pb.edu.pl\/inl\/nauka-i-badania\/badania-statutowe\/#breadcrumb\",\"itemListElement\":[{\"@type\":\"ListItem\",\"position\":1,\"name\":\"Strona g\u0142\u00f3wna\",\"item\":\"https:\/\/wb.pb.edu.pl\/inl\/\"},{\"@type\":\"ListItem\",\"position\":2,\"name\":\"Nauka i badania\",\"item\":\"https:\/\/wb.pb.edu.pl\/inl\/nauka-i-badania\/\"},{\"@type\":\"ListItem\",\"position\":3,\"name\":\"Badania statutowe\"}]},{\"@type\":\"WebSite\",\"@id\":\"https:\/\/wb.pb.edu.pl\/inl\/#website\",\"url\":\"https:\/\/wb.pb.edu.pl\/inl\/\",\"name\":\"Instytut Nauk Le\u015bnych\",\"description\":\"Kolejna witryna sieci \u201eWB Witryn\u201d\",\"potentialAction\":[{\"@type\":\"SearchAction\",\"target\":{\"@type\":\"EntryPoint\",\"urlTemplate\":\"https:\/\/wb.pb.edu.pl\/inl\/?s={search_term_string}\"},\"query-input\":{\"@type\":\"PropertyValueSpecification\",\"valueRequired\":true,\"valueName\":\"search_term_string\"}}],\"inLanguage\":\"pl-PL\"}]}<\/script>\n<!-- \/ Yoast SEO plugin. -->","yoast_head_json":{"title":"Instytut Nauk Le\u015bnych WBiNo\u015a PB - Badania statutowe","description":"Od roku 2013 w ramach otrzymanej dotacji statutowej realizowana jest praca badawcza pt.: Identyfikacja metabolit\u00f3w wt\u00f3rnych w ro\u015blinach naczyniowych i","robots":{"index":"index","follow":"follow","max-snippet":"max-snippet:-1","max-image-preview":"max-image-preview:large","max-video-preview":"max-video-preview:-1"},"canonical":"https:\/\/wb.pb.edu.pl\/inl\/nauka-i-badania\/badania-statutowe\/","schema":{"@context":"https:\/\/schema.org","@graph":[{"@type":"WebPage","@id":"https:\/\/wb.pb.edu.pl\/inl\/nauka-i-badania\/badania-statutowe\/","url":"https:\/\/wb.pb.edu.pl\/inl\/nauka-i-badania\/badania-statutowe\/","name":"Instytut Nauk Le\u015bnych WBiNo\u015a PB - Badania statutowe","isPartOf":{"@id":"https:\/\/wb.pb.edu.pl\/inl\/#website"},"datePublished":"2019-10-04T19:35:44+00:00","dateModified":"2019-10-07T18:43:09+00:00","description":"Od roku 2013 w ramach otrzymanej dotacji statutowej realizowana jest praca badawcza pt.: Identyfikacja metabolit\u00f3w wt\u00f3rnych w ro\u015blinach naczyniowych i","breadcrumb":{"@id":"https:\/\/wb.pb.edu.pl\/inl\/nauka-i-badania\/badania-statutowe\/#breadcrumb"},"inLanguage":"pl-PL","potentialAction":[{"@type":"ReadAction","target":["https:\/\/wb.pb.edu.pl\/inl\/nauka-i-badania\/badania-statutowe\/"]}]},{"@type":"BreadcrumbList","@id":"https:\/\/wb.pb.edu.pl\/inl\/nauka-i-badania\/badania-statutowe\/#breadcrumb","itemListElement":[{"@type":"ListItem","position":1,"name":"Strona g\u0142\u00f3wna","item":"https:\/\/wb.pb.edu.pl\/inl\/"},{"@type":"ListItem","position":2,"name":"Nauka i badania","item":"https:\/\/wb.pb.edu.pl\/inl\/nauka-i-badania\/"},{"@type":"ListItem","position":3,"name":"Badania statutowe"}]},{"@type":"WebSite","@id":"https:\/\/wb.pb.edu.pl\/inl\/#website","url":"https:\/\/wb.pb.edu.pl\/inl\/","name":"Instytut Nauk Le\u015bnych","description":"Kolejna witryna sieci \u201eWB Witryn\u201d","potentialAction":[{"@type":"SearchAction","target":{"@type":"EntryPoint","urlTemplate":"https:\/\/wb.pb.edu.pl\/inl\/?s={search_term_string}"},"query-input":{"@type":"PropertyValueSpecification","valueRequired":true,"valueName":"search_term_string"}}],"inLanguage":"pl-PL"}]}},"_links":{"self":[{"href":"https:\/\/wb.pb.edu.pl\/inl\/wp-json\/wp\/v2\/pages\/58","targetHints":{"allow":["GET"]}}],"collection":[{"href":"https:\/\/wb.pb.edu.pl\/inl\/wp-json\/wp\/v2\/pages"}],"about":[{"href":"https:\/\/wb.pb.edu.pl\/inl\/wp-json\/wp\/v2\/types\/page"}],"author":[{"embeddable":true,"href":"https:\/\/wb.pb.edu.pl\/inl\/wp-json\/wp\/v2\/users\/3"}],"replies":[{"embeddable":true,"href":"https:\/\/wb.pb.edu.pl\/inl\/wp-json\/wp\/v2\/comments?post=58"}],"version-history":[{"count":1,"href":"https:\/\/wb.pb.edu.pl\/inl\/wp-json\/wp\/v2\/pages\/58\/revisions"}],"predecessor-version":[{"id":59,"href":"https:\/\/wb.pb.edu.pl\/inl\/wp-json\/wp\/v2\/pages\/58\/revisions\/59"}],"up":[{"embeddable":true,"href":"https:\/\/wb.pb.edu.pl\/inl\/wp-json\/wp\/v2\/pages\/99"}],"wp:attachment":[{"href":"https:\/\/wb.pb.edu.pl\/inl\/wp-json\/wp\/v2\/media?parent=58"}],"curies":[{"name":"wp","href":"https:\/\/api.w.org\/{rel}","templated":true}]}}