{"id":83,"date":"2019-10-07T20:33:57","date_gmt":"2019-10-07T18:33:57","guid":{"rendered":"https:\/\/wb.pb.edu.pl\/inl\/?page_id=83"},"modified":"2019-10-07T23:19:16","modified_gmt":"2019-10-07T21:19:16","slug":"o-instytucie","status":"publish","type":"page","link":"https:\/\/wb.pb.edu.pl\/inl\/o-instytucie\/","title":{"rendered":"O Instytucie"},"content":{"rendered":"<p>G\u0142\u00f3wnym zadaniem Instytutu Nauk Le\u015bnych PB jest prowadzenie bada\u0144 naukowych w dyscyplinie nauk le\u015bnych.<\/p>\n<p>Wszelkie sprawy zwi\u0105zane z nauczaniem student\u00f3w na kierunku le\u015bnictwo nale\u017c\u0105 bezpo\u015brednio do kompetencji Wydzia\u0142u Budownictwa i Nauk o \u015arodowisku, w kt\u00f3rego sk\u0142ad wchodzi INL.<\/p>\n","protected":false},"excerpt":{"rendered":"<p>G\u0142\u00f3wnym zadaniem Instytutu Nauk Le\u015bnych PB jest prowadzenie bada\u0144 naukowych w dyscyplinie nauk le\u015bnych. Wszelkie<a class=\"read-more\" href=\"https:\/\/wb.pb.edu.pl\/inl\/o-instytucie\/\" title=\"Poka\u017c artyku\u0142 O Instytucie\">wi\u0119cej<\/a><\/p>\n","protected":false},"author":3,"featured_media":0,"parent":0,"menu_order":1,"comment_status":"closed","ping_status":"closed","template":"","meta":{"inline_featured_image":false,"ngg_post_thumbnail":0,"footnotes":""},"class_list":["post-83","page","type-page","status-publish","hentry"],"acf":[],"yoast_head":"<!-- This site is optimized with the Yoast SEO plugin v26.4 - https:\/\/yoast.com\/wordpress\/plugins\/seo\/ -->\n<title>Instytut Nauk Le\u015bnych WBiNo\u015a PB - O Instytucie<\/title>\n<meta name=\"description\" content=\"G\u0142\u00f3wnym zadaniem Instytutu Nauk Le\u015bnych PB jest prowadzenie bada\u0144 naukowych w dyscyplinie nauk le\u015bnych. Wszelkie sprawy zwi\u0105zane z nauczaniem student\u00f3w na\" \/>\n<meta name=\"robots\" content=\"index, follow, max-snippet:-1, max-image-preview:large, max-video-preview:-1\" \/>\n<link rel=\"canonical\" href=\"https:\/\/wb.pb.edu.pl\/inl\/o-instytucie\/\" \/>\n<script type=\"application\/ld+json\" class=\"yoast-schema-graph\">{\"@context\":\"https:\/\/schema.org\",\"@graph\":[{\"@type\":\"WebPage\",\"@id\":\"https:\/\/wb.pb.edu.pl\/inl\/o-instytucie\/\",\"url\":\"https:\/\/wb.pb.edu.pl\/inl\/o-instytucie\/\",\"name\":\"Instytut Nauk Le\u015bnych WBiNo\u015a PB - O Instytucie\",\"isPartOf\":{\"@id\":\"https:\/\/wb.pb.edu.pl\/inl\/#website\"},\"datePublished\":\"2019-10-07T18:33:57+00:00\",\"dateModified\":\"2019-10-07T21:19:16+00:00\",\"description\":\"G\u0142\u00f3wnym zadaniem Instytutu Nauk Le\u015bnych PB jest prowadzenie bada\u0144 naukowych w dyscyplinie nauk le\u015bnych. Wszelkie sprawy zwi\u0105zane z nauczaniem student\u00f3w na\",\"breadcrumb\":{\"@id\":\"https:\/\/wb.pb.edu.pl\/inl\/o-instytucie\/#breadcrumb\"},\"inLanguage\":\"pl-PL\",\"potentialAction\":[{\"@type\":\"ReadAction\",\"target\":[\"https:\/\/wb.pb.edu.pl\/inl\/o-instytucie\/\"]}]},{\"@type\":\"BreadcrumbList\",\"@id\":\"https:\/\/wb.pb.edu.pl\/inl\/o-instytucie\/#breadcrumb\",\"itemListElement\":[{\"@type\":\"ListItem\",\"position\":1,\"name\":\"Strona g\u0142\u00f3wna\",\"item\":\"https:\/\/wb.pb.edu.pl\/inl\/\"},{\"@type\":\"ListItem\",\"position\":2,\"name\":\"O Instytucie\"}]},{\"@type\":\"WebSite\",\"@id\":\"https:\/\/wb.pb.edu.pl\/inl\/#website\",\"url\":\"https:\/\/wb.pb.edu.pl\/inl\/\",\"name\":\"Instytut Nauk Le\u015bnych\",\"description\":\"Kolejna witryna sieci \u201eWB Witryn\u201d\",\"potentialAction\":[{\"@type\":\"SearchAction\",\"target\":{\"@type\":\"EntryPoint\",\"urlTemplate\":\"https:\/\/wb.pb.edu.pl\/inl\/?s={search_term_string}\"},\"query-input\":{\"@type\":\"PropertyValueSpecification\",\"valueRequired\":true,\"valueName\":\"search_term_string\"}}],\"inLanguage\":\"pl-PL\"}]}<\/script>\n<!-- \/ Yoast SEO plugin. -->","yoast_head_json":{"title":"Instytut Nauk Le\u015bnych WBiNo\u015a PB - O Instytucie","description":"G\u0142\u00f3wnym zadaniem Instytutu Nauk Le\u015bnych PB jest prowadzenie bada\u0144 naukowych w dyscyplinie nauk le\u015bnych. Wszelkie sprawy zwi\u0105zane z nauczaniem student\u00f3w na","robots":{"index":"index","follow":"follow","max-snippet":"max-snippet:-1","max-image-preview":"max-image-preview:large","max-video-preview":"max-video-preview:-1"},"canonical":"https:\/\/wb.pb.edu.pl\/inl\/o-instytucie\/","schema":{"@context":"https:\/\/schema.org","@graph":[{"@type":"WebPage","@id":"https:\/\/wb.pb.edu.pl\/inl\/o-instytucie\/","url":"https:\/\/wb.pb.edu.pl\/inl\/o-instytucie\/","name":"Instytut Nauk Le\u015bnych WBiNo\u015a PB - O Instytucie","isPartOf":{"@id":"https:\/\/wb.pb.edu.pl\/inl\/#website"},"datePublished":"2019-10-07T18:33:57+00:00","dateModified":"2019-10-07T21:19:16+00:00","description":"G\u0142\u00f3wnym zadaniem Instytutu Nauk Le\u015bnych PB jest prowadzenie bada\u0144 naukowych w dyscyplinie nauk le\u015bnych. Wszelkie sprawy zwi\u0105zane z nauczaniem student\u00f3w na","breadcrumb":{"@id":"https:\/\/wb.pb.edu.pl\/inl\/o-instytucie\/#breadcrumb"},"inLanguage":"pl-PL","potentialAction":[{"@type":"ReadAction","target":["https:\/\/wb.pb.edu.pl\/inl\/o-instytucie\/"]}]},{"@type":"BreadcrumbList","@id":"https:\/\/wb.pb.edu.pl\/inl\/o-instytucie\/#breadcrumb","itemListElement":[{"@type":"ListItem","position":1,"name":"Strona g\u0142\u00f3wna","item":"https:\/\/wb.pb.edu.pl\/inl\/"},{"@type":"ListItem","position":2,"name":"O Instytucie"}]},{"@type":"WebSite","@id":"https:\/\/wb.pb.edu.pl\/inl\/#website","url":"https:\/\/wb.pb.edu.pl\/inl\/","name":"Instytut Nauk Le\u015bnych","description":"Kolejna witryna sieci \u201eWB Witryn\u201d","potentialAction":[{"@type":"SearchAction","target":{"@type":"EntryPoint","urlTemplate":"https:\/\/wb.pb.edu.pl\/inl\/?s={search_term_string}"},"query-input":{"@type":"PropertyValueSpecification","valueRequired":true,"valueName":"search_term_string"}}],"inLanguage":"pl-PL"}]}},"_links":{"self":[{"href":"https:\/\/wb.pb.edu.pl\/inl\/wp-json\/wp\/v2\/pages\/83","targetHints":{"allow":["GET"]}}],"collection":[{"href":"https:\/\/wb.pb.edu.pl\/inl\/wp-json\/wp\/v2\/pages"}],"about":[{"href":"https:\/\/wb.pb.edu.pl\/inl\/wp-json\/wp\/v2\/types\/page"}],"author":[{"embeddable":true,"href":"https:\/\/wb.pb.edu.pl\/inl\/wp-json\/wp\/v2\/users\/3"}],"replies":[{"embeddable":true,"href":"https:\/\/wb.pb.edu.pl\/inl\/wp-json\/wp\/v2\/comments?post=83"}],"version-history":[{"count":3,"href":"https:\/\/wb.pb.edu.pl\/inl\/wp-json\/wp\/v2\/pages\/83\/revisions"}],"predecessor-version":[{"id":186,"href":"https:\/\/wb.pb.edu.pl\/inl\/wp-json\/wp\/v2\/pages\/83\/revisions\/186"}],"wp:attachment":[{"href":"https:\/\/wb.pb.edu.pl\/inl\/wp-json\/wp\/v2\/media?parent=83"}],"curies":[{"name":"wp","href":"https:\/\/api.w.org\/{rel}","templated":true}]}}