{"id":86,"date":"2019-10-07T20:35:48","date_gmt":"2019-10-07T18:35:48","guid":{"rendered":"https:\/\/wb.pb.edu.pl\/inl\/?page_id=86"},"modified":"2024-09-16T13:46:26","modified_gmt":"2024-09-16T11:46:26","slug":"historia","status":"publish","type":"page","link":"https:\/\/wb.pb.edu.pl\/inl\/o-instytucie\/historia\/","title":{"rendered":"Historia"},"content":{"rendered":"<p><strong>Instytut Nauk Le\u015bnych<\/strong> Politechniki Bia\u0142ostockiej utworzony zosta\u0142 z dniem 1 pa\u017adziernika 2019 r. jako jednostka w ramach Wydzia\u0142u Budownictwa i Nauk o \u015arodowisku. Wcze\u015bniej funkcjonowa\u0142 jako Zamiejscowy Wydzia\u0142 Le\u015bny Politechniki Bia\u0142ostockiej w Hajn\u00f3wce.<\/p>\n<p>Zamiejscowy Wydzia\u0142 Le\u015bny powsta\u0142 1 marca 2011 r. z przekszta\u0142cenia Zamiejscowego Wydzia\u0142u Zarz\u0105dzania \u015arodowiskiem Politechniki Bia\u0142ostockiej.<\/p>\n<p>Studia pierwszego stopnia (in\u017cynierskie) na kierunku le\u015bnictwo o specjalno\u015bci gospodarowanie na obszarach przyrodniczo cennych prowadzone s\u0105 od 2008 r., studia drugiego stopnia (magisterskie) &#8211; od pa\u017adziernika 2019 r.<\/p>\n<p>Zamiejscowy Wydzia\u0142 Zarz\u0105dzania \u015arodowiskiem w Hajn\u00f3wce zosta\u0142 utworzony w 2000 roku dzi\u0119ki wsp\u00f3lnym staraniom Politechniki Bia\u0142ostockiej oraz samorz\u0105du hajnowskiego. Swoj\u0105 dzia\u0142alno\u015b\u0107 rozpocz\u0105\u0142 w 2002 roku.<\/p>\n<p>W latach 2002-2008 Wydzia\u0142em kierowa\u0142a dr hab. in\u017c. El\u017cbieta Malzahn, prof. PB. W tym okresie Wydzia\u0142 kszta\u0142ci\u0142 student\u00f3w na kierunku ochrona \u015brodowiska o specjalno\u015bci gospodarowanie na obszarach przyrodniczo cennych.<\/p>\n<p>W dniu 28 pa\u017adziernika 2010 roku Senat Politechniki Bia\u0142ostockiej podj\u0105\u0142 uchwa\u0142\u0119 w sprawie zmiany nazwy Wydzia\u0142u w Hajn\u00f3wce.<\/p>\n<p><a class=\"pdf\" title=\"Otworzy si\u0119 w nowym oknie\" href=\"https:\/\/zwl.pb.edu.pl\/wp-content\/uploads\/2018\/02\/uchwala_nr_3_28_2010.pdf\" target=\"_blank\" rel=\"noopener noreferrer\">UCHWA\u0141A NR 3\/28\/2010 Senatu Politechniki Bia\u0142ostockiej z dnia 28 pa\u017adziernika 2010 roku&nbsp; w sprawie wprowadzenia zmian organizacyjnych w Politechnice Bia\u0142ostockiej (723 KB)<\/a><br \/>\n&nbsp;<\/p>\n<h2>Wspomnienia<\/h2>\n<p><a class=\"pdf\" title=\"Otworzy si\u0119 w nowym oknie\" href=\"https:\/\/wb.pb.edu.pl\/inl\/wp-content\/uploads\/sites\/3\/2019\/10\/Wspomnienie-Prof-Kossak-1.pdf\" target=\"_blank\" rel=\"noopener noreferrer\">Wspomnienie o Profesor Simonie Kossak (335 KB)<\/a><\/p>\n","protected":false},"excerpt":{"rendered":"<p>Instytut Nauk Le\u015bnych Politechniki Bia\u0142ostockiej utworzony zosta\u0142 z dniem 1 pa\u017adziernika 2019 r. jako jednostka<a class=\"read-more\" href=\"https:\/\/wb.pb.edu.pl\/inl\/o-instytucie\/historia\/\" title=\"Poka\u017c artyku\u0142 Historia\">wi\u0119cej<\/a><\/p>\n","protected":false},"author":3,"featured_media":0,"parent":83,"menu_order":1,"comment_status":"closed","ping_status":"closed","template":"","meta":{"inline_featured_image":false,"ngg_post_thumbnail":0,"footnotes":""},"class_list":["post-86","page","type-page","status-publish","hentry"],"acf":[],"yoast_head":"<!-- This site is optimized with the Yoast SEO plugin v26.4 - https:\/\/yoast.com\/wordpress\/plugins\/seo\/ -->\n<title>Instytut Nauk Le\u015bnych WBiNo\u015a PB - Historia<\/title>\n<meta name=\"description\" content=\"Instytut Nauk Le\u015bnych Politechniki Bia\u0142ostockiej utworzony zosta\u0142 z dniem 1 pa\u017adziernika 2019 r. jako jednostka w ramach Wydzia\u0142u Budownictwa i Nauk o\" \/>\n<meta name=\"robots\" content=\"index, follow, max-snippet:-1, max-image-preview:large, max-video-preview:-1\" \/>\n<link rel=\"canonical\" href=\"https:\/\/wb.pb.edu.pl\/inl\/o-instytucie\/historia\/\" \/>\n<meta name=\"twitter:label1\" content=\"Szacowany czas czytania\" \/>\n\t<meta name=\"twitter:data1\" content=\"2 minuty\" \/>\n<script type=\"application\/ld+json\" class=\"yoast-schema-graph\">{\"@context\":\"https:\/\/schema.org\",\"@graph\":[{\"@type\":\"WebPage\",\"@id\":\"https:\/\/wb.pb.edu.pl\/inl\/o-instytucie\/historia\/\",\"url\":\"https:\/\/wb.pb.edu.pl\/inl\/o-instytucie\/historia\/\",\"name\":\"Instytut Nauk Le\u015bnych WBiNo\u015a PB - Historia\",\"isPartOf\":{\"@id\":\"https:\/\/wb.pb.edu.pl\/inl\/#website\"},\"datePublished\":\"2019-10-07T18:35:48+00:00\",\"dateModified\":\"2024-09-16T11:46:26+00:00\",\"description\":\"Instytut Nauk Le\u015bnych Politechniki Bia\u0142ostockiej utworzony zosta\u0142 z dniem 1 pa\u017adziernika 2019 r. jako jednostka w ramach Wydzia\u0142u Budownictwa i Nauk o\",\"breadcrumb\":{\"@id\":\"https:\/\/wb.pb.edu.pl\/inl\/o-instytucie\/historia\/#breadcrumb\"},\"inLanguage\":\"pl-PL\",\"potentialAction\":[{\"@type\":\"ReadAction\",\"target\":[\"https:\/\/wb.pb.edu.pl\/inl\/o-instytucie\/historia\/\"]}]},{\"@type\":\"BreadcrumbList\",\"@id\":\"https:\/\/wb.pb.edu.pl\/inl\/o-instytucie\/historia\/#breadcrumb\",\"itemListElement\":[{\"@type\":\"ListItem\",\"position\":1,\"name\":\"Strona g\u0142\u00f3wna\",\"item\":\"https:\/\/wb.pb.edu.pl\/inl\/\"},{\"@type\":\"ListItem\",\"position\":2,\"name\":\"O Instytucie\",\"item\":\"https:\/\/wb.pb.edu.pl\/inl\/o-instytucie\/\"},{\"@type\":\"ListItem\",\"position\":3,\"name\":\"Historia\"}]},{\"@type\":\"WebSite\",\"@id\":\"https:\/\/wb.pb.edu.pl\/inl\/#website\",\"url\":\"https:\/\/wb.pb.edu.pl\/inl\/\",\"name\":\"Instytut Nauk Le\u015bnych\",\"description\":\"Kolejna witryna sieci \u201eWB Witryn\u201d\",\"potentialAction\":[{\"@type\":\"SearchAction\",\"target\":{\"@type\":\"EntryPoint\",\"urlTemplate\":\"https:\/\/wb.pb.edu.pl\/inl\/?s={search_term_string}\"},\"query-input\":{\"@type\":\"PropertyValueSpecification\",\"valueRequired\":true,\"valueName\":\"search_term_string\"}}],\"inLanguage\":\"pl-PL\"}]}<\/script>\n<!-- \/ Yoast SEO plugin. -->","yoast_head_json":{"title":"Instytut Nauk Le\u015bnych WBiNo\u015a PB - Historia","description":"Instytut Nauk Le\u015bnych Politechniki Bia\u0142ostockiej utworzony zosta\u0142 z dniem 1 pa\u017adziernika 2019 r. jako jednostka w ramach Wydzia\u0142u Budownictwa i Nauk o","robots":{"index":"index","follow":"follow","max-snippet":"max-snippet:-1","max-image-preview":"max-image-preview:large","max-video-preview":"max-video-preview:-1"},"canonical":"https:\/\/wb.pb.edu.pl\/inl\/o-instytucie\/historia\/","twitter_misc":{"Szacowany czas czytania":"2 minuty"},"schema":{"@context":"https:\/\/schema.org","@graph":[{"@type":"WebPage","@id":"https:\/\/wb.pb.edu.pl\/inl\/o-instytucie\/historia\/","url":"https:\/\/wb.pb.edu.pl\/inl\/o-instytucie\/historia\/","name":"Instytut Nauk Le\u015bnych WBiNo\u015a PB - Historia","isPartOf":{"@id":"https:\/\/wb.pb.edu.pl\/inl\/#website"},"datePublished":"2019-10-07T18:35:48+00:00","dateModified":"2024-09-16T11:46:26+00:00","description":"Instytut Nauk Le\u015bnych Politechniki Bia\u0142ostockiej utworzony zosta\u0142 z dniem 1 pa\u017adziernika 2019 r. jako jednostka w ramach Wydzia\u0142u Budownictwa i Nauk o","breadcrumb":{"@id":"https:\/\/wb.pb.edu.pl\/inl\/o-instytucie\/historia\/#breadcrumb"},"inLanguage":"pl-PL","potentialAction":[{"@type":"ReadAction","target":["https:\/\/wb.pb.edu.pl\/inl\/o-instytucie\/historia\/"]}]},{"@type":"BreadcrumbList","@id":"https:\/\/wb.pb.edu.pl\/inl\/o-instytucie\/historia\/#breadcrumb","itemListElement":[{"@type":"ListItem","position":1,"name":"Strona g\u0142\u00f3wna","item":"https:\/\/wb.pb.edu.pl\/inl\/"},{"@type":"ListItem","position":2,"name":"O Instytucie","item":"https:\/\/wb.pb.edu.pl\/inl\/o-instytucie\/"},{"@type":"ListItem","position":3,"name":"Historia"}]},{"@type":"WebSite","@id":"https:\/\/wb.pb.edu.pl\/inl\/#website","url":"https:\/\/wb.pb.edu.pl\/inl\/","name":"Instytut Nauk Le\u015bnych","description":"Kolejna witryna sieci \u201eWB Witryn\u201d","potentialAction":[{"@type":"SearchAction","target":{"@type":"EntryPoint","urlTemplate":"https:\/\/wb.pb.edu.pl\/inl\/?s={search_term_string}"},"query-input":{"@type":"PropertyValueSpecification","valueRequired":true,"valueName":"search_term_string"}}],"inLanguage":"pl-PL"}]}},"_links":{"self":[{"href":"https:\/\/wb.pb.edu.pl\/inl\/wp-json\/wp\/v2\/pages\/86","targetHints":{"allow":["GET"]}}],"collection":[{"href":"https:\/\/wb.pb.edu.pl\/inl\/wp-json\/wp\/v2\/pages"}],"about":[{"href":"https:\/\/wb.pb.edu.pl\/inl\/wp-json\/wp\/v2\/types\/page"}],"author":[{"embeddable":true,"href":"https:\/\/wb.pb.edu.pl\/inl\/wp-json\/wp\/v2\/users\/3"}],"replies":[{"embeddable":true,"href":"https:\/\/wb.pb.edu.pl\/inl\/wp-json\/wp\/v2\/comments?post=86"}],"version-history":[{"count":10,"href":"https:\/\/wb.pb.edu.pl\/inl\/wp-json\/wp\/v2\/pages\/86\/revisions"}],"predecessor-version":[{"id":698,"href":"https:\/\/wb.pb.edu.pl\/inl\/wp-json\/wp\/v2\/pages\/86\/revisions\/698"}],"up":[{"embeddable":true,"href":"https:\/\/wb.pb.edu.pl\/inl\/wp-json\/wp\/v2\/pages\/83"}],"wp:attachment":[{"href":"https:\/\/wb.pb.edu.pl\/inl\/wp-json\/wp\/v2\/media?parent=86"}],"curies":[{"name":"wp","href":"https:\/\/api.w.org\/{rel}","templated":true}]}}