{"id":88,"date":"2019-10-07T20:36:44","date_gmt":"2019-10-07T18:36:44","guid":{"rendered":"https:\/\/wb.pb.edu.pl\/inl\/?page_id=88"},"modified":"2023-10-23T11:23:18","modified_gmt":"2023-10-23T09:23:18","slug":"laboratoria-i-pracownie","status":"publish","type":"page","link":"https:\/\/wb.pb.edu.pl\/inl\/o-instytucie\/laboratoria-i-pracownie\/","title":{"rendered":"Laboratoria i pracownie"},"content":{"rendered":"<p>W Instytucie Nauk Le\u015bnych funkcjonuj\u0105 badawcze laboratoria oraz pracownie zlokalizowane w Centrum Naukowo-Badawczym w Hajn\u00f3wce i w s\u0105siednim budynku:<\/p>\n<ul>\n<li>Laboratorium Entomologii<\/li>\n<li>Laboratorium Fotodetekcji i Komputerowej Analizy Obrazu<\/li>\n<li>Laboratorium Monitoringu \u015arodowiska Le\u015bnego<\/li>\n<li>Laboratorium Ubocznych Produkt\u00f3w Le\u015bnych&nbsp;\n<ul>\n<li>Pracownia Ekstrakcji Nadkrytycznej<\/li>\n<li>Pracownia W\u0142a\u015bciwo\u015bci Fizykochemicznych<\/li>\n<\/ul>\n<\/li>\n<\/ul>\n<p>oraz<\/p>\n<ul>\n<li>Laboratorium Chemii \u015arodowiska Le\u015bnego<\/li>\n<\/ul>\n","protected":false},"excerpt":{"rendered":"<p>W Instytucie Nauk Le\u015bnych funkcjonuj\u0105 badawcze laboratoria oraz pracownie zlokalizowane w Centrum Naukowo-Badawczym w Hajn\u00f3wce<a class=\"read-more\" href=\"https:\/\/wb.pb.edu.pl\/inl\/o-instytucie\/laboratoria-i-pracownie\/\" title=\"Poka\u017c artyku\u0142 Laboratoria i pracownie\">wi\u0119cej<\/a><\/p>\n","protected":false},"author":3,"featured_media":0,"parent":83,"menu_order":2,"comment_status":"closed","ping_status":"closed","template":"","meta":{"inline_featured_image":false,"ngg_post_thumbnail":0,"footnotes":""},"class_list":["post-88","page","type-page","status-publish","hentry"],"acf":[],"yoast_head":"<!-- This site is optimized with the Yoast SEO plugin v26.4 - https:\/\/yoast.com\/wordpress\/plugins\/seo\/ -->\n<title>Instytut Nauk Le\u015bnych WBiNo\u015a PB - Laboratoria i pracownie<\/title>\n<meta name=\"description\" content=\"W Instytucie Nauk Le\u015bnych funkcjonuj\u0105 badawcze laboratoria oraz pracownie zlokalizowane w Centrum Naukowo-Badawczym w Hajn\u00f3wce i w s\u0105siednim budynku:\" \/>\n<meta name=\"robots\" content=\"index, follow, max-snippet:-1, max-image-preview:large, max-video-preview:-1\" \/>\n<link rel=\"canonical\" href=\"https:\/\/wb.pb.edu.pl\/inl\/o-instytucie\/laboratoria-i-pracownie\/\" \/>\n<meta name=\"twitter:label1\" content=\"Szacowany czas czytania\" \/>\n\t<meta name=\"twitter:data1\" content=\"1 minuta\" \/>\n<script type=\"application\/ld+json\" class=\"yoast-schema-graph\">{\"@context\":\"https:\/\/schema.org\",\"@graph\":[{\"@type\":\"WebPage\",\"@id\":\"https:\/\/wb.pb.edu.pl\/inl\/o-instytucie\/laboratoria-i-pracownie\/\",\"url\":\"https:\/\/wb.pb.edu.pl\/inl\/o-instytucie\/laboratoria-i-pracownie\/\",\"name\":\"Instytut Nauk Le\u015bnych WBiNo\u015a PB - Laboratoria i pracownie\",\"isPartOf\":{\"@id\":\"https:\/\/wb.pb.edu.pl\/inl\/#website\"},\"datePublished\":\"2019-10-07T18:36:44+00:00\",\"dateModified\":\"2023-10-23T09:23:18+00:00\",\"description\":\"W Instytucie Nauk Le\u015bnych funkcjonuj\u0105 badawcze laboratoria oraz pracownie zlokalizowane w Centrum Naukowo-Badawczym w Hajn\u00f3wce i w s\u0105siednim budynku:\",\"breadcrumb\":{\"@id\":\"https:\/\/wb.pb.edu.pl\/inl\/o-instytucie\/laboratoria-i-pracownie\/#breadcrumb\"},\"inLanguage\":\"pl-PL\",\"potentialAction\":[{\"@type\":\"ReadAction\",\"target\":[\"https:\/\/wb.pb.edu.pl\/inl\/o-instytucie\/laboratoria-i-pracownie\/\"]}]},{\"@type\":\"BreadcrumbList\",\"@id\":\"https:\/\/wb.pb.edu.pl\/inl\/o-instytucie\/laboratoria-i-pracownie\/#breadcrumb\",\"itemListElement\":[{\"@type\":\"ListItem\",\"position\":1,\"name\":\"Strona g\u0142\u00f3wna\",\"item\":\"https:\/\/wb.pb.edu.pl\/inl\/\"},{\"@type\":\"ListItem\",\"position\":2,\"name\":\"O Instytucie\",\"item\":\"https:\/\/wb.pb.edu.pl\/inl\/o-instytucie\/\"},{\"@type\":\"ListItem\",\"position\":3,\"name\":\"Laboratoria i pracownie\"}]},{\"@type\":\"WebSite\",\"@id\":\"https:\/\/wb.pb.edu.pl\/inl\/#website\",\"url\":\"https:\/\/wb.pb.edu.pl\/inl\/\",\"name\":\"Instytut Nauk Le\u015bnych\",\"description\":\"Kolejna witryna sieci \u201eWB Witryn\u201d\",\"potentialAction\":[{\"@type\":\"SearchAction\",\"target\":{\"@type\":\"EntryPoint\",\"urlTemplate\":\"https:\/\/wb.pb.edu.pl\/inl\/?s={search_term_string}\"},\"query-input\":{\"@type\":\"PropertyValueSpecification\",\"valueRequired\":true,\"valueName\":\"search_term_string\"}}],\"inLanguage\":\"pl-PL\"}]}<\/script>\n<!-- \/ Yoast SEO plugin. -->","yoast_head_json":{"title":"Instytut Nauk Le\u015bnych WBiNo\u015a PB - Laboratoria i pracownie","description":"W Instytucie Nauk Le\u015bnych funkcjonuj\u0105 badawcze laboratoria oraz pracownie zlokalizowane w Centrum Naukowo-Badawczym w Hajn\u00f3wce i w s\u0105siednim budynku:","robots":{"index":"index","follow":"follow","max-snippet":"max-snippet:-1","max-image-preview":"max-image-preview:large","max-video-preview":"max-video-preview:-1"},"canonical":"https:\/\/wb.pb.edu.pl\/inl\/o-instytucie\/laboratoria-i-pracownie\/","twitter_misc":{"Szacowany czas czytania":"1 minuta"},"schema":{"@context":"https:\/\/schema.org","@graph":[{"@type":"WebPage","@id":"https:\/\/wb.pb.edu.pl\/inl\/o-instytucie\/laboratoria-i-pracownie\/","url":"https:\/\/wb.pb.edu.pl\/inl\/o-instytucie\/laboratoria-i-pracownie\/","name":"Instytut Nauk Le\u015bnych WBiNo\u015a PB - Laboratoria i pracownie","isPartOf":{"@id":"https:\/\/wb.pb.edu.pl\/inl\/#website"},"datePublished":"2019-10-07T18:36:44+00:00","dateModified":"2023-10-23T09:23:18+00:00","description":"W Instytucie Nauk Le\u015bnych funkcjonuj\u0105 badawcze laboratoria oraz pracownie zlokalizowane w Centrum Naukowo-Badawczym w Hajn\u00f3wce i w s\u0105siednim budynku:","breadcrumb":{"@id":"https:\/\/wb.pb.edu.pl\/inl\/o-instytucie\/laboratoria-i-pracownie\/#breadcrumb"},"inLanguage":"pl-PL","potentialAction":[{"@type":"ReadAction","target":["https:\/\/wb.pb.edu.pl\/inl\/o-instytucie\/laboratoria-i-pracownie\/"]}]},{"@type":"BreadcrumbList","@id":"https:\/\/wb.pb.edu.pl\/inl\/o-instytucie\/laboratoria-i-pracownie\/#breadcrumb","itemListElement":[{"@type":"ListItem","position":1,"name":"Strona g\u0142\u00f3wna","item":"https:\/\/wb.pb.edu.pl\/inl\/"},{"@type":"ListItem","position":2,"name":"O Instytucie","item":"https:\/\/wb.pb.edu.pl\/inl\/o-instytucie\/"},{"@type":"ListItem","position":3,"name":"Laboratoria i pracownie"}]},{"@type":"WebSite","@id":"https:\/\/wb.pb.edu.pl\/inl\/#website","url":"https:\/\/wb.pb.edu.pl\/inl\/","name":"Instytut Nauk Le\u015bnych","description":"Kolejna witryna sieci \u201eWB Witryn\u201d","potentialAction":[{"@type":"SearchAction","target":{"@type":"EntryPoint","urlTemplate":"https:\/\/wb.pb.edu.pl\/inl\/?s={search_term_string}"},"query-input":{"@type":"PropertyValueSpecification","valueRequired":true,"valueName":"search_term_string"}}],"inLanguage":"pl-PL"}]}},"_links":{"self":[{"href":"https:\/\/wb.pb.edu.pl\/inl\/wp-json\/wp\/v2\/pages\/88","targetHints":{"allow":["GET"]}}],"collection":[{"href":"https:\/\/wb.pb.edu.pl\/inl\/wp-json\/wp\/v2\/pages"}],"about":[{"href":"https:\/\/wb.pb.edu.pl\/inl\/wp-json\/wp\/v2\/types\/page"}],"author":[{"embeddable":true,"href":"https:\/\/wb.pb.edu.pl\/inl\/wp-json\/wp\/v2\/users\/3"}],"replies":[{"embeddable":true,"href":"https:\/\/wb.pb.edu.pl\/inl\/wp-json\/wp\/v2\/comments?post=88"}],"version-history":[{"count":6,"href":"https:\/\/wb.pb.edu.pl\/inl\/wp-json\/wp\/v2\/pages\/88\/revisions"}],"predecessor-version":[{"id":645,"href":"https:\/\/wb.pb.edu.pl\/inl\/wp-json\/wp\/v2\/pages\/88\/revisions\/645"}],"up":[{"embeddable":true,"href":"https:\/\/wb.pb.edu.pl\/inl\/wp-json\/wp\/v2\/pages\/83"}],"wp:attachment":[{"href":"https:\/\/wb.pb.edu.pl\/inl\/wp-json\/wp\/v2\/media?parent=88"}],"curies":[{"name":"wp","href":"https:\/\/api.w.org\/{rel}","templated":true}]}}