{"id":99,"date":"2019-10-07T20:40:09","date_gmt":"2019-10-07T18:40:09","guid":{"rendered":"https:\/\/wb.pb.edu.pl\/inl\/?page_id=99"},"modified":"2019-10-07T23:23:11","modified_gmt":"2019-10-07T21:23:11","slug":"nauka-i-badania","status":"publish","type":"page","link":"https:\/\/wb.pb.edu.pl\/inl\/nauka-i-badania\/","title":{"rendered":"Nauka i badania"},"content":{"rendered":"<h3>G\u0142\u00f3wnym zadaniem Instytutu Nauk Le\u015bnych PB jest prowadzenie bada\u0144 w dyscyplinie nauk le\u015bnych.<\/h3>\n<p><a href=\"https:\/\/wb.pb.edu.pl\/inl\/wp-content\/uploads\/sites\/3\/2019\/10\/region-1.jpg\"><img loading=\"lazy\" decoding=\"async\" class=\"alignright wp-image-22\" src=\"https:\/\/wb.pb.edu.pl\/inl\/wp-content\/uploads\/sites\/3\/2019\/10\/region-1.jpg\" alt=\"\" width=\"400\" height=\"228\" srcset=\"https:\/\/wb.pb.edu.pl\/inl\/wp-content\/uploads\/sites\/3\/2019\/10\/region-1.jpg 1050w, https:\/\/wb.pb.edu.pl\/inl\/wp-content\/uploads\/sites\/3\/2019\/10\/region-1-300x171.jpg 300w, https:\/\/wb.pb.edu.pl\/inl\/wp-content\/uploads\/sites\/3\/2019\/10\/region-1-768x438.jpg 768w, https:\/\/wb.pb.edu.pl\/inl\/wp-content\/uploads\/sites\/3\/2019\/10\/region-1-1024x584.jpg 1024w\" sizes=\"auto, (max-width: 400px) 100vw, 400px\" \/><\/a>Badania naukowe prowadzone przez Instytut dotycz\u0105 m.in.:<\/p>\n<ul>\n<li>zr\u00f3wnowa\u017conego wykorzystania zasob\u00f3w le\u015bnych,<\/li>\n<li>ochrony przyrody i \u015brodowiska le\u015bnego,<\/li>\n<li>etnobotaniki,<\/li>\n<li>turystyki i edukacji na obszarach cennych przyrodniczo.<\/li>\n<\/ul>\n<p>Wiod\u0105cy obszar bada\u0144 to pozyskiwanie i mo\u017cliwo\u015bci zastosowa\u0144 substancji czynnych grzyb\u00f3w i ro\u015blin.<\/p>\n","protected":false},"excerpt":{"rendered":"<p>G\u0142\u00f3wnym zadaniem Instytutu Nauk Le\u015bnych PB jest prowadzenie bada\u0144 w dyscyplinie nauk le\u015bnych. Badania naukowe<a class=\"read-more\" href=\"https:\/\/wb.pb.edu.pl\/inl\/nauka-i-badania\/\" title=\"Poka\u017c artyku\u0142 Nauka i badania\">wi\u0119cej<\/a><\/p>\n","protected":false},"author":3,"featured_media":0,"parent":0,"menu_order":2,"comment_status":"closed","ping_status":"closed","template":"","meta":{"inline_featured_image":false,"ngg_post_thumbnail":0,"footnotes":""},"class_list":["post-99","page","type-page","status-publish","hentry"],"acf":[],"yoast_head":"<!-- This site is optimized with the Yoast SEO plugin v26.4 - https:\/\/yoast.com\/wordpress\/plugins\/seo\/ -->\n<title>Instytut Nauk Le\u015bnych WBiNo\u015a PB - Nauka i badania<\/title>\n<meta name=\"description\" content=\"G\u0142\u00f3wnym zadaniem Instytutu Nauk Le\u015bnych PB jest prowadzenie bada\u0144 w dyscyplinie nauk le\u015bnych. Badania naukowe prowadzone przez Instytut dotycz\u0105 m.in.:\" \/>\n<meta name=\"robots\" content=\"index, follow, max-snippet:-1, max-image-preview:large, max-video-preview:-1\" \/>\n<link rel=\"canonical\" href=\"https:\/\/wb.pb.edu.pl\/inl\/nauka-i-badania\/\" \/>\n<script type=\"application\/ld+json\" class=\"yoast-schema-graph\">{\"@context\":\"https:\/\/schema.org\",\"@graph\":[{\"@type\":\"WebPage\",\"@id\":\"https:\/\/wb.pb.edu.pl\/inl\/nauka-i-badania\/\",\"url\":\"https:\/\/wb.pb.edu.pl\/inl\/nauka-i-badania\/\",\"name\":\"Instytut Nauk Le\u015bnych WBiNo\u015a PB - Nauka i badania\",\"isPartOf\":{\"@id\":\"https:\/\/wb.pb.edu.pl\/inl\/#website\"},\"primaryImageOfPage\":{\"@id\":\"https:\/\/wb.pb.edu.pl\/inl\/nauka-i-badania\/#primaryimage\"},\"image\":{\"@id\":\"https:\/\/wb.pb.edu.pl\/inl\/nauka-i-badania\/#primaryimage\"},\"thumbnailUrl\":\"https:\/\/wb.pb.edu.pl\/inl\/wp-content\/uploads\/sites\/3\/2019\/10\/region-1.jpg\",\"datePublished\":\"2019-10-07T18:40:09+00:00\",\"dateModified\":\"2019-10-07T21:23:11+00:00\",\"description\":\"G\u0142\u00f3wnym zadaniem Instytutu Nauk Le\u015bnych PB jest prowadzenie bada\u0144 w dyscyplinie nauk le\u015bnych. Badania naukowe prowadzone przez Instytut dotycz\u0105 m.in.:\",\"breadcrumb\":{\"@id\":\"https:\/\/wb.pb.edu.pl\/inl\/nauka-i-badania\/#breadcrumb\"},\"inLanguage\":\"pl-PL\",\"potentialAction\":[{\"@type\":\"ReadAction\",\"target\":[\"https:\/\/wb.pb.edu.pl\/inl\/nauka-i-badania\/\"]}]},{\"@type\":\"ImageObject\",\"inLanguage\":\"pl-PL\",\"@id\":\"https:\/\/wb.pb.edu.pl\/inl\/nauka-i-badania\/#primaryimage\",\"url\":\"https:\/\/wb.pb.edu.pl\/inl\/wp-content\/uploads\/sites\/3\/2019\/10\/region-1.jpg\",\"contentUrl\":\"https:\/\/wb.pb.edu.pl\/inl\/wp-content\/uploads\/sites\/3\/2019\/10\/region-1.jpg\"},{\"@type\":\"BreadcrumbList\",\"@id\":\"https:\/\/wb.pb.edu.pl\/inl\/nauka-i-badania\/#breadcrumb\",\"itemListElement\":[{\"@type\":\"ListItem\",\"position\":1,\"name\":\"Strona g\u0142\u00f3wna\",\"item\":\"https:\/\/wb.pb.edu.pl\/inl\/\"},{\"@type\":\"ListItem\",\"position\":2,\"name\":\"Nauka i badania\"}]},{\"@type\":\"WebSite\",\"@id\":\"https:\/\/wb.pb.edu.pl\/inl\/#website\",\"url\":\"https:\/\/wb.pb.edu.pl\/inl\/\",\"name\":\"Instytut Nauk Le\u015bnych\",\"description\":\"Kolejna witryna sieci \u201eWB Witryn\u201d\",\"potentialAction\":[{\"@type\":\"SearchAction\",\"target\":{\"@type\":\"EntryPoint\",\"urlTemplate\":\"https:\/\/wb.pb.edu.pl\/inl\/?s={search_term_string}\"},\"query-input\":{\"@type\":\"PropertyValueSpecification\",\"valueRequired\":true,\"valueName\":\"search_term_string\"}}],\"inLanguage\":\"pl-PL\"}]}<\/script>\n<!-- \/ Yoast SEO plugin. -->","yoast_head_json":{"title":"Instytut Nauk Le\u015bnych WBiNo\u015a PB - Nauka i badania","description":"G\u0142\u00f3wnym zadaniem Instytutu Nauk Le\u015bnych PB jest prowadzenie bada\u0144 w dyscyplinie nauk le\u015bnych. Badania naukowe prowadzone przez Instytut dotycz\u0105 m.in.:","robots":{"index":"index","follow":"follow","max-snippet":"max-snippet:-1","max-image-preview":"max-image-preview:large","max-video-preview":"max-video-preview:-1"},"canonical":"https:\/\/wb.pb.edu.pl\/inl\/nauka-i-badania\/","schema":{"@context":"https:\/\/schema.org","@graph":[{"@type":"WebPage","@id":"https:\/\/wb.pb.edu.pl\/inl\/nauka-i-badania\/","url":"https:\/\/wb.pb.edu.pl\/inl\/nauka-i-badania\/","name":"Instytut Nauk Le\u015bnych WBiNo\u015a PB - Nauka i badania","isPartOf":{"@id":"https:\/\/wb.pb.edu.pl\/inl\/#website"},"primaryImageOfPage":{"@id":"https:\/\/wb.pb.edu.pl\/inl\/nauka-i-badania\/#primaryimage"},"image":{"@id":"https:\/\/wb.pb.edu.pl\/inl\/nauka-i-badania\/#primaryimage"},"thumbnailUrl":"https:\/\/wb.pb.edu.pl\/inl\/wp-content\/uploads\/sites\/3\/2019\/10\/region-1.jpg","datePublished":"2019-10-07T18:40:09+00:00","dateModified":"2019-10-07T21:23:11+00:00","description":"G\u0142\u00f3wnym zadaniem Instytutu Nauk Le\u015bnych PB jest prowadzenie bada\u0144 w dyscyplinie nauk le\u015bnych. Badania naukowe prowadzone przez Instytut dotycz\u0105 m.in.:","breadcrumb":{"@id":"https:\/\/wb.pb.edu.pl\/inl\/nauka-i-badania\/#breadcrumb"},"inLanguage":"pl-PL","potentialAction":[{"@type":"ReadAction","target":["https:\/\/wb.pb.edu.pl\/inl\/nauka-i-badania\/"]}]},{"@type":"ImageObject","inLanguage":"pl-PL","@id":"https:\/\/wb.pb.edu.pl\/inl\/nauka-i-badania\/#primaryimage","url":"https:\/\/wb.pb.edu.pl\/inl\/wp-content\/uploads\/sites\/3\/2019\/10\/region-1.jpg","contentUrl":"https:\/\/wb.pb.edu.pl\/inl\/wp-content\/uploads\/sites\/3\/2019\/10\/region-1.jpg"},{"@type":"BreadcrumbList","@id":"https:\/\/wb.pb.edu.pl\/inl\/nauka-i-badania\/#breadcrumb","itemListElement":[{"@type":"ListItem","position":1,"name":"Strona g\u0142\u00f3wna","item":"https:\/\/wb.pb.edu.pl\/inl\/"},{"@type":"ListItem","position":2,"name":"Nauka i badania"}]},{"@type":"WebSite","@id":"https:\/\/wb.pb.edu.pl\/inl\/#website","url":"https:\/\/wb.pb.edu.pl\/inl\/","name":"Instytut Nauk Le\u015bnych","description":"Kolejna witryna sieci \u201eWB Witryn\u201d","potentialAction":[{"@type":"SearchAction","target":{"@type":"EntryPoint","urlTemplate":"https:\/\/wb.pb.edu.pl\/inl\/?s={search_term_string}"},"query-input":{"@type":"PropertyValueSpecification","valueRequired":true,"valueName":"search_term_string"}}],"inLanguage":"pl-PL"}]}},"_links":{"self":[{"href":"https:\/\/wb.pb.edu.pl\/inl\/wp-json\/wp\/v2\/pages\/99","targetHints":{"allow":["GET"]}}],"collection":[{"href":"https:\/\/wb.pb.edu.pl\/inl\/wp-json\/wp\/v2\/pages"}],"about":[{"href":"https:\/\/wb.pb.edu.pl\/inl\/wp-json\/wp\/v2\/types\/page"}],"author":[{"embeddable":true,"href":"https:\/\/wb.pb.edu.pl\/inl\/wp-json\/wp\/v2\/users\/3"}],"replies":[{"embeddable":true,"href":"https:\/\/wb.pb.edu.pl\/inl\/wp-json\/wp\/v2\/comments?post=99"}],"version-history":[{"count":3,"href":"https:\/\/wb.pb.edu.pl\/inl\/wp-json\/wp\/v2\/pages\/99\/revisions"}],"predecessor-version":[{"id":189,"href":"https:\/\/wb.pb.edu.pl\/inl\/wp-json\/wp\/v2\/pages\/99\/revisions\/189"}],"wp:attachment":[{"href":"https:\/\/wb.pb.edu.pl\/inl\/wp-json\/wp\/v2\/media?parent=99"}],"curies":[{"name":"wp","href":"https:\/\/api.w.org\/{rel}","templated":true}]}}