{"id":148,"date":"2025-02-12T20:08:11","date_gmt":"2025-02-12T19:08:11","guid":{"rendered":"https:\/\/wb.pb.edu.pl\/konferencja-iise\/?page_id=148"},"modified":"2025-02-20T21:15:54","modified_gmt":"2025-02-20T20:15:54","slug":"organizacja","status":"publish","type":"page","link":"https:\/\/wb.pb.edu.pl\/konferencja-iise\/organizacja\/","title":{"rendered":"Organizacja"},"content":{"rendered":"<div class=\"h2\">Komitet naukowy<\/div>\n<p>dr hab. in\u017c. Izabela Bartkowska, prof. PB, Politechnika Bia\u0142ostocka \u2013 <strong>przewodnicz\u0105ca<\/strong><br \/>\ndr in\u017c. Joanna Gwo\u017adziej-Mazur, Politechnika Bia\u0142ostocka \u2013 <strong>sekretarz<br \/>\n<\/strong>dr hab. in\u017c. Jadwiga Kr\u00f3likowska, prof. PK, Politechnika Krakowska<br \/>\nprof. dr hab. in\u017c. Katarzyna Ignatowicz Politechnika Bia\u0142ostocka<br \/>\nprof. dr hab. in\u017c. Beata Kowalska Politechnika Lubelska<br \/>\nprof. dr hab. in\u017c. Daniel S\u0142y\u015b, Politechnika Rzeszowska<br \/>\ndr hab. in\u017c. Dariusz Kowalski, prof. PL Politechnika Lubelska<br \/>\ndr hab. Jolanta Piekut, prof. PB Politechnika Bia\u0142ostocka<br \/>\ndr in\u017c. Dariusz Andraka, Politechnika Bia\u0142ostocka<br \/>\ndr in\u017c. Kamil \u015awi\u0119tochowski, Politechnika Warszawska<\/p>\n<div class=\"h2\">Komitet organizacyjny<\/div>\n<p>dr hab. Jolanta Piekut, prof. PB \u2013 <strong>przewodnicz\u0105ca<\/strong><br \/>\ndr in\u017c. Anna Siemieniuk, prof. PB \u2013 <strong>sekretarz<\/strong><br \/>\ndr in\u017c. Joanna Gwo\u017adziej-Mazur<br \/>\ndr in\u017c. Wojciech Kruszy\u0144ski<br \/>\ndr in\u017c. Lech Magrel<br \/>\nBeata Tymi\u0144ska<\/p>\n","protected":false},"excerpt":{"rendered":"<p>Komitet naukowy dr hab. in\u017c. Izabela Bartkowska, prof. PB, Politechnika Bia\u0142ostocka \u2013 przewodnicz\u0105ca dr in\u017c.<a class=\"read-more\" href=\"https:\/\/wb.pb.edu.pl\/konferencja-iise\/organizacja\/\" title=\"Poka\u017c artyku\u0142 Organizacja\">wi\u0119cej<\/a><\/p>\n","protected":false},"author":3,"featured_media":0,"parent":0,"menu_order":3,"comment_status":"closed","ping_status":"closed","template":"","meta":{"inline_featured_image":false,"ngg_post_thumbnail":0,"footnotes":""},"class_list":["post-148","page","type-page","status-publish","hentry"],"acf":[],"yoast_head":"<!-- This site is optimized with the Yoast SEO plugin v26.4 - https:\/\/yoast.com\/wordpress\/plugins\/seo\/ -->\n<title>Organizacja - Wyzwania, innowacje i perspektywy rozwoju w in\u017cynierii \u015brodowiska<\/title>\n<meta name=\"robots\" content=\"index, follow, max-snippet:-1, max-image-preview:large, max-video-preview:-1\" \/>\n<link rel=\"canonical\" href=\"https:\/\/wb.pb.edu.pl\/konferencja-iise\/organizacja\/\" \/>\n<meta property=\"og:locale\" content=\"pl_PL\" \/>\n<meta property=\"og:type\" content=\"article\" \/>\n<meta property=\"og:title\" content=\"Organizacja - Wyzwania, innowacje i perspektywy rozwoju w in\u017cynierii \u015brodowiska\" \/>\n<meta property=\"og:description\" content=\"Komitet naukowy dr hab. in\u017c. Izabela Bartkowska, prof. PB, Politechnika Bia\u0142ostocka \u2013 przewodnicz\u0105ca dr in\u017c.wi\u0119cej\" \/>\n<meta property=\"og:url\" content=\"https:\/\/wb.pb.edu.pl\/konferencja-iise\/organizacja\/\" \/>\n<meta property=\"og:site_name\" content=\"Wyzwania, innowacje i perspektywy rozwoju w in\u017cynierii \u015brodowiska\" \/>\n<meta property=\"article:modified_time\" content=\"2025-02-20T20:15:54+00:00\" \/>\n<meta name=\"twitter:card\" content=\"summary_large_image\" \/>\n<meta name=\"twitter:label1\" content=\"Szacowany czas czytania\" \/>\n\t<meta name=\"twitter:data1\" content=\"1 minuta\" \/>\n<script type=\"application\/ld+json\" class=\"yoast-schema-graph\">{\"@context\":\"https:\/\/schema.org\",\"@graph\":[{\"@type\":\"WebPage\",\"@id\":\"https:\/\/wb.pb.edu.pl\/konferencja-iise\/organizacja\/\",\"url\":\"https:\/\/wb.pb.edu.pl\/konferencja-iise\/organizacja\/\",\"name\":\"Organizacja - Wyzwania, innowacje i perspektywy rozwoju w in\u017cynierii \u015brodowiska\",\"isPartOf\":{\"@id\":\"https:\/\/wb.pb.edu.pl\/konferencja-iise\/#website\"},\"datePublished\":\"2025-02-12T19:08:11+00:00\",\"dateModified\":\"2025-02-20T20:15:54+00:00\",\"breadcrumb\":{\"@id\":\"https:\/\/wb.pb.edu.pl\/konferencja-iise\/organizacja\/#breadcrumb\"},\"inLanguage\":\"pl-PL\",\"potentialAction\":[{\"@type\":\"ReadAction\",\"target\":[\"https:\/\/wb.pb.edu.pl\/konferencja-iise\/organizacja\/\"]}]},{\"@type\":\"BreadcrumbList\",\"@id\":\"https:\/\/wb.pb.edu.pl\/konferencja-iise\/organizacja\/#breadcrumb\",\"itemListElement\":[{\"@type\":\"ListItem\",\"position\":1,\"name\":\"Strona g\u0142\u00f3wna\",\"item\":\"https:\/\/wb.pb.edu.pl\/konferencja-iise\/\"},{\"@type\":\"ListItem\",\"position\":2,\"name\":\"Organizacja\"}]},{\"@type\":\"WebSite\",\"@id\":\"https:\/\/wb.pb.edu.pl\/konferencja-iise\/#website\",\"url\":\"https:\/\/wb.pb.edu.pl\/konferencja-iise\/\",\"name\":\"Wyzwania, innowacje i perspektywy rozwoju w in\u017cynierii \u015brodowiska\",\"description\":\"\",\"potentialAction\":[{\"@type\":\"SearchAction\",\"target\":{\"@type\":\"EntryPoint\",\"urlTemplate\":\"https:\/\/wb.pb.edu.pl\/konferencja-iise\/?s={search_term_string}\"},\"query-input\":{\"@type\":\"PropertyValueSpecification\",\"valueRequired\":true,\"valueName\":\"search_term_string\"}}],\"inLanguage\":\"pl-PL\"}]}<\/script>\n<!-- \/ Yoast SEO plugin. -->","yoast_head_json":{"title":"Organizacja - Wyzwania, innowacje i perspektywy rozwoju w in\u017cynierii \u015brodowiska","robots":{"index":"index","follow":"follow","max-snippet":"max-snippet:-1","max-image-preview":"max-image-preview:large","max-video-preview":"max-video-preview:-1"},"canonical":"https:\/\/wb.pb.edu.pl\/konferencja-iise\/organizacja\/","og_locale":"pl_PL","og_type":"article","og_title":"Organizacja - Wyzwania, innowacje i perspektywy rozwoju w in\u017cynierii \u015brodowiska","og_description":"Komitet naukowy dr hab. in\u017c. Izabela Bartkowska, prof. PB, Politechnika Bia\u0142ostocka \u2013 przewodnicz\u0105ca dr in\u017c.wi\u0119cej","og_url":"https:\/\/wb.pb.edu.pl\/konferencja-iise\/organizacja\/","og_site_name":"Wyzwania, innowacje i perspektywy rozwoju w in\u017cynierii \u015brodowiska","article_modified_time":"2025-02-20T20:15:54+00:00","twitter_card":"summary_large_image","twitter_misc":{"Szacowany czas czytania":"1 minuta"},"schema":{"@context":"https:\/\/schema.org","@graph":[{"@type":"WebPage","@id":"https:\/\/wb.pb.edu.pl\/konferencja-iise\/organizacja\/","url":"https:\/\/wb.pb.edu.pl\/konferencja-iise\/organizacja\/","name":"Organizacja - Wyzwania, innowacje i perspektywy rozwoju w in\u017cynierii \u015brodowiska","isPartOf":{"@id":"https:\/\/wb.pb.edu.pl\/konferencja-iise\/#website"},"datePublished":"2025-02-12T19:08:11+00:00","dateModified":"2025-02-20T20:15:54+00:00","breadcrumb":{"@id":"https:\/\/wb.pb.edu.pl\/konferencja-iise\/organizacja\/#breadcrumb"},"inLanguage":"pl-PL","potentialAction":[{"@type":"ReadAction","target":["https:\/\/wb.pb.edu.pl\/konferencja-iise\/organizacja\/"]}]},{"@type":"BreadcrumbList","@id":"https:\/\/wb.pb.edu.pl\/konferencja-iise\/organizacja\/#breadcrumb","itemListElement":[{"@type":"ListItem","position":1,"name":"Strona g\u0142\u00f3wna","item":"https:\/\/wb.pb.edu.pl\/konferencja-iise\/"},{"@type":"ListItem","position":2,"name":"Organizacja"}]},{"@type":"WebSite","@id":"https:\/\/wb.pb.edu.pl\/konferencja-iise\/#website","url":"https:\/\/wb.pb.edu.pl\/konferencja-iise\/","name":"Wyzwania, innowacje i perspektywy rozwoju w in\u017cynierii \u015brodowiska","description":"","potentialAction":[{"@type":"SearchAction","target":{"@type":"EntryPoint","urlTemplate":"https:\/\/wb.pb.edu.pl\/konferencja-iise\/?s={search_term_string}"},"query-input":{"@type":"PropertyValueSpecification","valueRequired":true,"valueName":"search_term_string"}}],"inLanguage":"pl-PL"}]}},"_links":{"self":[{"href":"https:\/\/wb.pb.edu.pl\/konferencja-iise\/wp-json\/wp\/v2\/pages\/148","targetHints":{"allow":["GET"]}}],"collection":[{"href":"https:\/\/wb.pb.edu.pl\/konferencja-iise\/wp-json\/wp\/v2\/pages"}],"about":[{"href":"https:\/\/wb.pb.edu.pl\/konferencja-iise\/wp-json\/wp\/v2\/types\/page"}],"author":[{"embeddable":true,"href":"https:\/\/wb.pb.edu.pl\/konferencja-iise\/wp-json\/wp\/v2\/users\/3"}],"replies":[{"embeddable":true,"href":"https:\/\/wb.pb.edu.pl\/konferencja-iise\/wp-json\/wp\/v2\/comments?post=148"}],"version-history":[{"count":4,"href":"https:\/\/wb.pb.edu.pl\/konferencja-iise\/wp-json\/wp\/v2\/pages\/148\/revisions"}],"predecessor-version":[{"id":179,"href":"https:\/\/wb.pb.edu.pl\/konferencja-iise\/wp-json\/wp\/v2\/pages\/148\/revisions\/179"}],"wp:attachment":[{"href":"https:\/\/wb.pb.edu.pl\/konferencja-iise\/wp-json\/wp\/v2\/media?parent=148"}],"curies":[{"name":"wp","href":"https:\/\/api.w.org\/{rel}","templated":true}]}}