{"id":2,"date":"2024-04-15T20:27:20","date_gmt":"2024-04-15T18:27:20","guid":{"rendered":"https:\/\/wb.pb.edu.pl\/konferencja-iise\/?page_id=2"},"modified":"2025-02-12T20:16:38","modified_gmt":"2025-02-12T19:16:38","slug":"o-konferencji","status":"publish","type":"page","link":"https:\/\/wb.pb.edu.pl\/konferencja-iise\/o-konferencji\/","title":{"rendered":"O konferencji"},"content":{"rendered":"<p><strong>Celem konferencji bran\u017cowej nt. Wyzwania, innowacje i perspektywy rozwoju w in\u017cynierii \u015brodowiska<\/strong> jest stworzenie platformy wymiany wiedzy i do\u015bwiadcze\u0144 pomi\u0119dzy przedstawicielami nauki, przemys\u0142u oraz sektora publicznego w celu identyfikacji kluczowych wyzwa\u0144, innowacji oraz mo\u017cliwo\u015bci rozwoju w obszarze in\u017cynierii \u015brodowiska. <\/p>\n<p>Konferencja ma na celu dyskusj\u0119 nad najnowszymi trendami, technologiami oraz rozwi\u0105zaniami, kt\u00f3re mog\u0105 przyczyni\u0107 si\u0119 do poprawy jako\u015bci \u015brodowiska naturalnego i zr\u00f3wnowa\u017conego rozwoju w r\u00f3\u017cnych bran\u017cach. <\/p>\n<p>Warsztaty naukowo-biznesowe stanowi\u0105 przestrze\u0144 do pog\u0142\u0119bienia wsp\u00f3\u0142pracy mi\u0119dzy nauk\u0105, a przemys\u0142em, umo\u017cliwiaj\u0105c wymian\u0119 pomys\u0142\u00f3w oraz tworzenie innowacyjnych rozwi\u0105za\u0144 w obliczu globalnych wyzwa\u0144 \u015brodowiskowych. <\/p>\n<p>Dzi\u0119ki interdyscyplinarnemu podej\u015bciu uczestnicy b\u0119d\u0105 mieli okazj\u0119 zaprezentowa\u0107 swoje badania, nowe technologie oraz wymieni\u0107 do\u015bwiadczenia, kt\u00f3re mog\u0105 wp\u0142yn\u0105\u0107 na przysz\u0142o\u015b\u0107 in\u017cynierii \u015brodowiska w kontek\u015bcie rosn\u0105cych potrzeb zwi\u0105zanych z zarz\u0105dzaniem wodami, ochron\u0105 \u015brodowiska oraz zr\u00f3wnowa\u017conym rozwojem infrastruktury wodoci\u0105gowej i \u015bciekowej.<\/p>\n<div class=\"h2\">Termin i miejsce konferencji<\/div>\n<p><strong>24 wrze\u015bnia 2025 roku, godz. 10:00 \u2013 14:00<\/strong><\/p>\n<p><a href=\"https:\/\/wb.pb.edu.pl\/kontakt\/mapa-kampusu\/\">Wydzia\u0142 Budownictwa i Nauk o \u015arodowisku<\/a><br \/>\nPolitechnika Bia\u0142ostocka<br \/>\nul. Wiejska 45 E, budynek Innoekotech, Aula im. prof. A. Kr\u00f3likowskiego<br \/>\n15-351 Bia\u0142ystok<\/p>\n<div class=\"h2\">Op\u0142ata konferencyjna<\/div>\n<p>Udzia\u0142 w konferencji jest bezp\u0142atny.<\/p>\n<p>Koszty dojazdu i noclegu Uczestnicy pokrywaj\u0105 we w\u0142asnym zakresie. <\/p>\n","protected":false},"excerpt":{"rendered":"<p>Celem konferencji bran\u017cowej nt. Wyzwania, innowacje i perspektywy rozwoju w in\u017cynierii \u015brodowiska jest stworzenie platformy<a class=\"read-more\" href=\"https:\/\/wb.pb.edu.pl\/konferencja-iise\/o-konferencji\/\" title=\"Poka\u017c artyku\u0142 O konferencji\">wi\u0119cej<\/a><\/p>\n","protected":false},"author":3,"featured_media":0,"parent":0,"menu_order":1,"comment_status":"closed","ping_status":"closed","template":"","meta":{"inline_featured_image":false,"ngg_post_thumbnail":0,"footnotes":""},"class_list":["post-2","page","type-page","status-publish","hentry"],"acf":[],"yoast_head":"<!-- This site is optimized with the Yoast SEO plugin v26.4 - https:\/\/yoast.com\/wordpress\/plugins\/seo\/ -->\n<title>O konferencji - Wyzwania, innowacje i perspektywy rozwoju w in\u017cynierii \u015brodowiska<\/title>\n<meta name=\"robots\" content=\"index, follow, max-snippet:-1, max-image-preview:large, max-video-preview:-1\" \/>\n<link rel=\"canonical\" href=\"https:\/\/wb.pb.edu.pl\/konferencja-iise\/o-konferencji\/\" \/>\n<meta property=\"og:locale\" content=\"pl_PL\" \/>\n<meta property=\"og:type\" content=\"article\" \/>\n<meta property=\"og:title\" content=\"O konferencji - Wyzwania, innowacje i perspektywy rozwoju w in\u017cynierii \u015brodowiska\" \/>\n<meta property=\"og:description\" content=\"Celem konferencji bran\u017cowej nt. Wyzwania, innowacje i perspektywy rozwoju w in\u017cynierii \u015brodowiska jest stworzenie platformywi\u0119cej\" \/>\n<meta property=\"og:url\" content=\"https:\/\/wb.pb.edu.pl\/konferencja-iise\/o-konferencji\/\" \/>\n<meta property=\"og:site_name\" content=\"Wyzwania, innowacje i perspektywy rozwoju w in\u017cynierii \u015brodowiska\" \/>\n<meta property=\"article:modified_time\" content=\"2025-02-12T19:16:38+00:00\" \/>\n<meta name=\"twitter:card\" content=\"summary_large_image\" \/>\n<meta name=\"twitter:label1\" content=\"Szacowany czas czytania\" \/>\n\t<meta name=\"twitter:data1\" content=\"2 minuty\" \/>\n<script type=\"application\/ld+json\" class=\"yoast-schema-graph\">{\"@context\":\"https:\/\/schema.org\",\"@graph\":[{\"@type\":\"WebPage\",\"@id\":\"https:\/\/wb.pb.edu.pl\/konferencja-iise\/o-konferencji\/\",\"url\":\"https:\/\/wb.pb.edu.pl\/konferencja-iise\/o-konferencji\/\",\"name\":\"O konferencji - Wyzwania, innowacje i perspektywy rozwoju w in\u017cynierii \u015brodowiska\",\"isPartOf\":{\"@id\":\"https:\/\/wb.pb.edu.pl\/konferencja-iise\/#website\"},\"datePublished\":\"2024-04-15T18:27:20+00:00\",\"dateModified\":\"2025-02-12T19:16:38+00:00\",\"breadcrumb\":{\"@id\":\"https:\/\/wb.pb.edu.pl\/konferencja-iise\/o-konferencji\/#breadcrumb\"},\"inLanguage\":\"pl-PL\",\"potentialAction\":[{\"@type\":\"ReadAction\",\"target\":[\"https:\/\/wb.pb.edu.pl\/konferencja-iise\/o-konferencji\/\"]}]},{\"@type\":\"BreadcrumbList\",\"@id\":\"https:\/\/wb.pb.edu.pl\/konferencja-iise\/o-konferencji\/#breadcrumb\",\"itemListElement\":[{\"@type\":\"ListItem\",\"position\":1,\"name\":\"Strona g\u0142\u00f3wna\",\"item\":\"https:\/\/wb.pb.edu.pl\/konferencja-iise\/\"},{\"@type\":\"ListItem\",\"position\":2,\"name\":\"O konferencji\"}]},{\"@type\":\"WebSite\",\"@id\":\"https:\/\/wb.pb.edu.pl\/konferencja-iise\/#website\",\"url\":\"https:\/\/wb.pb.edu.pl\/konferencja-iise\/\",\"name\":\"Wyzwania, innowacje i perspektywy rozwoju w in\u017cynierii \u015brodowiska\",\"description\":\"\",\"potentialAction\":[{\"@type\":\"SearchAction\",\"target\":{\"@type\":\"EntryPoint\",\"urlTemplate\":\"https:\/\/wb.pb.edu.pl\/konferencja-iise\/?s={search_term_string}\"},\"query-input\":{\"@type\":\"PropertyValueSpecification\",\"valueRequired\":true,\"valueName\":\"search_term_string\"}}],\"inLanguage\":\"pl-PL\"}]}<\/script>\n<!-- \/ Yoast SEO plugin. -->","yoast_head_json":{"title":"O konferencji - Wyzwania, innowacje i perspektywy rozwoju w in\u017cynierii \u015brodowiska","robots":{"index":"index","follow":"follow","max-snippet":"max-snippet:-1","max-image-preview":"max-image-preview:large","max-video-preview":"max-video-preview:-1"},"canonical":"https:\/\/wb.pb.edu.pl\/konferencja-iise\/o-konferencji\/","og_locale":"pl_PL","og_type":"article","og_title":"O konferencji - Wyzwania, innowacje i perspektywy rozwoju w in\u017cynierii \u015brodowiska","og_description":"Celem konferencji bran\u017cowej nt. Wyzwania, innowacje i perspektywy rozwoju w in\u017cynierii \u015brodowiska jest stworzenie platformywi\u0119cej","og_url":"https:\/\/wb.pb.edu.pl\/konferencja-iise\/o-konferencji\/","og_site_name":"Wyzwania, innowacje i perspektywy rozwoju w in\u017cynierii \u015brodowiska","article_modified_time":"2025-02-12T19:16:38+00:00","twitter_card":"summary_large_image","twitter_misc":{"Szacowany czas czytania":"2 minuty"},"schema":{"@context":"https:\/\/schema.org","@graph":[{"@type":"WebPage","@id":"https:\/\/wb.pb.edu.pl\/konferencja-iise\/o-konferencji\/","url":"https:\/\/wb.pb.edu.pl\/konferencja-iise\/o-konferencji\/","name":"O konferencji - Wyzwania, innowacje i perspektywy rozwoju w in\u017cynierii \u015brodowiska","isPartOf":{"@id":"https:\/\/wb.pb.edu.pl\/konferencja-iise\/#website"},"datePublished":"2024-04-15T18:27:20+00:00","dateModified":"2025-02-12T19:16:38+00:00","breadcrumb":{"@id":"https:\/\/wb.pb.edu.pl\/konferencja-iise\/o-konferencji\/#breadcrumb"},"inLanguage":"pl-PL","potentialAction":[{"@type":"ReadAction","target":["https:\/\/wb.pb.edu.pl\/konferencja-iise\/o-konferencji\/"]}]},{"@type":"BreadcrumbList","@id":"https:\/\/wb.pb.edu.pl\/konferencja-iise\/o-konferencji\/#breadcrumb","itemListElement":[{"@type":"ListItem","position":1,"name":"Strona g\u0142\u00f3wna","item":"https:\/\/wb.pb.edu.pl\/konferencja-iise\/"},{"@type":"ListItem","position":2,"name":"O konferencji"}]},{"@type":"WebSite","@id":"https:\/\/wb.pb.edu.pl\/konferencja-iise\/#website","url":"https:\/\/wb.pb.edu.pl\/konferencja-iise\/","name":"Wyzwania, innowacje i perspektywy rozwoju w in\u017cynierii \u015brodowiska","description":"","potentialAction":[{"@type":"SearchAction","target":{"@type":"EntryPoint","urlTemplate":"https:\/\/wb.pb.edu.pl\/konferencja-iise\/?s={search_term_string}"},"query-input":{"@type":"PropertyValueSpecification","valueRequired":true,"valueName":"search_term_string"}}],"inLanguage":"pl-PL"}]}},"_links":{"self":[{"href":"https:\/\/wb.pb.edu.pl\/konferencja-iise\/wp-json\/wp\/v2\/pages\/2","targetHints":{"allow":["GET"]}}],"collection":[{"href":"https:\/\/wb.pb.edu.pl\/konferencja-iise\/wp-json\/wp\/v2\/pages"}],"about":[{"href":"https:\/\/wb.pb.edu.pl\/konferencja-iise\/wp-json\/wp\/v2\/types\/page"}],"author":[{"embeddable":true,"href":"https:\/\/wb.pb.edu.pl\/konferencja-iise\/wp-json\/wp\/v2\/users\/3"}],"replies":[{"embeddable":true,"href":"https:\/\/wb.pb.edu.pl\/konferencja-iise\/wp-json\/wp\/v2\/comments?post=2"}],"version-history":[{"count":7,"href":"https:\/\/wb.pb.edu.pl\/konferencja-iise\/wp-json\/wp\/v2\/pages\/2\/revisions"}],"predecessor-version":[{"id":158,"href":"https:\/\/wb.pb.edu.pl\/konferencja-iise\/wp-json\/wp\/v2\/pages\/2\/revisions\/158"}],"wp:attachment":[{"href":"https:\/\/wb.pb.edu.pl\/konferencja-iise\/wp-json\/wp\/v2\/media?parent=2"}],"curies":[{"name":"wp","href":"https:\/\/api.w.org\/{rel}","templated":true}]}}