{"id":21,"date":"2024-04-15T20:40:11","date_gmt":"2024-04-15T18:40:11","guid":{"rendered":"https:\/\/wb.pb.edu.pl\/konferencja-iise\/?page_id=21"},"modified":"2025-02-24T21:24:49","modified_gmt":"2025-02-24T20:24:49","slug":"strona-glowna","status":"publish","type":"page","link":"https:\/\/wb.pb.edu.pl\/konferencja-iise\/","title":{"rendered":""},"content":{"rendered":"<div class=\"img-full\">\n<p><img decoding=\"async\" src=\"https:\/\/wb.pb.edu.pl\/konferencja-iise\/wp-content\/uploads\/sites\/8\/2025\/02\/2025-02-Wyzwania-innowacje-i-perspektywy-rozwoju-w-inzynierii-srodowiska-HEADER.jpg\" alt=\"ruroci\u0105g\" \/><\/p>\n<div class=\"img-full-text\">\n<div class=\"img-full-title\">Konferencja Bran\u017cowa<\/div>\n<div class=\"img-full-pb\">Politechnika Bia\u0142ostocka<\/div>\n<div class=\"img-full-button2\">Bia\u0142ystok, 24 wrze\u015bnia 2025 r.<\/div>\n<\/div>\n<\/div>\n<p>&nbsp;<\/p>\n<div class=\"row\">\n<div class=\"col-sm-3 text-center\"><a class=\"button\" style=\"width: 100%;padding: 0px 5px 10px 5px\" title=\"O konferencji\" href=\"\/konferencja-iise\/o-konferencji\/\"><img loading=\"lazy\" decoding=\"async\" src=\"https:\/\/wb.pb.edu.pl\/konferencja-iise\/wp-content\/uploads\/sites\/8\/2025\/02\/box-o-konferencji.jpg\" alt=\"\" width=\"640\" height=\"428\" class=\"aligncenter size-full wp-image-182\" srcset=\"https:\/\/wb.pb.edu.pl\/konferencja-iise\/wp-content\/uploads\/sites\/8\/2025\/02\/box-o-konferencji.jpg 640w, https:\/\/wb.pb.edu.pl\/konferencja-iise\/wp-content\/uploads\/sites\/8\/2025\/02\/box-o-konferencji-300x201.jpg 300w, https:\/\/wb.pb.edu.pl\/konferencja-iise\/wp-content\/uploads\/sites\/8\/2025\/02\/box-o-konferencji-480x320.jpg 480w\" sizes=\"auto, (max-width: 640px) 100vw, 640px\" \/><span class=\"lead\">O konferencji<\/span><\/a><\/div>\n<div class=\"col-sm-3 text-center\"><a class=\"button\" style=\"width: 100%;padding: 0px 5px 10px 5px\" title=\"Dla uczestnik\u00f3w\" href=\"\/konferencja-iise\/dla-uczestnikow\/\"><img loading=\"lazy\" decoding=\"async\" src=\"https:\/\/wb.pb.edu.pl\/konferencja-iise\/wp-content\/uploads\/sites\/8\/2025\/02\/box-dla-uczestnikow.jpg\" alt=\"\" width=\"640\" height=\"428\" class=\"aligncenter size-full wp-image-183\" srcset=\"https:\/\/wb.pb.edu.pl\/konferencja-iise\/wp-content\/uploads\/sites\/8\/2025\/02\/box-dla-uczestnikow.jpg 640w, https:\/\/wb.pb.edu.pl\/konferencja-iise\/wp-content\/uploads\/sites\/8\/2025\/02\/box-dla-uczestnikow-300x201.jpg 300w, https:\/\/wb.pb.edu.pl\/konferencja-iise\/wp-content\/uploads\/sites\/8\/2025\/02\/box-dla-uczestnikow-480x320.jpg 480w\" sizes=\"auto, (max-width: 640px) 100vw, 640px\" \/><span class=\"lead\">Dla uczestnik\u00f3w<\/span><\/a><\/div>\n<div class=\"col-sm-3 text-center\"><a class=\"button\" style=\"width: 100%;padding: 0px 5px 10px 5px\" title=\"Organizacja\" href=\"\/konferencja-iise\/organizacja\/\"><img loading=\"lazy\" decoding=\"async\" src=\"https:\/\/wb.pb.edu.pl\/konferencja-iise\/wp-content\/uploads\/sites\/8\/2025\/02\/box-organizacja.jpg\" alt=\"\" width=\"640\" height=\"428\" class=\"aligncenter size-full wp-image-184\" srcset=\"https:\/\/wb.pb.edu.pl\/konferencja-iise\/wp-content\/uploads\/sites\/8\/2025\/02\/box-organizacja.jpg 640w, https:\/\/wb.pb.edu.pl\/konferencja-iise\/wp-content\/uploads\/sites\/8\/2025\/02\/box-organizacja-300x201.jpg 300w, https:\/\/wb.pb.edu.pl\/konferencja-iise\/wp-content\/uploads\/sites\/8\/2025\/02\/box-organizacja-480x320.jpg 480w\" sizes=\"auto, (max-width: 640px) 100vw, 640px\" \/><span class=\"lead\">Organizacja<\/span><\/a><\/div>\n<div class=\"col-sm-3 text-center\"><a class=\"button\" style=\"width: 100%;padding: 0px 5px 10px 5px\" title=\"Kontakt\" href=\"\/konferencja-iise\/kontakt\/\"><img loading=\"lazy\" decoding=\"async\" src=\"https:\/\/wb.pb.edu.pl\/konferencja-iise\/wp-content\/uploads\/sites\/8\/2025\/02\/box-kontakt.jpg\" alt=\"\" width=\"640\" height=\"428\" class=\"aligncenter size-full wp-image-185\" srcset=\"https:\/\/wb.pb.edu.pl\/konferencja-iise\/wp-content\/uploads\/sites\/8\/2025\/02\/box-kontakt.jpg 640w, https:\/\/wb.pb.edu.pl\/konferencja-iise\/wp-content\/uploads\/sites\/8\/2025\/02\/box-kontakt-300x201.jpg 300w, https:\/\/wb.pb.edu.pl\/konferencja-iise\/wp-content\/uploads\/sites\/8\/2025\/02\/box-kontakt-480x320.jpg 480w\" sizes=\"auto, (max-width: 640px) 100vw, 640px\" \/><span class=\"lead\">Kontakt<\/span><\/a><\/div>\n<\/div>\n<p>&nbsp;<\/p>\n<div class=\"row\">\n<div class=\"col-sm-12 text-center\"><a class=\"button text-center animated zoomIn lead\" style=\"width: 100%; font-weight: 400; letter-spacing: 2px\" href=\"\/konferencja-iise\/program-konferencji\/\">Program Konferencji<\/a><\/div>\n<\/div>\n<p><!--\n\n\n<div class=\"h1 text-center hidden-element\"><span style=\"font-size: 24pt\">Patronat honorowy<\/span><\/div>\n\n\n\n\n<div class=\"organizer-logos hidden-element\"><a class=\"organizer-logos-item hidden-element\" href=\"https:\/\/pb.edu.pl\/\" target=\"_blank\" rel=\"noopener\"><img decoding=\"async\" src=\"https:\/\/pb.edu.pl\/ofta\/wp-content\/uploads\/sites\/130\/2023\/07\/logo-Patronat-Rektor-PB-kolor-podstawowy-na-bialym_200px.jpg\" alt=\"Rector of Bialystok University of Technology logo\"><\/a><\/div>\n\n\n\n\n\n<div class=\"h1 text-center\"><span style=\"font-size: 24pt\">Patronat honorowy<\/span><\/div>\n\n\n\n\n<div class=\"col-sm-12 organizer-logos\"><a class=\"organizer-logos-item\" target=\"_blank\" rel=\"noopener\"><img decoding=\"async\" class=\"alignleft\" src=\"https:\/\/pb.edu.pl\/ofta\/wp-content\/uploads\/sites\/130\/2023\/07\/logo-Patronat-Rektor-PB-kolor-podstawowy-na-bialym_200px.jpg\" alt=\"PPTF logo\" style=\"width: 300px !important;height: auto !important\"><\/a>\n<\/div>\n\n\n\n\n\n<div class=\"h1 text-center\"><span style=\"font-size: 24pt\">Patronat naukowy<\/span><\/div>\n\n\n\n\n<div class=\"col-sm-12 organizer-logos\"><a class=\"organizer-logos-item\" href=\"https:\/\/photonics.pl\/\" target=\"_blank\" rel=\"noopener\"><img decoding=\"async\" class=\"alignleft\" src=\"https:\/\/pb.edu.pl\/ofta\/wp-content\/uploads\/sites\/130\/2024\/07\/PSP_logo.jpg\" alt=\"Photonics Society of Poland logo\"><\/a>\n<a class=\"organizer-logos-item\" href=\"http:\/\/ptetis.pl\/bialystok\/\" target=\"_blank\" rel=\"noopener\"><img decoding=\"async\" class=\"alignleft\" src=\"https:\/\/pb.edu.pl\/ofta\/wp-content\/uploads\/sites\/130\/2024\/07\/ptetis.png\" alt=\"PTETIS logo\"><\/a><\/div>\n\n\n\n\n\n<div class=\"h1 text-center\"><span style=\"font-size: 24pt\">Patronat \u015brodowiskowy<\/span><\/div>\n\n\n\n\n<div class=\"col-sm-12 organizer-logos\"><a class=\"organizer-logos-item\" href=\"https:\/\/pptf.pl\/\" target=\"_blank\" rel=\"noopener\"><img decoding=\"async\" class=\"alignleft\" src=\"https:\/\/pb.edu.pl\/ofta\/wp-content\/uploads\/sites\/130\/2024\/11\/LOGO-PL-1.png\" alt=\"PPTF logo\" style=\"width: 250px !important;height: auto !important\"><\/a>\n<\/div>\n\n\n\n--><\/p>\n","protected":false},"excerpt":{"rendered":"<p>Konferencja Bran\u017cowa Politechnika Bia\u0142ostocka Bia\u0142ystok, 24 wrze\u015bnia 2025 r. &nbsp; O konferencji Dla uczestnik\u00f3w Organizacja<a class=\"read-more\" href=\"https:\/\/wb.pb.edu.pl\/konferencja-iise\/\" title=\"Poka\u017c artyku\u0142 \">wi\u0119cej<\/a><\/p>\n","protected":false},"author":3,"featured_media":0,"parent":0,"menu_order":1,"comment_status":"closed","ping_status":"closed","template":"","meta":{"inline_featured_image":false,"ngg_post_thumbnail":0,"footnotes":""},"class_list":["post-21","page","type-page","status-publish","hentry"],"acf":[],"yoast_head":"<!-- This site is optimized with the Yoast SEO plugin v26.4 - https:\/\/yoast.com\/wordpress\/plugins\/seo\/ -->\n<title>Wyzwania, innowacje i perspektywy rozwoju w in\u017cynierii \u015brodowiska<\/title>\n<meta name=\"description\" content=\"Konferencja bran\u017cowa organizowana przez Instytut In\u017cynierii \u015arodowiska i Energetyki WBiN\u015a Politechniki Bia\u0142ostockiej\" \/>\n<meta name=\"robots\" content=\"index, follow, max-snippet:-1, max-image-preview:large, max-video-preview:-1\" \/>\n<link rel=\"canonical\" href=\"https:\/\/wb.pb.edu.pl\/konferencja-iise\/\" \/>\n<meta property=\"og:locale\" content=\"pl_PL\" \/>\n<meta property=\"og:type\" content=\"article\" \/>\n<meta property=\"og:title\" content=\"Wyzwania, innowacje i perspektywy rozwoju w in\u017cynierii \u015brodowiska\" \/>\n<meta property=\"og:description\" content=\"Konferencja bran\u017cowa organizowana przez Instytut In\u017cynierii \u015arodowiska i Energetyki WBiN\u015a Politechniki Bia\u0142ostockiej\" \/>\n<meta property=\"og:url\" content=\"https:\/\/wb.pb.edu.pl\/konferencja-iise\/\" \/>\n<meta property=\"og:site_name\" content=\"Wyzwania, innowacje i perspektywy rozwoju w in\u017cynierii \u015brodowiska\" \/>\n<meta property=\"article:modified_time\" content=\"2025-02-24T20:24:49+00:00\" \/>\n<meta property=\"og:image\" content=\"https:\/\/wb.pb.edu.pl\/konferencja-iise\/wp-content\/uploads\/sites\/8\/2025\/02\/2025-02-Wyzwania-innowacje-i-perspektywy-rozwoju-w-inzynierii-srodowiska-HEADER.jpg\" \/>\n<meta name=\"twitter:card\" content=\"summary_large_image\" \/>\n<meta name=\"twitter:label1\" content=\"Szacowany czas czytania\" \/>\n\t<meta name=\"twitter:data1\" content=\"2 minuty\" \/>\n<script type=\"application\/ld+json\" class=\"yoast-schema-graph\">{\"@context\":\"https:\/\/schema.org\",\"@graph\":[{\"@type\":\"WebPage\",\"@id\":\"https:\/\/wb.pb.edu.pl\/konferencja-iise\/\",\"url\":\"https:\/\/wb.pb.edu.pl\/konferencja-iise\/\",\"name\":\"Wyzwania, innowacje i perspektywy rozwoju w in\u017cynierii \u015brodowiska\",\"isPartOf\":{\"@id\":\"https:\/\/wb.pb.edu.pl\/konferencja-iise\/#website\"},\"primaryImageOfPage\":{\"@id\":\"https:\/\/wb.pb.edu.pl\/konferencja-iise\/#primaryimage\"},\"image\":{\"@id\":\"https:\/\/wb.pb.edu.pl\/konferencja-iise\/#primaryimage\"},\"thumbnailUrl\":\"https:\/\/wb.pb.edu.pl\/konferencja-iise\/wp-content\/uploads\/sites\/8\/2025\/02\/2025-02-Wyzwania-innowacje-i-perspektywy-rozwoju-w-inzynierii-srodowiska-HEADER.jpg\",\"datePublished\":\"2024-04-15T18:40:11+00:00\",\"dateModified\":\"2025-02-24T20:24:49+00:00\",\"description\":\"Konferencja bran\u017cowa organizowana przez Instytut In\u017cynierii \u015arodowiska i Energetyki WBiN\u015a Politechniki Bia\u0142ostockiej\",\"inLanguage\":\"pl-PL\",\"potentialAction\":[{\"@type\":\"ReadAction\",\"target\":[\"https:\/\/wb.pb.edu.pl\/konferencja-iise\/\"]}]},{\"@type\":\"ImageObject\",\"inLanguage\":\"pl-PL\",\"@id\":\"https:\/\/wb.pb.edu.pl\/konferencja-iise\/#primaryimage\",\"url\":\"https:\/\/wb.pb.edu.pl\/konferencja-iise\/wp-content\/uploads\/sites\/8\/2025\/02\/2025-02-Wyzwania-innowacje-i-perspektywy-rozwoju-w-inzynierii-srodowiska-HEADER.jpg\",\"contentUrl\":\"https:\/\/wb.pb.edu.pl\/konferencja-iise\/wp-content\/uploads\/sites\/8\/2025\/02\/2025-02-Wyzwania-innowacje-i-perspektywy-rozwoju-w-inzynierii-srodowiska-HEADER.jpg\",\"width\":2560,\"height\":718,\"caption\":\"ruroci\u0105g\"},{\"@type\":\"WebSite\",\"@id\":\"https:\/\/wb.pb.edu.pl\/konferencja-iise\/#website\",\"url\":\"https:\/\/wb.pb.edu.pl\/konferencja-iise\/\",\"name\":\"Wyzwania, innowacje i perspektywy rozwoju w in\u017cynierii \u015brodowiska\",\"description\":\"\",\"potentialAction\":[{\"@type\":\"SearchAction\",\"target\":{\"@type\":\"EntryPoint\",\"urlTemplate\":\"https:\/\/wb.pb.edu.pl\/konferencja-iise\/?s={search_term_string}\"},\"query-input\":{\"@type\":\"PropertyValueSpecification\",\"valueRequired\":true,\"valueName\":\"search_term_string\"}}],\"inLanguage\":\"pl-PL\"}]}<\/script>\n<!-- \/ Yoast SEO plugin. -->","yoast_head_json":{"title":"Wyzwania, innowacje i perspektywy rozwoju w in\u017cynierii \u015brodowiska","description":"Konferencja bran\u017cowa organizowana przez Instytut In\u017cynierii \u015arodowiska i Energetyki WBiN\u015a Politechniki Bia\u0142ostockiej","robots":{"index":"index","follow":"follow","max-snippet":"max-snippet:-1","max-image-preview":"max-image-preview:large","max-video-preview":"max-video-preview:-1"},"canonical":"https:\/\/wb.pb.edu.pl\/konferencja-iise\/","og_locale":"pl_PL","og_type":"article","og_title":"Wyzwania, innowacje i perspektywy rozwoju w in\u017cynierii \u015brodowiska","og_description":"Konferencja bran\u017cowa organizowana przez Instytut In\u017cynierii \u015arodowiska i Energetyki WBiN\u015a Politechniki Bia\u0142ostockiej","og_url":"https:\/\/wb.pb.edu.pl\/konferencja-iise\/","og_site_name":"Wyzwania, innowacje i perspektywy rozwoju w in\u017cynierii \u015brodowiska","article_modified_time":"2025-02-24T20:24:49+00:00","og_image":[{"url":"https:\/\/wb.pb.edu.pl\/konferencja-iise\/wp-content\/uploads\/sites\/8\/2025\/02\/2025-02-Wyzwania-innowacje-i-perspektywy-rozwoju-w-inzynierii-srodowiska-HEADER.jpg","type":"","width":"","height":""}],"twitter_card":"summary_large_image","twitter_misc":{"Szacowany czas czytania":"2 minuty"},"schema":{"@context":"https:\/\/schema.org","@graph":[{"@type":"WebPage","@id":"https:\/\/wb.pb.edu.pl\/konferencja-iise\/","url":"https:\/\/wb.pb.edu.pl\/konferencja-iise\/","name":"Wyzwania, innowacje i perspektywy rozwoju w in\u017cynierii \u015brodowiska","isPartOf":{"@id":"https:\/\/wb.pb.edu.pl\/konferencja-iise\/#website"},"primaryImageOfPage":{"@id":"https:\/\/wb.pb.edu.pl\/konferencja-iise\/#primaryimage"},"image":{"@id":"https:\/\/wb.pb.edu.pl\/konferencja-iise\/#primaryimage"},"thumbnailUrl":"https:\/\/wb.pb.edu.pl\/konferencja-iise\/wp-content\/uploads\/sites\/8\/2025\/02\/2025-02-Wyzwania-innowacje-i-perspektywy-rozwoju-w-inzynierii-srodowiska-HEADER.jpg","datePublished":"2024-04-15T18:40:11+00:00","dateModified":"2025-02-24T20:24:49+00:00","description":"Konferencja bran\u017cowa organizowana przez Instytut In\u017cynierii \u015arodowiska i Energetyki WBiN\u015a Politechniki Bia\u0142ostockiej","inLanguage":"pl-PL","potentialAction":[{"@type":"ReadAction","target":["https:\/\/wb.pb.edu.pl\/konferencja-iise\/"]}]},{"@type":"ImageObject","inLanguage":"pl-PL","@id":"https:\/\/wb.pb.edu.pl\/konferencja-iise\/#primaryimage","url":"https:\/\/wb.pb.edu.pl\/konferencja-iise\/wp-content\/uploads\/sites\/8\/2025\/02\/2025-02-Wyzwania-innowacje-i-perspektywy-rozwoju-w-inzynierii-srodowiska-HEADER.jpg","contentUrl":"https:\/\/wb.pb.edu.pl\/konferencja-iise\/wp-content\/uploads\/sites\/8\/2025\/02\/2025-02-Wyzwania-innowacje-i-perspektywy-rozwoju-w-inzynierii-srodowiska-HEADER.jpg","width":2560,"height":718,"caption":"ruroci\u0105g"},{"@type":"WebSite","@id":"https:\/\/wb.pb.edu.pl\/konferencja-iise\/#website","url":"https:\/\/wb.pb.edu.pl\/konferencja-iise\/","name":"Wyzwania, innowacje i perspektywy rozwoju w in\u017cynierii \u015brodowiska","description":"","potentialAction":[{"@type":"SearchAction","target":{"@type":"EntryPoint","urlTemplate":"https:\/\/wb.pb.edu.pl\/konferencja-iise\/?s={search_term_string}"},"query-input":{"@type":"PropertyValueSpecification","valueRequired":true,"valueName":"search_term_string"}}],"inLanguage":"pl-PL"}]}},"_links":{"self":[{"href":"https:\/\/wb.pb.edu.pl\/konferencja-iise\/wp-json\/wp\/v2\/pages\/21","targetHints":{"allow":["GET"]}}],"collection":[{"href":"https:\/\/wb.pb.edu.pl\/konferencja-iise\/wp-json\/wp\/v2\/pages"}],"about":[{"href":"https:\/\/wb.pb.edu.pl\/konferencja-iise\/wp-json\/wp\/v2\/types\/page"}],"author":[{"embeddable":true,"href":"https:\/\/wb.pb.edu.pl\/konferencja-iise\/wp-json\/wp\/v2\/users\/3"}],"replies":[{"embeddable":true,"href":"https:\/\/wb.pb.edu.pl\/konferencja-iise\/wp-json\/wp\/v2\/comments?post=21"}],"version-history":[{"count":15,"href":"https:\/\/wb.pb.edu.pl\/konferencja-iise\/wp-json\/wp\/v2\/pages\/21\/revisions"}],"predecessor-version":[{"id":186,"href":"https:\/\/wb.pb.edu.pl\/konferencja-iise\/wp-json\/wp\/v2\/pages\/21\/revisions\/186"}],"wp:attachment":[{"href":"https:\/\/wb.pb.edu.pl\/konferencja-iise\/wp-json\/wp\/v2\/media?parent=21"}],"curies":[{"name":"wp","href":"https:\/\/api.w.org\/{rel}","templated":true}]}}