{"id":42,"date":"2024-04-15T21:33:31","date_gmt":"2024-04-15T19:33:31","guid":{"rendered":"https:\/\/wb.pb.edu.pl\/konferencja-iise\/?page_id=42"},"modified":"2025-02-12T20:17:59","modified_gmt":"2025-02-12T19:17:59","slug":"redakcja-serwisu-www","status":"publish","type":"page","link":"https:\/\/wb.pb.edu.pl\/konferencja-iise\/redakcja-serwisu-www\/","title":{"rendered":"Redakcja serwisu www"},"content":{"rendered":"<p>Uwagi dotycz\u0105ce <strong>funkcjonowania<\/strong> oraz <strong>zawarto\u015bci (opisy, fotografie itp.)<\/strong> poszczeg\u00f3lnych stron www serwisu internetowego prosz\u0119 przysy\u0142a\u0107 na adres:<br \/>\n<i class=\"fal fa-envelope\"><\/i> <a href=\"#\" rel=\"nofollow\"  onclick=\"this.href='mailto:' + 'm.smyk' + '@' + 'pb.edu.pl'\">m.smyk [at] pb.edu.pl<\/a>\n","protected":false},"excerpt":{"rendered":"<p>Uwagi dotycz\u0105ce funkcjonowania oraz zawarto\u015bci (opisy, fotografie itp.) poszczeg\u00f3lnych stron www serwisu internetowego prosz\u0119 przysy\u0142a\u0107<a class=\"read-more\" href=\"https:\/\/wb.pb.edu.pl\/konferencja-iise\/redakcja-serwisu-www\/\" title=\"Poka\u017c artyku\u0142 Redakcja serwisu www\">wi\u0119cej<\/a><\/p>\n","protected":false},"author":3,"featured_media":0,"parent":0,"menu_order":6,"comment_status":"closed","ping_status":"closed","template":"","meta":{"inline_featured_image":false,"ngg_post_thumbnail":0,"footnotes":""},"class_list":["post-42","page","type-page","status-publish","hentry"],"acf":[],"yoast_head":"<!-- This site is optimized with the Yoast SEO plugin v26.4 - https:\/\/yoast.com\/wordpress\/plugins\/seo\/ -->\n<title>Redakcja serwisu www - Wyzwania, innowacje i perspektywy rozwoju w in\u017cynierii \u015brodowiska<\/title>\n<meta name=\"robots\" content=\"index, follow, max-snippet:-1, max-image-preview:large, max-video-preview:-1\" \/>\n<link rel=\"canonical\" href=\"https:\/\/wb.pb.edu.pl\/konferencja-iise\/redakcja-serwisu-www\/\" \/>\n<meta property=\"og:locale\" content=\"pl_PL\" \/>\n<meta property=\"og:type\" content=\"article\" \/>\n<meta property=\"og:title\" content=\"Redakcja serwisu www - Wyzwania, innowacje i perspektywy rozwoju w in\u017cynierii \u015brodowiska\" \/>\n<meta property=\"og:description\" content=\"Uwagi dotycz\u0105ce funkcjonowania oraz zawarto\u015bci (opisy, fotografie itp.) poszczeg\u00f3lnych stron www serwisu internetowego prosz\u0119 przysy\u0142a\u0107wi\u0119cej\" \/>\n<meta property=\"og:url\" content=\"https:\/\/wb.pb.edu.pl\/konferencja-iise\/redakcja-serwisu-www\/\" \/>\n<meta property=\"og:site_name\" content=\"Wyzwania, innowacje i perspektywy rozwoju w in\u017cynierii \u015brodowiska\" \/>\n<meta property=\"article:modified_time\" content=\"2025-02-12T19:17:59+00:00\" \/>\n<meta name=\"twitter:card\" content=\"summary_large_image\" \/>\n<meta name=\"twitter:label1\" content=\"Szacowany czas czytania\" \/>\n\t<meta name=\"twitter:data1\" content=\"1 minuta\" \/>\n<script type=\"application\/ld+json\" class=\"yoast-schema-graph\">{\"@context\":\"https:\/\/schema.org\",\"@graph\":[{\"@type\":\"WebPage\",\"@id\":\"https:\/\/wb.pb.edu.pl\/konferencja-iise\/redakcja-serwisu-www\/\",\"url\":\"https:\/\/wb.pb.edu.pl\/konferencja-iise\/redakcja-serwisu-www\/\",\"name\":\"Redakcja serwisu www - Wyzwania, innowacje i perspektywy rozwoju w in\u017cynierii \u015brodowiska\",\"isPartOf\":{\"@id\":\"https:\/\/wb.pb.edu.pl\/konferencja-iise\/#website\"},\"datePublished\":\"2024-04-15T19:33:31+00:00\",\"dateModified\":\"2025-02-12T19:17:59+00:00\",\"breadcrumb\":{\"@id\":\"https:\/\/wb.pb.edu.pl\/konferencja-iise\/redakcja-serwisu-www\/#breadcrumb\"},\"inLanguage\":\"pl-PL\",\"potentialAction\":[{\"@type\":\"ReadAction\",\"target\":[\"https:\/\/wb.pb.edu.pl\/konferencja-iise\/redakcja-serwisu-www\/\"]}]},{\"@type\":\"BreadcrumbList\",\"@id\":\"https:\/\/wb.pb.edu.pl\/konferencja-iise\/redakcja-serwisu-www\/#breadcrumb\",\"itemListElement\":[{\"@type\":\"ListItem\",\"position\":1,\"name\":\"Strona g\u0142\u00f3wna\",\"item\":\"https:\/\/wb.pb.edu.pl\/konferencja-iise\/\"},{\"@type\":\"ListItem\",\"position\":2,\"name\":\"Redakcja serwisu www\"}]},{\"@type\":\"WebSite\",\"@id\":\"https:\/\/wb.pb.edu.pl\/konferencja-iise\/#website\",\"url\":\"https:\/\/wb.pb.edu.pl\/konferencja-iise\/\",\"name\":\"Wyzwania, innowacje i perspektywy rozwoju w in\u017cynierii \u015brodowiska\",\"description\":\"\",\"potentialAction\":[{\"@type\":\"SearchAction\",\"target\":{\"@type\":\"EntryPoint\",\"urlTemplate\":\"https:\/\/wb.pb.edu.pl\/konferencja-iise\/?s={search_term_string}\"},\"query-input\":{\"@type\":\"PropertyValueSpecification\",\"valueRequired\":true,\"valueName\":\"search_term_string\"}}],\"inLanguage\":\"pl-PL\"}]}<\/script>\n<!-- \/ Yoast SEO plugin. -->","yoast_head_json":{"title":"Redakcja serwisu www - Wyzwania, innowacje i perspektywy rozwoju w in\u017cynierii \u015brodowiska","robots":{"index":"index","follow":"follow","max-snippet":"max-snippet:-1","max-image-preview":"max-image-preview:large","max-video-preview":"max-video-preview:-1"},"canonical":"https:\/\/wb.pb.edu.pl\/konferencja-iise\/redakcja-serwisu-www\/","og_locale":"pl_PL","og_type":"article","og_title":"Redakcja serwisu www - Wyzwania, innowacje i perspektywy rozwoju w in\u017cynierii \u015brodowiska","og_description":"Uwagi dotycz\u0105ce funkcjonowania oraz zawarto\u015bci (opisy, fotografie itp.) poszczeg\u00f3lnych stron www serwisu internetowego prosz\u0119 przysy\u0142a\u0107wi\u0119cej","og_url":"https:\/\/wb.pb.edu.pl\/konferencja-iise\/redakcja-serwisu-www\/","og_site_name":"Wyzwania, innowacje i perspektywy rozwoju w in\u017cynierii \u015brodowiska","article_modified_time":"2025-02-12T19:17:59+00:00","twitter_card":"summary_large_image","twitter_misc":{"Szacowany czas czytania":"1 minuta"},"schema":{"@context":"https:\/\/schema.org","@graph":[{"@type":"WebPage","@id":"https:\/\/wb.pb.edu.pl\/konferencja-iise\/redakcja-serwisu-www\/","url":"https:\/\/wb.pb.edu.pl\/konferencja-iise\/redakcja-serwisu-www\/","name":"Redakcja serwisu www - Wyzwania, innowacje i perspektywy rozwoju w in\u017cynierii \u015brodowiska","isPartOf":{"@id":"https:\/\/wb.pb.edu.pl\/konferencja-iise\/#website"},"datePublished":"2024-04-15T19:33:31+00:00","dateModified":"2025-02-12T19:17:59+00:00","breadcrumb":{"@id":"https:\/\/wb.pb.edu.pl\/konferencja-iise\/redakcja-serwisu-www\/#breadcrumb"},"inLanguage":"pl-PL","potentialAction":[{"@type":"ReadAction","target":["https:\/\/wb.pb.edu.pl\/konferencja-iise\/redakcja-serwisu-www\/"]}]},{"@type":"BreadcrumbList","@id":"https:\/\/wb.pb.edu.pl\/konferencja-iise\/redakcja-serwisu-www\/#breadcrumb","itemListElement":[{"@type":"ListItem","position":1,"name":"Strona g\u0142\u00f3wna","item":"https:\/\/wb.pb.edu.pl\/konferencja-iise\/"},{"@type":"ListItem","position":2,"name":"Redakcja serwisu www"}]},{"@type":"WebSite","@id":"https:\/\/wb.pb.edu.pl\/konferencja-iise\/#website","url":"https:\/\/wb.pb.edu.pl\/konferencja-iise\/","name":"Wyzwania, innowacje i perspektywy rozwoju w in\u017cynierii \u015brodowiska","description":"","potentialAction":[{"@type":"SearchAction","target":{"@type":"EntryPoint","urlTemplate":"https:\/\/wb.pb.edu.pl\/konferencja-iise\/?s={search_term_string}"},"query-input":{"@type":"PropertyValueSpecification","valueRequired":true,"valueName":"search_term_string"}}],"inLanguage":"pl-PL"}]}},"_links":{"self":[{"href":"https:\/\/wb.pb.edu.pl\/konferencja-iise\/wp-json\/wp\/v2\/pages\/42","targetHints":{"allow":["GET"]}}],"collection":[{"href":"https:\/\/wb.pb.edu.pl\/konferencja-iise\/wp-json\/wp\/v2\/pages"}],"about":[{"href":"https:\/\/wb.pb.edu.pl\/konferencja-iise\/wp-json\/wp\/v2\/types\/page"}],"author":[{"embeddable":true,"href":"https:\/\/wb.pb.edu.pl\/konferencja-iise\/wp-json\/wp\/v2\/users\/3"}],"replies":[{"embeddable":true,"href":"https:\/\/wb.pb.edu.pl\/konferencja-iise\/wp-json\/wp\/v2\/comments?post=42"}],"version-history":[{"count":2,"href":"https:\/\/wb.pb.edu.pl\/konferencja-iise\/wp-json\/wp\/v2\/pages\/42\/revisions"}],"predecessor-version":[{"id":44,"href":"https:\/\/wb.pb.edu.pl\/konferencja-iise\/wp-json\/wp\/v2\/pages\/42\/revisions\/44"}],"wp:attachment":[{"href":"https:\/\/wb.pb.edu.pl\/konferencja-iise\/wp-json\/wp\/v2\/media?parent=42"}],"curies":[{"name":"wp","href":"https:\/\/api.w.org\/{rel}","templated":true}]}}