{"id":45,"date":"2024-04-15T21:34:57","date_gmt":"2024-04-15T19:34:57","guid":{"rendered":"https:\/\/wb.pb.edu.pl\/konferencja-iise\/?page_id=45"},"modified":"2026-03-09T08:21:28","modified_gmt":"2026-03-09T07:21:28","slug":"deklaracja-dostepnosci","status":"publish","type":"page","link":"https:\/\/wb.pb.edu.pl\/konferencja-iise\/deklaracja-dostepnosci\/","title":{"rendered":"Deklaracja dost\u0119pno\u015bci"},"content":{"rendered":"\n    <section id=\"a11y-wstep\">\n      <p> <span id=\"a11y-podmiot\">Politechnika Bia\u0142ostocka<\/span> zobowi\u0105zuje si\u0119 zapewni\u0107 dost\u0119pno\u015b\u0107 swojej <span id=\"a11y-zakres\">strony internetowej<\/span> zgodnie z ustaw\u0105 z dnia 4 kwietnia 2019 r. o dost\u0119pno\u015bci cyfrowej stron internetowych i aplikacji mobilnych podmiot\u00f3w publicznych. <\/p>\n      <p> Deklaracja dost\u0119pno\u015bci dotyczy strony <a href=\"https:\/\/wb.pb.edu.pl\/konferencja-iise\" id=\"a11y-url\">wb.pb.edu.pl\/konferencja-iise<\/a>. <\/p>\n    <\/section>\n\n    <section>\n      <ul>\n        <li> Data publikacji strony internetowej: <time id=\"a11y-data-publikacja\" datetime=\"2025-02-12\" >2025-02-12<\/time> <\/li>\n        <li> Data ostatniej istotnej aktualizacji: <time id=\"a11y-data-aktualizacja\" datetime=\"2025-02-12\" >2025-02-12<\/time> <\/li>\n      <\/ul>\n    <\/section>\n    <section>\n      <h2>Stan dost\u0119pno\u015bci cyfrowej<\/h2>\n      <p id=\"a11y-status\">Ta strona internetowa jest cz\u0119\u015bciowo zgodna z za\u0142\u0105cznikiem do ustawy o dost\u0119pno\u015bci cyfrowej z dnia 4 kwietnia 2019 r. o dost\u0119pno\u015bci cyfrowej stron internetowych i aplikacji mobilnych podmiot\u00f3w publicznych z powodu niezgodno\u015bci i wy\u0142\u0105cze\u0144 wymienionych poni\u017cej. <\/p>\n    <\/section>\n\n <section>\n      <h2>Niedost\u0119pne tre\u015bci<\/h2>\n      <h3>Niezgodno\u015b\u0107 z za\u0142\u0105cznikiem<\/h3>\n      <ul>\n        <li>Mo\u017ce zdarzy\u0107 si\u0119 sytuacja, \u017ce do fotografii oraz grafik nie dodano tekst\u00f3w alternatywnych.<\/li>\n        <li>Mo\u017ce si\u0119 zdarzy\u0107, \u017ce nag\u0142\u00f3wki (h1, h2 itd.) s\u0105 u\u017cyte niehierarchicznie.<\/li>\n        <li>Mo\u017ce si\u0119 zdarzy\u0107, \u017ce w znacznikach nag\u0142\u00f3wk\u00f3w (h1, h2 itd.) jest wstawiona du\u017ca ilo\u015b\u0107 tekstu.<\/li>\n        <li>Mo\u017ce si\u0119 zdarzy\u0107, \u017ce teksty alternatywne dla fotografii w galeriach zdj\u0119\u0107 powtarzaj\u0105 si\u0119.<\/li>\n      <\/ul>\n    <\/section>\n\n    <section>\n      <h3>Wy\u0142\u0105czenia<\/h3>\n      <ul>\n        <li>Mapy s\u0105 wy\u0142\u0105czone z obowi\u0105zku zapewnienia dost\u0119pno\u015bci. Dane teleadresowe Politechniki Bia\u0142ostockiej s\u0105 dost\u0119pne w formie tekstowej na stronie www <a href=\"https:\/\/pb.edu.pl\/kontakt\/dane-teleadresowe\/\" >Dane teleadresowe<\/a>.<\/li>\n      <\/ul>\n    <\/section>\n    <section>\n      <h2>Przygotowanie deklaracji dost\u0119pno\u015bci<\/h2>\n      <ul>\n        <li> Data sporz\u0105dzenia deklaracji: <time id=\"a11y-data-sporzadzenie\" datetime=\"2025-02-12\" >2025-02-12<\/time> <\/li>\n        <li> Data ostatniego przegl\u0105du deklaracji: <time id=\"a11y-data-przeglad\" datetime=\"2026-03-09\" >2026-03-09<\/time> <\/li>\n      <\/ul>\n      <p>Deklaracj\u0119 sporz\u0105dzili\u015bmy na podstawie samooceny.<\/p>\n    <\/section>\n    <section>\n      <h2>Udogodnienia, ograniczenia i inne informacje<\/h2>\n      <h3>Plany likwidacji b\u0142\u0119d\u00f3w dost\u0119pno\u015bci cyfrowej<\/h3>\n      <p> Wszystkie b\u0142\u0119dy dost\u0119pno\u015bci cyfrowej, o kt\u00f3rych mowa powy\u017cej zamierzamy zlikwidowa\u0107 w ramach realizacji zada\u0144 projektu <a href=\"https:\/\/pb.edu.pl\/dostepna2\/o-projekcie\/\" >PB Dost\u0119pna 2.0 - nowoczesna uczelnia dla wszystkich<\/a>. <\/p>\n    <\/section>\n    <section>\n      <h2>Informacje zwrotne i dane kontaktowe<\/h2>\n      <p> Wszystkie problemy z dost\u0119pno\u015bci\u0105 cyfrow\u0105 tej strony internetowej mo\u017cesz zg\u0142osi\u0107 do <span id=\"a11y-kontakt\" >Biura ds. Os\u00f3b z Niepe\u0142nosprawno\u015bciami Politechniki Bia\u0142ostockiej<\/span> - mejlowo <a id=\"a11y-email\" href=\"mailto:wsparcie.bon@pb.edu.pl\" >wsparcie.bon@pb.edu.pl<\/a> lub telefonicznie <a id=\"a11y-telefon\" href=\"tel:501032551\">501 032 551<\/a>. <\/p>\n      <p> Ka\u017cdy ma prawo wyst\u0105pi\u0107 z \u017c\u0105daniem zapewnienia dost\u0119pno\u015bci cyfrowej tej strony internetowej lub jej element\u00f3w. <\/p>\n      <p>Zg\u0142aszaj\u0105c takie \u017c\u0105danie podaj:<\/p>\n      <ul>\n        <li>swoje imi\u0119 i nazwisko,<\/li>\n        <li>swoje dane kontaktowe (np. numer telefonu, e-mail),<\/li>\n        <li> dok\u0142adny adres strony internetowej, na kt\u00f3rej jest niedost\u0119pny cyfrowo element lub tre\u015b\u0107, <\/li>\n        <li> opis na czym polega problem i jaki spos\u00f3b jego rozwi\u0105zania by\u0142by dla Ciebie najwygodniejszy. <\/li>\n      <\/ul>\n      <p> Na Twoje zg\u0142oszenie odpowiemy najszybciej jak to mo\u017cliwe, nie p\u00f3\u017aniej ni\u017c w ci\u0105gu 7 dni od jego otrzymania. <\/p>\n      <p> Je\u017celi ten termin b\u0119dzie dla nas zbyt kr\u00f3tki poinformujemy Ci\u0119 o tym. W tej informacji podamy nowy termin, do kt\u00f3rego poprawimy zg\u0142oszone przez Ciebie b\u0142\u0119dy lub przygotujemy informacje w alternatywny spos\u00f3b. Ten nowy termin nie b\u0119dzie d\u0142u\u017cszy ni\u017c 2 miesi\u0105ce. <\/p>\n      <p> Je\u017celi nie b\u0119dziemy w stanie zapewni\u0107 dost\u0119pno\u015bci cyfrowej strony internetowej lub tre\u015bci, wskazanej w Twoim \u017c\u0105daniu, zaproponujemy Ci dost\u0119p do nich w alternatywny spos\u00f3b. <\/p>\n    <\/section>\n\n    <section id=\"a11y-procedura\">\n      <h2>Obs\u0142uga wniosk\u00f3w i skarg zwi\u0105zanych z dost\u0119pno\u015bci\u0105<\/h2>\n      <p> Je\u017celi w odpowiedzi na Tw\u00f3j wniosek o zapewnienie dost\u0119pno\u015bci cyfrowej, odm\u00f3wimy zapewnienia \u017c\u0105danej przez Ciebie dost\u0119pno\u015bci cyfrowej, a Ty nie zgadzasz si\u0119 z t\u0105 odmow\u0105, masz prawo z\u0142o\u017cy\u0107 skarg\u0119. <\/p>\n      <p> Skarg\u0119 masz prawo z\u0142o\u017cy\u0107 tak\u017ce, je\u015bli nie zgadzasz si\u0119 na skorzystanie z alternatywnego sposobu dost\u0119pu, kt\u00f3ry zaproponowali\u015bmy Ci w odpowiedzi na Tw\u00f3j wniosek o zapewnienie dost\u0119pno\u015bci cyfrowej. <\/p>\n      <p> Ewentualn\u0105 skarg\u0119 z\u0142\u00f3\u017c listownie lub mailem do kierownictwa naszego biura: <\/p>\n      <ul>\n        <li> <span id=\"a11y-procedura-kierownik\" >Biuro ds. Os\u00f3b z Niepe\u0142nosprawno\u015bciami Politechniki Bia\u0142ostockiej<\/span>, <\/li>\n        <li> Adres: <span id=\"a11y-procedura-adres\" >ul. Wiejska 45A, 15-351 Bia\u0142ystok<\/span>, <\/li>\n        <li> email: <a id=\"a11y-procedura-email\" href=\"mailto:wsparcie.bon@pb.edu.pl\" >wsparcie.bon@pb.edu.pl<\/a>. <\/li>\n      <\/ul>\n      <p> <a href=\"https:\/\/www.gov.pl\/web\/gov\/zloz-wniosek-o-zapewnienie-dostepnosci-cyfrowej-strony-internetowej-lub-aplikacji-mobilnej\" >Pomocne mog\u0105 by\u0107 informacje, kt\u00f3re mo\u017cna znale\u017a\u0107 na rz\u0105dowym portalu gov.pl<\/a>. <\/p>\n      <p> Mo\u017cesz tak\u017ce poinformowa\u0107 o tej sytuacji <a href=\"https:\/\/bip.brpo.gov.pl\/\">Rzecznika Praw Obywatelskich<\/a> i poprosi\u0107 o interwencj\u0119 w Twojej sprawie. <\/p>\n    <\/section>\n\n    <h2>Pozosta\u0142e informacje<\/h2>\n    <section id=\"a11y-architektura\">\n      <h3>Dost\u0119pno\u015b\u0107 architektoniczna<\/h3>\n      <p> <a id=\"a11y-architektura-url\" href=\"https:\/\/pb.edu.pl\/dostepnosc-cyfrowa\/dostepnosc-architektoniczna-budynkow-pb\/\" >Szczeg\u00f3\u0142owe informacje dotycz\u0105ce dost\u0119pno\u015bci architektonicznej budynk\u00f3w Politechniki Bia\u0142ostockiej<\/a>. <\/p>\n    <\/section>\n\n    <section id=\"a11y-komunikacja\">\n      <h3>Dost\u0119pno\u015b\u0107 komunikacyjno-informacyjna<\/h3>\n      <p> Na Politechnice Bia\u0142ostockiej mo\u017cna skorzysta\u0107 z t\u0142umacza polskiego j\u0119zyka migowego (PJM) online. Us\u0142uga jest dost\u0119pna w godzinach 8:00-20:00 przez ca\u0142y tydzie\u0144, us\u0142uga jest bezp\u0142atna dla os\u00f3b nies\u0142ysz\u0105cych i G\u0142uchych. <a href=\"https:\/\/pb.edu.pl\/dostepnosc-cyfrowa\/informacje-na-temat-korzystania-z-uslugi-tlumaczenia-polskiego-jezyka-migowego-online\/\" >Szczeg\u00f3\u0142owe informacje o us\u0142udze t\u0142umacza PJM online<\/a>. <\/p>\n      <p> <a href=\"https:\/\/wb.pb.edu.pl\/informacje-o-wydziale-budownictwa-i-nauk-o-srodowisku-politechniki-bialostockiej-w-tekscie-latwym-do-czytania-etr\/\" >Informacja w formacie \u0142atwym do czytania i rozumienia (tzw. ETR)<\/a>. <\/p>\n      <p> <a href=\"https:\/\/pb.edu.pl\/uczelnia\/o-uczelni\/#pjm\" >Informacja o uczelni w polskim j\u0119zyku migowym (PJM)<\/a> oraz na <a href=\"https:\/\/www.youtube.com\/watch?app=desktop&v=-WqJdnebfw0&feature=youtu.be\" >youtube<\/a>. <\/p>\n      <p> <a href=\"https:\/\/pb.edu.pl\/bon\/dostepnosc\/#petle-induktofoniczne\" >Informacja o p\u0119tlach induktofonicznych<\/a>. <\/p>\n    <\/section>\n    \n","protected":false},"excerpt":{"rendered":"","protected":false},"author":3,"featured_media":0,"parent":0,"menu_order":7,"comment_status":"closed","ping_status":"closed","template":"","meta":{"inline_featured_image":false,"ngg_post_thumbnail":0,"footnotes":""},"class_list":["post-45","page","type-page","status-publish","hentry"],"acf":[],"yoast_head":"<!-- This site is optimized with the Yoast SEO plugin v26.4 - https:\/\/yoast.com\/wordpress\/plugins\/seo\/ -->\n<title>Deklaracja dost\u0119pno\u015bci - Wyzwania, innowacje i perspektywy rozwoju w in\u017cynierii \u015brodowiska<\/title>\n<meta name=\"robots\" content=\"index, follow, max-snippet:-1, max-image-preview:large, max-video-preview:-1\" \/>\n<link rel=\"canonical\" href=\"https:\/\/wb.pb.edu.pl\/konferencja-iise\/deklaracja-dostepnosci\/\" \/>\n<meta property=\"og:locale\" content=\"pl_PL\" \/>\n<meta property=\"og:type\" content=\"article\" \/>\n<meta property=\"og:title\" content=\"Deklaracja dost\u0119pno\u015bci - Wyzwania, innowacje i perspektywy rozwoju w in\u017cynierii \u015brodowiska\" \/>\n<meta property=\"og:url\" content=\"https:\/\/wb.pb.edu.pl\/konferencja-iise\/deklaracja-dostepnosci\/\" \/>\n<meta property=\"og:site_name\" content=\"Wyzwania, innowacje i perspektywy rozwoju w in\u017cynierii \u015brodowiska\" \/>\n<meta property=\"article:modified_time\" content=\"2026-03-09T07:21:28+00:00\" \/>\n<meta name=\"twitter:card\" content=\"summary_large_image\" \/>\n<meta name=\"twitter:label1\" content=\"Szacowany czas czytania\" \/>\n\t<meta name=\"twitter:data1\" content=\"1 minuta\" \/>\n<script type=\"application\/ld+json\" class=\"yoast-schema-graph\">{\"@context\":\"https:\/\/schema.org\",\"@graph\":[{\"@type\":\"WebPage\",\"@id\":\"https:\/\/wb.pb.edu.pl\/konferencja-iise\/deklaracja-dostepnosci\/\",\"url\":\"https:\/\/wb.pb.edu.pl\/konferencja-iise\/deklaracja-dostepnosci\/\",\"name\":\"Deklaracja dost\u0119pno\u015bci - Wyzwania, innowacje i perspektywy rozwoju w in\u017cynierii \u015brodowiska\",\"isPartOf\":{\"@id\":\"https:\/\/wb.pb.edu.pl\/konferencja-iise\/#website\"},\"datePublished\":\"2024-04-15T19:34:57+00:00\",\"dateModified\":\"2026-03-09T07:21:28+00:00\",\"breadcrumb\":{\"@id\":\"https:\/\/wb.pb.edu.pl\/konferencja-iise\/deklaracja-dostepnosci\/#breadcrumb\"},\"inLanguage\":\"pl-PL\",\"potentialAction\":[{\"@type\":\"ReadAction\",\"target\":[\"https:\/\/wb.pb.edu.pl\/konferencja-iise\/deklaracja-dostepnosci\/\"]}]},{\"@type\":\"BreadcrumbList\",\"@id\":\"https:\/\/wb.pb.edu.pl\/konferencja-iise\/deklaracja-dostepnosci\/#breadcrumb\",\"itemListElement\":[{\"@type\":\"ListItem\",\"position\":1,\"name\":\"Strona g\u0142\u00f3wna\",\"item\":\"https:\/\/wb.pb.edu.pl\/konferencja-iise\/\"},{\"@type\":\"ListItem\",\"position\":2,\"name\":\"Deklaracja dost\u0119pno\u015bci\"}]},{\"@type\":\"WebSite\",\"@id\":\"https:\/\/wb.pb.edu.pl\/konferencja-iise\/#website\",\"url\":\"https:\/\/wb.pb.edu.pl\/konferencja-iise\/\",\"name\":\"Wyzwania, innowacje i perspektywy rozwoju w in\u017cynierii \u015brodowiska\",\"description\":\"\",\"potentialAction\":[{\"@type\":\"SearchAction\",\"target\":{\"@type\":\"EntryPoint\",\"urlTemplate\":\"https:\/\/wb.pb.edu.pl\/konferencja-iise\/?s={search_term_string}\"},\"query-input\":{\"@type\":\"PropertyValueSpecification\",\"valueRequired\":true,\"valueName\":\"search_term_string\"}}],\"inLanguage\":\"pl-PL\"}]}<\/script>\n<!-- \/ Yoast SEO plugin. -->","yoast_head_json":{"title":"Deklaracja dost\u0119pno\u015bci - Wyzwania, innowacje i perspektywy rozwoju w in\u017cynierii \u015brodowiska","robots":{"index":"index","follow":"follow","max-snippet":"max-snippet:-1","max-image-preview":"max-image-preview:large","max-video-preview":"max-video-preview:-1"},"canonical":"https:\/\/wb.pb.edu.pl\/konferencja-iise\/deklaracja-dostepnosci\/","og_locale":"pl_PL","og_type":"article","og_title":"Deklaracja dost\u0119pno\u015bci - Wyzwania, innowacje i perspektywy rozwoju w in\u017cynierii \u015brodowiska","og_url":"https:\/\/wb.pb.edu.pl\/konferencja-iise\/deklaracja-dostepnosci\/","og_site_name":"Wyzwania, innowacje i perspektywy rozwoju w in\u017cynierii \u015brodowiska","article_modified_time":"2026-03-09T07:21:28+00:00","twitter_card":"summary_large_image","twitter_misc":{"Szacowany czas czytania":"1 minuta"},"schema":{"@context":"https:\/\/schema.org","@graph":[{"@type":"WebPage","@id":"https:\/\/wb.pb.edu.pl\/konferencja-iise\/deklaracja-dostepnosci\/","url":"https:\/\/wb.pb.edu.pl\/konferencja-iise\/deklaracja-dostepnosci\/","name":"Deklaracja dost\u0119pno\u015bci - Wyzwania, innowacje i perspektywy rozwoju w in\u017cynierii \u015brodowiska","isPartOf":{"@id":"https:\/\/wb.pb.edu.pl\/konferencja-iise\/#website"},"datePublished":"2024-04-15T19:34:57+00:00","dateModified":"2026-03-09T07:21:28+00:00","breadcrumb":{"@id":"https:\/\/wb.pb.edu.pl\/konferencja-iise\/deklaracja-dostepnosci\/#breadcrumb"},"inLanguage":"pl-PL","potentialAction":[{"@type":"ReadAction","target":["https:\/\/wb.pb.edu.pl\/konferencja-iise\/deklaracja-dostepnosci\/"]}]},{"@type":"BreadcrumbList","@id":"https:\/\/wb.pb.edu.pl\/konferencja-iise\/deklaracja-dostepnosci\/#breadcrumb","itemListElement":[{"@type":"ListItem","position":1,"name":"Strona g\u0142\u00f3wna","item":"https:\/\/wb.pb.edu.pl\/konferencja-iise\/"},{"@type":"ListItem","position":2,"name":"Deklaracja dost\u0119pno\u015bci"}]},{"@type":"WebSite","@id":"https:\/\/wb.pb.edu.pl\/konferencja-iise\/#website","url":"https:\/\/wb.pb.edu.pl\/konferencja-iise\/","name":"Wyzwania, innowacje i perspektywy rozwoju w in\u017cynierii \u015brodowiska","description":"","potentialAction":[{"@type":"SearchAction","target":{"@type":"EntryPoint","urlTemplate":"https:\/\/wb.pb.edu.pl\/konferencja-iise\/?s={search_term_string}"},"query-input":{"@type":"PropertyValueSpecification","valueRequired":true,"valueName":"search_term_string"}}],"inLanguage":"pl-PL"}]}},"_links":{"self":[{"href":"https:\/\/wb.pb.edu.pl\/konferencja-iise\/wp-json\/wp\/v2\/pages\/45","targetHints":{"allow":["GET"]}}],"collection":[{"href":"https:\/\/wb.pb.edu.pl\/konferencja-iise\/wp-json\/wp\/v2\/pages"}],"about":[{"href":"https:\/\/wb.pb.edu.pl\/konferencja-iise\/wp-json\/wp\/v2\/types\/page"}],"author":[{"embeddable":true,"href":"https:\/\/wb.pb.edu.pl\/konferencja-iise\/wp-json\/wp\/v2\/users\/3"}],"replies":[{"embeddable":true,"href":"https:\/\/wb.pb.edu.pl\/konferencja-iise\/wp-json\/wp\/v2\/comments?post=45"}],"version-history":[{"count":7,"href":"https:\/\/wb.pb.edu.pl\/konferencja-iise\/wp-json\/wp\/v2\/pages\/45\/revisions"}],"predecessor-version":[{"id":201,"href":"https:\/\/wb.pb.edu.pl\/konferencja-iise\/wp-json\/wp\/v2\/pages\/45\/revisions\/201"}],"wp:attachment":[{"href":"https:\/\/wb.pb.edu.pl\/konferencja-iise\/wp-json\/wp\/v2\/media?parent=45"}],"curies":[{"name":"wp","href":"https:\/\/api.w.org\/{rel}","templated":true}]}}