{"id":2,"date":"2024-04-15T20:27:20","date_gmt":"2024-04-15T18:27:20","guid":{"rendered":"https:\/\/wb.pb.edu.pl\/mppl\/?page_id=2"},"modified":"2026-02-11T14:16:26","modified_gmt":"2026-02-11T13:16:26","slug":"o-konferencji","status":"publish","type":"page","link":"https:\/\/wb.pb.edu.pl\/mppl\/o-konferencji\/","title":{"rendered":"O konferencji"},"content":{"rendered":"<p>Celem Konferencji jest promocja i integracja \u015brodowiska studenckiego, wzmacnianie jego potencja\u0142u poprzez pog\u0142\u0119bianie wiedzy oraz jej transfer pomi\u0119dzy Uczelniami z Polski.<\/p>\n<p>Konferencja skierowana jest do m\u0142odych naukowc\u00f3w: student\u00f3w, doktorant\u00f3w, pracownik\u00f3w naukowych posiadaj\u0105cych status m\u0142odego naukowca.<\/p>\n<p>Przewidziane zosta\u0142y nast\u0119puj\u0105ce bloki tematyczne:<\/p>\n<ul>\n<li>\u201egospodarka le\u015bna a zmiany klimatyczne\u201d,<\/li>\n<li>\u201egospodarka le\u015bna a zmiany spo\u0142eczne i ekonomiczne\u201d,<\/li>\n<li>\u201ebior\u00f3\u017cnorodno\u015b\u0107 ekosystem\u00f3w le\u015bnych i ochrona przyrody w lasach\u201d.<\/li>\n<\/ul>\n<p>W programie przewidziane s\u0105 wyst\u0105pienia przedstawicieli bran\u017cy le\u015bnej oraz sesje tematyczne i wsp\u00f3lna integracja. W sk\u0142ad Komitetu Naukowego Konferencji wchodzi\u0107 b\u0119d\u0105 r\u00f3wnie\u017c praktycy zajmuj\u0105cy si\u0119 le\u015bnictwem.<\/p>\n<p><a class=\"pdf\" href=\"https:\/\/wb.pb.edu.pl\/mppl\/wp-content\/uploads\/sites\/9\/2026\/02\/Regulamin-MPPL.pdf\" target=\"_blank\" rel=\"noopener\" data-id=\"470\">Regulamin konferencji (PDF, 130 KB, otworzy si\u0119 w nowej karcie)<\/a><\/p>\n<p>Prosimy o zapoznanie si\u0119 z najnowszym komunikatem:<br \/>\n<a class=\"pdf\" href=\"https:\/\/wb.pb.edu.pl\/mppl\/wp-content\/uploads\/sites\/9\/2026\/02\/Komunikat_mppl-2.pdf\" target=\"_blank\" data-id=\"478\">Komunikat 2 <span>(PDF, 167 KB, otworzy si\u0119 w nowej karcie)<\/span><\/a><\/p>\n<p><img loading=\"lazy\" decoding=\"async\" class=\"alignnone wp-image-292\" src=\"https:\/\/wb.pb.edu.pl\/mppl\/wp-content\/uploads\/sites\/9\/2026\/01\/mlodzi-a-przyszlosc-polskich-lasow.jpg\" alt=\"Plakat\" width=\"600\" height=\"463\" srcset=\"https:\/\/wb.pb.edu.pl\/mppl\/wp-content\/uploads\/sites\/9\/2026\/01\/mlodzi-a-przyszlosc-polskich-lasow.jpg 800w, https:\/\/wb.pb.edu.pl\/mppl\/wp-content\/uploads\/sites\/9\/2026\/01\/mlodzi-a-przyszlosc-polskich-lasow-300x231.jpg 300w, https:\/\/wb.pb.edu.pl\/mppl\/wp-content\/uploads\/sites\/9\/2026\/01\/mlodzi-a-przyszlosc-polskich-lasow-768x592.jpg 768w\" sizes=\"auto, (max-width: 600px) 100vw, 600px\" \/><\/p>\n","protected":false},"excerpt":{"rendered":"<p>Celem Konferencji jest promocja i integracja \u015brodowiska studenckiego, wzmacnianie jego potencja\u0142u poprzez pog\u0142\u0119bianie wiedzy oraz<a class=\"read-more\" href=\"https:\/\/wb.pb.edu.pl\/mppl\/o-konferencji\/\" title=\"Poka\u017c artyku\u0142 O konferencji\">wi\u0119cej<\/a><\/p>\n","protected":false},"author":3,"featured_media":0,"parent":0,"menu_order":1,"comment_status":"closed","ping_status":"closed","template":"","meta":{"inline_featured_image":false,"ngg_post_thumbnail":0,"footnotes":""},"class_list":["post-2","page","type-page","status-publish","hentry"],"acf":[],"yoast_head":"<!-- This site is optimized with the Yoast SEO plugin v26.4 - https:\/\/yoast.com\/wordpress\/plugins\/seo\/ -->\n<title>O konferencji - Konferencja \u201eM\u0142odzi a przysz\u0142o\u015b\u0107 polskich las\u00f3w\u201d<\/title>\n<meta name=\"robots\" content=\"index, follow, max-snippet:-1, max-image-preview:large, max-video-preview:-1\" \/>\n<link rel=\"canonical\" href=\"https:\/\/wb.pb.edu.pl\/mppl\/o-konferencji\/\" \/>\n<meta property=\"og:locale\" content=\"pl_PL\" \/>\n<meta property=\"og:type\" content=\"article\" \/>\n<meta property=\"og:title\" content=\"O konferencji - Konferencja \u201eM\u0142odzi a przysz\u0142o\u015b\u0107 polskich las\u00f3w\u201d\" \/>\n<meta property=\"og:description\" content=\"Celem Konferencji jest promocja i integracja \u015brodowiska studenckiego, wzmacnianie jego potencja\u0142u poprzez pog\u0142\u0119bianie wiedzy orazwi\u0119cej\" \/>\n<meta property=\"og:url\" content=\"https:\/\/wb.pb.edu.pl\/mppl\/o-konferencji\/\" \/>\n<meta property=\"og:site_name\" content=\"Konferencja \u201eM\u0142odzi a przysz\u0142o\u015b\u0107 polskich las\u00f3w\u201d\" \/>\n<meta property=\"article:modified_time\" content=\"2026-02-11T13:16:26+00:00\" \/>\n<meta property=\"og:image\" content=\"https:\/\/wb.pb.edu.pl\/mppl\/wp-content\/uploads\/sites\/9\/2026\/01\/mlodzi-a-przyszlosc-polskich-lasow.jpg\" \/>\n\t<meta property=\"og:image:width\" content=\"800\" \/>\n\t<meta property=\"og:image:height\" content=\"617\" \/>\n\t<meta property=\"og:image:type\" content=\"image\/jpeg\" \/>\n<meta name=\"twitter:card\" content=\"summary_large_image\" \/>\n<meta name=\"twitter:label1\" content=\"Szacowany czas czytania\" \/>\n\t<meta name=\"twitter:data1\" content=\"1 minuta\" \/>\n<script type=\"application\/ld+json\" class=\"yoast-schema-graph\">{\"@context\":\"https:\/\/schema.org\",\"@graph\":[{\"@type\":\"WebPage\",\"@id\":\"https:\/\/wb.pb.edu.pl\/mppl\/o-konferencji\/\",\"url\":\"https:\/\/wb.pb.edu.pl\/mppl\/o-konferencji\/\",\"name\":\"O konferencji - Konferencja \u201eM\u0142odzi a przysz\u0142o\u015b\u0107 polskich las\u00f3w\u201d\",\"isPartOf\":{\"@id\":\"https:\/\/wb.pb.edu.pl\/mppl\/#website\"},\"primaryImageOfPage\":{\"@id\":\"https:\/\/wb.pb.edu.pl\/mppl\/o-konferencji\/#primaryimage\"},\"image\":{\"@id\":\"https:\/\/wb.pb.edu.pl\/mppl\/o-konferencji\/#primaryimage\"},\"thumbnailUrl\":\"https:\/\/wb.pb.edu.pl\/mppl\/wp-content\/uploads\/sites\/9\/2026\/01\/mlodzi-a-przyszlosc-polskich-lasow.jpg\",\"datePublished\":\"2024-04-15T18:27:20+00:00\",\"dateModified\":\"2026-02-11T13:16:26+00:00\",\"breadcrumb\":{\"@id\":\"https:\/\/wb.pb.edu.pl\/mppl\/o-konferencji\/#breadcrumb\"},\"inLanguage\":\"pl-PL\",\"potentialAction\":[{\"@type\":\"ReadAction\",\"target\":[\"https:\/\/wb.pb.edu.pl\/mppl\/o-konferencji\/\"]}]},{\"@type\":\"ImageObject\",\"inLanguage\":\"pl-PL\",\"@id\":\"https:\/\/wb.pb.edu.pl\/mppl\/o-konferencji\/#primaryimage\",\"url\":\"https:\/\/wb.pb.edu.pl\/mppl\/wp-content\/uploads\/sites\/9\/2026\/01\/mlodzi-a-przyszlosc-polskich-lasow.jpg\",\"contentUrl\":\"https:\/\/wb.pb.edu.pl\/mppl\/wp-content\/uploads\/sites\/9\/2026\/01\/mlodzi-a-przyszlosc-polskich-lasow.jpg\",\"width\":800,\"height\":617},{\"@type\":\"BreadcrumbList\",\"@id\":\"https:\/\/wb.pb.edu.pl\/mppl\/o-konferencji\/#breadcrumb\",\"itemListElement\":[{\"@type\":\"ListItem\",\"position\":1,\"name\":\"Strona g\u0142\u00f3wna\",\"item\":\"https:\/\/wb.pb.edu.pl\/mppl\/\"},{\"@type\":\"ListItem\",\"position\":2,\"name\":\"O konferencji\"}]},{\"@type\":\"WebSite\",\"@id\":\"https:\/\/wb.pb.edu.pl\/mppl\/#website\",\"url\":\"https:\/\/wb.pb.edu.pl\/mppl\/\",\"name\":\"Konferencja \u201eM\u0142odzi a przysz\u0142o\u015b\u0107 polskich las\u00f3w\u201d\",\"description\":\"\",\"potentialAction\":[{\"@type\":\"SearchAction\",\"target\":{\"@type\":\"EntryPoint\",\"urlTemplate\":\"https:\/\/wb.pb.edu.pl\/mppl\/?s={search_term_string}\"},\"query-input\":{\"@type\":\"PropertyValueSpecification\",\"valueRequired\":true,\"valueName\":\"search_term_string\"}}],\"inLanguage\":\"pl-PL\"}]}<\/script>\n<!-- \/ Yoast SEO plugin. -->","yoast_head_json":{"title":"O konferencji - Konferencja \u201eM\u0142odzi a przysz\u0142o\u015b\u0107 polskich las\u00f3w\u201d","robots":{"index":"index","follow":"follow","max-snippet":"max-snippet:-1","max-image-preview":"max-image-preview:large","max-video-preview":"max-video-preview:-1"},"canonical":"https:\/\/wb.pb.edu.pl\/mppl\/o-konferencji\/","og_locale":"pl_PL","og_type":"article","og_title":"O konferencji - Konferencja \u201eM\u0142odzi a przysz\u0142o\u015b\u0107 polskich las\u00f3w\u201d","og_description":"Celem Konferencji jest promocja i integracja \u015brodowiska studenckiego, wzmacnianie jego potencja\u0142u poprzez pog\u0142\u0119bianie wiedzy orazwi\u0119cej","og_url":"https:\/\/wb.pb.edu.pl\/mppl\/o-konferencji\/","og_site_name":"Konferencja \u201eM\u0142odzi a przysz\u0142o\u015b\u0107 polskich las\u00f3w\u201d","article_modified_time":"2026-02-11T13:16:26+00:00","og_image":[{"width":800,"height":617,"url":"https:\/\/wb.pb.edu.pl\/mppl\/wp-content\/uploads\/sites\/9\/2026\/01\/mlodzi-a-przyszlosc-polskich-lasow.jpg","type":"image\/jpeg"}],"twitter_card":"summary_large_image","twitter_misc":{"Szacowany czas czytania":"1 minuta"},"schema":{"@context":"https:\/\/schema.org","@graph":[{"@type":"WebPage","@id":"https:\/\/wb.pb.edu.pl\/mppl\/o-konferencji\/","url":"https:\/\/wb.pb.edu.pl\/mppl\/o-konferencji\/","name":"O konferencji - Konferencja \u201eM\u0142odzi a przysz\u0142o\u015b\u0107 polskich las\u00f3w\u201d","isPartOf":{"@id":"https:\/\/wb.pb.edu.pl\/mppl\/#website"},"primaryImageOfPage":{"@id":"https:\/\/wb.pb.edu.pl\/mppl\/o-konferencji\/#primaryimage"},"image":{"@id":"https:\/\/wb.pb.edu.pl\/mppl\/o-konferencji\/#primaryimage"},"thumbnailUrl":"https:\/\/wb.pb.edu.pl\/mppl\/wp-content\/uploads\/sites\/9\/2026\/01\/mlodzi-a-przyszlosc-polskich-lasow.jpg","datePublished":"2024-04-15T18:27:20+00:00","dateModified":"2026-02-11T13:16:26+00:00","breadcrumb":{"@id":"https:\/\/wb.pb.edu.pl\/mppl\/o-konferencji\/#breadcrumb"},"inLanguage":"pl-PL","potentialAction":[{"@type":"ReadAction","target":["https:\/\/wb.pb.edu.pl\/mppl\/o-konferencji\/"]}]},{"@type":"ImageObject","inLanguage":"pl-PL","@id":"https:\/\/wb.pb.edu.pl\/mppl\/o-konferencji\/#primaryimage","url":"https:\/\/wb.pb.edu.pl\/mppl\/wp-content\/uploads\/sites\/9\/2026\/01\/mlodzi-a-przyszlosc-polskich-lasow.jpg","contentUrl":"https:\/\/wb.pb.edu.pl\/mppl\/wp-content\/uploads\/sites\/9\/2026\/01\/mlodzi-a-przyszlosc-polskich-lasow.jpg","width":800,"height":617},{"@type":"BreadcrumbList","@id":"https:\/\/wb.pb.edu.pl\/mppl\/o-konferencji\/#breadcrumb","itemListElement":[{"@type":"ListItem","position":1,"name":"Strona g\u0142\u00f3wna","item":"https:\/\/wb.pb.edu.pl\/mppl\/"},{"@type":"ListItem","position":2,"name":"O konferencji"}]},{"@type":"WebSite","@id":"https:\/\/wb.pb.edu.pl\/mppl\/#website","url":"https:\/\/wb.pb.edu.pl\/mppl\/","name":"Konferencja \u201eM\u0142odzi a przysz\u0142o\u015b\u0107 polskich las\u00f3w\u201d","description":"","potentialAction":[{"@type":"SearchAction","target":{"@type":"EntryPoint","urlTemplate":"https:\/\/wb.pb.edu.pl\/mppl\/?s={search_term_string}"},"query-input":{"@type":"PropertyValueSpecification","valueRequired":true,"valueName":"search_term_string"}}],"inLanguage":"pl-PL"}]}},"_links":{"self":[{"href":"https:\/\/wb.pb.edu.pl\/mppl\/wp-json\/wp\/v2\/pages\/2","targetHints":{"allow":["GET"]}}],"collection":[{"href":"https:\/\/wb.pb.edu.pl\/mppl\/wp-json\/wp\/v2\/pages"}],"about":[{"href":"https:\/\/wb.pb.edu.pl\/mppl\/wp-json\/wp\/v2\/types\/page"}],"author":[{"embeddable":true,"href":"https:\/\/wb.pb.edu.pl\/mppl\/wp-json\/wp\/v2\/users\/3"}],"replies":[{"embeddable":true,"href":"https:\/\/wb.pb.edu.pl\/mppl\/wp-json\/wp\/v2\/comments?post=2"}],"version-history":[{"count":17,"href":"https:\/\/wb.pb.edu.pl\/mppl\/wp-json\/wp\/v2\/pages\/2\/revisions"}],"predecessor-version":[{"id":481,"href":"https:\/\/wb.pb.edu.pl\/mppl\/wp-json\/wp\/v2\/pages\/2\/revisions\/481"}],"wp:attachment":[{"href":"https:\/\/wb.pb.edu.pl\/mppl\/wp-json\/wp\/v2\/media?parent=2"}],"curies":[{"name":"wp","href":"https:\/\/api.w.org\/{rel}","templated":true}]}}