{"id":229,"date":"2026-01-17T20:51:10","date_gmt":"2026-01-17T19:51:10","guid":{"rendered":"https:\/\/wb.pb.edu.pl\/mppl\/?page_id=229"},"modified":"2026-01-19T11:50:24","modified_gmt":"2026-01-19T10:50:24","slug":"organizatorzy","status":"publish","type":"page","link":"https:\/\/wb.pb.edu.pl\/mppl\/o-konferencji\/organizatorzy\/","title":{"rendered":"Organizatorzy"},"content":{"rendered":"<p>Ko\u0142o Polskiego Towarzystwa Le\u015bnego przy Politechnice Bia\u0142ostockiej (Oddzia\u0142 Bia\u0142ostocki Polskiego Towarzystwa Le\u015bnego)<\/p>\n<p><a href=\"https:\/\/www.facebook.com\/kolonaukowelesnikowinlpb\">Studenckie Ko\u0142o Naukowe Le\u015bnik\u00f3w<\/a> <\/p>\n<p><a href=\"https:\/\/www.facebook.com\/KoloNaukoweGospodarowaniaSrodowiskiemPB\">Studenckie Ko\u0142o Naukowe Gospodarowania \u015arodowiskiem<\/a> <\/p>\n<p><a href=\"https:\/\/www.facebook.com\/profile.php?id=61574677174607\">Studenckie Ko\u0142o Naukowe Sylwan<\/a> <\/p>\n","protected":false},"excerpt":{"rendered":"<p>Ko\u0142o Polskiego Towarzystwa Le\u015bnego przy Politechnice Bia\u0142ostockiej (Oddzia\u0142 Bia\u0142ostocki Polskiego Towarzystwa Le\u015bnego) Studenckie Ko\u0142o Naukowe<a class=\"read-more\" href=\"https:\/\/wb.pb.edu.pl\/mppl\/o-konferencji\/organizatorzy\/\" title=\"Poka\u017c artyku\u0142 Organizatorzy\">wi\u0119cej<\/a><\/p>\n","protected":false},"author":3,"featured_media":0,"parent":2,"menu_order":3,"comment_status":"closed","ping_status":"closed","template":"","meta":{"inline_featured_image":false,"ngg_post_thumbnail":0,"footnotes":""},"class_list":["post-229","page","type-page","status-publish","hentry"],"acf":[],"yoast_head":"<!-- This site is optimized with the Yoast SEO plugin v26.4 - https:\/\/yoast.com\/wordpress\/plugins\/seo\/ -->\n<title>Organizatorzy - Konferencja \u201eM\u0142odzi a przysz\u0142o\u015b\u0107 polskich las\u00f3w\u201d<\/title>\n<meta name=\"robots\" content=\"index, follow, max-snippet:-1, max-image-preview:large, max-video-preview:-1\" \/>\n<link rel=\"canonical\" href=\"https:\/\/wb.pb.edu.pl\/mppl\/o-konferencji\/organizatorzy\/\" \/>\n<meta property=\"og:locale\" content=\"pl_PL\" \/>\n<meta property=\"og:type\" content=\"article\" \/>\n<meta property=\"og:title\" content=\"Organizatorzy - Konferencja \u201eM\u0142odzi a przysz\u0142o\u015b\u0107 polskich las\u00f3w\u201d\" \/>\n<meta property=\"og:description\" content=\"Ko\u0142o Polskiego Towarzystwa Le\u015bnego przy Politechnice Bia\u0142ostockiej (Oddzia\u0142 Bia\u0142ostocki Polskiego Towarzystwa Le\u015bnego) Studenckie Ko\u0142o Naukowewi\u0119cej\" \/>\n<meta property=\"og:url\" content=\"https:\/\/wb.pb.edu.pl\/mppl\/o-konferencji\/organizatorzy\/\" \/>\n<meta property=\"og:site_name\" content=\"Konferencja \u201eM\u0142odzi a przysz\u0142o\u015b\u0107 polskich las\u00f3w\u201d\" \/>\n<meta property=\"article:modified_time\" content=\"2026-01-19T10:50:24+00:00\" \/>\n<meta name=\"twitter:card\" content=\"summary_large_image\" \/>\n<meta name=\"twitter:label1\" content=\"Szacowany czas czytania\" \/>\n\t<meta name=\"twitter:data1\" content=\"1 minuta\" \/>\n<script type=\"application\/ld+json\" class=\"yoast-schema-graph\">{\"@context\":\"https:\/\/schema.org\",\"@graph\":[{\"@type\":\"WebPage\",\"@id\":\"https:\/\/wb.pb.edu.pl\/mppl\/o-konferencji\/organizatorzy\/\",\"url\":\"https:\/\/wb.pb.edu.pl\/mppl\/o-konferencji\/organizatorzy\/\",\"name\":\"Organizatorzy - Konferencja \u201eM\u0142odzi a przysz\u0142o\u015b\u0107 polskich las\u00f3w\u201d\",\"isPartOf\":{\"@id\":\"https:\/\/wb.pb.edu.pl\/mppl\/#website\"},\"datePublished\":\"2026-01-17T19:51:10+00:00\",\"dateModified\":\"2026-01-19T10:50:24+00:00\",\"breadcrumb\":{\"@id\":\"https:\/\/wb.pb.edu.pl\/mppl\/o-konferencji\/organizatorzy\/#breadcrumb\"},\"inLanguage\":\"pl-PL\",\"potentialAction\":[{\"@type\":\"ReadAction\",\"target\":[\"https:\/\/wb.pb.edu.pl\/mppl\/o-konferencji\/organizatorzy\/\"]}]},{\"@type\":\"BreadcrumbList\",\"@id\":\"https:\/\/wb.pb.edu.pl\/mppl\/o-konferencji\/organizatorzy\/#breadcrumb\",\"itemListElement\":[{\"@type\":\"ListItem\",\"position\":1,\"name\":\"Strona g\u0142\u00f3wna\",\"item\":\"https:\/\/wb.pb.edu.pl\/mppl\/\"},{\"@type\":\"ListItem\",\"position\":2,\"name\":\"O konferencji\",\"item\":\"https:\/\/wb.pb.edu.pl\/mppl\/o-konferencji\/\"},{\"@type\":\"ListItem\",\"position\":3,\"name\":\"Organizatorzy\"}]},{\"@type\":\"WebSite\",\"@id\":\"https:\/\/wb.pb.edu.pl\/mppl\/#website\",\"url\":\"https:\/\/wb.pb.edu.pl\/mppl\/\",\"name\":\"Konferencja \u201eM\u0142odzi a przysz\u0142o\u015b\u0107 polskich las\u00f3w\u201d\",\"description\":\"\",\"potentialAction\":[{\"@type\":\"SearchAction\",\"target\":{\"@type\":\"EntryPoint\",\"urlTemplate\":\"https:\/\/wb.pb.edu.pl\/mppl\/?s={search_term_string}\"},\"query-input\":{\"@type\":\"PropertyValueSpecification\",\"valueRequired\":true,\"valueName\":\"search_term_string\"}}],\"inLanguage\":\"pl-PL\"}]}<\/script>\n<!-- \/ Yoast SEO plugin. -->","yoast_head_json":{"title":"Organizatorzy - Konferencja \u201eM\u0142odzi a przysz\u0142o\u015b\u0107 polskich las\u00f3w\u201d","robots":{"index":"index","follow":"follow","max-snippet":"max-snippet:-1","max-image-preview":"max-image-preview:large","max-video-preview":"max-video-preview:-1"},"canonical":"https:\/\/wb.pb.edu.pl\/mppl\/o-konferencji\/organizatorzy\/","og_locale":"pl_PL","og_type":"article","og_title":"Organizatorzy - Konferencja \u201eM\u0142odzi a przysz\u0142o\u015b\u0107 polskich las\u00f3w\u201d","og_description":"Ko\u0142o Polskiego Towarzystwa Le\u015bnego przy Politechnice Bia\u0142ostockiej (Oddzia\u0142 Bia\u0142ostocki Polskiego Towarzystwa Le\u015bnego) Studenckie Ko\u0142o Naukowewi\u0119cej","og_url":"https:\/\/wb.pb.edu.pl\/mppl\/o-konferencji\/organizatorzy\/","og_site_name":"Konferencja \u201eM\u0142odzi a przysz\u0142o\u015b\u0107 polskich las\u00f3w\u201d","article_modified_time":"2026-01-19T10:50:24+00:00","twitter_card":"summary_large_image","twitter_misc":{"Szacowany czas czytania":"1 minuta"},"schema":{"@context":"https:\/\/schema.org","@graph":[{"@type":"WebPage","@id":"https:\/\/wb.pb.edu.pl\/mppl\/o-konferencji\/organizatorzy\/","url":"https:\/\/wb.pb.edu.pl\/mppl\/o-konferencji\/organizatorzy\/","name":"Organizatorzy - Konferencja \u201eM\u0142odzi a przysz\u0142o\u015b\u0107 polskich las\u00f3w\u201d","isPartOf":{"@id":"https:\/\/wb.pb.edu.pl\/mppl\/#website"},"datePublished":"2026-01-17T19:51:10+00:00","dateModified":"2026-01-19T10:50:24+00:00","breadcrumb":{"@id":"https:\/\/wb.pb.edu.pl\/mppl\/o-konferencji\/organizatorzy\/#breadcrumb"},"inLanguage":"pl-PL","potentialAction":[{"@type":"ReadAction","target":["https:\/\/wb.pb.edu.pl\/mppl\/o-konferencji\/organizatorzy\/"]}]},{"@type":"BreadcrumbList","@id":"https:\/\/wb.pb.edu.pl\/mppl\/o-konferencji\/organizatorzy\/#breadcrumb","itemListElement":[{"@type":"ListItem","position":1,"name":"Strona g\u0142\u00f3wna","item":"https:\/\/wb.pb.edu.pl\/mppl\/"},{"@type":"ListItem","position":2,"name":"O konferencji","item":"https:\/\/wb.pb.edu.pl\/mppl\/o-konferencji\/"},{"@type":"ListItem","position":3,"name":"Organizatorzy"}]},{"@type":"WebSite","@id":"https:\/\/wb.pb.edu.pl\/mppl\/#website","url":"https:\/\/wb.pb.edu.pl\/mppl\/","name":"Konferencja \u201eM\u0142odzi a przysz\u0142o\u015b\u0107 polskich las\u00f3w\u201d","description":"","potentialAction":[{"@type":"SearchAction","target":{"@type":"EntryPoint","urlTemplate":"https:\/\/wb.pb.edu.pl\/mppl\/?s={search_term_string}"},"query-input":{"@type":"PropertyValueSpecification","valueRequired":true,"valueName":"search_term_string"}}],"inLanguage":"pl-PL"}]}},"_links":{"self":[{"href":"https:\/\/wb.pb.edu.pl\/mppl\/wp-json\/wp\/v2\/pages\/229","targetHints":{"allow":["GET"]}}],"collection":[{"href":"https:\/\/wb.pb.edu.pl\/mppl\/wp-json\/wp\/v2\/pages"}],"about":[{"href":"https:\/\/wb.pb.edu.pl\/mppl\/wp-json\/wp\/v2\/types\/page"}],"author":[{"embeddable":true,"href":"https:\/\/wb.pb.edu.pl\/mppl\/wp-json\/wp\/v2\/users\/3"}],"replies":[{"embeddable":true,"href":"https:\/\/wb.pb.edu.pl\/mppl\/wp-json\/wp\/v2\/comments?post=229"}],"version-history":[{"count":3,"href":"https:\/\/wb.pb.edu.pl\/mppl\/wp-json\/wp\/v2\/pages\/229\/revisions"}],"predecessor-version":[{"id":279,"href":"https:\/\/wb.pb.edu.pl\/mppl\/wp-json\/wp\/v2\/pages\/229\/revisions\/279"}],"up":[{"embeddable":true,"href":"https:\/\/wb.pb.edu.pl\/mppl\/wp-json\/wp\/v2\/pages\/2"}],"wp:attachment":[{"href":"https:\/\/wb.pb.edu.pl\/mppl\/wp-json\/wp\/v2\/media?parent=229"}],"curies":[{"name":"wp","href":"https:\/\/api.w.org\/{rel}","templated":true}]}}