{"id":233,"date":"2026-01-17T20:52:05","date_gmt":"2026-01-17T19:52:05","guid":{"rendered":"https:\/\/wb.pb.edu.pl\/mppl\/?page_id=233"},"modified":"2026-02-26T13:24:01","modified_gmt":"2026-02-26T12:24:01","slug":"program-konferencji","status":"publish","type":"page","link":"https:\/\/wb.pb.edu.pl\/mppl\/o-konferencji\/program-konferencji\/","title":{"rendered":"Program Konferencji"},"content":{"rendered":"<p><strong>Program Konferencji \u201eM\u0142odzi a przysz\u0142o\u015b\u0107 polskich las\u00f3w\u201d<\/strong><br \/>\n<strong>Hajn\u00f3wka, 3 marca 2026 r.<\/strong><\/p>\n<p>Miejsce Konferencji: Centrum Naukowo-Badawcze Instytutu Nauk Le\u015bnych w Hajn\u00f3wce<br \/>\nul. Pi\u0142sudskiego 1A, 17-200 Hajn\u00f3wka<\/p>\n<div class=\"table-responsive\">\n<table class=\"table table-bordered table-striped\" style=\"width: 100%\">\n<tbody>\n<tr>\n<td style=\"width: 12.6506%\">8<sup>30<\/sup> &#8211; 9<sup>30<\/sup><\/td>\n<td>Rejestracja uczestnik\u00f3w<\/td>\n<\/tr>\n<tr>\n<td style=\"width: 12.6506%\">9<sup>00<\/sup> \u2013 9<sup>30<\/sup><\/td>\n<td>Przywitanie uczestnik\u00f3w konferencji i przedstawienie zasad oceny prezentowanych prac<br \/>\n<em>dr in\u017c. Monika Puchlik, prof. dr hab. in\u017c. S\u0142awomir Bakier<\/em><\/td>\n<\/tr>\n<tr>\n<td style=\"width: 12.6506%\">9<sup>30<\/sup> &#8211; 11<sup>45<\/sup><\/td>\n<td>I sesja referatowa Sekcja \u201eBior\u00f3\u017cnorodno\u015b\u0107 ekosystem\u00f3w le\u015bnych i ochrona przyrody w lasach\u201d<br \/>\n<em>Prowadz\u0105cy dr in\u017c. Tomasz Ginszt, dr in\u017c. Monika Puchlik<\/em><\/td>\n<\/tr>\n<tr>\n<td style=\"width: 12.6506%\">11<sup>45<\/sup> &#8211; 11<sup>55<\/sup><\/td>\n<td>Przerwa kawowa<\/td>\n<\/tr>\n<tr>\n<td style=\"width: 12.6506%\">11<sup>55<\/sup> &#8211; 12<sup>45<\/sup><\/td>\n<td>II sesja referatowa. Sekcja: \u201eGospodarka le\u015bna a zmiany spo\u0142eczno-ekonomiczne\u201d<br \/>\n<em>Prowadz\u0105cy dr in\u017c. Krzysztof Sztabkowski, dr hab. in\u017c. Miko\u0142aj Jalinik prof. PB<\/em><\/td>\n<\/tr>\n<tr>\n<td style=\"width: 12.6506%\">13<sup>00<\/sup> &#8211; 14<sup>20<\/sup><\/td>\n<td>Obiad<\/td>\n<\/tr>\n<tr>\n<td style=\"width: 12.6506%\">14<sup>30<\/sup> &#8211; 16<sup>30<\/sup><\/td>\n<td>III sesja referatowa. Sekcja: \u201eGospodarka le\u015bna a zmiany klimatyczne\u201d<br \/>\n<em>Prowadz\u0105cy dr in\u017c. Hubert Jakoniuk, dr in\u017c. Marek Ksepko<\/em><\/td>\n<\/tr>\n<tr>\n<td style=\"width: 12.6506%\">15<sup>40<\/sup> &#8211; 16<sup>15<\/sup><\/td>\n<td>Sesja posterowa<br \/>\n<em>Prowadz\u0105cy prof. dr hab. in\u017c. S\u0142awomir Bakier, dr in\u017c. Sylwester Kowalczuk<\/em><\/td>\n<\/tr>\n<tr>\n<td style=\"width: 12.6506%\">16<sup>15<\/sup> &#8211; 16<sup>30<\/sup><\/td>\n<td>Przedstawienie oceny prezentowanych prac przez Komitet Naukowy.<br \/>\nWr\u0119czanie nagr\u00f3d<\/td>\n<\/tr>\n<tr>\n<td style=\"width: 12.6506%\">18<sup>00<\/sup> &#8211; \u2026<\/td>\n<td>Ognisko integracyjne<\/td>\n<\/tr>\n<\/tbody>\n<\/table>\n<\/div>\n<p><a class=\"pdf\" href=\"https:\/\/wb.pb.edu.pl\/mppl\/wp-content\/uploads\/sites\/9\/2026\/02\/Szczegolowy-Program-MPPL.pdf\" target=\"_blank\" rel=\"noopener\" data-id=\"506\">Szczeg\u00f3\u0142owy Program Konferencji (PDF, 221 KB, otworzy si\u0119 w nowej karcie)<\/a><\/p>\n","protected":false},"excerpt":{"rendered":"<p>Program Konferencji \u201eM\u0142odzi a przysz\u0142o\u015b\u0107 polskich las\u00f3w\u201d Hajn\u00f3wka, 3 marca 2026 r. Miejsce Konferencji: Centrum<a class=\"read-more\" href=\"https:\/\/wb.pb.edu.pl\/mppl\/o-konferencji\/program-konferencji\/\" title=\"Poka\u017c artyku\u0142 Program Konferencji\">wi\u0119cej<\/a><\/p>\n","protected":false},"author":3,"featured_media":0,"parent":2,"menu_order":5,"comment_status":"closed","ping_status":"closed","template":"","meta":{"inline_featured_image":false,"ngg_post_thumbnail":0,"footnotes":""},"class_list":["post-233","page","type-page","status-publish","hentry"],"acf":[],"yoast_head":"<!-- This site is optimized with the Yoast SEO plugin v26.4 - https:\/\/yoast.com\/wordpress\/plugins\/seo\/ -->\n<title>Program Konferencji - Konferencja \u201eM\u0142odzi a przysz\u0142o\u015b\u0107 polskich las\u00f3w\u201d<\/title>\n<meta name=\"robots\" content=\"index, follow, max-snippet:-1, max-image-preview:large, max-video-preview:-1\" \/>\n<link rel=\"canonical\" href=\"https:\/\/wb.pb.edu.pl\/mppl\/o-konferencji\/program-konferencji\/\" \/>\n<meta property=\"og:locale\" content=\"pl_PL\" \/>\n<meta property=\"og:type\" content=\"article\" \/>\n<meta property=\"og:title\" content=\"Program Konferencji - Konferencja \u201eM\u0142odzi a przysz\u0142o\u015b\u0107 polskich las\u00f3w\u201d\" \/>\n<meta property=\"og:description\" content=\"Program Konferencji \u201eM\u0142odzi a przysz\u0142o\u015b\u0107 polskich las\u00f3w\u201d Hajn\u00f3wka, 3 marca 2026 r. Miejsce Konferencji: Centrumwi\u0119cej\" \/>\n<meta property=\"og:url\" content=\"https:\/\/wb.pb.edu.pl\/mppl\/o-konferencji\/program-konferencji\/\" \/>\n<meta property=\"og:site_name\" content=\"Konferencja \u201eM\u0142odzi a przysz\u0142o\u015b\u0107 polskich las\u00f3w\u201d\" \/>\n<meta property=\"article:modified_time\" content=\"2026-02-26T12:24:01+00:00\" \/>\n<meta name=\"twitter:card\" content=\"summary_large_image\" \/>\n<meta name=\"twitter:label1\" content=\"Szacowany czas czytania\" \/>\n\t<meta name=\"twitter:data1\" content=\"2 minuty\" \/>\n<script type=\"application\/ld+json\" class=\"yoast-schema-graph\">{\"@context\":\"https:\/\/schema.org\",\"@graph\":[{\"@type\":\"WebPage\",\"@id\":\"https:\/\/wb.pb.edu.pl\/mppl\/o-konferencji\/program-konferencji\/\",\"url\":\"https:\/\/wb.pb.edu.pl\/mppl\/o-konferencji\/program-konferencji\/\",\"name\":\"Program Konferencji - Konferencja \u201eM\u0142odzi a przysz\u0142o\u015b\u0107 polskich las\u00f3w\u201d\",\"isPartOf\":{\"@id\":\"https:\/\/wb.pb.edu.pl\/mppl\/#website\"},\"datePublished\":\"2026-01-17T19:52:05+00:00\",\"dateModified\":\"2026-02-26T12:24:01+00:00\",\"breadcrumb\":{\"@id\":\"https:\/\/wb.pb.edu.pl\/mppl\/o-konferencji\/program-konferencji\/#breadcrumb\"},\"inLanguage\":\"pl-PL\",\"potentialAction\":[{\"@type\":\"ReadAction\",\"target\":[\"https:\/\/wb.pb.edu.pl\/mppl\/o-konferencji\/program-konferencji\/\"]}]},{\"@type\":\"BreadcrumbList\",\"@id\":\"https:\/\/wb.pb.edu.pl\/mppl\/o-konferencji\/program-konferencji\/#breadcrumb\",\"itemListElement\":[{\"@type\":\"ListItem\",\"position\":1,\"name\":\"Strona g\u0142\u00f3wna\",\"item\":\"https:\/\/wb.pb.edu.pl\/mppl\/\"},{\"@type\":\"ListItem\",\"position\":2,\"name\":\"O konferencji\",\"item\":\"https:\/\/wb.pb.edu.pl\/mppl\/o-konferencji\/\"},{\"@type\":\"ListItem\",\"position\":3,\"name\":\"Program Konferencji\"}]},{\"@type\":\"WebSite\",\"@id\":\"https:\/\/wb.pb.edu.pl\/mppl\/#website\",\"url\":\"https:\/\/wb.pb.edu.pl\/mppl\/\",\"name\":\"Konferencja \u201eM\u0142odzi a przysz\u0142o\u015b\u0107 polskich las\u00f3w\u201d\",\"description\":\"\",\"potentialAction\":[{\"@type\":\"SearchAction\",\"target\":{\"@type\":\"EntryPoint\",\"urlTemplate\":\"https:\/\/wb.pb.edu.pl\/mppl\/?s={search_term_string}\"},\"query-input\":{\"@type\":\"PropertyValueSpecification\",\"valueRequired\":true,\"valueName\":\"search_term_string\"}}],\"inLanguage\":\"pl-PL\"}]}<\/script>\n<!-- \/ Yoast SEO plugin. -->","yoast_head_json":{"title":"Program Konferencji - Konferencja \u201eM\u0142odzi a przysz\u0142o\u015b\u0107 polskich las\u00f3w\u201d","robots":{"index":"index","follow":"follow","max-snippet":"max-snippet:-1","max-image-preview":"max-image-preview:large","max-video-preview":"max-video-preview:-1"},"canonical":"https:\/\/wb.pb.edu.pl\/mppl\/o-konferencji\/program-konferencji\/","og_locale":"pl_PL","og_type":"article","og_title":"Program Konferencji - Konferencja \u201eM\u0142odzi a przysz\u0142o\u015b\u0107 polskich las\u00f3w\u201d","og_description":"Program Konferencji \u201eM\u0142odzi a przysz\u0142o\u015b\u0107 polskich las\u00f3w\u201d Hajn\u00f3wka, 3 marca 2026 r. Miejsce Konferencji: Centrumwi\u0119cej","og_url":"https:\/\/wb.pb.edu.pl\/mppl\/o-konferencji\/program-konferencji\/","og_site_name":"Konferencja \u201eM\u0142odzi a przysz\u0142o\u015b\u0107 polskich las\u00f3w\u201d","article_modified_time":"2026-02-26T12:24:01+00:00","twitter_card":"summary_large_image","twitter_misc":{"Szacowany czas czytania":"2 minuty"},"schema":{"@context":"https:\/\/schema.org","@graph":[{"@type":"WebPage","@id":"https:\/\/wb.pb.edu.pl\/mppl\/o-konferencji\/program-konferencji\/","url":"https:\/\/wb.pb.edu.pl\/mppl\/o-konferencji\/program-konferencji\/","name":"Program Konferencji - Konferencja \u201eM\u0142odzi a przysz\u0142o\u015b\u0107 polskich las\u00f3w\u201d","isPartOf":{"@id":"https:\/\/wb.pb.edu.pl\/mppl\/#website"},"datePublished":"2026-01-17T19:52:05+00:00","dateModified":"2026-02-26T12:24:01+00:00","breadcrumb":{"@id":"https:\/\/wb.pb.edu.pl\/mppl\/o-konferencji\/program-konferencji\/#breadcrumb"},"inLanguage":"pl-PL","potentialAction":[{"@type":"ReadAction","target":["https:\/\/wb.pb.edu.pl\/mppl\/o-konferencji\/program-konferencji\/"]}]},{"@type":"BreadcrumbList","@id":"https:\/\/wb.pb.edu.pl\/mppl\/o-konferencji\/program-konferencji\/#breadcrumb","itemListElement":[{"@type":"ListItem","position":1,"name":"Strona g\u0142\u00f3wna","item":"https:\/\/wb.pb.edu.pl\/mppl\/"},{"@type":"ListItem","position":2,"name":"O konferencji","item":"https:\/\/wb.pb.edu.pl\/mppl\/o-konferencji\/"},{"@type":"ListItem","position":3,"name":"Program Konferencji"}]},{"@type":"WebSite","@id":"https:\/\/wb.pb.edu.pl\/mppl\/#website","url":"https:\/\/wb.pb.edu.pl\/mppl\/","name":"Konferencja \u201eM\u0142odzi a przysz\u0142o\u015b\u0107 polskich las\u00f3w\u201d","description":"","potentialAction":[{"@type":"SearchAction","target":{"@type":"EntryPoint","urlTemplate":"https:\/\/wb.pb.edu.pl\/mppl\/?s={search_term_string}"},"query-input":{"@type":"PropertyValueSpecification","valueRequired":true,"valueName":"search_term_string"}}],"inLanguage":"pl-PL"}]}},"_links":{"self":[{"href":"https:\/\/wb.pb.edu.pl\/mppl\/wp-json\/wp\/v2\/pages\/233","targetHints":{"allow":["GET"]}}],"collection":[{"href":"https:\/\/wb.pb.edu.pl\/mppl\/wp-json\/wp\/v2\/pages"}],"about":[{"href":"https:\/\/wb.pb.edu.pl\/mppl\/wp-json\/wp\/v2\/types\/page"}],"author":[{"embeddable":true,"href":"https:\/\/wb.pb.edu.pl\/mppl\/wp-json\/wp\/v2\/users\/3"}],"replies":[{"embeddable":true,"href":"https:\/\/wb.pb.edu.pl\/mppl\/wp-json\/wp\/v2\/comments?post=233"}],"version-history":[{"count":14,"href":"https:\/\/wb.pb.edu.pl\/mppl\/wp-json\/wp\/v2\/pages\/233\/revisions"}],"predecessor-version":[{"id":517,"href":"https:\/\/wb.pb.edu.pl\/mppl\/wp-json\/wp\/v2\/pages\/233\/revisions\/517"}],"up":[{"embeddable":true,"href":"https:\/\/wb.pb.edu.pl\/mppl\/wp-json\/wp\/v2\/pages\/2"}],"wp:attachment":[{"href":"https:\/\/wb.pb.edu.pl\/mppl\/wp-json\/wp\/v2\/media?parent=233"}],"curies":[{"name":"wp","href":"https:\/\/api.w.org\/{rel}","templated":true}]}}