{"id":235,"date":"2026-01-17T20:52:29","date_gmt":"2026-01-17T19:52:29","guid":{"rendered":"https:\/\/wb.pb.edu.pl\/mppl\/?page_id=235"},"modified":"2026-01-30T13:49:07","modified_gmt":"2026-01-30T12:49:07","slug":"komitet-naukowy","status":"publish","type":"page","link":"https:\/\/wb.pb.edu.pl\/mppl\/o-konferencji\/komitet-naukowy\/","title":{"rendered":"Komitet naukowy"},"content":{"rendered":"<p><strong>prof. dr hab. in\u017c. S\u0142awomir Bakier<\/strong> \u2013 Kierownik Katedry Hodowli&nbsp; i U\u017cytkowania Lasu Instytutu Nauk Le\u015bnych Politechniki Bia\u0142ostockiej \u2013 <strong>Przewodnicz\u0105cy<\/strong><\/p>\n<p><strong>mgr in\u017c. Marek Mas\u0142owski<\/strong> \u2013 Przewodnicz\u0105cy Zarz\u0105du Oddzia\u0142u Polskiego Towarzystwa Le\u015bnego w Bia\u0142ymstoku<\/p>\n<p><strong>dr hab. In\u017c. Stanis\u0142aw \u0141uniewski, prof. WANS<\/strong> \u2013 Dyrektor Generalny Przedsi\u0119biorstwa Us\u0142ugowo \u2013 Asenizacyjnego ASTWA Sp\u00f3\u0142ka z o.o.<\/p>\n<p><strong>dr in\u017c. Marek Ksepko<\/strong> \u2013 Dyrektor Oddzia\u0142u w Bia\u0142ymstoku Biura Urz\u0105dzania Lasu i Geodezji Le\u015bnej<\/p>\n<p><strong>dr in\u017c. Hubert Jakoniuk<\/strong> \u2013 Regionalna Dyrekcja Las\u00f3w Pa\u0144stwowych w Bia\u0142ymstoku<\/p>\n<p><strong>dr in\u017c. Tomasz Ginszt<\/strong> \u2013 Nadle\u015bniczy Nadle\u015bnictwa Hajn\u00f3wka<\/p>\n<p><strong>dr in\u017c. Sylwester Kowalczuk<\/strong> \u2013 Zast\u0119pca Nadle\u015bniczego Nadle\u015bnictwa Rudka<\/p>\n<p><strong>dr in\u017c. Krzysztof Sztabkowski<\/strong> &#8211; Kierownik Laboratorium Chemii \u015arodowiska Przyrodniczego Instytutu Badawczego Le\u015bnictwa<\/p>\n<p><strong>prof. dr hab. Piotr Banaszuk<\/strong> \u2013 Dyrektor Instytutu Nauk Le\u015bnych Politechniki Bia\u0142ostockiej<\/p>\n<p><strong>dr in\u017c. Monika Puchlik<\/strong> &#8211; Instytut Nauk Le\u015bnych Politechniki Bia\u0142ostockiej<\/p>\n<p><strong>dr hab. in\u017c. Miko\u0142aj Jalinik, prof. PB<\/strong> &#8211; Instytut Nauk Le\u015bnych Politechniki Bia\u0142ostockiej<\/p>\n","protected":false},"excerpt":{"rendered":"<p>prof. dr hab. in\u017c. S\u0142awomir Bakier \u2013 Kierownik Katedry Hodowli&nbsp; i U\u017cytkowania Lasu Instytutu Nauk<a class=\"read-more\" href=\"https:\/\/wb.pb.edu.pl\/mppl\/o-konferencji\/komitet-naukowy\/\" title=\"Poka\u017c artyku\u0142 Komitet naukowy\">wi\u0119cej<\/a><\/p>\n","protected":false},"author":3,"featured_media":0,"parent":2,"menu_order":6,"comment_status":"closed","ping_status":"closed","template":"","meta":{"inline_featured_image":false,"ngg_post_thumbnail":0,"footnotes":""},"class_list":["post-235","page","type-page","status-publish","hentry"],"acf":[],"yoast_head":"<!-- This site is optimized with the Yoast SEO plugin v26.4 - https:\/\/yoast.com\/wordpress\/plugins\/seo\/ -->\n<title>Komitet naukowy - Konferencja \u201eM\u0142odzi a przysz\u0142o\u015b\u0107 polskich las\u00f3w\u201d<\/title>\n<meta name=\"robots\" content=\"index, follow, max-snippet:-1, max-image-preview:large, max-video-preview:-1\" \/>\n<link rel=\"canonical\" href=\"https:\/\/wb.pb.edu.pl\/mppl\/o-konferencji\/komitet-naukowy\/\" \/>\n<meta property=\"og:locale\" content=\"pl_PL\" \/>\n<meta property=\"og:type\" content=\"article\" \/>\n<meta property=\"og:title\" content=\"Komitet naukowy - Konferencja \u201eM\u0142odzi a przysz\u0142o\u015b\u0107 polskich las\u00f3w\u201d\" \/>\n<meta property=\"og:description\" content=\"prof. dr hab. in\u017c. S\u0142awomir Bakier \u2013 Kierownik Katedry Hodowli&nbsp; i U\u017cytkowania Lasu Instytutu Naukwi\u0119cej\" \/>\n<meta property=\"og:url\" content=\"https:\/\/wb.pb.edu.pl\/mppl\/o-konferencji\/komitet-naukowy\/\" \/>\n<meta property=\"og:site_name\" content=\"Konferencja \u201eM\u0142odzi a przysz\u0142o\u015b\u0107 polskich las\u00f3w\u201d\" \/>\n<meta property=\"article:modified_time\" content=\"2026-01-30T12:49:07+00:00\" \/>\n<meta name=\"twitter:card\" content=\"summary_large_image\" \/>\n<meta name=\"twitter:label1\" content=\"Szacowany czas czytania\" \/>\n\t<meta name=\"twitter:data1\" content=\"1 minuta\" \/>\n<script type=\"application\/ld+json\" class=\"yoast-schema-graph\">{\"@context\":\"https:\/\/schema.org\",\"@graph\":[{\"@type\":\"WebPage\",\"@id\":\"https:\/\/wb.pb.edu.pl\/mppl\/o-konferencji\/komitet-naukowy\/\",\"url\":\"https:\/\/wb.pb.edu.pl\/mppl\/o-konferencji\/komitet-naukowy\/\",\"name\":\"Komitet naukowy - Konferencja \u201eM\u0142odzi a przysz\u0142o\u015b\u0107 polskich las\u00f3w\u201d\",\"isPartOf\":{\"@id\":\"https:\/\/wb.pb.edu.pl\/mppl\/#website\"},\"datePublished\":\"2026-01-17T19:52:29+00:00\",\"dateModified\":\"2026-01-30T12:49:07+00:00\",\"breadcrumb\":{\"@id\":\"https:\/\/wb.pb.edu.pl\/mppl\/o-konferencji\/komitet-naukowy\/#breadcrumb\"},\"inLanguage\":\"pl-PL\",\"potentialAction\":[{\"@type\":\"ReadAction\",\"target\":[\"https:\/\/wb.pb.edu.pl\/mppl\/o-konferencji\/komitet-naukowy\/\"]}]},{\"@type\":\"BreadcrumbList\",\"@id\":\"https:\/\/wb.pb.edu.pl\/mppl\/o-konferencji\/komitet-naukowy\/#breadcrumb\",\"itemListElement\":[{\"@type\":\"ListItem\",\"position\":1,\"name\":\"Strona g\u0142\u00f3wna\",\"item\":\"https:\/\/wb.pb.edu.pl\/mppl\/\"},{\"@type\":\"ListItem\",\"position\":2,\"name\":\"O konferencji\",\"item\":\"https:\/\/wb.pb.edu.pl\/mppl\/o-konferencji\/\"},{\"@type\":\"ListItem\",\"position\":3,\"name\":\"Komitet naukowy\"}]},{\"@type\":\"WebSite\",\"@id\":\"https:\/\/wb.pb.edu.pl\/mppl\/#website\",\"url\":\"https:\/\/wb.pb.edu.pl\/mppl\/\",\"name\":\"Konferencja \u201eM\u0142odzi a przysz\u0142o\u015b\u0107 polskich las\u00f3w\u201d\",\"description\":\"\",\"potentialAction\":[{\"@type\":\"SearchAction\",\"target\":{\"@type\":\"EntryPoint\",\"urlTemplate\":\"https:\/\/wb.pb.edu.pl\/mppl\/?s={search_term_string}\"},\"query-input\":{\"@type\":\"PropertyValueSpecification\",\"valueRequired\":true,\"valueName\":\"search_term_string\"}}],\"inLanguage\":\"pl-PL\"}]}<\/script>\n<!-- \/ Yoast SEO plugin. -->","yoast_head_json":{"title":"Komitet naukowy - Konferencja \u201eM\u0142odzi a przysz\u0142o\u015b\u0107 polskich las\u00f3w\u201d","robots":{"index":"index","follow":"follow","max-snippet":"max-snippet:-1","max-image-preview":"max-image-preview:large","max-video-preview":"max-video-preview:-1"},"canonical":"https:\/\/wb.pb.edu.pl\/mppl\/o-konferencji\/komitet-naukowy\/","og_locale":"pl_PL","og_type":"article","og_title":"Komitet naukowy - Konferencja \u201eM\u0142odzi a przysz\u0142o\u015b\u0107 polskich las\u00f3w\u201d","og_description":"prof. dr hab. in\u017c. S\u0142awomir Bakier \u2013 Kierownik Katedry Hodowli&nbsp; i U\u017cytkowania Lasu Instytutu Naukwi\u0119cej","og_url":"https:\/\/wb.pb.edu.pl\/mppl\/o-konferencji\/komitet-naukowy\/","og_site_name":"Konferencja \u201eM\u0142odzi a przysz\u0142o\u015b\u0107 polskich las\u00f3w\u201d","article_modified_time":"2026-01-30T12:49:07+00:00","twitter_card":"summary_large_image","twitter_misc":{"Szacowany czas czytania":"1 minuta"},"schema":{"@context":"https:\/\/schema.org","@graph":[{"@type":"WebPage","@id":"https:\/\/wb.pb.edu.pl\/mppl\/o-konferencji\/komitet-naukowy\/","url":"https:\/\/wb.pb.edu.pl\/mppl\/o-konferencji\/komitet-naukowy\/","name":"Komitet naukowy - Konferencja \u201eM\u0142odzi a przysz\u0142o\u015b\u0107 polskich las\u00f3w\u201d","isPartOf":{"@id":"https:\/\/wb.pb.edu.pl\/mppl\/#website"},"datePublished":"2026-01-17T19:52:29+00:00","dateModified":"2026-01-30T12:49:07+00:00","breadcrumb":{"@id":"https:\/\/wb.pb.edu.pl\/mppl\/o-konferencji\/komitet-naukowy\/#breadcrumb"},"inLanguage":"pl-PL","potentialAction":[{"@type":"ReadAction","target":["https:\/\/wb.pb.edu.pl\/mppl\/o-konferencji\/komitet-naukowy\/"]}]},{"@type":"BreadcrumbList","@id":"https:\/\/wb.pb.edu.pl\/mppl\/o-konferencji\/komitet-naukowy\/#breadcrumb","itemListElement":[{"@type":"ListItem","position":1,"name":"Strona g\u0142\u00f3wna","item":"https:\/\/wb.pb.edu.pl\/mppl\/"},{"@type":"ListItem","position":2,"name":"O konferencji","item":"https:\/\/wb.pb.edu.pl\/mppl\/o-konferencji\/"},{"@type":"ListItem","position":3,"name":"Komitet naukowy"}]},{"@type":"WebSite","@id":"https:\/\/wb.pb.edu.pl\/mppl\/#website","url":"https:\/\/wb.pb.edu.pl\/mppl\/","name":"Konferencja \u201eM\u0142odzi a przysz\u0142o\u015b\u0107 polskich las\u00f3w\u201d","description":"","potentialAction":[{"@type":"SearchAction","target":{"@type":"EntryPoint","urlTemplate":"https:\/\/wb.pb.edu.pl\/mppl\/?s={search_term_string}"},"query-input":{"@type":"PropertyValueSpecification","valueRequired":true,"valueName":"search_term_string"}}],"inLanguage":"pl-PL"}]}},"_links":{"self":[{"href":"https:\/\/wb.pb.edu.pl\/mppl\/wp-json\/wp\/v2\/pages\/235","targetHints":{"allow":["GET"]}}],"collection":[{"href":"https:\/\/wb.pb.edu.pl\/mppl\/wp-json\/wp\/v2\/pages"}],"about":[{"href":"https:\/\/wb.pb.edu.pl\/mppl\/wp-json\/wp\/v2\/types\/page"}],"author":[{"embeddable":true,"href":"https:\/\/wb.pb.edu.pl\/mppl\/wp-json\/wp\/v2\/users\/3"}],"replies":[{"embeddable":true,"href":"https:\/\/wb.pb.edu.pl\/mppl\/wp-json\/wp\/v2\/comments?post=235"}],"version-history":[{"count":7,"href":"https:\/\/wb.pb.edu.pl\/mppl\/wp-json\/wp\/v2\/pages\/235\/revisions"}],"predecessor-version":[{"id":429,"href":"https:\/\/wb.pb.edu.pl\/mppl\/wp-json\/wp\/v2\/pages\/235\/revisions\/429"}],"up":[{"embeddable":true,"href":"https:\/\/wb.pb.edu.pl\/mppl\/wp-json\/wp\/v2\/pages\/2"}],"wp:attachment":[{"href":"https:\/\/wb.pb.edu.pl\/mppl\/wp-json\/wp\/v2\/media?parent=235"}],"curies":[{"name":"wp","href":"https:\/\/api.w.org\/{rel}","templated":true}]}}