{"id":419,"date":"2026-01-30T13:36:04","date_gmt":"2026-01-30T12:36:04","guid":{"rendered":"https:\/\/wb.pb.edu.pl\/mppl\/?page_id=419"},"modified":"2026-01-30T14:14:19","modified_gmt":"2026-01-30T13:14:19","slug":"dla-autorow","status":"publish","type":"page","link":"https:\/\/wb.pb.edu.pl\/mppl\/o-konferencji\/dla-autorow\/","title":{"rendered":"Dla Autor\u00f3w"},"content":{"rendered":"<p>W ramach udzia\u0142u czynnego autorzy mog\u0105 wybra\u0107 dwie formy prezentacji wynik\u00f3w bada\u0144: wyst\u0105pienie z prezentacj\u0105 lub poster.<\/p>\n<p>Niezale\u017cnie od formy autorzy zobowi\u0105zani s\u0105 do przes\u0142ania abstraktu do dnia 22.02.2026r. na adres: <a href=\"mailto:knl@pb.edu.pl\">knl@pb.edu.pl<\/a> zgodnie z za\u0142\u0105czon\u0105 poni\u017cej formatk\u0105:<\/p>\n<p><a class=\"pdf\" href=\"https:\/\/wb.pb.edu.pl\/mppl\/wp-content\/uploads\/sites\/9\/2026\/01\/Abstrakt_formatka.pdf\" target=\"_blank\" rel=\"noopener\" data-id=\"423\">Abstrakt formatka (PDF, 266 KB, otworzy si\u0119 w nowej karcie)<\/a><\/p>\n<p><strong>POSTER<\/strong><\/p>\n<p>Zgodnie z regulaminem pojedynczy referat mo\u017ce mie\u0107 maksymalnie 5 autor\u00f3w.<\/p>\n<p>Wymagania techniczne:<\/p>\n<ul>\n<li>format posteru: B1 (70x100cm),<\/li>\n<li>orientacja pionowa,<\/li>\n<li>autorzy mog\u0105 wybra\u0107 poster w j\u0119zyku polskim lub angielskim,<\/li>\n<li>zastosowanie czytelnego fontu, najlepiej bezszeryfowego (np. Arial) w rozmiarze zapewniaj\u0105cym dobr\u0105 widoczno\u015b\u0107 tekstu,<\/li>\n<li>podpisy pod rysunkami\/tabelami wg standardu opracowa\u0144 naukowych.<\/li>\n<\/ul>\n<p>Podstawowe elementy:<\/p>\n<ul>\n<li>tytu\u0142 (widocznie odr\u00f3\u017cniaj\u0105cy si\u0119 wielko\u015bci\u0105 od pozosta\u0142ych sekcji posteru)<\/li>\n<li>informacje o osobach autorskich (stopie\u0144\/tytu\u0142 naukowy, imi\u0119, nazwisko, afiliacja,<\/li>\n<li>sekcje (mile widziany poni\u017cszy podzia\u0142):\n<ul>\n<li>kr\u00f3tkie wprowadzenie,<\/li>\n<li>cel\/problem badawczy,<\/li>\n<li>metodyka bada\u0144,<\/li>\n<li>wyniki\/wnioski,<\/li>\n<li>wnioski\/podsumowanie,<\/li>\n<\/ul>\n<\/li>\n<li>cytowan\u0105 literatur\u0119\/bibliografi\u0119,<\/li>\n<li>informacj\u0119 o konferencji (np. na dole posteru).<\/li>\n<\/ul>\n<p>&nbsp;<\/p>\n<p><strong>PREZENTACJA<\/strong><\/p>\n<p>Zgodnie z regulaminem pojedynczy referat mo\u017ce mie\u0107 maksymalnie 5 autor\u00f3w.<\/p>\n<p>Pojedynczy referat mo\u017ce by\u0107 wyg\u0142aszany przez jedn\u0105 b\u0105d\u017a dwie osoby, kt\u00f3re r\u00f3wnocze\u015bnie musz\u0105 by\u0107 autorami referatu. W przypadku delegowania w zast\u0119pstwie innej osoby, kt\u00f3ra nie jest autorem pracy, nale\u017cy to uprzednio zg\u0142osi\u0107 i uzgodni\u0107 z Organizatorem Konferencji.<\/p>\n<p>Czas na przedstawienie pojedynczego referatu wynosi do 15 minut od chwili rozpocz\u0119cia prezentacji.<\/p>\n<p>Referat powinien by\u0107 wyg\u0142oszony w j\u0119zyku polskim.<\/p>\n<p><strong>&nbsp;<\/strong><\/p>\n<p>Wymagania techniczne prezentacji:<\/p>\n<ul>\n<li>format prezentacji: *pptx, *pdf.<\/li>\n<\/ul>\n<p>Podstawowe elementy:<\/p>\n<ul>\n<li>tytu\u0142,<\/li>\n<li>informacje o osobach autorskich (stopie\u0144\/tytu\u0142 naukowy, imi\u0119, nazwisko, afiliacja,<\/li>\n<li>sekcje (mile widziany poni\u017cszy podzia\u0142):\n<ul>\n<li>kr\u00f3tkie wprowadzenie,<\/li>\n<li>cel\/problem badawczy,<\/li>\n<li>metodyka bada\u0144,<\/li>\n<li>wyniki\/wnioski,<\/li>\n<li>wnioski\/podsumowanie,<\/li>\n<\/ul>\n<\/li>\n<li>cytowan\u0105 literatur\u0119\/bibliografi\u0119,<\/li>\n<li>informacj\u0119 o konferencji (np. na dole slajdu).<\/li>\n<\/ul>\n","protected":false},"excerpt":{"rendered":"<p>W ramach udzia\u0142u czynnego autorzy mog\u0105 wybra\u0107 dwie formy prezentacji wynik\u00f3w bada\u0144: wyst\u0105pienie z prezentacj\u0105<a class=\"read-more\" href=\"https:\/\/wb.pb.edu.pl\/mppl\/o-konferencji\/dla-autorow\/\" title=\"Poka\u017c artyku\u0142 Dla Autor\u00f3w\">wi\u0119cej<\/a><\/p>\n","protected":false},"author":8,"featured_media":0,"parent":2,"menu_order":0,"comment_status":"closed","ping_status":"closed","template":"","meta":{"inline_featured_image":false,"ngg_post_thumbnail":0,"footnotes":""},"class_list":["post-419","page","type-page","status-publish","hentry"],"acf":[],"yoast_head":"<!-- This site is optimized with the Yoast SEO plugin v26.4 - https:\/\/yoast.com\/wordpress\/plugins\/seo\/ -->\n<title>Dla Autor\u00f3w - Konferencja \u201eM\u0142odzi a przysz\u0142o\u015b\u0107 polskich las\u00f3w\u201d<\/title>\n<meta name=\"robots\" content=\"index, follow, max-snippet:-1, max-image-preview:large, max-video-preview:-1\" \/>\n<link rel=\"canonical\" href=\"https:\/\/wb.pb.edu.pl\/mppl\/o-konferencji\/dla-autorow\/\" \/>\n<meta property=\"og:locale\" content=\"pl_PL\" \/>\n<meta property=\"og:type\" content=\"article\" \/>\n<meta property=\"og:title\" content=\"Dla Autor\u00f3w - Konferencja \u201eM\u0142odzi a przysz\u0142o\u015b\u0107 polskich las\u00f3w\u201d\" \/>\n<meta property=\"og:description\" content=\"W ramach udzia\u0142u czynnego autorzy mog\u0105 wybra\u0107 dwie formy prezentacji wynik\u00f3w bada\u0144: wyst\u0105pienie z prezentacj\u0105wi\u0119cej\" \/>\n<meta property=\"og:url\" content=\"https:\/\/wb.pb.edu.pl\/mppl\/o-konferencji\/dla-autorow\/\" \/>\n<meta property=\"og:site_name\" content=\"Konferencja \u201eM\u0142odzi a przysz\u0142o\u015b\u0107 polskich las\u00f3w\u201d\" \/>\n<meta property=\"article:modified_time\" content=\"2026-01-30T13:14:19+00:00\" \/>\n<meta name=\"twitter:card\" content=\"summary_large_image\" \/>\n<meta name=\"twitter:label1\" content=\"Szacowany czas czytania\" \/>\n\t<meta name=\"twitter:data1\" content=\"2 minuty\" \/>\n<script type=\"application\/ld+json\" class=\"yoast-schema-graph\">{\"@context\":\"https:\/\/schema.org\",\"@graph\":[{\"@type\":\"WebPage\",\"@id\":\"https:\/\/wb.pb.edu.pl\/mppl\/o-konferencji\/dla-autorow\/\",\"url\":\"https:\/\/wb.pb.edu.pl\/mppl\/o-konferencji\/dla-autorow\/\",\"name\":\"Dla Autor\u00f3w - Konferencja \u201eM\u0142odzi a przysz\u0142o\u015b\u0107 polskich las\u00f3w\u201d\",\"isPartOf\":{\"@id\":\"https:\/\/wb.pb.edu.pl\/mppl\/#website\"},\"datePublished\":\"2026-01-30T12:36:04+00:00\",\"dateModified\":\"2026-01-30T13:14:19+00:00\",\"breadcrumb\":{\"@id\":\"https:\/\/wb.pb.edu.pl\/mppl\/o-konferencji\/dla-autorow\/#breadcrumb\"},\"inLanguage\":\"pl-PL\",\"potentialAction\":[{\"@type\":\"ReadAction\",\"target\":[\"https:\/\/wb.pb.edu.pl\/mppl\/o-konferencji\/dla-autorow\/\"]}]},{\"@type\":\"BreadcrumbList\",\"@id\":\"https:\/\/wb.pb.edu.pl\/mppl\/o-konferencji\/dla-autorow\/#breadcrumb\",\"itemListElement\":[{\"@type\":\"ListItem\",\"position\":1,\"name\":\"Strona g\u0142\u00f3wna\",\"item\":\"https:\/\/wb.pb.edu.pl\/mppl\/\"},{\"@type\":\"ListItem\",\"position\":2,\"name\":\"O konferencji\",\"item\":\"https:\/\/wb.pb.edu.pl\/mppl\/o-konferencji\/\"},{\"@type\":\"ListItem\",\"position\":3,\"name\":\"Dla Autor\u00f3w\"}]},{\"@type\":\"WebSite\",\"@id\":\"https:\/\/wb.pb.edu.pl\/mppl\/#website\",\"url\":\"https:\/\/wb.pb.edu.pl\/mppl\/\",\"name\":\"Konferencja \u201eM\u0142odzi a przysz\u0142o\u015b\u0107 polskich las\u00f3w\u201d\",\"description\":\"\",\"potentialAction\":[{\"@type\":\"SearchAction\",\"target\":{\"@type\":\"EntryPoint\",\"urlTemplate\":\"https:\/\/wb.pb.edu.pl\/mppl\/?s={search_term_string}\"},\"query-input\":{\"@type\":\"PropertyValueSpecification\",\"valueRequired\":true,\"valueName\":\"search_term_string\"}}],\"inLanguage\":\"pl-PL\"}]}<\/script>\n<!-- \/ Yoast SEO plugin. -->","yoast_head_json":{"title":"Dla Autor\u00f3w - Konferencja \u201eM\u0142odzi a przysz\u0142o\u015b\u0107 polskich las\u00f3w\u201d","robots":{"index":"index","follow":"follow","max-snippet":"max-snippet:-1","max-image-preview":"max-image-preview:large","max-video-preview":"max-video-preview:-1"},"canonical":"https:\/\/wb.pb.edu.pl\/mppl\/o-konferencji\/dla-autorow\/","og_locale":"pl_PL","og_type":"article","og_title":"Dla Autor\u00f3w - Konferencja \u201eM\u0142odzi a przysz\u0142o\u015b\u0107 polskich las\u00f3w\u201d","og_description":"W ramach udzia\u0142u czynnego autorzy mog\u0105 wybra\u0107 dwie formy prezentacji wynik\u00f3w bada\u0144: wyst\u0105pienie z prezentacj\u0105wi\u0119cej","og_url":"https:\/\/wb.pb.edu.pl\/mppl\/o-konferencji\/dla-autorow\/","og_site_name":"Konferencja \u201eM\u0142odzi a przysz\u0142o\u015b\u0107 polskich las\u00f3w\u201d","article_modified_time":"2026-01-30T13:14:19+00:00","twitter_card":"summary_large_image","twitter_misc":{"Szacowany czas czytania":"2 minuty"},"schema":{"@context":"https:\/\/schema.org","@graph":[{"@type":"WebPage","@id":"https:\/\/wb.pb.edu.pl\/mppl\/o-konferencji\/dla-autorow\/","url":"https:\/\/wb.pb.edu.pl\/mppl\/o-konferencji\/dla-autorow\/","name":"Dla Autor\u00f3w - Konferencja \u201eM\u0142odzi a przysz\u0142o\u015b\u0107 polskich las\u00f3w\u201d","isPartOf":{"@id":"https:\/\/wb.pb.edu.pl\/mppl\/#website"},"datePublished":"2026-01-30T12:36:04+00:00","dateModified":"2026-01-30T13:14:19+00:00","breadcrumb":{"@id":"https:\/\/wb.pb.edu.pl\/mppl\/o-konferencji\/dla-autorow\/#breadcrumb"},"inLanguage":"pl-PL","potentialAction":[{"@type":"ReadAction","target":["https:\/\/wb.pb.edu.pl\/mppl\/o-konferencji\/dla-autorow\/"]}]},{"@type":"BreadcrumbList","@id":"https:\/\/wb.pb.edu.pl\/mppl\/o-konferencji\/dla-autorow\/#breadcrumb","itemListElement":[{"@type":"ListItem","position":1,"name":"Strona g\u0142\u00f3wna","item":"https:\/\/wb.pb.edu.pl\/mppl\/"},{"@type":"ListItem","position":2,"name":"O konferencji","item":"https:\/\/wb.pb.edu.pl\/mppl\/o-konferencji\/"},{"@type":"ListItem","position":3,"name":"Dla Autor\u00f3w"}]},{"@type":"WebSite","@id":"https:\/\/wb.pb.edu.pl\/mppl\/#website","url":"https:\/\/wb.pb.edu.pl\/mppl\/","name":"Konferencja \u201eM\u0142odzi a przysz\u0142o\u015b\u0107 polskich las\u00f3w\u201d","description":"","potentialAction":[{"@type":"SearchAction","target":{"@type":"EntryPoint","urlTemplate":"https:\/\/wb.pb.edu.pl\/mppl\/?s={search_term_string}"},"query-input":{"@type":"PropertyValueSpecification","valueRequired":true,"valueName":"search_term_string"}}],"inLanguage":"pl-PL"}]}},"_links":{"self":[{"href":"https:\/\/wb.pb.edu.pl\/mppl\/wp-json\/wp\/v2\/pages\/419","targetHints":{"allow":["GET"]}}],"collection":[{"href":"https:\/\/wb.pb.edu.pl\/mppl\/wp-json\/wp\/v2\/pages"}],"about":[{"href":"https:\/\/wb.pb.edu.pl\/mppl\/wp-json\/wp\/v2\/types\/page"}],"author":[{"embeddable":true,"href":"https:\/\/wb.pb.edu.pl\/mppl\/wp-json\/wp\/v2\/users\/8"}],"replies":[{"embeddable":true,"href":"https:\/\/wb.pb.edu.pl\/mppl\/wp-json\/wp\/v2\/comments?post=419"}],"version-history":[{"count":4,"href":"https:\/\/wb.pb.edu.pl\/mppl\/wp-json\/wp\/v2\/pages\/419\/revisions"}],"predecessor-version":[{"id":440,"href":"https:\/\/wb.pb.edu.pl\/mppl\/wp-json\/wp\/v2\/pages\/419\/revisions\/440"}],"up":[{"embeddable":true,"href":"https:\/\/wb.pb.edu.pl\/mppl\/wp-json\/wp\/v2\/pages\/2"}],"wp:attachment":[{"href":"https:\/\/wb.pb.edu.pl\/mppl\/wp-json\/wp\/v2\/media?parent=419"}],"curies":[{"name":"wp","href":"https:\/\/api.w.org\/{rel}","templated":true}]}}