{"id":495,"date":"2026-02-19T08:48:32","date_gmt":"2026-02-19T07:48:32","guid":{"rendered":"https:\/\/wb.pb.edu.pl\/mppl\/?page_id=495"},"modified":"2026-02-19T08:48:32","modified_gmt":"2026-02-19T07:48:32","slug":"abstrakty","status":"publish","type":"page","link":"https:\/\/wb.pb.edu.pl\/mppl\/abstrakty\/","title":{"rendered":"Abstrakty"},"content":{"rendered":"<p>Informacje wkr\u00f3tce.<\/p>\n","protected":false},"excerpt":{"rendered":"<p>Informacje wkr\u00f3tce.<\/p>\n","protected":false},"author":8,"featured_media":0,"parent":0,"menu_order":0,"comment_status":"closed","ping_status":"closed","template":"","meta":{"inline_featured_image":false,"ngg_post_thumbnail":0,"footnotes":""},"class_list":["post-495","page","type-page","status-publish","hentry"],"acf":[],"yoast_head":"<!-- This site is optimized with the Yoast SEO plugin v26.4 - https:\/\/yoast.com\/wordpress\/plugins\/seo\/ -->\n<title>Abstrakty - Konferencja \u201eM\u0142odzi a przysz\u0142o\u015b\u0107 polskich las\u00f3w\u201d<\/title>\n<meta name=\"robots\" content=\"index, follow, max-snippet:-1, max-image-preview:large, max-video-preview:-1\" \/>\n<link rel=\"canonical\" href=\"https:\/\/wb.pb.edu.pl\/mppl\/abstrakty\/\" \/>\n<meta property=\"og:locale\" content=\"pl_PL\" \/>\n<meta property=\"og:type\" content=\"article\" \/>\n<meta property=\"og:title\" content=\"Abstrakty - Konferencja \u201eM\u0142odzi a przysz\u0142o\u015b\u0107 polskich las\u00f3w\u201d\" \/>\n<meta property=\"og:description\" content=\"Informacje wkr\u00f3tce.\" \/>\n<meta property=\"og:url\" content=\"https:\/\/wb.pb.edu.pl\/mppl\/abstrakty\/\" \/>\n<meta property=\"og:site_name\" content=\"Konferencja \u201eM\u0142odzi a przysz\u0142o\u015b\u0107 polskich las\u00f3w\u201d\" \/>\n<meta name=\"twitter:card\" content=\"summary_large_image\" \/>\n<script type=\"application\/ld+json\" class=\"yoast-schema-graph\">{\"@context\":\"https:\/\/schema.org\",\"@graph\":[{\"@type\":\"WebPage\",\"@id\":\"https:\/\/wb.pb.edu.pl\/mppl\/abstrakty\/\",\"url\":\"https:\/\/wb.pb.edu.pl\/mppl\/abstrakty\/\",\"name\":\"Abstrakty - Konferencja \u201eM\u0142odzi a przysz\u0142o\u015b\u0107 polskich las\u00f3w\u201d\",\"isPartOf\":{\"@id\":\"https:\/\/wb.pb.edu.pl\/mppl\/#website\"},\"datePublished\":\"2026-02-19T07:48:32+00:00\",\"breadcrumb\":{\"@id\":\"https:\/\/wb.pb.edu.pl\/mppl\/abstrakty\/#breadcrumb\"},\"inLanguage\":\"pl-PL\",\"potentialAction\":[{\"@type\":\"ReadAction\",\"target\":[\"https:\/\/wb.pb.edu.pl\/mppl\/abstrakty\/\"]}]},{\"@type\":\"BreadcrumbList\",\"@id\":\"https:\/\/wb.pb.edu.pl\/mppl\/abstrakty\/#breadcrumb\",\"itemListElement\":[{\"@type\":\"ListItem\",\"position\":1,\"name\":\"Strona g\u0142\u00f3wna\",\"item\":\"https:\/\/wb.pb.edu.pl\/mppl\/\"},{\"@type\":\"ListItem\",\"position\":2,\"name\":\"Abstrakty\"}]},{\"@type\":\"WebSite\",\"@id\":\"https:\/\/wb.pb.edu.pl\/mppl\/#website\",\"url\":\"https:\/\/wb.pb.edu.pl\/mppl\/\",\"name\":\"Konferencja \u201eM\u0142odzi a przysz\u0142o\u015b\u0107 polskich las\u00f3w\u201d\",\"description\":\"\",\"potentialAction\":[{\"@type\":\"SearchAction\",\"target\":{\"@type\":\"EntryPoint\",\"urlTemplate\":\"https:\/\/wb.pb.edu.pl\/mppl\/?s={search_term_string}\"},\"query-input\":{\"@type\":\"PropertyValueSpecification\",\"valueRequired\":true,\"valueName\":\"search_term_string\"}}],\"inLanguage\":\"pl-PL\"}]}<\/script>\n<!-- \/ Yoast SEO plugin. -->","yoast_head_json":{"title":"Abstrakty - Konferencja \u201eM\u0142odzi a przysz\u0142o\u015b\u0107 polskich las\u00f3w\u201d","robots":{"index":"index","follow":"follow","max-snippet":"max-snippet:-1","max-image-preview":"max-image-preview:large","max-video-preview":"max-video-preview:-1"},"canonical":"https:\/\/wb.pb.edu.pl\/mppl\/abstrakty\/","og_locale":"pl_PL","og_type":"article","og_title":"Abstrakty - Konferencja \u201eM\u0142odzi a przysz\u0142o\u015b\u0107 polskich las\u00f3w\u201d","og_description":"Informacje wkr\u00f3tce.","og_url":"https:\/\/wb.pb.edu.pl\/mppl\/abstrakty\/","og_site_name":"Konferencja \u201eM\u0142odzi a przysz\u0142o\u015b\u0107 polskich las\u00f3w\u201d","twitter_card":"summary_large_image","schema":{"@context":"https:\/\/schema.org","@graph":[{"@type":"WebPage","@id":"https:\/\/wb.pb.edu.pl\/mppl\/abstrakty\/","url":"https:\/\/wb.pb.edu.pl\/mppl\/abstrakty\/","name":"Abstrakty - Konferencja \u201eM\u0142odzi a przysz\u0142o\u015b\u0107 polskich las\u00f3w\u201d","isPartOf":{"@id":"https:\/\/wb.pb.edu.pl\/mppl\/#website"},"datePublished":"2026-02-19T07:48:32+00:00","breadcrumb":{"@id":"https:\/\/wb.pb.edu.pl\/mppl\/abstrakty\/#breadcrumb"},"inLanguage":"pl-PL","potentialAction":[{"@type":"ReadAction","target":["https:\/\/wb.pb.edu.pl\/mppl\/abstrakty\/"]}]},{"@type":"BreadcrumbList","@id":"https:\/\/wb.pb.edu.pl\/mppl\/abstrakty\/#breadcrumb","itemListElement":[{"@type":"ListItem","position":1,"name":"Strona g\u0142\u00f3wna","item":"https:\/\/wb.pb.edu.pl\/mppl\/"},{"@type":"ListItem","position":2,"name":"Abstrakty"}]},{"@type":"WebSite","@id":"https:\/\/wb.pb.edu.pl\/mppl\/#website","url":"https:\/\/wb.pb.edu.pl\/mppl\/","name":"Konferencja \u201eM\u0142odzi a przysz\u0142o\u015b\u0107 polskich las\u00f3w\u201d","description":"","potentialAction":[{"@type":"SearchAction","target":{"@type":"EntryPoint","urlTemplate":"https:\/\/wb.pb.edu.pl\/mppl\/?s={search_term_string}"},"query-input":{"@type":"PropertyValueSpecification","valueRequired":true,"valueName":"search_term_string"}}],"inLanguage":"pl-PL"}]}},"_links":{"self":[{"href":"https:\/\/wb.pb.edu.pl\/mppl\/wp-json\/wp\/v2\/pages\/495","targetHints":{"allow":["GET"]}}],"collection":[{"href":"https:\/\/wb.pb.edu.pl\/mppl\/wp-json\/wp\/v2\/pages"}],"about":[{"href":"https:\/\/wb.pb.edu.pl\/mppl\/wp-json\/wp\/v2\/types\/page"}],"author":[{"embeddable":true,"href":"https:\/\/wb.pb.edu.pl\/mppl\/wp-json\/wp\/v2\/users\/8"}],"replies":[{"embeddable":true,"href":"https:\/\/wb.pb.edu.pl\/mppl\/wp-json\/wp\/v2\/comments?post=495"}],"version-history":[{"count":1,"href":"https:\/\/wb.pb.edu.pl\/mppl\/wp-json\/wp\/v2\/pages\/495\/revisions"}],"predecessor-version":[{"id":496,"href":"https:\/\/wb.pb.edu.pl\/mppl\/wp-json\/wp\/v2\/pages\/495\/revisions\/496"}],"wp:attachment":[{"href":"https:\/\/wb.pb.edu.pl\/mppl\/wp-json\/wp\/v2\/media?parent=495"}],"curies":[{"name":"wp","href":"https:\/\/api.w.org\/{rel}","templated":true}]}}